{"id":57676,"date":"2023-09-08T07:49:39","date_gmt":"2023-09-08T10:49:39","guid":{"rendered":"https:\/\/ebp.org.br\/nordeste\/jornadas\/2023\/?page_id=57676"},"modified":"2023-11-16T03:32:53","modified_gmt":"2023-11-16T06:32:53","slug":"acolhimento","status":"publish","type":"page","link":"https:\/\/ebp.org.br\/nordeste\/jornadas\/2023\/acolhimento\/","title":{"rendered":"Acolhimento"},"content":{"rendered":"<div class=\"wpb-content-wrapper\"><p>[vc_row][vc_column]<div id=\"ultimate-heading-731069daf84f1cb42\" class=\"uvc-heading ult-adjust-bottom-margin ultimate-heading-731069daf84f1cb42 uvc-1195  uvc-heading-default-font-sizes\" data-hspacer=\"line_only\"  data-halign=\"left\" style=\"text-align:left\"><div class=\"uvc-main-heading ult-responsive\"  data-ultimate-target='.uvc-heading.ultimate-heading-731069daf84f1cb42 h2'  data-responsive-json-new='{\"font-size\":\"\",\"line-height\":\"\"}' ><h2 style=\"--font-weight:theme;\">Acolhimento<\/h2><\/div><div class=\"uvc-heading-spacer line_only\" style=\"topheight:1px;\"><span class=\"uvc-headings-line\" style=\"border-style:solid;border-bottom-width:1px;border-color:#8e0c0f;width:50px;\"><\/span><\/div><\/div>[\/vc_column][\/vc_row][vc_row][vc_column][vc_empty_space height=&#8221;50px&#8221;][vc_column_text]<span style=\"font-weight: 400;\"><img loading=\"lazy\" decoding=\"async\" class=\"alignright wp-image-57766\" src=\"https:\/\/ebp.org.br\/nordeste\/jornadas\/2023\/wp-content\/uploads\/2023\/10\/boletim_007_acolhimento.jpeg\" alt=\"\" width=\"400\" height=\"400\" srcset=\"https:\/\/ebp.org.br\/nordeste\/jornadas\/2023\/wp-content\/uploads\/2023\/10\/boletim_007_acolhimento.jpeg 1000w, https:\/\/ebp.org.br\/nordeste\/jornadas\/2023\/wp-content\/uploads\/2023\/10\/boletim_007_acolhimento-300x300.jpeg 300w, https:\/\/ebp.org.br\/nordeste\/jornadas\/2023\/wp-content\/uploads\/2023\/10\/boletim_007_acolhimento-150x150.jpeg 150w, https:\/\/ebp.org.br\/nordeste\/jornadas\/2023\/wp-content\/uploads\/2023\/10\/boletim_007_acolhimento-768x768.jpeg 768w, https:\/\/ebp.org.br\/nordeste\/jornadas\/2023\/wp-content\/uploads\/2023\/10\/boletim_007_acolhimento-900x900.jpeg 900w, https:\/\/ebp.org.br\/nordeste\/jornadas\/2023\/wp-content\/uploads\/2023\/10\/boletim_007_acolhimento-200x200.jpeg 200w\" sizes=\"auto, (max-width: 400px) 100vw, 400px\" \/>A Comiss\u00e3o de Acolhimento selecionou outras op\u00e7\u00f5es de hospedagem, para os que n\u00e3o conseguirem vaga no hotel do evento.\u00a0<\/span><\/p>\n<p><span style=\"font-weight: 400;\">Abaixo, seguem as informa\u00e7\u00f5es de localiza\u00e7\u00e3o, contato telef\u00f4nico e a dist\u00e2ncia de cada uma dessas acomoda\u00e7\u00f5es para o hotel do evento. <\/span><\/p>\n<h6>(* dist\u00e2ncia do hotel para o Evento)<\/h6>\n<h3><span style=\"color: #800000;\">HOT\u00c9IS<\/span><\/h3>\n<p><strong><img loading=\"lazy\" decoding=\"async\" class=\"alignnone wp-image-57833 size-medium\" src=\"https:\/\/ebp.org.br\/nordeste\/jornadas\/2023\/wp-content\/uploads\/2023\/11\/hotel001-183x300.jpeg\" alt=\"\" width=\"183\" height=\"300\" srcset=\"https:\/\/ebp.org.br\/nordeste\/jornadas\/2023\/wp-content\/uploads\/2023\/11\/hotel001-183x300.jpeg 183w, https:\/\/ebp.org.br\/nordeste\/jornadas\/2023\/wp-content\/uploads\/2023\/11\/hotel001.jpeg 624w\" sizes=\"auto, (max-width: 183px) 100vw, 183px\" \/><\/strong><\/p>\n<ul>\n<li><strong>MARANTE PLAZA HOTEL (4 estrelas)<\/strong><\/li>\n<\/ul>\n<p>Avenida Boa Viagem, 1070 \u2013 Pina<\/p>\n<p>Fone (81) 3464-1070<\/p>\n<p>Dist\u00e2ncia: 650m *<\/p>\n<ul>\n<li><strong>IBIS RECIFE BOA VIAGEM<\/strong><\/li>\n<\/ul>\n<p>Avenida Engenheiro Domingos Ferreira, 683 \u2013 Pina<\/p>\n<p>Fone: (81) 3334-3434<\/p>\n<p>Dist\u00e2ncia: 230m *<\/p>\n<ul>\n<li><strong>TRANSAM\u00c9RICA PRESTIGE BEACH CLASS<\/strong><\/li>\n<\/ul>\n<p>Avenida Boa Viagem, 420 \u2013 Boa Viagem<\/p>\n<p>Fone: (81) 3039-9010<\/p>\n<p>Dist\u00e2ncia: 400m *<\/p>\n<ul>\n<li><strong>KASTEL MANIBU RECIFE<\/strong><\/li>\n<\/ul>\n<p>Avenida Conselheiro Aguiar, 919 \u2013 Boa Viagem<\/p>\n<p>Fone (81) 2011-3629<\/p>\n<p>Dist\u00e2ncia: 450m *<\/p>\n<ul>\n<li><strong>RADISSON HOTEL RECIFE<\/strong><\/li>\n<\/ul>\n<p>Avenida Boa Viagem, 1906 \u2013 Boa Viagem<\/p>\n<p>Fone (81) 3126-3020<\/p>\n<p>Dist\u00e2ncia: 1,8 km<\/p>\n<ul>\n<li><strong>BEACH CLASS EXECUTIVE<\/strong><\/li>\n<\/ul>\n<p>Avenida Boa Viagem, 344 \u2013 Boa Viagem<\/p>\n<p>Fone: (81) 99263-9369<\/p>\n<p>Dist\u00e2ncia: 600m *<\/p>\n<ul>\n<li><strong>HOTEL UZI MAR<\/strong><\/li>\n<\/ul>\n<p>Avenida Conselheiro Aguiar, 1015 \u2013 Boa Viagem<\/p>\n<p>Fone: (81) 3129-0718<\/p>\n<p>Dist\u00e2ncia: 400m<\/p>\n<hr \/>\n<h3><span style=\"color: #800000;\"><strong>HOSTELS<\/strong><\/span><\/h3>\n<ul>\n<li><strong>COSMOPOLITAN HOSTEL<\/strong><\/li>\n<\/ul>\n<p>Rua Paulo Set\u00fabal, 53 \u2013 Pina<\/p>\n<p>Fone: (81) 3204-0321<\/p>\n<p>Dist\u00e2ncia: 650m *<\/p>\n<ul>\n<li><strong>CUL STUDENT HOUSING<\/strong><\/li>\n<\/ul>\n<p>Avenida Conselheiro Aguiar, 755 \u2013 Pina<\/p>\n<p>Fone: (81) 98286-2712<\/p>\n<p>Dist\u00e2ncia: 400m *[\/vc_column_text][\/vc_column][\/vc_row]<\/p>\n<\/div>","protected":false},"excerpt":{"rendered":"<p>[vc_row][vc_column][\/vc_column][\/vc_row][vc_row][vc_column][vc_empty_space height=&#8221;50px&#8221;][vc_column_text]A Comiss\u00e3o de Acolhimento selecionou outras op\u00e7\u00f5es de hospedagem, para os que n\u00e3o conseguirem vaga no hotel do evento.\u00a0 Abaixo, seguem as informa\u00e7\u00f5es de localiza\u00e7\u00e3o, contato telef\u00f4nico e a dist\u00e2ncia de cada uma dessas acomoda\u00e7\u00f5es para o hotel do evento. (* dist\u00e2ncia do hotel para o Evento) HOT\u00c9IS MARANTE PLAZA HOTEL (4 estrelas) Avenida&hellip;<\/p>\n","protected":false},"author":1,"featured_media":0,"parent":0,"menu_order":0,"comment_status":"closed","ping_status":"closed","template":"","meta":{"footnotes":""},"class_list":["post-57676","page","type-page","status-publish","hentry","description-off"],"_links":{"self":[{"href":"https:\/\/ebp.org.br\/nordeste\/jornadas\/2023\/wp-json\/wp\/v2\/pages\/57676","targetHints":{"allow":["GET"]}}],"collection":[{"href":"https:\/\/ebp.org.br\/nordeste\/jornadas\/2023\/wp-json\/wp\/v2\/pages"}],"about":[{"href":"https:\/\/ebp.org.br\/nordeste\/jornadas\/2023\/wp-json\/wp\/v2\/types\/page"}],"author":[{"embeddable":true,"href":"https:\/\/ebp.org.br\/nordeste\/jornadas\/2023\/wp-json\/wp\/v2\/users\/1"}],"replies":[{"embeddable":true,"href":"https:\/\/ebp.org.br\/nordeste\/jornadas\/2023\/wp-json\/wp\/v2\/comments?post=57676"}],"version-history":[{"count":5,"href":"https:\/\/ebp.org.br\/nordeste\/jornadas\/2023\/wp-json\/wp\/v2\/pages\/57676\/revisions"}],"predecessor-version":[{"id":57834,"href":"https:\/\/ebp.org.br\/nordeste\/jornadas\/2023\/wp-json\/wp\/v2\/pages\/57676\/revisions\/57834"}],"wp:attachment":[{"href":"https:\/\/ebp.org.br\/nordeste\/jornadas\/2023\/wp-json\/wp\/v2\/media?parent=57676"}],"curies":[{"name":"wp","href":"https:\/\/api.w.org\/{rel}","templated":true}]}}