{"id":57641,"date":"2023-08-12T05:15:20","date_gmt":"2023-08-12T08:15:20","guid":{"rendered":"https:\/\/ebp.org.br\/nordeste\/jornadas\/2023\/?page_id=57641"},"modified":"2023-08-12T05:17:39","modified_gmt":"2023-08-12T08:17:39","slug":"eixo-iii-o-que-esta-em-jogo-na-politica-lacaniana-se-nos-referirmos-a-ela-como-acontecimento-de-corpo","status":"publish","type":"page","link":"https:\/\/ebp.org.br\/nordeste\/jornadas\/2023\/eixos-tematicos\/eixo-iii-o-que-esta-em-jogo-na-politica-lacaniana-se-nos-referirmos-a-ela-como-acontecimento-de-corpo\/","title":{"rendered":"Eixo III \u2013 O que est\u00e1 em jogo na pol\u00edtica lacaniana se nos referirmos a ela como acontecimento de corpo?"},"content":{"rendered":"<div class=\"wpb-content-wrapper\"><p>[vc_row][vc_column]<div id=\"ultimate-heading-777369daf84ace516\" class=\"uvc-heading ult-adjust-bottom-margin ultimate-heading-777369daf84ace516 uvc-6139  uvc-heading-default-font-sizes\" data-hspacer=\"line_only\"  data-halign=\"left\" style=\"text-align:left\"><div class=\"uvc-main-heading ult-responsive\"  data-ultimate-target='.uvc-heading.ultimate-heading-777369daf84ace516 h2'  data-responsive-json-new='{\"font-size\":\"\",\"line-height\":\"\"}' ><h2 style=\"--font-weight:theme;\">Eixos Tem\u00e1ticos<\/h2><\/div><div class=\"uvc-heading-spacer line_only\" style=\"topheight:1px;\"><span class=\"uvc-headings-line\" style=\"border-style:solid;border-bottom-width:1px;border-color:#8e0c0f;width:50px;\"><\/span><\/div><\/div>[\/vc_column][\/vc_row][vc_row][vc_column][vc_empty_space height=&#8221;50px&#8221;][vc_column_text]<\/p>\n<h3><span style=\"color: #993300;\"><strong>Eixo III \u2013 O que est\u00e1 em jogo na pol\u00edtica lacaniana se nos referirmos a ela como acontecimento de corpo?<\/strong><\/span><\/h3>\n<h6>Respons\u00e1veis: L\u00eddia Pessoa (AMP\/EBP) e V\u00e2nia Ferreira (Aderente Se\u00e7\u00e3o Nordeste)<\/h6>\n<p>&nbsp;<\/p>\n<p style=\"text-align: right;\">\u201cGente \u00e9 um lugar de se perguntar o um<\/p>\n<p style=\"text-align: right;\">Das estrelas se perguntarem se tantas s\u00e3o<\/p>\n<p style=\"text-align: right;\">Cada estrela se espanta \u00e0 pr\u00f3pria explos\u00e3o\u201d.<\/p>\n<p style=\"text-align: right;\">\u00a0\u00a0\u00a0\u00a0\u00a0\u00a0\u00a0\u00a0\u00a0\u00a0\u00a0\u00a0\u00a0\u00a0\u00a0\u00a0\u00a0\u00a0\u00a0\u00a0 (Caetano Veloso, Gente. 1977)<\/p>\n<p><img loading=\"lazy\" decoding=\"async\" class=\"size-medium wp-image-57643 alignright\" src=\"https:\/\/ebp.org.br\/nordeste\/jornadas\/2023\/wp-content\/uploads\/2023\/08\/boletim002_001-223x300.jpeg\" alt=\"\" width=\"223\" height=\"300\" srcset=\"https:\/\/ebp.org.br\/nordeste\/jornadas\/2023\/wp-content\/uploads\/2023\/08\/boletim002_001-223x300.jpeg 223w, https:\/\/ebp.org.br\/nordeste\/jornadas\/2023\/wp-content\/uploads\/2023\/08\/boletim002_001-762x1024.jpeg 762w, https:\/\/ebp.org.br\/nordeste\/jornadas\/2023\/wp-content\/uploads\/2023\/08\/boletim002_001-768x1033.jpeg 768w, https:\/\/ebp.org.br\/nordeste\/jornadas\/2023\/wp-content\/uploads\/2023\/08\/boletim002_001-1142x1536.jpeg 1142w, https:\/\/ebp.org.br\/nordeste\/jornadas\/2023\/wp-content\/uploads\/2023\/08\/boletim002_001-900x1210.jpeg 900w, https:\/\/ebp.org.br\/nordeste\/jornadas\/2023\/wp-content\/uploads\/2023\/08\/boletim002_001.jpeg 1190w\" sizes=\"auto, (max-width: 223px) 100vw, 223px\" \/>Por que trazer hoje na III Jornada da Se\u00e7\u00e3o Nordeste a discuss\u00e3o da pol\u00edtica na psican\u00e1lise? Na d\u00e9cada de 60 do s\u00e9culo XX Jacques Lacan introduziu a dimens\u00e3o da pol\u00edtica \u00e0 psican\u00e1lise no Semin\u00e1rio a l\u00f3gica da Fantasia: \u201c&#8230;se dir\u00e1 n\u00e3o digo mesmo \u201cpol\u00edtica \u00e9 o inconsciente, mas simplesmente, o inconsciente \u00e9 a pol\u00edtica\u201d[1]. De que pol\u00edtica se trata?<\/p>\n<p>Jacques Alain Miller explica que \u201co inconsciente \u00e9 a pol\u00edtica\u201d quer dizer que o inconsciente prov\u00e9m do la\u00e7o social\u201d. Indica nessa passagem, que a exist\u00eancia da sociedade se d\u00e1 porque a \u201crela\u00e7\u00e3o sexual n\u00e3o existe\u201d[2].<\/p>\n<p>\u00c9ric Laurent, ao considerar que a pol\u00edtica mostra uma falha[3], considera o \u201dacontecimento de corpo\u201d no \u201cinconsciente pol\u00edtico\u201d [4]. De que corpo se est\u00e1 falando? \u201cO corpo \u00e9 o Outro (&#8230;.) O corpo \u00e9 feito para inscrever alguma coisa que se chama marca. (\u2026). E o primeiro come\u00e7o do gesto de amor, \u00e9 sempre mais ou menos esbo\u00e7o desse gesto\u201d[5].<\/p>\n<p>Como pensar a subjetividade e os la\u00e7os sociais na nossa \u00e9poca para al\u00e9m das garantias das refer\u00eancias simb\u00f3licas e ed\u00edpicas? V\u00ea-se a sociedade hoje com os rios secos e envenenados, pais e m\u00e3es angustiados com a viol\u00eancia sexual e urbana contra os filhos, consumismo excessivo, acontecimentos que reverberam nos corpos. Acontecimentos de corpo que testemunham a sintomatologia da nossa \u00e9poca.<\/p>\n<p>H\u00e1 um real no la\u00e7o social, imposs\u00edvel de saber, mas que faz vibrar os corpos pois sua subst\u00e2ncia \u00e9 o gozo. Nem tudo pode ser dito pela linguagem e as representa\u00e7\u00f5es do mundo s\u00e3o incompletas. Diante do real, dessa dimens\u00e3o imposs\u00edvel de dizer e a conting\u00eancia, destina-se a pol\u00edtica lacaniana. [6]\u00a0 O inconsciente \u00e9 o corpo falante e a sua \u201cdebilidade\u201d o destina ao del\u00edrio. [7]<\/p>\n<p>Como pensar o del\u00edrio generalizado sem a refer\u00eancia ed\u00edpica? Como interrogar a proposta da cultura que se apoia num universal sustentada pelos discursos do mestre, do universit\u00e1rio e da histeria, cujo horizonte \u00e9 a felicidade para todos? E o discurso da psican\u00e1lise seria tamb\u00e9m um del\u00edrio? Diante de tantas quest\u00f5es que articulam \u00e0 pol\u00edtica lacaniana o acontecimento de corpo, convidamos todos a contribu\u00edrem com seus trabalhos para avan\u00e7armos nesse debate.<\/p>\n<hr \/>\n<h6>[1] LACAN, J. 1966-67, aula de 10 de maio de 1967.<\/h6>\n<h6>[2] MILLER, J.A. Intui\u00e7\u00f5es Milanesas II. Op\u00e7\u00e3o Lacaniana online, n\u00ba 6, nov.2011.<\/h6>\n<h6>[3] LAURENT, E..\u00a0 Entretien avec \u00c9ric Laurent, L\u00ednconscient et i\u2019\u00e9v\u00e9nement de corps, La Cause Du D\u00e9sir, Revue de Psychanalyse 91, Navarin \u00c9diteur, 2015. Em Ecos, Boletim da 25a Jornada EBP-MG.<\/h6>\n<h6>[4] LAURENT, E.. O falasser pol\u00edtico. Em O avesso da biopol\u00edtica: uma escrita para o gozo. Rio de Janeiro: Contra Capa, 2016.<\/h6>\n<h6>[5] LACAN, J. 1966-67, aula de 10 de maio de 1967.<\/h6>\n<h6>[6] SANTIAGO, J. Acontecimentos pol\u00edticos de corpo: o analista e a segrega\u00e7\u00e3o. Em Correio, Revista da EBP. S\u00e3o Paulo: EBP, n.90, abril de 2023: 99.<\/h6>\n<h6>[7] MILLER, J.A. O inconsciente e o corpo falante. Em Lacan Web T\u00e9l\u00e9vision, 2015.<\/h6>\n<p>[\/vc_column_text][\/vc_column][\/vc_row]<\/p>\n<\/div>","protected":false},"excerpt":{"rendered":"<p>[vc_row][vc_column][\/vc_column][\/vc_row][vc_row][vc_column][vc_empty_space height=&#8221;50px&#8221;][vc_column_text] Eixo III \u2013 O que est\u00e1 em jogo na pol\u00edtica lacaniana se nos referirmos a ela como acontecimento de corpo? Respons\u00e1veis: L\u00eddia Pessoa (AMP\/EBP) e V\u00e2nia Ferreira (Aderente Se\u00e7\u00e3o Nordeste) &nbsp; \u201cGente \u00e9 um lugar de se perguntar o um Das estrelas se perguntarem se tantas s\u00e3o Cada estrela se espanta \u00e0 pr\u00f3pria&hellip;<\/p>\n","protected":false},"author":1,"featured_media":0,"parent":57493,"menu_order":0,"comment_status":"closed","ping_status":"closed","template":"","meta":{"footnotes":""},"class_list":["post-57641","page","type-page","status-publish","hentry","description-off"],"_links":{"self":[{"href":"https:\/\/ebp.org.br\/nordeste\/jornadas\/2023\/wp-json\/wp\/v2\/pages\/57641","targetHints":{"allow":["GET"]}}],"collection":[{"href":"https:\/\/ebp.org.br\/nordeste\/jornadas\/2023\/wp-json\/wp\/v2\/pages"}],"about":[{"href":"https:\/\/ebp.org.br\/nordeste\/jornadas\/2023\/wp-json\/wp\/v2\/types\/page"}],"author":[{"embeddable":true,"href":"https:\/\/ebp.org.br\/nordeste\/jornadas\/2023\/wp-json\/wp\/v2\/users\/1"}],"replies":[{"embeddable":true,"href":"https:\/\/ebp.org.br\/nordeste\/jornadas\/2023\/wp-json\/wp\/v2\/comments?post=57641"}],"version-history":[{"count":3,"href":"https:\/\/ebp.org.br\/nordeste\/jornadas\/2023\/wp-json\/wp\/v2\/pages\/57641\/revisions"}],"predecessor-version":[{"id":57647,"href":"https:\/\/ebp.org.br\/nordeste\/jornadas\/2023\/wp-json\/wp\/v2\/pages\/57641\/revisions\/57647"}],"up":[{"embeddable":true,"href":"https:\/\/ebp.org.br\/nordeste\/jornadas\/2023\/wp-json\/wp\/v2\/pages\/57493"}],"wp:attachment":[{"href":"https:\/\/ebp.org.br\/nordeste\/jornadas\/2023\/wp-json\/wp\/v2\/media?parent=57641"}],"curies":[{"name":"wp","href":"https:\/\/api.w.org\/{rel}","templated":true}]}}