{"id":57528,"date":"2023-08-01T07:29:22","date_gmt":"2023-08-01T10:29:22","guid":{"rendered":"https:\/\/ebp.org.br\/nordeste\/jornadas\/2023\/?page_id=57528"},"modified":"2023-09-29T09:43:09","modified_gmt":"2023-09-29T12:43:09","slug":"inscricoes","status":"publish","type":"page","link":"https:\/\/ebp.org.br\/nordeste\/jornadas\/2023\/inscricoes\/","title":{"rendered":"Inscri\u00e7\u00f5es"},"content":{"rendered":"<div class=\"wpb-content-wrapper\"><p>[vc_row][vc_column]<div id=\"ultimate-heading-176769daf849d8d3d\" class=\"uvc-heading ult-adjust-bottom-margin ultimate-heading-176769daf849d8d3d uvc-3208  uvc-heading-default-font-sizes\" data-hspacer=\"line_only\"  data-halign=\"left\" style=\"text-align:left\"><div class=\"uvc-main-heading ult-responsive\"  data-ultimate-target='.uvc-heading.ultimate-heading-176769daf849d8d3d h2'  data-responsive-json-new='{\"font-size\":\"\",\"line-height\":\"\"}' ><h2 style=\"--font-weight:theme;\">Inscri\u00e7\u00f5es<\/h2><\/div><div class=\"uvc-heading-spacer line_only\" style=\"topheight:1px;\"><span class=\"uvc-headings-line\" style=\"border-style:solid;border-bottom-width:1px;border-color:#8e0c0f;width:50px;\"><\/span><\/div><\/div>[vc_empty_space][\/vc_column][\/vc_row][vc_row][vc_column][vc_empty_space height=&#8221;50px&#8221;][vc_column_text]<span style=\"font-family: verdana, sans-serif;\">Voc\u00ea pode se inscrever na III Jornada da Se\u00e7\u00e3o Nordeste utilizando o Sympla<\/span><\/p>\n<p>Verifique qual a sua, entre as categorias de inscri\u00e7\u00e3o dispon\u00edveis, e clique no bot\u00e3o referente a seu ingresso.<\/p>\n<p>Ap\u00f3s clicar no bot\u00e3o de inscri\u00e7\u00e3o voc\u00ea ser\u00e1 direcionado(a) ao site do SYMPLA. Certifique-se de escolher a modalidade correta de inscri\u00e7\u00e3o (se presencial ou on-line).[\/vc_column_text][vc_empty_space][vc_column_text]<\/p>\n<h3><span style=\"color: #993300;\"><b>Aten\u00e7\u00e3o!\u00a0<\/b><\/span><\/h3>\n<p><b>Estudantes de Gradua\u00e7\u00e3o devem enviar para o email da Jornada o comprovante do v\u00ednculo com sua Institui\u00e7\u00e3o de Ensino.<\/b><\/p>\n<p><b>&#8220;Participantes do IPSIN&#8221;\u00a0precisam enviar Declara\u00e7\u00e3o do\u00a0IPSIN, afirmando estar regularmente matriculado(a) no Curso Anual ou<\/b><b>\u00a0participa h\u00e1 mais de 3 meses de um dos N\u00facleos de Pesquisa do IPSIN<\/b><\/p>\n<p><b>E-mail da III Jornada: <a href=\"mailto:jornadasne@gmail.com\">jornadasne@gmail.com<\/a><\/b>[\/vc_column_text][vc_column_text]<span style=\"font-family: verdana, sans-serif;\">Voc\u00ea pode se inscrever na III Jornada da Se\u00e7\u00e3o Nordeste utilizando o Sympla<\/span><\/p>\n<p>Verifique qual a sua, entre as categorias de inscri\u00e7\u00e3o dispon\u00edveis, e clique no bot\u00e3o referente a seu ingresso<\/p>\n<p><b>Aten\u00e7\u00e3o!\u00a0<\/b><\/p>\n<p><b>Estudantes de Gradua\u00e7\u00e3o devem enviar para o email da Jornada o comprovante do v\u00ednculo com sua Institui\u00e7\u00e3o de Ensino.<\/b><\/p>\n<p><b>&#8220;Participantes do IPSIN&#8221;\u00a0precisam enviar Declara\u00e7\u00e3o do\u00a0IPSIN, afirmando estar regularmente matriculado(a) no Curso Anual ou<\/b><b>\u00a0participa h\u00e1 mais de 3 meses de um dos N\u00facleos de Pesquisa do IPSIN<\/b><\/p>\n<p><b>E-mail da III Jornada: <a href=\"mailto:jornadasne@gmail.com\">jornadasne@gmail.com<\/a><\/b>[\/vc_column_text][vc_empty_space][vc_raw_html]JTNDdGFibGUlMjBib3JkZXIlM0QlMjIwJTIyJTIwY2VsbHNwYWNpbmclM0QlMjI1JTIyJTIwY2VsbHBhZGRpbmclM0QlMjI1JTIyJTIwd2lkdGglM0QlMjIxMDAlMjUlMjIlM0UlMEElMjAlMjAlM0N0ciUzRSUwQSUyMCUyMCUyMCUyMCUzQ3RkJTIwd2lkdGglM0QlMjIyMzIlMjIlMjB2YWxpZ24lM0QlMjJ0b3AlMjIlM0UlM0NwJTNFJTI2bmJzcCUzQiUzQyUyRnAlM0UlM0MlMkZ0ZCUzRSUwQSUyMCUyMCUyMCUyMCUzQ3RkJTIwd2lkdGglM0QlMjIxNDAlMjIlMjBhbGlnbiUzRCUyMmNlbnRlciUyMiUyMHZhbGlnbiUzRCUyMnRvcCUyMiUzRSUzQ3AlM0VBdCVDMyVBOSVDMiVBMCUyMDMxJTIwZGUlMjBvdXR1YnJvJTNDJTJGcCUzRSUzQyUyRnRkJTNFJTBBJTIwJTIwJTIwJTIwJTNDdGQlMjB3aWR0aCUzRCUyMjE0MCUyMiUyMGFsaWduJTNEJTIyY2VudGVyJTIyJTIwdmFsaWduJTNEJTIydG9wJTIyJTNFJTNDcCUzRUElMjBwYXJ0aXIlMjBkZSUyMDAxJTIwZGUlMjBub3ZlbWJybyUzQyUyRnAlM0UlM0MlMkZ0ZCUzRSUwQSUyMCUyMCUzQyUyRnRyJTNFJTBBJTIwJTIwJTNDdHIlMjBiZ2NvbG9yJTNEJTIyJTIzRkZFREJBJTIyJTNFJTBBJTIwJTIwJTIwJTIwJTNDdGQlMjB3aWR0aCUzRCUyMjIzMiUyMiUyMHZhbGlnbiUzRCUyMnRvcCUyMiUzRSUzQ3AlM0VNZW1icm9zJTIwJTBBJTIwJTIwJTIwJTIwJTIwJTIwLSUyMCUzQ3N0cm9uZyUzRVByZXNlbmNpYWwlM0MlMkZzdHJvbmclM0UlM0MlMkZwJTNFJTNDJTJGdGQlM0UlMEElMjAlMjAlMjAlMjAlM0N0ZCUyMHdpZHRoJTNEJTIyMTQwJTIyJTIwYWxpZ24lM0QlMjJjZW50ZXIlMjIlMjB2YWxpZ24lM0QlMjJ0b3AlMjIlM0UlM0NwJTNFJTNDc3Ryb25nJTNFUiUyNCUyMDM1MCUyMCUzQyUyRnN0cm9uZyUzRSUzQyUyRnAlM0UlM0MlMkZ0ZCUzRSUwQSUyMCUyMCUyMCUyMCUzQ3RkJTIwd2lkdGglM0QlMjIxNDAlMjIlMjBhbGlnbiUzRCUyMmNlbnRlciUyMiUyMHZhbGlnbiUzRCUyMnRvcCUyMiUzRSUzQ3AlM0UlM0NzdHJvbmclM0VSJTI0JTIwNDAwJTNDJTJGc3Ryb25nJTNFJTNDJTJGcCUzRSUzQyUyRnRkJTNFJTBBJTIwJTIwJTNDJTJGdHIlM0UlMEElMjAlMjAlM0N0ciUyMGJnY29sb3IlM0QlMjIlMjNGQ0UzQTclMjIlM0UlMEElMjAlMjAlMjAlMjAlM0N0ZCUyMHdpZHRoJTNEJTIyMjMyJTIyJTIwdmFsaWduJTNEJTIydG9wJTIyJTNFJTNDcCUzRU1lbWJyb3MlMjAtJTIwJTNDc3Ryb25nJTNFT24lMjBsaW5lJTNDJTJGc3Ryb25nJTNFJTNDJTJGcCUzRSUzQyUyRnRkJTNFJTBBJTIwJTIwJTIwJTIwJTNDdGQlMjB3aWR0aCUzRCUyMjE0MCUyMiUyMGFsaWduJTNEJTIyY2VudGVyJTIyJTIwdmFsaWduJTNEJTIydG9wJTIyJTNFJTNDcCUzRSUzQ3N0cm9uZyUzRVIlMjQlMjA0NTAlMjAlM0MlMkZzdHJvbmclM0UlM0MlMkZwJTNFJTNDJTJGdGQlM0UlMEElMjAlMjAlMjAlMjAlM0N0ZCUyMHdpZHRoJTNEJTIyMTQwJTIyJTIwYWxpZ24lM0QlMjJjZW50ZXIlMjIlMjB2YWxpZ24lM0QlMjJ0b3AlMjIlM0UlM0NwJTNFJTNDc3Ryb25nJTNFUiUyNCUyMDUwMCUzQyUyRnN0cm9uZyUzRSUzQyUyRnAlM0UlM0MlMkZ0ZCUzRSUwQSUyMCUyMCUzQyUyRnRyJTNFJTBBJTIwJTIwJTNDdHIlMjBiZ2NvbG9yJTNEJTIyJTIzRkZFREJBJTIyJTNFJTBBJTIwJTIwJTIwJTIwJTNDdGQlMjB3aWR0aCUzRCUyMjIzMiUyMiUyMHZhbGlnbiUzRCUyMnRvcCUyMiUzRSUzQ3AlM0VOJUMzJUEzby1tZW1icm9zJTIwJTBBJTIwJTIwJTIwJTIwLSUyMCUzQ3N0cm9uZyUzRVByZXNlbmNpYWwlM0MlMkZzdHJvbmclM0UlM0MlMkZwJTNFJTNDJTJGdGQlM0UlMEElMjAlMjAlMjAlMjAlM0N0ZCUyMHdpZHRoJTNEJTIyMTQwJTIyJTIwYWxpZ24lM0QlMjJjZW50ZXIlMjIlMjB2YWxpZ24lM0QlMjJ0b3AlMjIlM0UlM0NwJTNFJTNDc3Ryb25nJTNFUiUyNCUyMDI1MCUyMCUzQyUyRnN0cm9uZyUzRSUzQyUyRnAlM0UlM0MlMkZ0ZCUzRSUwQSUyMCUyMCUyMCUyMCUzQ3RkJTIwd2lkdGglM0QlMjIxNDAlMjIlMjBhbGlnbiUzRCUyMmNlbnRlciUyMiUyMHZhbGlnbiUzRCUyMnRvcCUyMiUzRSUzQ3AlM0UlM0NzdHJvbmclM0VSJTI0JTIwMzAwJTNDJTJGc3Ryb25nJTNFJTNDJTJGcCUzRSUzQyUyRnRkJTNFJTBBJTIwJTIwJTNDJTJGdHIlM0UlMEElMjAlMjAlM0N0ciUyMGJnY29sb3IlM0QlMjIlMjNGQ0UzQTclMjIlM0UlMEElMjAlMjAlMjAlMjAlM0N0ZCUyMHdpZHRoJTNEJTIyMjMyJTIyJTIwdmFsaWduJTNEJTIydG9wJTIyJTNFJTNDcCUzRU4lQzMlQTNvLW1lbWJyb3MlMjAtJTIwJTNDc3Ryb25nJTNFT24lMjBsaW4lM0MlMkZzdHJvbmclM0VlJTNDJTJGcCUzRSUzQyUyRnRkJTNFJTBBJTIwJTIwJTIwJTIwJTNDdGQlMjB3aWR0aCUzRCUyMjE0MCUyMiUyMGFsaWduJTNEJTIyY2VudGVyJTIyJTIwdmFsaWduJTNEJTIydG9wJTIyJTNFJTNDcCUzRSUzQ3N0cm9uZyUzRVIlMjQlMjAzNTAlMjAlM0MlMkZzdHJvbmclM0UlM0MlMkZwJTNFJTNDJTJGdGQlM0UlMEElMjAlMjAlMjAlMjAlM0N0ZCUyMHdpZHRoJTNEJTIyMTQwJTIyJTIwYWxpZ24lM0QlMjJjZW50ZXIlMjIlMjB2YWxpZ24lM0QlMjJ0b3AlMjIlM0UlM0NwJTNFJTNDc3Ryb25nJTNFUiUyNCUyMDQwMCUzQyUyRnN0cm9uZyUzRSUzQyUyRnAlM0UlM0MlMkZ0ZCUzRSUwQSUyMCUyMCUzQyUyRnRyJTNFJTBBJTIwJTIwJTNDdHIlMjBiZ2NvbG9yJTNEJTIyJTIzRkZFREJBJTIyJTNFJTBBJTIwJTIwJTIwJTIwJTNDdGQlMjB3aWR0aCUzRCUyMjIzMiUyMiUyMHZhbGlnbiUzRCUyMnRvcCUyMiUzRSUzQ3AlM0VQYXJ0aWNpcGFudGVzJTIwSVBTSU4lMjAlMjAtJTIwJTNDc3Ryb25nJTNFUHJlc2VuY2lhJTNDJTJGc3Ryb25nJTNFbCUzQyUyRnAlM0UlM0MlMkZ0ZCUzRSUwQSUyMCUyMCUyMCUyMCUzQ3RkJTIwd2lkdGglM0QlMjIxNDAlMjIlMjBhbGlnbiUzRCUyMmNlbnRlciUyMiUyMHZhbGlnbiUzRCUyMnRvcCUyMiUzRSUzQ3AlM0UlM0NzdHJvbmclM0VSJTI0JTIwMjAwJTIwJTNDJTJGc3Ryb25nJTNFJTNDJTJGcCUzRSUzQyUyRnRkJTNFJTBBJTIwJTIwJTIwJTIwJTNDdGQlMjB3aWR0aCUzRCUyMjE0MCUyMiUyMGFsaWduJTNEJTIyY2VudGVyJTIyJTIwdmFsaWduJTNEJTIydG9wJTIyJTNFJTNDcCUzRSUzQ3N0cm9uZyUzRVIlMjQlMjAyNTAlM0MlMkZzdHJvbmclM0UlM0MlMkZwJTNFJTNDJTJGdGQlM0UlMEElMjAlMjAlM0MlMkZ0ciUzRSUwQSUyMCUyMCUzQ3RyJTIwYmdjb2xvciUzRCUyMiUyM0ZDRTNBNyUyMiUzRSUwQSUyMCUyMCUyMCUyMCUzQ3RkJTIwd2lkdGglM0QlMjIyMzIlMjIlMjB2YWxpZ24lM0QlMjJ0b3AlMjIlM0UlM0NwJTNFUGFydGljaXBhbnRlcyUyMElQU0lOJTIwLSUyMCUzQ3N0cm9uZyUzRU9uJTIwbGluZSUzQyUyRnN0cm9uZyUzRSUyMCUzQyUyRnAlM0UlM0MlMkZ0ZCUzRSUwQSUyMCUyMCUyMCUyMCUzQ3RkJTIwd2lkdGglM0QlMjIxNDAlMjIlMjBhbGlnbiUzRCUyMmNlbnRlciUyMiUyMHZhbGlnbiUzRCUyMnRvcCUyMiUzRSUzQ3AlM0UlM0NzdHJvbmclM0VSJTI0JTIwMzAwJTIwJTNDJTJGc3Ryb25nJTNFJTNDJTJGcCUzRSUzQyUyRnRkJTNFJTBBJTIwJTIwJTIwJTIwJTNDdGQlMjB3aWR0aCUzRCUyMjE0MCUyMiUyMGFsaWduJTNEJTIyY2VudGVyJTIyJTIwdmFsaWduJTNEJTIydG9wJTIyJTNFJTNDcCUzRSUzQ3N0cm9uZyUzRVIlMjQlMjAzNTAlM0MlMkZzdHJvbmclM0UlM0MlMkZwJTNFJTNDJTJGdGQlM0UlMEElMjAlMjAlM0MlMkZ0ciUzRSUwQSUyMCUyMCUzQ3RyJTIwYmdjb2xvciUzRCUyMiUyM0ZGRURCQSUyMiUzRSUwQSUyMCUyMCUyMCUyMCUzQ3RkJTIwd2lkdGglM0QlMjIyMzIlMjIlMjB2YWxpZ24lM0QlMjJ0b3AlMjIlM0UlM0NwJTNFRXN0dWRhbnRlcyUyMEdyYWR1YSVDMyVBNyVDMyVBM28lMjAlMEElMjAlMjAlMjAlMjAtJTIwJTNDc3Ryb25nJTNFUHJlc2VuY2lhbCUzQyUyRnN0cm9uZyUzRSUzQyUyRnAlM0UlM0MlMkZ0ZCUzRSUwQSUyMCUyMCUyMCUyMCUzQ3RkJTIwd2lkdGglM0QlMjIxNDAlMjIlMjBhbGlnbiUzRCUyMmNlbnRlciUyMiUyMHZhbGlnbiUzRCUyMnRvcCUyMiUzRSUzQ3AlM0UlM0NzdHJvbmclM0VSJTI0JTIwMTAwJTIwJTNDJTJGc3Ryb25nJTNFJTNDJTJGcCUzRSUzQyUyRnRkJTNFJTBBJTIwJTIwJTIwJTIwJTNDdGQlMjB3aWR0aCUzRCUyMjE0MCUyMiUyMGFsaWduJTNEJTIyY2VudGVyJTIyJTIwdmFsaWduJTNEJTIydG9wJTIyJTNFJTNDcCUzRSUzQ3N0cm9uZyUzRVIlMjQlMjAxNTAlM0MlMkZzdHJvbmclM0UlM0MlMkZwJTNFJTNDJTJGdGQlM0UlMEElMjAlMjAlM0MlMkZ0ciUzRSUwQSUyMCUyMCUzQ3RyJTIwYmdjb2xvciUzRCUyMiUyM0ZDRTNBNyUyMiUzRSUwQSUyMCUyMCUyMCUyMCUzQ3RkJTIwd2lkdGglM0QlMjIyMzIlMjIlMjB2YWxpZ24lM0QlMjJ0b3AlMjIlM0UlM0NwJTNFRXN0dWRhbnRlcyUyMCUyMCUyMCUyMEdyYWR1YSVDMyVBNyVDMyVBM28lMjAtJTIwJTNDc3Ryb25nJTNFT24lMjBsaW4lM0MlMkZzdHJvbmclM0VlJTIwJTNDYnIlM0UlMEElMjAlMjAlMjAlMjAlM0MlMkZwJTNFJTNDJTJGdGQlM0UlMEElMjAlMjAlMjAlMjAlM0N0ZCUyMHdpZHRoJTNEJTIyMTQwJTIyJTIwYWxpZ24lM0QlMjJjZW50ZXIlMjIlMjB2YWxpZ24lM0QlMjJ0b3AlMjIlM0UlM0NwJTNFJTNDc3Ryb25nJTNFUiUyNCUyMDIwMCUyMCUzQyUyRnN0cm9uZyUzRSUzQyUyRnAlM0UlM0MlMkZ0ZCUzRSUwQSUyMCUyMCUyMCUyMCUzQ3RkJTIwd2lkdGglM0QlMjIxNDAlMjIlMjBhbGlnbiUzRCUyMmNlbnRlciUyMiUyMHZhbGlnbiUzRCUyMnRvcCUyMiUzRSUzQ3AlM0UlM0NzdHJvbmclM0VSJTI0JTIwMjUwJTNDJTJGc3Ryb25nJTNFJTNDJTJGcCUzRSUzQyUyRnRkJTNFJTBBJTIwJTIwJTNDJTJGdHIlM0UlMEElM0MlMkZ0YWJsZSUzRQ==[\/vc_raw_html][\/vc_column][\/vc_row][vc_row][vc_column][vc_btn title=&#8221;Fa\u00e7a a sua inscri\u00e7\u00e3o!&#8221; color=&#8221;pink&#8221; align=&#8221;center&#8221; link=&#8221;url:https%3A%2F%2Fwww.sympla.com.br%2Fiii-jornada-da-ebp-secao-nordeste__2111067&#8243;][\/vc_column][\/vc_row]<\/p>\n<\/div>","protected":false},"excerpt":{"rendered":"<p>[vc_row][vc_column][vc_empty_space][\/vc_column][\/vc_row][vc_row][vc_column][vc_empty_space height=&#8221;50px&#8221;][vc_column_text]Voc\u00ea pode se inscrever na III Jornada da Se\u00e7\u00e3o Nordeste utilizando o Sympla Verifique qual a sua, entre as categorias de inscri\u00e7\u00e3o dispon\u00edveis, e clique no bot\u00e3o referente a seu ingresso. Ap\u00f3s clicar no bot\u00e3o de inscri\u00e7\u00e3o voc\u00ea ser\u00e1 direcionado(a) ao site do SYMPLA. Certifique-se de escolher a modalidade correta de inscri\u00e7\u00e3o (se presencial&hellip;<\/p>\n","protected":false},"author":1,"featured_media":0,"parent":0,"menu_order":0,"comment_status":"closed","ping_status":"closed","template":"","meta":{"footnotes":""},"class_list":["post-57528","page","type-page","status-publish","hentry","description-off"],"_links":{"self":[{"href":"https:\/\/ebp.org.br\/nordeste\/jornadas\/2023\/wp-json\/wp\/v2\/pages\/57528","targetHints":{"allow":["GET"]}}],"collection":[{"href":"https:\/\/ebp.org.br\/nordeste\/jornadas\/2023\/wp-json\/wp\/v2\/pages"}],"about":[{"href":"https:\/\/ebp.org.br\/nordeste\/jornadas\/2023\/wp-json\/wp\/v2\/types\/page"}],"author":[{"embeddable":true,"href":"https:\/\/ebp.org.br\/nordeste\/jornadas\/2023\/wp-json\/wp\/v2\/users\/1"}],"replies":[{"embeddable":true,"href":"https:\/\/ebp.org.br\/nordeste\/jornadas\/2023\/wp-json\/wp\/v2\/comments?post=57528"}],"version-history":[{"count":12,"href":"https:\/\/ebp.org.br\/nordeste\/jornadas\/2023\/wp-json\/wp\/v2\/pages\/57528\/revisions"}],"predecessor-version":[{"id":57742,"href":"https:\/\/ebp.org.br\/nordeste\/jornadas\/2023\/wp-json\/wp\/v2\/pages\/57528\/revisions\/57742"}],"wp:attachment":[{"href":"https:\/\/ebp.org.br\/nordeste\/jornadas\/2023\/wp-json\/wp\/v2\/media?parent=57528"}],"curies":[{"name":"wp","href":"https:\/\/api.w.org\/{rel}","templated":true}]}}