{"id":57522,"date":"2023-08-01T07:27:44","date_gmt":"2023-08-01T10:27:44","guid":{"rendered":"https:\/\/ebp.org.br\/nordeste\/jornadas\/2023\/?page_id=57522"},"modified":"2023-09-10T06:53:56","modified_gmt":"2023-09-10T09:53:56","slug":"envio-de-trabalhos","status":"publish","type":"page","link":"https:\/\/ebp.org.br\/nordeste\/jornadas\/2023\/envio-de-trabalhos\/","title":{"rendered":"Envio de Trabalhos"},"content":{"rendered":"<div class=\"wpb-content-wrapper\"><p>[vc_row][vc_column]<div id=\"ultimate-heading-304569fafddb45ed8\" class=\"uvc-heading ult-adjust-bottom-margin ultimate-heading-304569fafddb45ed8 uvc-2775  uvc-heading-default-font-sizes\" data-hspacer=\"line_only\"  data-halign=\"left\" style=\"text-align:left\"><div class=\"uvc-main-heading ult-responsive\"  data-ultimate-target='.uvc-heading.ultimate-heading-304569fafddb45ed8 h2'  data-responsive-json-new='{\"font-size\":\"\",\"line-height\":\"\"}' ><h2 style=\"--font-weight:theme;\">Envio de Trabalhos<\/h2><\/div><div class=\"uvc-heading-spacer line_only\" style=\"topheight:1px;\"><span class=\"uvc-headings-line\" style=\"border-style:solid;border-bottom-width:1px;border-color:#8e0c0f;width:50px;\"><\/span><\/div><\/div>[\/vc_column][\/vc_row][vc_row][vc_column][vc_empty_space height=&#8221;50px&#8221;][vc_column_text]<span style=\"font-weight: 400;\">A Comiss\u00e3o Cient\u00edfica da III Jornada da Se\u00e7\u00e3o Nordeste da EBP &#8211; \u201c<\/span><i><span style=\"font-weight: 400;\">Cada um em seu mundo: todos delirantes?\u201d<\/span><\/i><span style=\"font-weight: 400;\"> &#8211; convida a todos os colegas para contribu\u00edrem com seu \u201cgr\u00e3o de loucura\u201d na discuss\u00e3o sobre corpo, gozo e suas \u201cpotencialidades delirantes,\u201d considerando o que prop\u00f4em os tr\u00eas eixos tem\u00e1ticos:\u00a0<\/span><\/p>\n<ul>\n<li><span style=\"font-weight: 400;\">Eixo I &#8211; Como situar a no\u00e7\u00e3o de acontecimento de corpo \u00e0 luz do conceito de del\u00edrio general<\/span><span style=\"font-weight: 400;\">izado?<\/span><\/li>\n<li><span style=\"font-weight: 400;\">Eixo II &#8211; <\/span><span style=\"font-weight: 400;\">Pela via do sinthoma, como podemos ler a rela\u00e7\u00e3o do <\/span><i><span style=\"font-weight: 400;\">falasser <\/span><\/i><span style=\"font-weight: 400;\">com o mundo?<\/span><\/li>\n<li><span style=\"font-weight: 400;\">Eixo III &#8211; O que est\u00e1 em jogo na pol\u00edtica lacaniana se nos referirmos a ela como acontecimento de corpo?<\/span><\/li>\n<\/ul>\n<h3><span style=\"color: #993300;\"><b>Chamada para a escrita de trabalhos\u00a0<\/b><\/span><\/h3>\n<p><b>ENVIO DE RESUMO DOS TRABALHOS<\/b><\/p>\n<p><span style=\"color: #993300;\">I<span style=\"font-weight: 400;\">NFORMA\u00c7\u00d5ES:<\/span><\/span><\/p>\n<p><span style=\"font-weight: 400;\">Data limite para o envio dos resumos: <\/span><b>10 DE OUTUBRO<\/b><\/p>\n<p><span style=\"font-weight: 400;\">Orienta\u00e7\u00e3o: at\u00e9 esta data dever\u00e1 ser enviado o argumento do trabalho, contendo um resumo de at\u00e9 10 linhas. Indicar no assunto do e-mail o eixo tem\u00e1tico com o qual o trabalho est\u00e1 relacionado.<\/span><\/p>\n<p><span style=\"font-weight: 400;\">Os textos dever\u00e3o ser enviados para o e-mail: <a href=\"mailto:envio_trabalhos_ne@ebp.org.br\">envio_trabalhos_ne@ebp.org.br<\/a>.<\/span><\/p>\n<hr \/>\n<p><span style=\"font-weight: 400;\">A data-limite para o envio de trabalhos \u00e9 <\/span><b>27 de outubro de 2023.\u00a0<\/b><\/p>\n<p><span style=\"font-weight: 400;\">Os textos dever\u00e3o ser enviados para o e-mail:<\/span> <a href=\"mailto:envio_trabalhos_ne@ebp.org.br\"><span style=\"font-weight: 400;\">envio_trabalhos_ne@ebp.org.br<\/span><\/a><span style=\"font-weight: 400;\">, escrevendo no campo \u201cassunto\u201d o nome do autor e Eixo no qual se inscreve esse trabalho.<\/span><\/p>\n<p><b>Normas para a escrita dos trabalhos:\u00a0<\/b><\/p>\n<ol>\n<li style=\"font-weight: 400;\" aria-level=\"1\"><span style=\"font-weight: 400;\">T\u00edtulo do trabalho e nome completo do autor.<\/span><\/li>\n<li style=\"font-weight: 400;\" aria-level=\"1\"><span style=\"font-weight: 400;\">E-mail e telefone do autor do trabalho\u00a0<\/span><\/li>\n<li style=\"font-weight: 400;\" aria-level=\"1\"><span style=\"font-weight: 400;\">Eixo com o qual o trabalho est\u00e1 relacionado (consultar argumento e eixos no site da Jornada).<\/span><\/li>\n<\/ol>\n<p><span style=\"font-weight: 400;\">Texto escrito em formato Word, com no m\u00e1ximo 6.000 caracteres sem espa\u00e7os, fonte Arial, tamanho 12, justificado, espa\u00e7amento de 1,5 entre linhas, sendo aconselh\u00e1vel fazer a revis\u00e3o ortogr\u00e1fica do texto.<\/span><\/p>\n<p><span style=\"font-weight: 400;\">As refer\u00eancias bibliogr\u00e1ficas citadas devem ser apresentadas da seguinte forma:<\/span><\/p>\n<p><span style=\"font-weight: 400;\">Autor, T\u00edtulo do livro, \u201ct\u00edtulo do artigo ou cap\u00edtulo\u201d, local, editora, ano, p\u00e1gina.<\/span><\/p>\n<p><span style=\"font-weight: 400;\">\u201cT\u00edtulo do artigo\u201d, p\u00e1gina (site) de onde foi retirado o texto ou artigo.<\/span><\/p>\n<p><em><strong>Obs: Para inscrever trabalho \u00e9 necess\u00e1rio estar inscrito na III Jornada.<\/strong><\/em><\/p>\n<p>&nbsp;<\/p>\n<h6><span style=\"font-weight: 400;\">Maria Eliane Neves Baptista<br \/>\n<\/span><span style=\"font-weight: 400;\">Susane Vasconcelos Zanotti<br \/>\n<\/span><span style=\"font-weight: 400;\">Coordenadoras da Comiss\u00e3o Cient\u00edfica da III Jornada da EBP-Nordeste<\/span><\/h6>\n<p>[\/vc_column_text][\/vc_column][\/vc_row]<\/p>\n<\/div>","protected":false},"excerpt":{"rendered":"<p>[vc_row][vc_column][\/vc_column][\/vc_row][vc_row][vc_column][vc_empty_space height=&#8221;50px&#8221;][vc_column_text]A Comiss\u00e3o Cient\u00edfica da III Jornada da Se\u00e7\u00e3o Nordeste da EBP &#8211; \u201cCada um em seu mundo: todos delirantes?\u201d &#8211; convida a todos os colegas para contribu\u00edrem com seu \u201cgr\u00e3o de loucura\u201d na discuss\u00e3o sobre corpo, gozo e suas \u201cpotencialidades delirantes,\u201d considerando o que prop\u00f4em os tr\u00eas eixos tem\u00e1ticos:\u00a0 Eixo I &#8211; Como situar&hellip;<\/p>\n","protected":false},"author":1,"featured_media":0,"parent":0,"menu_order":0,"comment_status":"closed","ping_status":"closed","template":"","meta":{"footnotes":""},"class_list":["post-57522","page","type-page","status-publish","hentry","description-off"],"_links":{"self":[{"href":"https:\/\/ebp.org.br\/nordeste\/jornadas\/2023\/wp-json\/wp\/v2\/pages\/57522","targetHints":{"allow":["GET"]}}],"collection":[{"href":"https:\/\/ebp.org.br\/nordeste\/jornadas\/2023\/wp-json\/wp\/v2\/pages"}],"about":[{"href":"https:\/\/ebp.org.br\/nordeste\/jornadas\/2023\/wp-json\/wp\/v2\/types\/page"}],"author":[{"embeddable":true,"href":"https:\/\/ebp.org.br\/nordeste\/jornadas\/2023\/wp-json\/wp\/v2\/users\/1"}],"replies":[{"embeddable":true,"href":"https:\/\/ebp.org.br\/nordeste\/jornadas\/2023\/wp-json\/wp\/v2\/comments?post=57522"}],"version-history":[{"count":5,"href":"https:\/\/ebp.org.br\/nordeste\/jornadas\/2023\/wp-json\/wp\/v2\/pages\/57522\/revisions"}],"predecessor-version":[{"id":57686,"href":"https:\/\/ebp.org.br\/nordeste\/jornadas\/2023\/wp-json\/wp\/v2\/pages\/57522\/revisions\/57686"}],"wp:attachment":[{"href":"https:\/\/ebp.org.br\/nordeste\/jornadas\/2023\/wp-json\/wp\/v2\/media?parent=57522"}],"curies":[{"name":"wp","href":"https:\/\/api.w.org\/{rel}","templated":true}]}}