{"id":57516,"date":"2023-08-01T07:26:43","date_gmt":"2023-08-01T10:26:43","guid":{"rendered":"https:\/\/ebp.org.br\/nordeste\/jornadas\/2023\/?page_id=57516"},"modified":"2023-11-19T15:08:59","modified_gmt":"2023-11-19T18:08:59","slug":"programa","status":"publish","type":"page","link":"https:\/\/ebp.org.br\/nordeste\/jornadas\/2023\/programa\/","title":{"rendered":"Programa"},"content":{"rendered":"<div class=\"wpb-content-wrapper\"><p>[vc_row][vc_column]<div id=\"ultimate-heading-425569daf84a5d258\" class=\"uvc-heading ult-adjust-bottom-margin ultimate-heading-425569daf84a5d258 uvc-7741  uvc-heading-default-font-sizes\" data-hspacer=\"line_only\"  data-halign=\"left\" style=\"text-align:left\"><div class=\"uvc-main-heading ult-responsive\"  data-ultimate-target='.uvc-heading.ultimate-heading-425569daf84a5d258 h2'  data-responsive-json-new='{\"font-size\":\"\",\"line-height\":\"\"}' ><h2 style=\"--font-weight:theme;\">Programa<\/h2><\/div><div class=\"uvc-heading-spacer line_only\" style=\"topheight:1px;\"><span class=\"uvc-headings-line\" style=\"border-style:solid;border-bottom-width:1px;border-color:#8e0c0f;width:50px;\"><\/span><\/div><\/div>[\/vc_column][\/vc_row][vc_row][vc_column][vc_empty_space height=&#8221;50px&#8221;][vc_column_text]<\/p>\n<h2><span style=\"color: #993300;\">24\/11 &#8211; SEXTA-FEIRA<\/span><\/h2>\n<p><span style=\"color: #993300;\"><strong>13:30-14:00 &#8211; CADASTRAMENTO<\/strong><\/span><\/p>\n<p><span style=\"color: #993300;\"><strong>14h &#8211; ABERTURA<\/strong><\/span><\/p>\n<p>Cassandra Dias &#8211; Diretora Geral da EBP Nordeste<\/p>\n<p>Cl\u00e1udia Formiga &#8211; Coordenadora Geral da III Jornada<\/p>\n<p><span style=\"color: #993300;\"><strong>14:30 &#8211; Plen\u00e1ria Cada um em seu mundo: todos delirantes?<\/strong><\/span><\/p>\n<ul>\n<li>Sonhos e Despertares. Glacy Gorsky (EBP\/AMP)<\/li>\n<li>Enfrentar o real. Elizabete Siqueira (EBP\/AMP)<\/li>\n<li>A pol\u00edtica lacaniana em lalangue. Margarida Assad (EBP\/AMP)<\/li>\n<\/ul>\n<p>Coordena: Cleide Monteiro (EBP\/AMP)<\/p>\n<p><span style=\"color: #993300;\"><strong>15:45 &#8211; O ensino do Passe: \u201cQuando n\u00e3o estive t\u00e3o louco\u201d<\/strong><\/span><\/p>\n<p>Convidado: S\u00e9rgio de Mattos (EBP\/AMP, AE em exerc\u00edcio)<\/p>\n<p>Coordena: Glacy Gorski<\/p>\n<p><span style=\"color: #993300;\"><strong>16:45 &#8211; INTERVALO<\/strong><\/span><\/p>\n<p><span style=\"color: #993300;\"><strong>17h &#8211; Mesa 1 \u2013 N\u00facleos de Pesquisa do IPSIN<\/strong><\/span><br \/>\nCoordena\u00e7\u00e3o: Sandra Conrado<\/p>\n<ul>\n<li>Voc\u00ea faz o corpo! Bibiana Poggi (EBP\/AMP) &#8211; N\u00facleo de pesquisa sobre o caso cl\u00ednico em psican\u00e1lise<\/li>\n<li>Um mundo pelo cheiro. K\u00e9sia Ramos &#8211; N\u00facleo de pesquisa sobre a cl\u00ednica psicanal\u00edtica com as psicoses<\/li>\n<li>Eu n\u00e3o sou o lobo. Paulo Carvalho &#8211; N\u00facleo de pesquisa sobre o autismo<\/li>\n<\/ul>\n<p><span style=\"color: #993300;\"><strong>18h \u2013 Primeira Confer\u00eancia: \u201cTodos delirantes, diante do real imposs\u00edvel de dizer\u201d<\/strong><\/span><\/p>\n<p>Convidado: R\u00f4mulo Ferreira da Silva (AME, EBP\/AMP)<\/p>\n<p>Coordena: Eliane Baptista (EBP\/AMP)<\/p>\n<h2><span style=\"color: #993300;\">25\/11 &#8211; S\u00c1BADO<\/span><\/h2>\n<p><span style=\"color: #993300;\"><strong>9:00 \u2013 Mesa 2 \u2013 Sintomas, Sinthoma: perspectivas<\/strong><\/span><br \/>\nCoordena\u00e7\u00e3o: L\u00eddia Pessoa (EBP\/AMP)<\/p>\n<ul>\n<li>Retorno ao homem dos lobos. Andr\u00e9 Lucas Guedes de Souza.<\/li>\n<li>A serpente \u2013 sinthoma \u2013 em espiral que costura. Virginia Fernandes.<\/li>\n<li>O sinthoma e algumas refer\u00eancias sobre a arte de Joyce. \u00c2ngela Maria Pinto de Campos.<\/li>\n<\/ul>\n<p><span style=\"color: #993300;\"><strong>10:00 &#8211; Mesa 3 \u2013 Caminhos da estabiliza\u00e7\u00e3o<\/strong><\/span><br \/>\nCoordena\u00e7\u00e3o: Anamaria Vasconcelos (EBP\/AMP)<\/p>\n<ul>\n<li>O entregador e o m\u00e9rito de descobrir. Tereza Christina Lyra<\/li>\n<li>Jos\u00e9, suas inven\u00e7\u00f5es e seus sinthomas. Silvia Farias<\/li>\n<li>O rompimento de um casulo. S\u00edlvia Gusm\u00e3o<\/li>\n<li>Quero ser uma menina linda! Rosemarie Mooneyhan<\/li>\n<\/ul>\n<p><span style=\"color: #993300;\"><strong>11:15 \u2013 Mesa 4 &#8211; O uso l\u00f3gico do sinthoma<\/strong><\/span><br \/>\nCoordena\u00e7\u00e3o: Rosa Feitosa<\/p>\n<ul>\n<li>A cl\u00ednica do detalhe e da delicadeza. Karynna N\u00f3brega (EBP\/AMP)<\/li>\n<li>\u201cEscrever tira as coisas da minha cabe\u00e7a\u201d. A escrita e o sinthoma. Anderson Barbosa<\/li>\n<li>A devasta\u00e7\u00e3o, acontecimento de corpo e o analista. Erick Leonardo<\/li>\n<\/ul>\n<p><span style=\"color: #993300;\"><strong>12:15 &#8211; ALMO\u00c7O<\/strong><\/span><\/p>\n<p><span style=\"color: #993300;\"><strong>14:30 \u2013 Mesa 5 &#8211; Acontecimentos de corpo<\/strong><\/span><br \/>\nCoordena\u00e7\u00e3o: Rosa Reis (EBP\/AMP)<\/p>\n<ul>\n<li>O acontecimento de corpo e a dire\u00e7\u00e3o da cl\u00ednica. Fernanda Vasconcellos<\/li>\n<li>Quando o acontecimento de corpo \u00e9 uma urg\u00eancia. Marina Cursino<\/li>\n<li>\u201cPermita que eu fale, n\u00e3o as minhas cicatrizes\u201d. O que pode uma an\u00e1lise frente a um acontecimento de corpo? Anna Luzia de Oliveira<\/li>\n<\/ul>\n<p><span style=\"color: #993300;\"><strong>15:30 \u2013 Mesa 6 &#8211; Dimens\u00f5es da pol\u00edtica lacaniana<\/strong><\/span><br \/>\nCoordena\u00e7\u00e3o: V\u00e2nia Ferreira<\/p>\n<ul>\n<li>Os discursos e seus atravessamentos em uma cl\u00ednica popular. Ra\u00edssa N\u00f3brega<\/li>\n<li>O Pai, a Pol\u00edtica, a Mulher. Suele Conde<\/li>\n<li>O lugar da pol\u00edtica na dire\u00e7\u00e3o do tratamento: ontem e hoje! Li\u00e8ge Uch\u00f4a (EBP\/AMP)<\/li>\n<li>Entre o ideal e o real &#8211; fragmentos da experi\u00eancia de supervis\u00e3o em um CAPS. Ant\u00f4nio J\u00falio Garcia Freire<\/li>\n<\/ul>\n<p><span style=\"color: #993300;\"><strong>16:45 \u2013 INTERVALO<\/strong><\/span><\/p>\n<p><span style=\"color: #993300;\"><strong>17:00 \u2013 Lan\u00e7amento do livro A supervis\u00e3o (controle) na forma\u00e7\u00e3o do psicanalista.<\/strong><\/span><\/p>\n<p>Autor: R\u00f4mulo Ferreira da Silva (AME, EBP\/AMP e convidado da III Jornada)<\/p>\n<p>Coordena: Cleide Monteiro (Diretora de Biblioteca)<\/p>\n<p><span style=\"color: #993300;\"><strong>17:30 \u2013 Segunda Confer\u00eancia: &#8220;Cada um inventa como pode\u201d<\/strong><\/span><\/p>\n<p>Convidado: R\u00f4mulo Ferreira da Silva (AME, EBP\/AMP)<\/p>\n<p>Coordena: Susane Zanotti (EBP\/AMP)<\/p>\n<p><span style=\"color: #993300;\"><strong>19:00 \u2013 Encerramento<\/strong><\/span><\/p>\n<p>Bibiana Poggi &#8211; Secret\u00e1ria do Conselho Deliberativo da Se\u00e7\u00e3o Nordeste<\/p>\n<p>Cl\u00e1udia Formiga &#8211; Coordenadora Geral da III Jornada<\/p>\n<p><span style=\"color: #993300;\"><strong>20h &#8211; Festa \u201cUma loucura qualquer\u201d no La Ursa Caf\u00e9 e Restaurante<\/strong><\/span><br \/>\nPa\u00e7o Alf\u00e2ndega. Rua da Alf\u00e2ndega, 35. Bairro do Recife[\/vc_column_text][\/vc_column][\/vc_row]<\/p>\n<\/div>","protected":false},"excerpt":{"rendered":"<p>[vc_row][vc_column][\/vc_column][\/vc_row][vc_row][vc_column][vc_empty_space height=&#8221;50px&#8221;][vc_column_text] 24\/11 &#8211; SEXTA-FEIRA 13:30-14:00 &#8211; CADASTRAMENTO 14h &#8211; ABERTURA Cassandra Dias &#8211; Diretora Geral da EBP Nordeste Cl\u00e1udia Formiga &#8211; Coordenadora Geral da III Jornada 14:30 &#8211; Plen\u00e1ria Cada um em seu mundo: todos delirantes? Sonhos e Despertares. Glacy Gorsky (EBP\/AMP) Enfrentar o real. Elizabete Siqueira (EBP\/AMP) A pol\u00edtica lacaniana em lalangue. Margarida&hellip;<\/p>\n","protected":false},"author":1,"featured_media":0,"parent":0,"menu_order":0,"comment_status":"closed","ping_status":"closed","template":"","meta":{"footnotes":""},"class_list":["post-57516","page","type-page","status-publish","hentry","description-off"],"_links":{"self":[{"href":"https:\/\/ebp.org.br\/nordeste\/jornadas\/2023\/wp-json\/wp\/v2\/pages\/57516","targetHints":{"allow":["GET"]}}],"collection":[{"href":"https:\/\/ebp.org.br\/nordeste\/jornadas\/2023\/wp-json\/wp\/v2\/pages"}],"about":[{"href":"https:\/\/ebp.org.br\/nordeste\/jornadas\/2023\/wp-json\/wp\/v2\/types\/page"}],"author":[{"embeddable":true,"href":"https:\/\/ebp.org.br\/nordeste\/jornadas\/2023\/wp-json\/wp\/v2\/users\/1"}],"replies":[{"embeddable":true,"href":"https:\/\/ebp.org.br\/nordeste\/jornadas\/2023\/wp-json\/wp\/v2\/comments?post=57516"}],"version-history":[{"count":5,"href":"https:\/\/ebp.org.br\/nordeste\/jornadas\/2023\/wp-json\/wp\/v2\/pages\/57516\/revisions"}],"predecessor-version":[{"id":57858,"href":"https:\/\/ebp.org.br\/nordeste\/jornadas\/2023\/wp-json\/wp\/v2\/pages\/57516\/revisions\/57858"}],"wp:attachment":[{"href":"https:\/\/ebp.org.br\/nordeste\/jornadas\/2023\/wp-json\/wp\/v2\/media?parent=57516"}],"curies":[{"name":"wp","href":"https:\/\/api.w.org\/{rel}","templated":true}]}}