{"id":57505,"date":"2023-08-01T07:24:24","date_gmt":"2023-08-01T10:24:24","guid":{"rendered":"https:\/\/ebp.org.br\/nordeste\/jornadas\/2023\/?page_id=57505"},"modified":"2023-08-06T16:50:38","modified_gmt":"2023-08-06T19:50:38","slug":"textos-de-orientacao","status":"publish","type":"page","link":"https:\/\/ebp.org.br\/nordeste\/jornadas\/2023\/textos-de-orientacao\/","title":{"rendered":"Textos de Orienta\u00e7\u00e3o"},"content":{"rendered":"<div class=\"wpb-content-wrapper\"><p>[vc_row][vc_column]<div id=\"ultimate-heading-892969fafdee86bff\" class=\"uvc-heading ult-adjust-bottom-margin ultimate-heading-892969fafdee86bff uvc-6697  uvc-heading-default-font-sizes\" data-hspacer=\"line_only\"  data-halign=\"left\" style=\"text-align:left\"><div class=\"uvc-main-heading ult-responsive\"  data-ultimate-target='.uvc-heading.ultimate-heading-892969fafdee86bff h2'  data-responsive-json-new='{\"font-size\":\"\",\"line-height\":\"\"}' ><h2 style=\"--font-weight:theme;\">Textos de Orienta\u00e7\u00e3o<\/h2><\/div><div class=\"uvc-heading-spacer line_only\" style=\"topheight:1px;\"><span class=\"uvc-headings-line\" style=\"border-style:solid;border-bottom-width:1px;border-color:#8e0c0f;width:50px;\"><\/span><\/div><\/div>[\/vc_column][\/vc_row][vc_row][vc_column][vc_empty_space height=&#8221;50px&#8221;][\/vc_column][\/vc_row][vc_row][vc_column]<style type=\"text\/css\" data-type=\"the7_shortcodes-inline-css\">.blog-shortcode.blog-masonry-shortcode-id-2e899450dc88b41e931b2df4138968ea.dividers-on.classic-layout-list article {\n  padding-top: 0;\n}\n.blog-shortcode.blog-masonry-shortcode-id-2e899450dc88b41e931b2df4138968ea.dividers-on.classic-layout-list article:first-of-type {\n  margin-top: 0;\n  padding-top: 0;\n}\n.blog-shortcode.blog-masonry-shortcode-id-2e899450dc88b41e931b2df4138968ea.classic-layout-list.mode-list .post-entry-content {\n  width: calc(100% - );\n}\n.blog-shortcode.blog-masonry-shortcode-id-2e899450dc88b41e931b2df4138968ea.classic-layout-list.mode-list .no-img .post-entry-content {\n  width: 100%;\n}\n.blog-shortcode.blog-masonry-shortcode-id-2e899450dc88b41e931b2df4138968ea .filter-bg-decoration .filter-categories a.act {\n  color: #fff;\n}\n.blog-shortcode.blog-masonry-shortcode-id-2e899450dc88b41e931b2df4138968ea:not(.mode-masonry) article:first-of-type,\n.blog-shortcode.blog-masonry-shortcode-id-2e899450dc88b41e931b2df4138968ea:not(.mode-masonry) article.visible.first:not(.product) {\n  margin-top: 0;\n}\n.blog-shortcode.blog-masonry-shortcode-id-2e899450dc88b41e931b2df4138968ea.dividers-on:not(.mode-masonry) article {\n  margin-top: 0;\n}\n.blog-shortcode.blog-masonry-shortcode-id-2e899450dc88b41e931b2df4138968ea.dividers-on:not(.mode-masonry) article:first-of-type,\n.blog-shortcode.blog-masonry-shortcode-id-2e899450dc88b41e931b2df4138968ea.dividers-on:not(.mode-masonry) article.visible.first:not(.product) {\n  margin-top: 0;\n  padding-top: 0;\n}\n.blog-shortcode.blog-masonry-shortcode-id-2e899450dc88b41e931b2df4138968ea .post-thumbnail-wrap {\n  padding: 0px 0px 0px 0px;\n}\n.blog-shortcode.blog-masonry-shortcode-id-2e899450dc88b41e931b2df4138968ea.enable-bg-rollover .post-thumbnail-rollover:after {\n  background: -webkit-linear-gradient();\n  background: linear-gradient();\n}\n.blog-shortcode.blog-masonry-shortcode-id-2e899450dc88b41e931b2df4138968ea .gallery-zoom-ico {\n  width: 44px;\n  height: 44px;\n  line-height: 44px;\n  border-radius: 100px;\n  margin: -22px 0 0 -22px;\n  border-width: 0px;\n  color: #ffffff;\n}\n.bottom-overlap-layout-list.blog-shortcode.blog-masonry-shortcode-id-2e899450dc88b41e931b2df4138968ea .gallery-zoom-ico {\n  margin-top: -72px;\n}\n.gradient-overlay-layout-list.blog-shortcode.blog-masonry-shortcode-id-2e899450dc88b41e931b2df4138968ea .gallery-zoom-ico,\n.content-rollover-layout-list.blog-shortcode.blog-masonry-shortcode-id-2e899450dc88b41e931b2df4138968ea .gallery-zoom-ico {\n  margin: 0 0 10px;\n}\n.content-align-center.gradient-overlay-layout-list.blog-shortcode.blog-masonry-shortcode-id-2e899450dc88b41e931b2df4138968ea .gallery-zoom-ico,\n.content-align-center.content-rollover-layout-list.blog-shortcode.blog-masonry-shortcode-id-2e899450dc88b41e931b2df4138968ea .gallery-zoom-ico {\n  margin: 0 auto 10px;\n}\n.dt-icon-bg-on.blog-shortcode.blog-masonry-shortcode-id-2e899450dc88b41e931b2df4138968ea .gallery-zoom-ico {\n  background: rgba(255,255,255,0.3);\n  box-shadow: none;\n}\n.blog-shortcode.blog-masonry-shortcode-id-2e899450dc88b41e931b2df4138968ea .gallery-zoom-ico > span,\n.blog-shortcode.blog-masonry-shortcode-id-2e899450dc88b41e931b2df4138968ea .gallery-zoom-ico:before {\n  font-size: 32px;\n  line-height: 44px;\n}\n.blog-shortcode.blog-masonry-shortcode-id-2e899450dc88b41e931b2df4138968ea .gallery-zoom-ico > span,\n.blog-shortcode.blog-masonry-shortcode-id-2e899450dc88b41e931b2df4138968ea .gallery-zoom-ico:before {\n  color: #ffffff;\n}\n.blog-shortcode.blog-masonry-shortcode-id-2e899450dc88b41e931b2df4138968ea .entry-title,\n.blog-shortcode.blog-masonry-shortcode-id-2e899450dc88b41e931b2df4138968ea.owl-carousel .entry-title {\n  margin-bottom: 5px;\n  font-weight: bold;\n}\n.blog-shortcode.blog-masonry-shortcode-id-2e899450dc88b41e931b2df4138968ea .entry-meta {\n  margin-bottom: 15px;\n}\n.blog-shortcode.blog-masonry-shortcode-id-2e899450dc88b41e931b2df4138968ea .portfolio-categories {\n  margin-bottom: 15px;\n}\n.blog-shortcode.blog-masonry-shortcode-id-2e899450dc88b41e931b2df4138968ea .entry-excerpt {\n  margin-bottom: 5px;\n}\n.blog-shortcode.blog-masonry-shortcode-id-2e899450dc88b41e931b2df4138968ea:not(.centered-layout-list) .post-entry-content {\n  padding: 25px 30px 30px 30px;\n}\n.blog-shortcode.blog-masonry-shortcode-id-2e899450dc88b41e931b2df4138968ea:not(.centered-layout-list):not(.content-bg-on):not(.mode-list) .no-img .post-entry-content {\n  padding: 0;\n}\n@media screen and (max-width: ) {\n  .blog-shortcode.blog-masonry-shortcode-id-2e899450dc88b41e931b2df4138968ea article {\n    -ms-flex-flow: column nowrap;\n    flex-flow: column nowrap;\n    margin-top: 20px;\n  }\n  .blog-shortcode.blog-masonry-shortcode-id-2e899450dc88b41e931b2df4138968ea.dividers-on article {\n    border: none;\n  }\n  .blog-shortcode.blog-masonry-shortcode-id-2e899450dc88b41e931b2df4138968ea.content-bg-on.centered-layout-list article {\n    padding: 0;\n  }\n  .blog-shortcode.blog-masonry-shortcode-id-2e899450dc88b41e931b2df4138968ea.blog-shortcode.dividers-on article,\n  .blog-shortcode.blog-masonry-shortcode-id-2e899450dc88b41e931b2df4138968ea.dividers-on.classic-layout-list article {\n    margin-top: 20px;\n    padding: 0;\n  }\n  .blog-shortcode.blog-masonry-shortcode-id-2e899450dc88b41e931b2df4138968ea.blog-shortcode.dividers-on article:first-of-type,\n  .blog-shortcode.blog-masonry-shortcode-id-2e899450dc88b41e931b2df4138968ea.dividers-on.classic-layout-list article:first-of-type {\n    padding: 0;\n  }\n  #page .blog-shortcode.blog-masonry-shortcode-id-2e899450dc88b41e931b2df4138968ea .post-thumbnail-wrap,\n  #page .blog-shortcode.blog-masonry-shortcode-id-2e899450dc88b41e931b2df4138968ea .post-entry-content {\n    width: 100%;\n    margin: 0;\n    top: 0;\n  }\n  #page .blog-shortcode.blog-masonry-shortcode-id-2e899450dc88b41e931b2df4138968ea .post-thumbnail-wrap {\n    padding: 0;\n  }\n  #page .blog-shortcode.blog-masonry-shortcode-id-2e899450dc88b41e931b2df4138968ea .post-entry-content:after {\n    display: none;\n  }\n  #page .blog-shortcode.blog-masonry-shortcode-id-2e899450dc88b41e931b2df4138968ea .project-even .post-thumbnail-wrap,\n  #page .blog-shortcode.blog-masonry-shortcode-id-2e899450dc88b41e931b2df4138968ea.centered-layout-list .post-thumbnail-wrap {\n    -ms-flex-order: 0;\n    order: 0;\n  }\n  #page .blog-shortcode.blog-masonry-shortcode-id-2e899450dc88b41e931b2df4138968ea.centered-layout-list .post-entry-title-content {\n    -ms-flex-order: 1;\n    order: 1;\n    width: 100%;\n    padding: 20px 20px 0;\n  }\n  #page .blog-shortcode.blog-masonry-shortcode-id-2e899450dc88b41e931b2df4138968ea.centered-layout-list .post-entry-content {\n    -ms-flex-order: 2;\n    order: 2;\n    padding-top: 0;\n  }\n  #page .blog-shortcode.blog-masonry-shortcode-id-2e899450dc88b41e931b2df4138968ea .fancy-categories {\n    top: 10px;\n    left: 10px;\n    bottom: auto;\n    right: auto;\n  }\n  #page .blog-shortcode.blog-masonry-shortcode-id-2e899450dc88b41e931b2df4138968ea .fancy-date a {\n    top: 10px;\n    right: 10px;\n    left: auto;\n    bottom: auto;\n  }\n  #page .blog-shortcode.blog-masonry-shortcode-id-2e899450dc88b41e931b2df4138968ea .post-entry-content {\n    padding: 20px;\n  }\n  #page .blog-shortcode.blog-masonry-shortcode-id-2e899450dc88b41e931b2df4138968ea .entry-title {\n    margin: 3px 0 5px;\n    font-size: 20px;\n    line-height: 26px;\n  }\n  #page .blog-shortcode.blog-masonry-shortcode-id-2e899450dc88b41e931b2df4138968ea .entry-meta {\n    margin: 5px 0 5px;\n  }\n  #page .blog-shortcode.blog-masonry-shortcode-id-2e899450dc88b41e931b2df4138968ea .entry-excerpt {\n    margin: 15px 0 0;\n  }\n  #page .blog-shortcode.blog-masonry-shortcode-id-2e899450dc88b41e931b2df4138968ea .post-details {\n    margin: 5px 0 10px;\n  }\n  #page .blog-shortcode.blog-masonry-shortcode-id-2e899450dc88b41e931b2df4138968ea .post-details.details-type-link {\n    margin-bottom: 2px;\n  }\n}\n.blog-shortcode.blog-masonry-shortcode-id-2e899450dc88b41e931b2df4138968ea:not(.resize-by-browser-width) .dt-css-grid {\n  grid-row-gap: 30px;\n  grid-column-gap: 30px;\n  grid-template-columns: repeat(auto-fill,minmax(,1fr));\n}\n.blog-shortcode.blog-masonry-shortcode-id-2e899450dc88b41e931b2df4138968ea:not(.resize-by-browser-width) .dt-css-grid .double-width {\n  grid-column: span 2;\n}\n.cssgridlegacy.no-cssgrid .blog-shortcode.blog-masonry-shortcode-id-2e899450dc88b41e931b2df4138968ea:not(.resize-by-browser-width) .dt-css-grid,\n.no-cssgridlegacy.no-cssgrid .blog-shortcode.blog-masonry-shortcode-id-2e899450dc88b41e931b2df4138968ea:not(.resize-by-browser-width) .dt-css-grid {\n  display: flex;\n  flex-flow: row wrap;\n  margin: -15px;\n}\n.cssgridlegacy.no-cssgrid .blog-shortcode.blog-masonry-shortcode-id-2e899450dc88b41e931b2df4138968ea:not(.resize-by-browser-width) .dt-css-grid .wf-cell,\n.no-cssgridlegacy.no-cssgrid .blog-shortcode.blog-masonry-shortcode-id-2e899450dc88b41e931b2df4138968ea:not(.resize-by-browser-width) .dt-css-grid .wf-cell {\n  flex: 1 0 ;\n  max-width: 100%;\n  padding: 15px;\n  box-sizing: border-box;\n}\n.blog-shortcode.blog-masonry-shortcode-id-2e899450dc88b41e931b2df4138968ea.resize-by-browser-width .dt-css-grid {\n  grid-template-columns: repeat(1,1fr);\n  grid-template-rows: auto;\n  grid-column-gap: 30px;\n  grid-row-gap: 30px;\n}\n.blog-shortcode.blog-masonry-shortcode-id-2e899450dc88b41e931b2df4138968ea.resize-by-browser-width .dt-css-grid .double-width {\n  grid-column: span 2;\n}\n.cssgridlegacy.no-cssgrid .blog-shortcode.blog-masonry-shortcode-id-2e899450dc88b41e931b2df4138968ea.resize-by-browser-width .dt-css-grid {\n  margin: -15px;\n}\n.cssgridlegacy.no-cssgrid .blog-shortcode.blog-masonry-shortcode-id-2e899450dc88b41e931b2df4138968ea.resize-by-browser-width .dt-css-grid .wf-cell {\n  width: 100%;\n  padding: 15px;\n}\n.cssgridlegacy.no-cssgrid .blog-shortcode.blog-masonry-shortcode-id-2e899450dc88b41e931b2df4138968ea.resize-by-browser-width .dt-css-grid .wf-cell.double-width {\n  width: calc(100%) * 2;\n}\n.blog-shortcode.blog-masonry-shortcode-id-2e899450dc88b41e931b2df4138968ea.resize-by-browser-width:not(.centered-layout-list):not(.content-bg-on) .dt-css-grid {\n  grid-row-gap: 0px;\n}\n@media screen and (max-width: 1199px) {\n  .blog-shortcode.blog-masonry-shortcode-id-2e899450dc88b41e931b2df4138968ea.resize-by-browser-width .dt-css-grid {\n    grid-template-columns: repeat(1,1fr);\n  }\n  .cssgridlegacy.no-cssgrid .blog-shortcode.blog-masonry-shortcode-id-2e899450dc88b41e931b2df4138968ea.resize-by-browser-width .dt-css-grid .wf-cell,\n  .no-cssgridlegacy.no-cssgrid .blog-shortcode.blog-masonry-shortcode-id-2e899450dc88b41e931b2df4138968ea.resize-by-browser-width .dt-css-grid .wf-cell {\n    width: 100%;\n  }\n  .cssgridlegacy.no-cssgrid .blog-shortcode.blog-masonry-shortcode-id-2e899450dc88b41e931b2df4138968ea.resize-by-browser-width .dt-css-grid .wf-cell.double-width,\n  .no-cssgridlegacy.no-cssgrid .blog-shortcode.blog-masonry-shortcode-id-2e899450dc88b41e931b2df4138968ea.resize-by-browser-width .dt-css-grid .wf-cell.double-width {\n    width: calc(100%)*2;\n  }\n}\n@media screen and (max-width: 991px) {\n  .blog-shortcode.blog-masonry-shortcode-id-2e899450dc88b41e931b2df4138968ea.resize-by-browser-width .dt-css-grid {\n    grid-template-columns: repeat(1,1fr);\n  }\n  .cssgridlegacy.no-cssgrid .blog-shortcode.blog-masonry-shortcode-id-2e899450dc88b41e931b2df4138968ea.resize-by-browser-width .dt-css-grid .wf-cell,\n  .no-cssgridlegacy.no-cssgrid .blog-shortcode.blog-masonry-shortcode-id-2e899450dc88b41e931b2df4138968ea.resize-by-browser-width .dt-css-grid .wf-cell {\n    width: 100%;\n  }\n  .cssgridlegacy.no-cssgrid .blog-shortcode.blog-masonry-shortcode-id-2e899450dc88b41e931b2df4138968ea.resize-by-browser-width .dt-css-grid .wf-cell.double-width,\n  .no-cssgridlegacy.no-cssgrid .blog-shortcode.blog-masonry-shortcode-id-2e899450dc88b41e931b2df4138968ea.resize-by-browser-width .dt-css-grid .wf-cell.double-width {\n    width: calc(100%)*2;\n  }\n}\n@media screen and (max-width: 767px) {\n  .blog-shortcode.blog-masonry-shortcode-id-2e899450dc88b41e931b2df4138968ea.resize-by-browser-width .dt-css-grid {\n    grid-template-columns: repeat(1,1fr);\n  }\n  .blog-shortcode.blog-masonry-shortcode-id-2e899450dc88b41e931b2df4138968ea.resize-by-browser-width .dt-css-grid .double-width {\n    grid-column: span 1;\n  }\n  .cssgridlegacy.no-cssgrid .blog-shortcode.blog-masonry-shortcode-id-2e899450dc88b41e931b2df4138968ea.resize-by-browser-width .dt-css-grid .wf-cell,\n  .no-cssgridlegacy.no-cssgrid .blog-shortcode.blog-masonry-shortcode-id-2e899450dc88b41e931b2df4138968ea.resize-by-browser-width .dt-css-grid .wf-cell {\n    width: 100%;\n  }\n  .cssgridlegacy.no-cssgrid .blog-shortcode.blog-masonry-shortcode-id-2e899450dc88b41e931b2df4138968ea.resize-by-browser-width .dt-css-grid .wf-cell.double-width,\n  .no-cssgridlegacy.no-cssgrid .blog-shortcode.blog-masonry-shortcode-id-2e899450dc88b41e931b2df4138968ea.resize-by-browser-width .dt-css-grid .wf-cell.double-width {\n    width: calc(100%)*2;\n  }\n}\n<\/style><div class=\"blog-shortcode blog-masonry-shortcode-id-2e899450dc88b41e931b2df4138968ea mode-grid classic-layout-list content-bg-on jquery-filter scale-img dt-css-grid-wrap dt-icon-bg-off resize-by-browser-width loading-effect-fade-in description-under-image \" data-padding=\"15px\" data-cur-page=\"1\" data-post-limit=\"-1\" data-pagination-mode=\"none\" data-desktop-columns-num=\"1\" data-v-tablet-columns-num=\"1\" data-h-tablet-columns-num=\"1\" data-phone-columns-num=\"1\" data-width=\"0px\" data-columns=\"0\"><div class=\"dt-css-grid\" ><div class=\"visible wf-cell\" data-post-id=\"57622\" data-date=\"2023-08-06T17:08:21-03:00\" data-name=\"A loucura nossa de cada dia(1)\"><article class=\"post project-odd visible no-img post-57622 type-post status-publish format-standard hentry category-textos-de-orientacao category-17\" data-name=\"A loucura nossa de cada dia(1)\" data-date=\"2023-08-06T17:08:21-03:00\">\n\n<div class=\"post-entry-content\">\n\n\t<h3 class=\"entry-title\">\n\t\t<a href=\"https:\/\/ebp.org.br\/nordeste\/jornadas\/2023\/a-loucura-nossa-de-cada-dia1\/\" title=\"A loucura nossa de cada dia(1)\" rel=\"bookmark\">A loucura nossa de cada dia(1)<\/a>\n\t<\/h3>\n\n\t<div class=\"entry-meta\"><span class=\"category-link\"><a href=\"https:\/\/ebp.org.br\/nordeste\/jornadas\/2023\/category\/textos-de-orientacao\/\" >Textos de Orienta\u00e7\u00e3o<\/a><\/span><a href=\"https:\/\/ebp.org.br\/nordeste\/jornadas\/2023\/2023\/08\/06\/\" title=\"17:08\" class=\"data-link\" rel=\"bookmark\"><time class=\"entry-date updated\" datetime=\"2023-08-06T17:08:21-03:00\">6 de agosto de 2023<\/time><\/a><\/div>\n\t<div class=\"entry-excerpt\"><p>Graciela Brodsky\u00a0 Rosa Lagos: Bom dia. Vamos dar in\u00edcio ao 2\u00b0 Semin\u00e1rio Internacional do CEIP com nossa convidada Graciela Brodsky sobre o tema da loucura, mais especificamente \u201cA loucura nossa de cada dia\u201d. Para n\u00f3s \u00e9 uma honra t\u00ea-la hoje aqui, e lhe passo imediatamente a palavra. Graciela Brodsky Hoje se trata de um semin\u00e1rio&hellip;<\/p>\n<\/div>\n\t\n<a href=\"https:\/\/ebp.org.br\/nordeste\/jornadas\/2023\/a-loucura-nossa-de-cada-dia1\/\" class=\"post-details details-type-link\" aria-label=\"Read more about A loucura nossa de cada dia(1)\">Leia mais<i class=\"dt-icon-the7-arrow-03\" aria-hidden=\"true\"><\/i><\/a>\n\n<\/div><\/article><\/div><div class=\"visible wf-cell\" data-post-id=\"57620\" data-date=\"2023-08-06T16:52:13-03:00\" data-name=\"LER UM SINTOMA\"><article class=\"post project-odd visible no-img post-57620 type-post status-publish format-standard hentry category-textos-de-orientacao category-17\" data-name=\"LER UM SINTOMA\" data-date=\"2023-08-06T16:52:13-03:00\">\n\n<div class=\"post-entry-content\">\n\n\t<h3 class=\"entry-title\">\n\t\t<a href=\"https:\/\/ebp.org.br\/nordeste\/jornadas\/2023\/ler-um-sintoma\/\" title=\"LER UM SINTOMA\" rel=\"bookmark\">LER UM SINTOMA<\/a>\n\t<\/h3>\n\n\t<div class=\"entry-meta\"><span class=\"category-link\"><a href=\"https:\/\/ebp.org.br\/nordeste\/jornadas\/2023\/category\/textos-de-orientacao\/\" >Textos de Orienta\u00e7\u00e3o<\/a><\/span><a href=\"https:\/\/ebp.org.br\/nordeste\/jornadas\/2023\/2023\/08\/06\/\" title=\"16:52\" class=\"data-link\" rel=\"bookmark\"><time class=\"entry-date updated\" datetime=\"2023-08-06T16:52:13-03:00\">6 de agosto de 2023<\/time><\/a><\/div>\n\t<div class=\"entry-excerpt\"><p>Jacques-Alain Miller (Paris) Tenho que lhes revelar o t\u00edtulo do pr\u00f3ximo congresso da NLS, para justific\u00e1-lo e apresentar sobre o assunto algumas reflex\u00f5es que poder\u00e3o servir-lhes como refer\u00eancia para a reda\u00e7\u00e3o dos trabalhos cl\u00ednicos que ele convoca. Esse t\u00edtulo, escolhi a partir de duas indica\u00e7\u00f5es que recebi de sua presidente, Anne Lysy. A primeira \u00e9&hellip;<\/p>\n<\/div>\n\t\n<a href=\"https:\/\/ebp.org.br\/nordeste\/jornadas\/2023\/ler-um-sintoma\/\" class=\"post-details details-type-link\" aria-label=\"Read more about LER UM SINTOMA\">Leia mais<i class=\"dt-icon-the7-arrow-03\" aria-hidden=\"true\"><\/i><\/a>\n\n<\/div><\/article><\/div><div class=\"visible wf-cell\" data-post-id=\"57614\" data-date=\"2023-08-06T16:48:10-03:00\" data-name=\"\u201cTodo mundo \u00e9 louco\u201d\"><article class=\"post project-odd visible no-img post-57614 type-post status-publish format-standard hentry category-textos-de-orientacao category-17\" data-name=\"\u201cTodo mundo \u00e9 louco\u201d\" data-date=\"2023-08-06T16:48:10-03:00\">\n\n<div class=\"post-entry-content\">\n\n\t<h3 class=\"entry-title\">\n\t\t<a href=\"https:\/\/ebp.org.br\/nordeste\/jornadas\/2023\/todo-mundo-e-louco\/\" title=\"\u201cTodo mundo \u00e9 louco\u201d\" rel=\"bookmark\">\u201cTodo mundo \u00e9 louco\u201d<\/a>\n\t<\/h3>\n\n\t<div class=\"entry-meta\"><span class=\"category-link\"><a href=\"https:\/\/ebp.org.br\/nordeste\/jornadas\/2023\/category\/textos-de-orientacao\/\" >Textos de Orienta\u00e7\u00e3o<\/a><\/span><a href=\"https:\/\/ebp.org.br\/nordeste\/jornadas\/2023\/2023\/08\/06\/\" title=\"16:48\" class=\"data-link\" rel=\"bookmark\"><time class=\"entry-date updated\" datetime=\"2023-08-06T16:48:10-03:00\">6 de agosto de 2023<\/time><\/a><\/div>\n\t<div class=\"entry-excerpt\"><p>Jacques-Alain Miller Dedico esta confer\u00eancia a Angelina Harari que, como presidente, ao longo de quatro anos conduziu a vida da Associa\u00e7\u00e3o Mundial de Psican\u00e1lise (AMP) com sua m\u00e3o por vezes dura, por vezes doce, sempre com pertin\u00eancia. Cabe a mim dar o t\u00edtulo dos Congressos da AMP*\u00a0. Por que \u00e9 assim? O h\u00e1bito tomou conta,&hellip;<\/p>\n<\/div>\n\t\n<a href=\"https:\/\/ebp.org.br\/nordeste\/jornadas\/2023\/todo-mundo-e-louco\/\" class=\"post-details details-type-link\" aria-label=\"Read more about \u201cTodo mundo \u00e9 louco\u201d\">Leia mais<i class=\"dt-icon-the7-arrow-03\" aria-hidden=\"true\"><\/i><\/a>\n\n<\/div><\/article><\/div><\/div><!-- iso-container|iso-grid --><\/div>[\/vc_column][\/vc_row]<\/p>\n<\/div>","protected":false},"excerpt":{"rendered":"<p>[vc_row][vc_column][\/vc_column][\/vc_row][vc_row][vc_column][vc_empty_space height=&#8221;50px&#8221;][\/vc_column][\/vc_row][vc_row][vc_column][\/vc_column][\/vc_row]<\/p>\n","protected":false},"author":1,"featured_media":0,"parent":0,"menu_order":0,"comment_status":"closed","ping_status":"closed","template":"","meta":{"footnotes":""},"class_list":["post-57505","page","type-page","status-publish","hentry","description-off"],"_links":{"self":[{"href":"https:\/\/ebp.org.br\/nordeste\/jornadas\/2023\/wp-json\/wp\/v2\/pages\/57505","targetHints":{"allow":["GET"]}}],"collection":[{"href":"https:\/\/ebp.org.br\/nordeste\/jornadas\/2023\/wp-json\/wp\/v2\/pages"}],"about":[{"href":"https:\/\/ebp.org.br\/nordeste\/jornadas\/2023\/wp-json\/wp\/v2\/types\/page"}],"author":[{"embeddable":true,"href":"https:\/\/ebp.org.br\/nordeste\/jornadas\/2023\/wp-json\/wp\/v2\/users\/1"}],"replies":[{"embeddable":true,"href":"https:\/\/ebp.org.br\/nordeste\/jornadas\/2023\/wp-json\/wp\/v2\/comments?post=57505"}],"version-history":[{"count":7,"href":"https:\/\/ebp.org.br\/nordeste\/jornadas\/2023\/wp-json\/wp\/v2\/pages\/57505\/revisions"}],"predecessor-version":[{"id":57619,"href":"https:\/\/ebp.org.br\/nordeste\/jornadas\/2023\/wp-json\/wp\/v2\/pages\/57505\/revisions\/57619"}],"wp:attachment":[{"href":"https:\/\/ebp.org.br\/nordeste\/jornadas\/2023\/wp-json\/wp\/v2\/media?parent=57505"}],"curies":[{"name":"wp","href":"https:\/\/api.w.org\/{rel}","templated":true}]}}