{"id":5660370,"date":"2022-10-22T10:27:19","date_gmt":"2022-10-22T13:27:19","guid":{"rendered":"https:\/\/ebp.org.br\/nordeste\/jornadas\/2022\/?page_id=5660370"},"modified":"2022-10-31T19:24:17","modified_gmt":"2022-10-31T22:24:17","slug":"programa","status":"publish","type":"page","link":"https:\/\/ebp.org.br\/nordeste\/jornadas\/2022\/programa\/","title":{"rendered":"Programa"},"content":{"rendered":"[vc_row][vc_column]<div class=\"norebro-text-sc \" \n\tid=\"norebro-custom-69df172f2bdaf\" \n\t \n\t>\n\n\t<h5>Fa\u00e7a o download em PDF<\/h5>\n\t\n<\/div><div class=\"norebro-button-sc btn-wrap text-left\" \n\tid=\"norebro-custom-69df172f2c098\"\n\t \n\t>\n\n\t<a href=\"https:\/\/ebp.org.br\/nordeste\/jornadas\/2022\/wp-content\/uploads\/2022\/10\/PROGRAMA-II-Jornada-EBP-Secao-Nordeste.pdf\" \n\t\tclass=\"btn  text-on-hover btn-outline btn-large\">\n\n\t\t\t\t\t<span class=\"icon ion-left linea-ecommerce-receipt\"><\/span>\n\t\t\n\t\t\n\t\t<span class=\"text\">\n\t\t\tDOWNLOAD\t\t<\/span>\n\n\t\t\n\t\t\n\t\t\t<\/a>\n\n<\/div>[vc_empty_space][vc_separator border_width=&#8221;3&#8243;][vc_empty_space][vc_column_text]\n<h2>PROGRAMA<\/h2>\n<h2>04 de novembro (sexta-feira)<\/h2>\n<p><span style=\"color: #993300;\">14h Mesa de abertura<\/span><\/p>\n<ul>\n<li><em>Jos\u00e9 Carlos Lapenda<\/em> (Diretor Geral da EBP- Se\u00e7\u00e3o NE)<\/li>\n<li><em>Cleide Pereira Monteiro<\/em> (Diretora da II Jornada)<\/li>\n<li><em>Sandra Conrado<\/em> (Coordenadora da Comiss\u00e3o Cient\u00edfica da II Jornada)<\/li>\n<\/ul>\n<p><span style=\"color: #993300;\"><strong>15h Plen\u00e1ria 1: AS ALGARAVIAS DO MAL ENTENDIDO NA FAM\u00cdLIA ATUAL<\/strong><\/span><\/p>\n<ul>\n<li><strong>\u201cBem me quer-mal\u201d<\/strong><br \/>\n<em><em>Bibiana Poggi (EBP\/AMP)<\/em><\/em><\/li>\n<li><strong>\u201cVoc\u00ea n\u00e3o sabe pedir!\u201d<\/strong><br \/>\n<em><em>Eliane Baptista (EBP\/AMP)<\/em><\/em><\/li>\n<li><strong>\u201cO car\u00e1ter opaco da fam\u00edlia\u201d<\/strong><br \/>\n<em><em>Nohemi Brown ( EBP\/AMP)<\/em><\/em><\/p>\n<ul>\n<li>Coordena\u00e7\u00e3o: <em>V\u00e2nia Ferreira<\/em> (EBP-NE)<\/li>\n<\/ul>\n<\/li>\n<\/ul>\n<p>16h30 Intervalo<\/p>\n<p><span style=\"color: #993300;\"><strong>17h Primeiro Semin\u00e1rio \u2013 Fam\u00edlia, segrega\u00e7\u00e3o e sintoma: <\/strong><strong>o lugar vazio do pai<\/strong><\/span><\/p>\n<ul>\n<li><em>Elisa Alvarenga<\/em> (AME, EBP\/AMP)<\/li>\n<li style=\"list-style-type: none;\">\n<ul>\n<li>Coordena\u00e7\u00e3o: <em>Jos\u00e9 Carlos Lapenda<\/em> (EBP\/AMP)<\/li>\n<\/ul>\n<\/li>\n<\/ul>\n<p><span style=\"color: #993300;\"><strong>18h Lan\u00e7amento do livro \u201cEntre o gozo e o desejo: <\/strong><strong>uma leitura do semin\u00e1rio A Ang\u00fastia de Jacques Lacan\u201d<\/strong><\/span><\/p>\n<ul>\n<li><em><em>Autora: Elisa Alvarenga<\/em><\/em><\/li>\n<li style=\"list-style-type: none;\">\n<ul>\n<li>Coordena\u00e7\u00e3o: <em>Cassandra Dias<\/em> (Diretora de Biblioteca da EBP- Se\u00e7\u00e3o NE)<\/li>\n<\/ul>\n<\/li>\n<\/ul>\n<h2>05 de novembro (s\u00e1bado)<\/h2>\n<p><span style=\"color: #993300;\"><strong>9h Plen\u00e1ria 2: Hipermodernidade, discurso anal\u00edtico e as armadilhas do mal-estar atual<\/strong><\/span><\/p>\n<ul>\n<li><strong>\u201cDeus, p\u00e1tria, fam\u00edlia e liberdade, ou a Moral sexual Natural desde Freud\u201d<\/strong><br \/>\n<em><em>Cleyton Andrade (EBP\/AMP)<\/em><\/em><\/li>\n<li><strong>\u201cDando asas ao amor\u201d<\/strong><br \/>\n<em><em>Glacy Gorski (EBP\/AMP)<\/em><\/em><\/li>\n<li><strong>\u201cA palavra que fere e os discursos que matam\u201d<\/strong><br \/>\n<em><em>Fl\u00e1via C\u00eara (EBP\/AMP)<\/em><\/em><\/p>\n<ul>\n<li>Coordena\u00e7\u00e3o: Li\u00e8ge Uch\u00f4a (EBP\/AMP)<\/li>\n<\/ul>\n<\/li>\n<\/ul>\n<p><strong><span style=\"color: #993300;\">10h30 Plen\u00e1ria 3: O INCONSCIENTE COMO HIP\u00d3TESE: FUN\u00c7\u00c3O DO ANALISTA NA DIVERSIDADE DOS SINTOMAS DA \u00c9POCA<\/span><\/strong><\/p>\n<ul>\n<li><strong>\u201cMais al\u00e9m do inconsciente, mas n\u00e3o sem amor\u201d<\/strong><br \/>\n<em><em>Elizabete Siqueira (EBP\/AMP)<\/em><\/em><\/li>\n<li><strong>\u201cO inconsciente e as novas subjetividades\u201d<\/strong><br \/>\n<em><em>Gisella Sette (EBP\/AMP)<\/em><\/em><\/li>\n<li><strong>\u201cDo Nome do Pai ao Pai do nome\u201d<\/strong><br \/>\n<em><em>Heloisa Caldas (EBP\/AMP)<\/em><\/em><\/p>\n<ul>\n<li>Coordena\u00e7\u00e3o: Gabriella Dupim (EBP\/AMP)<\/li>\n<\/ul>\n<\/li>\n<\/ul>\n<p><strong><span style=\"color: #993300;\">14:30 H Mesas Simult\u00e2neas<\/span><\/strong><\/p>\n<ul>\n<li style=\"list-style-type: none;\">\n<ul>\n<li><strong><span style=\"color: #993300;\">Sala 1 Fam\u00edlia-agita\u00e7\u00e3o do real<\/span><\/strong>\n<ul>\n<li><strong>\u201cEntre comigo\u201d<\/strong><br \/>\n<em><em>Ariadne Meira (participante da Se\u00e7\u00e3o NE)<\/em><\/em><\/li>\n<li><strong>\u201cImplica\u00e7\u00f5es e repercuss\u00f5es do lugar na fam\u00edlia\u201d<\/strong><br \/>\n<em><em>Juliana Castro (participante da Se\u00e7\u00e3o NE)<\/em><\/em><\/li>\n<li><strong>\u201cO pai e a ci\u00eancia na atualidade\u201d<\/strong><br \/>\n<em><em>Rosemarie Mooneyhan (participante da Se\u00e7\u00e3o NE)<\/em><\/em><\/li>\n<li><strong>\u201cPais, exasperados, crian\u00e7as, terr\u00edveis: e o analista?<\/strong><br \/>\n<em><em>Ana Aparecida Rocha (participante da Se\u00e7\u00e3o NE)<\/em><\/em><\/p>\n<ul>\n<li>Coordena\u00e7\u00e3o: Suzane Zanotti (EBP\/AMP)<\/li>\n<\/ul>\n<\/li>\n<\/ul>\n<\/li>\n<\/ul>\n<\/li>\n<\/ul>\n<ul>\n<li style=\"list-style-type: none;\">\n<ul>\n<li><strong><span style=\"color: #993300;\">Sala 2 Identidades, identifica\u00e7\u00f5es, Segrega\u00e7\u00e3o<\/span><\/strong>\n<ul>\n<li><strong>\u201cA \u00e9tica da identifica\u00e7\u00e3o dessegregativa e suas resson\u00e2ncias\u201d<\/strong><br \/>\n<em><em>Cleide Monteiro (EBP\/AMP)<\/em><\/em><\/li>\n<li><strong>\u201cDa identifica\u00e7\u00e3o \u00e0 singularidade do sujeito: o que diz a Psican\u00e1lise?\u201d<\/strong><br \/>\n<em><em>Creud\u00eania Santos (participante da Se\u00e7\u00e3o NE)<\/em><\/em><\/li>\n<li><strong>\u201cH\u00e1 um saber na negritude que possa ser compartilhado com o saber da psican\u00e1lise?\u201d<\/strong><br \/>\n<em><em>An\u00edcia Ewerton (participante da Se\u00e7\u00e3o NE)<\/em><\/em><\/p>\n<ul>\n<li><em>Coordena\u00e7\u00e3o: Cl\u00e1udia Formiga (EBP\/AMP)<\/em><\/li>\n<\/ul>\n<\/li>\n<\/ul>\n<\/li>\n<\/ul>\n<\/li>\n<\/ul>\n<ul>\n<li style=\"list-style-type: none;\">\n<ul>\n<li><span style=\"color: #993300;\"><strong>Sala 3 O analista entre arte e inven\u00e7\u00f5es<\/strong><\/span>\n<ul>\n<li><strong>\u201cTempo do singular\u201d<\/strong><br \/>\n<em><em>Christianne Alc\u00e2ntara (participante da Se\u00e7\u00e3o NE)<\/em><\/em><\/li>\n<li><strong>\u201cEuphoria: o amor entre Rue e Jules\u201d<\/strong><br \/>\n<em><em>Jos\u00e9 Ronaldo (participante da Se\u00e7\u00e3o NE)<\/em><\/em><\/li>\n<li><strong>\u201cUma interpreta\u00e7\u00e3o, uma poesia, uma sess\u00e3o&#8230;\u201d<\/strong><br \/>\n<em><em>Socorro Soares (participante da Se\u00e7\u00e3o NE)<\/em><\/em><\/li>\n<li><strong>\u201cPoesia e segrega\u00e7\u00e3o: interpretar o ileg\u00edvel?\u201d<\/strong><br \/>\n<em><em>Pauleska N\u00f3brega (participante da Se\u00e7\u00e3o NE)<\/em><\/em><\/p>\n<ul>\n<li>Coordena\u00e7\u00e3o: L\u00eddia Pessoa (EBP\/AMP)<\/li>\n<\/ul>\n<\/li>\n<\/ul>\n<\/li>\n<\/ul>\n<\/li>\n<\/ul>\n<p><strong><span style=\"color: #993300;\">16h00 Mesas Simult\u00e2neas<\/span><\/strong><\/p>\n<ul>\n<li style=\"list-style-type: none;\">\n<ul>\n<li><span style=\"color: #993300;\"><strong>Sala 1 O singular em cada gozo recusado<\/strong><\/span>\n<ul>\n<li><strong>\u201cA toxicomania no campo do H\u00e1 Um\u201d<\/strong><br \/>\n<em><em>Fernanda Vasconcelos (participante da Se\u00e7\u00e3o NE)<\/em><\/em><\/li>\n<li><strong>\u201cContemporaneidade e sintoma obsessivo\u201d<\/strong><br \/>\n<em><em>Ruth Cavalcanti (participante da Se\u00e7\u00e3o NE)<\/em><\/em><\/li>\n<li><strong>\u201cA transfer\u00eancia em tempos de evapora\u00e7\u00e3o do pai\u201d<\/strong><br \/>\n<em><em>Ana Ocileide (participante da Se\u00e7\u00e3o NE)<\/em><\/em><\/p>\n<ul>\n<li>Coordena\u00e7\u00e3o: Paulo Carvalho (participante da Se\u00e7\u00e3o NE)<\/li>\n<\/ul>\n<\/li>\n<\/ul>\n<\/li>\n<\/ul>\n<\/li>\n<\/ul>\n<ul>\n<li style=\"list-style-type: none;\">\n<ul>\n<li><span style=\"color: #993300;\"><strong>Sala 2 Contemporaneidade e La\u00e7o Social<\/strong><\/span>\n<ul>\n<li><strong>\u201cAs redes do \u00f3dio: a fabrica\u00e7\u00e3o do \u00f3dio como arma pol\u00edtica\u201d<\/strong><br \/>\n<em><em>Adriano de Le\u00f3n (participante da Se\u00e7\u00e3o NE)<\/em><\/em><\/li>\n<li><strong>\u201cSa\u00edda pela esquerda\u201d<\/strong><br \/>\n<em><em>Eucy Mello (participante da Se\u00e7\u00e3o NE)<\/em><\/em><\/li>\n<li><strong>\u201cSegrega\u00e7\u00e3o e sintomas contempor\u00e2neos: desafio \u00e0 psican\u00e1lise\u201d<\/strong><br \/>\n<em><em>Li\u00e9ge Uch\u00f4a (EBP\/AMP)<\/em><\/em><\/p>\n<ul>\n<li>Coordena\u00e7\u00e3o: Margarida Assad (EBP\/AMP)<\/li>\n<\/ul>\n<\/li>\n<\/ul>\n<\/li>\n<\/ul>\n<\/li>\n<\/ul>\n<ul>\n<li style=\"list-style-type: none;\">\n<ul>\n<li><strong><span style=\"color: #993300;\">Sala 3 Crise: excesso e precipita\u00e7\u00f5es<\/span><\/strong>\n<ul>\n<li><strong>\u201cDa palavra e corpo \u201c<\/strong><br \/>\n<em><em>Juliana Ribeiro (participante da Se\u00e7\u00e3o NE)<\/em><\/em><\/li>\n<li><strong>\u201cO peso do pai\u201d<\/strong><br \/>\n<em><em>Francisco Santos (participante da Se\u00e7\u00e3o NE)<\/em><\/em><\/li>\n<li><strong>\u201cUm gozo inscrito\u201d<\/strong><br \/>\n<em><em>Carlange Castro (participante da Se\u00e7\u00e3o NE)<\/em><\/em><\/li>\n<li>Coordena\u00e7\u00e3o: Cassandra Dias (EBP\/AMP)<\/li>\n<\/ul>\n<\/li>\n<\/ul>\n<\/li>\n<\/ul>\n<p><span style=\"color: #993300;\"><strong>18h &#8211; Intervalo<\/strong><\/span><\/p>\n<p><span style=\"color: #993300;\"><strong>18h30 Segundo Semin\u00e1rio \u2013 Segrega\u00e7\u00e3o e novos sintomas<\/strong><\/span><\/p>\n<ul>\n<li><em>Elisa Alvarenga<\/em> (AME EBP\/AMP)\n<ul>\n<li>Coordena\u00e7\u00e3o: <em>Gisella Sette Lopes<\/em> (EBP\/AMP)<\/li>\n<\/ul>\n<\/li>\n<\/ul>\n<p><span style=\"color: #993300;\"><strong>19h30 Encerramento<\/strong><\/span><\/p>\n<ul>\n<li><em>Margarida Elia Assad<\/em> (Conselho da EBP- Se\u00e7\u00e3o NE)<\/li>\n<\/ul>\n[\/vc_column_text][\/vc_column][\/vc_row]\n","protected":false},"excerpt":{"rendered":"<p>[vc_row][vc_column][vc_empty_space][vc_separator border_width=&#8221;3&#8243;][vc_empty_space][vc_column_text] PROGRAMA 04 de novembro (sexta-feira) 14h Mesa de abertura Jos\u00e9 Carlos Lapenda&#8230;<\/p>\n","protected":false},"author":1,"featured_media":0,"parent":0,"menu_order":0,"comment_status":"closed","ping_status":"closed","template":"","meta":{"footnotes":""},"class_list":["post-5660370","page","type-page","status-publish","hentry"],"acf":[],"_links":{"self":[{"href":"https:\/\/ebp.org.br\/nordeste\/jornadas\/2022\/wp-json\/wp\/v2\/pages\/5660370","targetHints":{"allow":["GET"]}}],"collection":[{"href":"https:\/\/ebp.org.br\/nordeste\/jornadas\/2022\/wp-json\/wp\/v2\/pages"}],"about":[{"href":"https:\/\/ebp.org.br\/nordeste\/jornadas\/2022\/wp-json\/wp\/v2\/types\/page"}],"author":[{"embeddable":true,"href":"https:\/\/ebp.org.br\/nordeste\/jornadas\/2022\/wp-json\/wp\/v2\/users\/1"}],"replies":[{"embeddable":true,"href":"https:\/\/ebp.org.br\/nordeste\/jornadas\/2022\/wp-json\/wp\/v2\/comments?post=5660370"}],"version-history":[{"count":14,"href":"https:\/\/ebp.org.br\/nordeste\/jornadas\/2022\/wp-json\/wp\/v2\/pages\/5660370\/revisions"}],"predecessor-version":[{"id":5660388,"href":"https:\/\/ebp.org.br\/nordeste\/jornadas\/2022\/wp-json\/wp\/v2\/pages\/5660370\/revisions\/5660388"}],"wp:attachment":[{"href":"https:\/\/ebp.org.br\/nordeste\/jornadas\/2022\/wp-json\/wp\/v2\/media?parent=5660370"}],"curies":[{"name":"wp","href":"https:\/\/api.w.org\/{rel}","templated":true}]}}