{"id":5660361,"date":"2022-10-20T08:24:36","date_gmt":"2022-10-20T11:24:36","guid":{"rendered":"https:\/\/ebp.org.br\/nordeste\/jornadas\/2022\/?page_id=5660361"},"modified":"2022-10-20T08:24:36","modified_gmt":"2022-10-20T11:24:36","slug":"referencias-eixo-1-a-familia-holofrase-a-crise-como-seu-fundamento-terceira-entrega","status":"publish","type":"page","link":"https:\/\/ebp.org.br\/nordeste\/jornadas\/2022\/bibliografia\/referencias-eixo-1-a-familia-holofrase-a-crise-como-seu-fundamento-terceira-entrega\/","title":{"rendered":"Refer\u00eancias Eixo 1: A \u201cfam\u00edlia hol\u00f3frase\u201d: a crise como seu fundamento &#8211; terceira entrega"},"content":{"rendered":"[vc_row][vc_column]<div class=\"norebro-text-sc \" \n\tid=\"norebro-custom-69eb2c318d7d4\" \n\t \n\t>\n\n\t<h3><strong>Refer\u00eancias Eixo 1: A \u201cfam\u00edlia hol\u00f3frase\u201d: a crise como seu fundamento &#8211; terceira entrega<\/strong><\/h3>\n<h6><strong>Colaboradores: Edgley Duarte e Erick Leonardo<\/strong><\/h6>\n<p><strong>LACAN<\/strong><\/p>\n<ul>\n<li>\u201cA fobia do pequeno Hans, mostrei que era isso: l\u00e1 onde ele levava Freud e seu pai a passear, mas onde, desde ent\u00e3o, os analistas t\u00eam medo.\u201d<\/li>\n<\/ul>\n<p>LACAN, J. (1993) <strong>Televis\u00e3o.<\/strong> Rio de Janeiro: Jorge Zahar editor: 48.<\/p>\n<hr \/>\n<p><strong>MILLER<\/strong><\/p>\n<ul>\n<li>\u201cCuando el padre es el elemento para el que no vale la funci\u00f3n de la castraci\u00f3n y la madre es el t\u00e9rmino correlativo, es en esto que se funda la pareja de la madre y el ni\u00f1o.\u201d<\/li>\n<\/ul>\n<p>MILLER, Jacques-Alain.<strong> Introducci\u00f3n al m\u00e9todo psicoanal\u00edtico.<\/strong> Buenos Aires, Paid\u00f3s, 1997. 142.<\/p>\n<hr \/>\n<p><strong>AUTORES DO CAMPO FREUDIANO<\/strong><\/p>\n<ul>\n<li>\u201cTomemos entonces el deseo de ni\u00f1o como una suplencia del lado de la primac\u00eda del falo ante la ausencia del significante La Mujer.\u201d<\/li>\n<\/ul>\n<p>BROUSSE, Marie-H\u00e9l\u00e9ne (2011)<strong> Las femineidades: el Otro sexo entre met\u00e1fora y suplencia.<\/strong> In: Del Edipo a la sexuaci\u00f3n. Jacques-Ala\u00edn Miller-Buenos A\u00edres : Paid\u00f3s, 2011. 55.<\/p>\n<ul>\n<li>\u201cO filho parece ser um adorno de sonho para uma estrela ou princesa, uma esp\u00e9cie de mais valia. Viu-se, assim, subir ao z\u00eanite social o filho como valor acrescentado, objeto que se deve obter antes de uma certa idade, de todo modo antes da parada do rel\u00f3gio biol\u00f3gico.\u201d<\/li>\n<\/ul>\n<p>SOLANO-SU\u00c1REZ, E. <strong>Maternidade Blues. <\/strong>In: ALBERTI, C.; ALVARENGA, E. (ORGS.). Ser m\u00e3e. Belo Horizonte: Editora EBP, 2015, p. 74.<\/p>\n\t\n<\/div>[\/vc_column][\/vc_row]\n","protected":false},"excerpt":{"rendered":"<p>[vc_row][vc_column][\/vc_column][\/vc_row]<\/p>\n","protected":false},"author":1,"featured_media":0,"parent":5660319,"menu_order":0,"comment_status":"closed","ping_status":"closed","template":"","meta":{"footnotes":""},"class_list":["post-5660361","page","type-page","status-publish","hentry"],"acf":[],"_links":{"self":[{"href":"https:\/\/ebp.org.br\/nordeste\/jornadas\/2022\/wp-json\/wp\/v2\/pages\/5660361","targetHints":{"allow":["GET"]}}],"collection":[{"href":"https:\/\/ebp.org.br\/nordeste\/jornadas\/2022\/wp-json\/wp\/v2\/pages"}],"about":[{"href":"https:\/\/ebp.org.br\/nordeste\/jornadas\/2022\/wp-json\/wp\/v2\/types\/page"}],"author":[{"embeddable":true,"href":"https:\/\/ebp.org.br\/nordeste\/jornadas\/2022\/wp-json\/wp\/v2\/users\/1"}],"replies":[{"embeddable":true,"href":"https:\/\/ebp.org.br\/nordeste\/jornadas\/2022\/wp-json\/wp\/v2\/comments?post=5660361"}],"version-history":[{"count":1,"href":"https:\/\/ebp.org.br\/nordeste\/jornadas\/2022\/wp-json\/wp\/v2\/pages\/5660361\/revisions"}],"predecessor-version":[{"id":5660362,"href":"https:\/\/ebp.org.br\/nordeste\/jornadas\/2022\/wp-json\/wp\/v2\/pages\/5660361\/revisions\/5660362"}],"up":[{"embeddable":true,"href":"https:\/\/ebp.org.br\/nordeste\/jornadas\/2022\/wp-json\/wp\/v2\/pages\/5660319"}],"wp:attachment":[{"href":"https:\/\/ebp.org.br\/nordeste\/jornadas\/2022\/wp-json\/wp\/v2\/media?parent=5660361"}],"curies":[{"name":"wp","href":"https:\/\/api.w.org\/{rel}","templated":true}]}}