{"id":5660319,"date":"2022-09-14T07:44:31","date_gmt":"2022-09-14T10:44:31","guid":{"rendered":"https:\/\/ebp.org.br\/nordeste\/jornadas\/2022\/?page_id=5660319"},"modified":"2022-09-14T07:46:19","modified_gmt":"2022-09-14T10:46:19","slug":"bibliografia","status":"publish","type":"page","link":"https:\/\/ebp.org.br\/nordeste\/jornadas\/2022\/bibliografia\/","title":{"rendered":"Bibliografia"},"content":{"rendered":"<p>A Comiss\u00e3o de bibliografia tem como objetivo apresentar fragmentos de textos feitos a partir de recortes de uma leitura epist\u00eamica na complexidade das argumenta\u00e7\u00f5es dos tr\u00eas eixos expostos da II Jornada.<\/p>\n<p>Naquele instante da \u201ccentelha po\u00e9tica\u201d da obra na recep\u00e7\u00e3o do texto, este \u00e9 o instante de recortar nas obras frases, palavras, par\u00e1grafos e relan\u00e7ar o movimento aos outros leitores.<\/p>\n<p>Assim constr\u00f3i-se um guia de orienta\u00e7\u00e3o, e uma fresta para interpreta\u00e7\u00f5es envolvendo poss\u00edveis articula\u00e7\u00f5es te\u00f3ricas e cl\u00ednicas em escritos de novos textos.<\/p>\n<p>N\u00e3o \u00e9 o caso de encerrar um percurso bibliogr\u00e1fico, mas mostrar uma exterioridade convidativa em atingir outros modos e reverbera\u00e7\u00f5es das palavras em contextos contempor\u00e2neos de subjetividades.<\/p>\n<h5>L\u00eddia Pessoa<br \/>\nCoordenadora da Comiss\u00e3o de Bibliografia<\/h5>\n","protected":false},"excerpt":{"rendered":"<p>A Comiss\u00e3o de bibliografia tem como objetivo apresentar fragmentos de textos feitos a partir&#8230;<\/p>\n","protected":false},"author":1,"featured_media":0,"parent":0,"menu_order":0,"comment_status":"closed","ping_status":"closed","template":"","meta":{"footnotes":""},"class_list":["post-5660319","page","type-page","status-publish","hentry"],"acf":[],"_links":{"self":[{"href":"https:\/\/ebp.org.br\/nordeste\/jornadas\/2022\/wp-json\/wp\/v2\/pages\/5660319","targetHints":{"allow":["GET"]}}],"collection":[{"href":"https:\/\/ebp.org.br\/nordeste\/jornadas\/2022\/wp-json\/wp\/v2\/pages"}],"about":[{"href":"https:\/\/ebp.org.br\/nordeste\/jornadas\/2022\/wp-json\/wp\/v2\/types\/page"}],"author":[{"embeddable":true,"href":"https:\/\/ebp.org.br\/nordeste\/jornadas\/2022\/wp-json\/wp\/v2\/users\/1"}],"replies":[{"embeddable":true,"href":"https:\/\/ebp.org.br\/nordeste\/jornadas\/2022\/wp-json\/wp\/v2\/comments?post=5660319"}],"version-history":[{"count":2,"href":"https:\/\/ebp.org.br\/nordeste\/jornadas\/2022\/wp-json\/wp\/v2\/pages\/5660319\/revisions"}],"predecessor-version":[{"id":5660323,"href":"https:\/\/ebp.org.br\/nordeste\/jornadas\/2022\/wp-json\/wp\/v2\/pages\/5660319\/revisions\/5660323"}],"wp:attachment":[{"href":"https:\/\/ebp.org.br\/nordeste\/jornadas\/2022\/wp-json\/wp\/v2\/media?parent=5660319"}],"curies":[{"name":"wp","href":"https:\/\/api.w.org\/{rel}","templated":true}]}}