{"id":5660273,"date":"2022-08-15T09:35:15","date_gmt":"2022-08-15T12:35:15","guid":{"rendered":"https:\/\/ebp.org.br\/nordeste\/jornadas\/2022\/?page_id=5660273"},"modified":"2022-08-15T09:35:15","modified_gmt":"2022-08-15T12:35:15","slug":"espumas-ao-vento","status":"publish","type":"page","link":"https:\/\/ebp.org.br\/nordeste\/jornadas\/2022\/espumas-ao-vento\/","title":{"rendered":"&#8220;Espumas ao vento&#8221;"},"content":{"rendered":"[vc_row][vc_column]<div class=\"norebro-recent-posts-sc vc_row blog-posts-masonry\" \n\tid=\"norebro-custom-69daf87a5c49f\"\n\t \n\t>\n\n\t<div class=\"norebro-masonry\" data-lazy-container=\"posts\"><div class=\" vc_col-lg-12 vc_col-md-12 vc_col-sm-12 vc_col-xs-12 blog-post-masonry masonry-block post-offset norebro-card-wrapper grid-item\" data-lazy-item=\"\" data-lazy-scope=\"posts\"><div class=\"blog-grid grid-1 boxed\" >\n\n\t<header>\n\t\t\n\t\t\t\t<div class=\"tags\">\n\t\t\t\t\t\t\t<a class=\"tag brand-bg-color brand-border-color\" href=\"https:\/\/ebp.org.br\/nordeste\/jornadas\/2022\/category\/espumas-ao-vento\/\">\n\t\t\t\t\t&quot;Espumas ao vento&quot;\t\t\t\t<\/a>\n\t\t\t\t\t<\/div>\n\t\t\t<\/header>\n\n\t<div class=\"content\">\n\t\t<h3>\n\t\t\t\t\t\t<a href=\"https:\/\/ebp.org.br\/nordeste\/jornadas\/2022\/2022\/09\/27\/ressonancias-da-segunda-preparatoria-da-ii-jornada-da-secao-nordeste-e-o-analista-em-tempos-de-evaporacao-do-pai\/\">\n\t\t\t\tRESSON\u00c2NCIAS DA SEGUNDA PREPARAT\u00d3RIA DA II JORNADA DA SE\u00c7\u00c3O NORDESTE E O ANALISTA EM TEMPOS DE EVAPORA\u00c7\u00c3O DO PAI?\t\t\t<\/a>\n\t\t<\/h3>\n\t\t\n\t\t<p>RESSON\u00c2NCIAS DA PRIMEIRA PREPARAT\u00d3RIA DA II JORNADA DA SE\u00c7\u00c3O NORDESTE E O ANALISTA EM...<\/p>\n\t<\/div>\n\n\t<footer>\n\t\t\t\t<span class=\"author\">iijebpne<\/span>\n\t\t<strong>&mdash;<\/strong>\n\t\t\t\t\t\t<span class=\"data\">setembro 27, 2022<\/span>\n\t\t\t<\/footer>\n\n<\/div>\n<div class=\"clear\"><\/div><\/div><div class=\" vc_col-lg-12 vc_col-md-12 vc_col-sm-12 vc_col-xs-12 blog-post-masonry masonry-block post-offset norebro-card-wrapper grid-item\" data-lazy-item=\"\" data-lazy-scope=\"posts\"><div class=\"blog-grid grid-1 boxed\" >\n\n\t<header>\n\t\t\n\t\t\t\t<div class=\"tags\">\n\t\t\t\t\t\t\t<a class=\"tag brand-bg-color brand-border-color\" href=\"https:\/\/ebp.org.br\/nordeste\/jornadas\/2022\/category\/espumas-ao-vento\/\">\n\t\t\t\t\t&quot;Espumas ao vento&quot;\t\t\t\t<\/a>\n\t\t\t\t\t<\/div>\n\t\t\t<\/header>\n\n\t<div class=\"content\">\n\t\t<h3>\n\t\t\t\t\t\t<a href=\"https:\/\/ebp.org.br\/nordeste\/jornadas\/2022\/2022\/08\/15\/ressonancias-da-primeira-preparatoria-da-ii-jornada-da-secao-nordeste-e-o-analista-em-tempos-de-evaporacao-do-pai\/\">\n\t\t\t\tRESSON\u00c2NCIAS DA PRIMEIRA PREPARAT\u00d3RIA  DA II JORNADA DA SE\u00c7\u00c3O NORDESTE  E O ANALISTA EM TEMPOS DE EVAPORA\u00c7\u00c3O DO PAI?\t\t\t<\/a>\n\t\t<\/h3>\n\t\t\n\t\t<p>RESSON\u00c2NCIAS DA PRIMEIRA PREPARAT\u00d3RIA DA II JORNADA DA SE\u00c7\u00c3O NORDESTE &#8211; E O ANALISTA...<\/p>\n\t<\/div>\n\n\t<footer>\n\t\t\t\t<span class=\"author\">iijebpne<\/span>\n\t\t<strong>&mdash;<\/strong>\n\t\t\t\t\t\t<span class=\"data\">agosto 15, 2022<\/span>\n\t\t\t<\/footer>\n\n<\/div>\n<div class=\"clear\"><\/div><\/div><\/div>\t\n<\/div>[\/vc_column][\/vc_row]\n","protected":false},"excerpt":{"rendered":"<p>[vc_row][vc_column][\/vc_column][\/vc_row]<\/p>\n","protected":false},"author":1,"featured_media":0,"parent":0,"menu_order":0,"comment_status":"closed","ping_status":"closed","template":"","meta":{"footnotes":""},"class_list":["post-5660273","page","type-page","status-publish","hentry"],"acf":[],"_links":{"self":[{"href":"https:\/\/ebp.org.br\/nordeste\/jornadas\/2022\/wp-json\/wp\/v2\/pages\/5660273","targetHints":{"allow":["GET"]}}],"collection":[{"href":"https:\/\/ebp.org.br\/nordeste\/jornadas\/2022\/wp-json\/wp\/v2\/pages"}],"about":[{"href":"https:\/\/ebp.org.br\/nordeste\/jornadas\/2022\/wp-json\/wp\/v2\/types\/page"}],"author":[{"embeddable":true,"href":"https:\/\/ebp.org.br\/nordeste\/jornadas\/2022\/wp-json\/wp\/v2\/users\/1"}],"replies":[{"embeddable":true,"href":"https:\/\/ebp.org.br\/nordeste\/jornadas\/2022\/wp-json\/wp\/v2\/comments?post=5660273"}],"version-history":[{"count":1,"href":"https:\/\/ebp.org.br\/nordeste\/jornadas\/2022\/wp-json\/wp\/v2\/pages\/5660273\/revisions"}],"predecessor-version":[{"id":5660274,"href":"https:\/\/ebp.org.br\/nordeste\/jornadas\/2022\/wp-json\/wp\/v2\/pages\/5660273\/revisions\/5660274"}],"wp:attachment":[{"href":"https:\/\/ebp.org.br\/nordeste\/jornadas\/2022\/wp-json\/wp\/v2\/media?parent=5660273"}],"curies":[{"name":"wp","href":"https:\/\/api.w.org\/{rel}","templated":true}]}}