{"id":5658026,"date":"2017-10-19T09:52:01","date_gmt":"2017-10-19T11:52:01","guid":{"rendered":"https:\/\/norebro.clbthemes.com\/demo14\/?page_id=13158"},"modified":"2022-12-12T11:34:22","modified_gmt":"2022-12-12T14:34:22","slug":"home","status":"publish","type":"page","link":"https:\/\/ebp.org.br\/nordeste\/jornadas\/2022\/","title":{"rendered":"Home"},"content":{"rendered":"[vc_row full_width=&#8221;stretch_row&#8221;][vc_column][vc_empty_space height=&#8221;80px&#8221; el_class=&#8221;norebro-phone-space&#8221;]\n\t\t\t<!-- START Home Slider REVOLUTION SLIDER 6.5.25 --><p class=\"rs-p-wp-fix\"><\/p>\n\t\t\t<rs-module-wrap id=\"rev_slider_1_1_wrapper\" data-source=\"gallery\" style=\"visibility:hidden;background:#E9E9E9;padding:0;margin:0px auto;margin-top:0;margin-bottom:0;\">\n\t\t\t\t<rs-module id=\"rev_slider_1_1\" style=\"\" data-version=\"6.5.25\">\n\t\t\t\t\t<rs-slides>\n\t\t\t\t\t\t<rs-slide style=\"position: absolute;\" data-key=\"rs-13\" data-title=\"V\u00cdDEO\" data-in=\"o:0;\" data-out=\"a:false;\">\n\t\t\t\t\t\t\t<img decoding=\"async\" src=\"\/\/ebp.org.br\/nordeste\/jornadas\/2022\/wp-content\/plugins\/revslider\/public\/assets\/assets\/dummy.png\" alt=\"\" title=\"Home\" class=\"rev-slidebg tp-rs-img rs-lazyload\" data-lazyload=\"\/\/ebp.org.br\/nordeste\/jornadas\/2022\/wp-content\/plugins\/revslider\/public\/assets\/assets\/transparent.png\" data-no-retina>\n\t\t\t\t\t\t\t<rs-bgvideo \n\t\t\t\t\t\t\t\tdata-video=\"vc:none;w:100%;h:100%;nse:false;sat:true;l:true;ptimer:false;\"\n\t\t\t\t\t\t\t\tdata-ytid=\"faEn0bE6xtE\"\n\t\t\t\t\t\t\t\tdata-vatr=\"version=3&amp;enablejsapi=1&amp;html5=1&amp;hd=1&amp;wmode=opaque&amp;showinfo=0&amp;rel=0&amp;origin=https:\/\/ebp.org.br;\"\n\t\t\t\t\t\t\t><\/rs-bgvideo>\n<!--\n\t\t\t\t\t\t\t--><rs-layer\n\t\t\t\t\t\t\t\tid=\"slider-1-slide-13-layer-10\" \n\t\t\t\t\t\t\t\tdata-type=\"image\"\n\t\t\t\t\t\t\t\tdata-rsp_ch=\"on\"\n\t\t\t\t\t\t\t\tdata-xy=\"x:c;y:m;\"\n\t\t\t\t\t\t\t\tdata-text=\"w:normal;s:20,17,12,7;l:0,21,15,9;\"\n\t\t\t\t\t\t\t\tdata-dim=\"w:391px,342px,259px,159px;h:200px,175px,132px,81px;\"\n\t\t\t\t\t\t\t\tdata-frame_0=\"y:top;\"\n\t\t\t\t\t\t\t\tdata-frame_1=\"st:5910;sp:1000;sR:5910;\"\n\t\t\t\t\t\t\t\tdata-frame_999=\"y:bottom;o:0;st:8520;sp:1000;sR:1610;\"\n\t\t\t\t\t\t\t\tstyle=\"z-index:8;\"\n\t\t\t\t\t\t\t><img decoding=\"async\" src=\"\/\/ebp.org.br\/nordeste\/jornadas\/2022\/wp-content\/plugins\/revslider\/public\/assets\/assets\/dummy.png\" alt=\"\" class=\"tp-rs-img rs-lazyload\" width=\"500\" height=\"256\" data-lazyload=\"\/\/ebp.org.br\/nordeste\/jornadas\/2022\/wp-content\/uploads\/2022\/07\/nome_data.png\" data-no-retina> \n\t\t\t\t\t\t\t<\/rs-layer><!--\n\n\t\t\t\t\t\t\t--><rs-layer\n\t\t\t\t\t\t\t\tid=\"slider-1-slide-13-layer-11\" \n\t\t\t\t\t\t\t\tdata-type=\"image\"\n\t\t\t\t\t\t\t\tdata-rsp_ch=\"on\"\n\t\t\t\t\t\t\t\tdata-xy=\"x:c;y:m;\"\n\t\t\t\t\t\t\t\tdata-text=\"w:normal;s:20,17,12,7;l:0,21,15,9;\"\n\t\t\t\t\t\t\t\tdata-dim=\"w:851px,744px,565px,348px;h:193px,168px,127px,78px;\"\n\t\t\t\t\t\t\t\tdata-frame_0=\"y:top;\"\n\t\t\t\t\t\t\t\tdata-frame_1=\"st:1090;sp:1000;sR:1090;\"\n\t\t\t\t\t\t\t\tdata-frame_999=\"y:bottom;o:0;st:4900;sp:1000;sR:2810;\"\n\t\t\t\t\t\t\t\tstyle=\"z-index:9;\"\n\t\t\t\t\t\t\t><img decoding=\"async\" src=\"\/\/ebp.org.br\/nordeste\/jornadas\/2022\/wp-content\/plugins\/revslider\/public\/assets\/assets\/dummy.png\" alt=\"\" class=\"tp-rs-img rs-lazyload\" width=\"851\" height=\"193\" data-lazyload=\"\/\/ebp.org.br\/nordeste\/jornadas\/2022\/wp-content\/uploads\/2022\/07\/nome_jornada.png\" data-no-retina> \n\t\t\t\t\t\t\t<\/rs-layer><!--\n-->\t\t\t\t\t\t<\/rs-slide>\n\t\t\t\t\t<\/rs-slides>\n\t\t\t\t<\/rs-module>\n\t\t\t\t<script>\n\t\t\t\t\tsetREVStartSize({c: 'rev_slider_1_1',rl:[1240,1024,778,480],el:[570,768,960,720],gw:[1170,1024,778,480],gh:[570,768,960,720],type:'standard',justify:'',layout:'fullwidth',mh:\"570\"});if (window.RS_MODULES!==undefined && window.RS_MODULES.modules!==undefined && window.RS_MODULES.modules[\"revslider11\"]!==undefined) {window.RS_MODULES.modules[\"revslider11\"].once = false;window.revapi1 = undefined;if (window.RS_MODULES.checkMinimal!==undefined) window.RS_MODULES.checkMinimal()}\n\t\t\t\t<\/script>\n\t\t\t\t<script src=\"https:\/\/www.youtube.com\/iframe_api\"><\/script>\n\t\t\t<\/rs-module-wrap>\n\t\t\t<!-- END REVOLUTION SLIDER -->\n[vc_empty_space height=&#8221;80px&#8221; el_class=&#8221;norebro-phone-space&#8221;]<div class=\"norebro-heading-sc heading text-center\"\n\tid=\"norebro-custom-69dae08601828\" \n\t data-aos=\"fade-down\" \n\t>\n\t\n\t\n\t\n\t<h3 class=\"title\">\n\t\tEst\u00e1 chegando o dia!\t<\/h3>\n\n\t\t\t<div class=\"divider\"><\/div>\n\t\n\t\t\t<p class=\"subtitle\">\n\t\t\tPrepare-se e fa\u00e7a a sua inscri\u00e7\u00e3o!\t\t<\/p>\n\t\t\n<\/div>[vc_raw_html]JTVCd3BjZHQtY291bnRkb3duJTIwaWQlM0QlMjI1NjYwMTk0JTIyJTVE[\/vc_raw_html][vc_btn title=&#8221;INSCREVA-SE!&#8221; color=&#8221;juicy-pink&#8221; align=&#8221;center&#8221; i_icon_fontawesome=&#8221;fas fa-cart-plus&#8221; add_icon=&#8221;true&#8221; link=&#8221;url:https%3A%2F%2Febp.org.br%2Fnordeste%2Fjornadas%2F2022%2Finscricoes%2F|title:Inscri%C3%A7%C3%B5es&#8221;][vc_empty_space height=&#8221;80px&#8221; el_class=&#8221;norebro-phone-space&#8221;][\/vc_column][\/vc_row][vc_row][vc_column][vc_empty_space height=&#8221;80px&#8221; el_class=&#8221;norebro-phone-space&#8221;][\/vc_column][\/vc_row][vc_row][vc_column width=&#8221;1\/2&#8243;][vc_video link=&#8221;https:\/\/youtu.be\/nvaZMO40dVk&#8221; title=&#8221;V\u00eddeo de Abertura&#8221;][\/vc_column][vc_column width=&#8221;1\/2&#8243;][vc_video link=&#8221;https:\/\/youtu.be\/EGfdArDUKu8&#8243; title=&#8221;V\u00eddeo de Abertura&#8221;][\/vc_column][\/vc_row][vc_row][vc_column][vc_empty_space height=&#8221;80px&#8221; el_class=&#8221;norebro-phone-space&#8221;][\/vc_column][\/vc_row][vc_row][vc_column]<div class=\"norebro-parallax-sc parallax\"\nid=\"norebro-custom-69dae08601b8a\"\ndata-parallax-bg=\"vertical\" \ndata-parallax-speed=\"0.8\">\n\t\n\t<div class=\"parallax-bg\"><\/div>\n\t<div class=\"parallax-content\">\n\t\t[vc_empty_space height=&#8221;150px&#8221; el_class=&#8221;norebro-phone-space&#8221;]<div class=\"norebro-heading-sc heading text-center\"\n\tid=\"norebro-custom-69dae08601d44\" \n\t \n\t>\n\t\n\t\t\t<p class=\"subtitle\">\n\t\t\tII Jornada da EBP Se\u00e7\u00e3o Nordeste\t\t<\/p>\n\t\n\t\n\t<h3 class=\"title subtitle-top\">\n\t\tElisa Alvarenga\t<\/h3>\n\n\t\n\t\t\n<\/div>[vc_empty_space height=&#8221;25px&#8221; el_class=&#8221;norebro-phone-space&#8221;]\n\t<div class=\"text-center\">\n\t\t<div class=\"norebro-video-module-sc video-module  boxed with-anim\"\n\t\tid=\"norebro-custom-69dae08601e7a\"\n\t\tdata-video-module=\"https:\/\/www.youtube.com\/embed\/qO363iaQz7Y\"\n\t\tdata-video-start=\"0\"\n\t\t\t\t>\n\n\t\t\t<div class=\"btn-play\">\n\t\t\t\t<span class=\"icon ion-ios-play\"><\/span>\n\t\t\t<\/div>\n\n\t\t\t\n\t\t<\/div>\n\t<\/div>\n\n[vc_empty_space height=&#8221;130px&#8221; el_class=&#8221;norebro-phone-space&#8221;]\t<\/div>\n\n<\/div>[\/vc_column][\/vc_row][vc_row][vc_column][vc_empty_space height=&#8221;80px&#8221; el_class=&#8221;norebro-phone-space&#8221;][\/vc_column][\/vc_row][vc_row full_width=&#8221;stretch_row&#8221; css=&#8221;.vc_custom_1657318214770{background-color: #848484 !important;}&#8221;][vc_column]<div class=\"norebro-cta-sc call-to-action\"\n\tid=\"norebro-custom-69dae0860205f\"\n\t \n\t>\n\n\t<div class=\"content-center\">\n\t\t<div class=\"wrap\">\n\t\t\t<h3 class=\"title\">\n\t\t\t\tInscri\u00e7\u00f5es\t\t\t<\/h3>\n\t\t\t\t\t\t\t<p class=\"subtitle\">\n\t\t\t\t\tClique para acessar as informa\u00e7\u00f5es\t\t\t\t<\/p>\n\t\t\t\t\t<\/div>\n\n\t\t<div class=\"wrap\">\n\t\t\t<a href=\"https:\/\/ebp.org.br\/nordeste\/jornadas\/2022\/inscricoes\/\" \n\t\t\tclass=\"btn btn-white btn-outline brand-color-hover-i\">\n\t\t\t\t\t\t\t\t\t<span class=\"icon ion-android-arrow-forward\"><\/span>\n\t\t\t\t\t\t\t\t\n\t\t\t\t<span class=\"text\">Clique aqui<\/span>\n\t\t\t\t\n\t\t\t\t\t\t\t<\/a>\n\t\t<\/div>\n\t<\/div>\n\n<\/div>[\/vc_column][\/vc_row]\n","protected":false},"excerpt":{"rendered":"<p>[vc_row full_width=&#8221;stretch_row&#8221;][vc_column][vc_empty_space height=&#8221;80px&#8221; el_class=&#8221;norebro-phone-space&#8221;][vc_empty_space height=&#8221;80px&#8221; el_class=&#8221;norebro-phone-space&#8221;][vc_raw_html]JTVCd3BjZHQtY291bnRkb3duJTIwaWQlM0QlMjI1NjYwMTk0JTIyJTVE[\/vc_raw_html][vc_btn title=&#8221;INSCREVA-SE!&#8221; color=&#8221;juicy-pink&#8221; align=&#8221;center&#8221; i_icon_fontawesome=&#8221;fas fa-cart-plus&#8221; add_icon=&#8221;true&#8221; link=&#8221;url:https%3A%2F%2Febp.org.br%2Fnordeste%2Fjornadas%2F2022%2Finscricoes%2F|title:Inscri%C3%A7%C3%B5es&#8221;][vc_empty_space height=&#8221;80px&#8221;&#8230;<\/p>\n","protected":false},"author":1,"featured_media":0,"parent":0,"menu_order":0,"comment_status":"closed","ping_status":"closed","template":"","meta":{"footnotes":""},"class_list":["post-5658026","page","type-page","status-publish","hentry"],"acf":[],"_links":{"self":[{"href":"https:\/\/ebp.org.br\/nordeste\/jornadas\/2022\/wp-json\/wp\/v2\/pages\/5658026","targetHints":{"allow":["GET"]}}],"collection":[{"href":"https:\/\/ebp.org.br\/nordeste\/jornadas\/2022\/wp-json\/wp\/v2\/pages"}],"about":[{"href":"https:\/\/ebp.org.br\/nordeste\/jornadas\/2022\/wp-json\/wp\/v2\/types\/page"}],"author":[{"embeddable":true,"href":"https:\/\/ebp.org.br\/nordeste\/jornadas\/2022\/wp-json\/wp\/v2\/users\/1"}],"replies":[{"embeddable":true,"href":"https:\/\/ebp.org.br\/nordeste\/jornadas\/2022\/wp-json\/wp\/v2\/comments?post=5658026"}],"version-history":[{"count":23,"href":"https:\/\/ebp.org.br\/nordeste\/jornadas\/2022\/wp-json\/wp\/v2\/pages\/5658026\/revisions"}],"predecessor-version":[{"id":5660390,"href":"https:\/\/ebp.org.br\/nordeste\/jornadas\/2022\/wp-json\/wp\/v2\/pages\/5658026\/revisions\/5660390"}],"wp:attachment":[{"href":"https:\/\/ebp.org.br\/nordeste\/jornadas\/2022\/wp-json\/wp\/v2\/media?parent=5658026"}],"curies":[{"name":"wp","href":"https:\/\/api.w.org\/{rel}","templated":true}]}}