{"id":10912,"date":"2022-07-08T16:19:54","date_gmt":"2022-07-08T19:19:54","guid":{"rendered":"https:\/\/ebp.org.br\/nordeste\/jornadas\/2022\/?page_id=10912"},"modified":"2022-10-25T07:36:31","modified_gmt":"2022-10-25T10:36:31","slug":"inscricoes","status":"publish","type":"page","link":"https:\/\/ebp.org.br\/nordeste\/jornadas\/2022\/inscricoes\/","title":{"rendered":"Inscri\u00e7\u00f5es"},"content":{"rendered":"[vc_row][vc_column]<div class=\"norebro-heading-sc heading text-center\"\n\tid=\"norebro-custom-69daf84e8fe5c\" \n\t \n\t>\n\t\n\t\n\t\n\t<h3 class=\"title\">\n\t\tINSCRI\u00c7\u00d5ES\t<\/h3>\n\n\t\n\t\t\t<p class=\"subtitle\">\n\t\t\tEscolha a sua op\u00e7\u00e3o de inscri\u00e7\u00e3o e clique no bot\u00e3o correspondernte. Voc\u00ea ser\u00e1 direcionado para o Site da Congress.me. No menu, clique em produtos e efetive a sua inscri\u00e7\u00e3o.\t\t<\/p>\n\t\t\n<\/div>[vc_empty_space][\/vc_column][\/vc_row][vc_row][vc_column width=&#8221;1\/3&#8243;]<div class=\"norebro-text-sc \" \n\tid=\"norebro-custom-69daf84e901d5\" \n\t \n\t>\n\n\t<p style=\"text-align: center;\"><strong>Membro EBP\/AMP<\/strong><\/p>\n<h3 style=\"text-align: center;\"><strong><span style=\"color: #993300;\">R$ 210.00<\/span><\/strong><\/h3>\n\t\n<\/div><div class=\"norebro-button-sc btn-wrap text-center\" \n\tid=\"norebro-custom-69daf84e902bc\"\n\t data-aos=\"flip-up\" \n\t>\n\n\t<a href=\"https:\/\/eventos.congresse.me\/iijornadaebpne\" \n\t\tclass=\"btn  btn-large\">\n\n\t\t\t\t\t<span class=\"icon ion-left linea-ecommerce-cart-check\"><\/span>\n\t\t\n\t\t\n\t\t<span class=\"text\">\n\t\t\t\t\t<\/span>\n\n\t\t\n\t\t\n\t\t\t<\/a>\n\n<\/div>[\/vc_column][vc_column width=&#8221;1\/3&#8243;]<div class=\"norebro-text-sc \" \n\tid=\"norebro-custom-69daf84e90506\" \n\t \n\t>\n\n\t<p style=\"text-align: center;\"><strong>Profissionais<\/strong><\/p>\n<h3 style=\"text-align: center;\"><strong><span style=\"color: #993300;\">R$ 180.00<\/span><\/strong><\/h3>\n\t\n<\/div><div class=\"norebro-button-sc btn-wrap text-center\" \n\tid=\"norebro-custom-69daf84e905ae\"\n\t data-aos=\"flip-up\" \n\t>\n\n\t<a href=\"https:\/\/eventos.congresse.me\/iijornadaebpne\" \n\t\tclass=\"btn  btn-large\">\n\n\t\t\t\t\t<span class=\"icon ion-left linea-ecommerce-cart-check\"><\/span>\n\t\t\n\t\t\n\t\t<span class=\"text\">\n\t\t\t\t\t<\/span>\n\n\t\t\n\t\t\n\t\t\t<\/a>\n\n<\/div>[\/vc_column][vc_column width=&#8221;1\/3&#8243;]<div class=\"norebro-text-sc \" \n\tid=\"norebro-custom-69daf84e906a2\" \n\t \n\t>\n\n\t<div class=\"header\" style=\"text-align: center;\"><strong>Estudante de gradua\u00e7\u00e3o<\/strong><\/div>\n<h3 style=\"text-align: center;\"><strong><span style=\"color: #993300;\">R$ 130.00<\/span><\/strong><\/h3>\n<h6 style=\"text-align: center;\">Necess\u00e1rio o envio de comprova\u00e7\u00e3o de matr\u00edcula para<a href=\"mailto:jornadasne@gmail.com\"> jornadasne@gmail.com<\/a><\/h6>\n\t\n<\/div><div class=\"norebro-button-sc btn-wrap text-center\" \n\tid=\"norebro-custom-69daf84e90735\"\n\t data-aos=\"flip-up\" \n\t>\n\n\t<a href=\"https:\/\/eventos.congresse.me\/iijornadaebpne\" \n\t\tclass=\"btn  btn-large\">\n\n\t\t\t\t\t<span class=\"icon ion-left linea-ecommerce-cart-check\"><\/span>\n\t\t\n\t\t\n\t\t<span class=\"text\">\n\t\t\t\t\t<\/span>\n\n\t\t\n\t\t\n\t\t\t<\/a>\n\n<\/div>[\/vc_column][\/vc_row]\n","protected":false},"excerpt":{"rendered":"<p>[vc_row][vc_column][vc_empty_space][\/vc_column][\/vc_row][vc_row][vc_column width=&#8221;1\/3&#8243;][\/vc_column][vc_column width=&#8221;1\/3&#8243;][\/vc_column][vc_column width=&#8221;1\/3&#8243;][\/vc_column][\/vc_row]<\/p>\n","protected":false},"author":1,"featured_media":0,"parent":0,"menu_order":0,"comment_status":"closed","ping_status":"closed","template":"","meta":{"footnotes":""},"class_list":["post-10912","page","type-page","status-publish","hentry"],"acf":[],"_links":{"self":[{"href":"https:\/\/ebp.org.br\/nordeste\/jornadas\/2022\/wp-json\/wp\/v2\/pages\/10912","targetHints":{"allow":["GET"]}}],"collection":[{"href":"https:\/\/ebp.org.br\/nordeste\/jornadas\/2022\/wp-json\/wp\/v2\/pages"}],"about":[{"href":"https:\/\/ebp.org.br\/nordeste\/jornadas\/2022\/wp-json\/wp\/v2\/types\/page"}],"author":[{"embeddable":true,"href":"https:\/\/ebp.org.br\/nordeste\/jornadas\/2022\/wp-json\/wp\/v2\/users\/1"}],"replies":[{"embeddable":true,"href":"https:\/\/ebp.org.br\/nordeste\/jornadas\/2022\/wp-json\/wp\/v2\/comments?post=10912"}],"version-history":[{"count":8,"href":"https:\/\/ebp.org.br\/nordeste\/jornadas\/2022\/wp-json\/wp\/v2\/pages\/10912\/revisions"}],"predecessor-version":[{"id":5660374,"href":"https:\/\/ebp.org.br\/nordeste\/jornadas\/2022\/wp-json\/wp\/v2\/pages\/10912\/revisions\/5660374"}],"wp:attachment":[{"href":"https:\/\/ebp.org.br\/nordeste\/jornadas\/2022\/wp-json\/wp\/v2\/media?parent=10912"}],"curies":[{"name":"wp","href":"https:\/\/api.w.org\/{rel}","templated":true}]}}