{"id":10907,"date":"2022-07-08T16:18:42","date_gmt":"2022-07-08T19:18:42","guid":{"rendered":"https:\/\/ebp.org.br\/nordeste\/jornadas\/2022\/?page_id=10907"},"modified":"2022-07-19T16:00:38","modified_gmt":"2022-07-19T19:00:38","slug":"envio-de-trabalhos","status":"publish","type":"page","link":"https:\/\/ebp.org.br\/nordeste\/jornadas\/2022\/envio-de-trabalhos\/","title":{"rendered":"Envio de Trabalhos"},"content":{"rendered":"<p>As inscri\u00e7\u00f5es dos trabalhos para a II Jornada da EBP-Se\u00e7\u00e3o Nordeste, que tem como tema \u201cE o analista em tempos da evapora\u00e7\u00e3o do pai?\u201d encontram-se abertas. Para ela foram propostos tr\u00eas eixos tem\u00e1ticos:<\/p>\n<p>I \u2013 \u201cFam\u00edlia Hol\u00f3frase\u201d: a crise como seu fundamento;<\/p>\n<p>II \u2013 O analista frente ao discurso de \u00f3dio segregador e a nova l\u00f3gica coletiva;<\/p>\n<p>III \u2013 O analista e a diversidade dos sintomas da \u00e9poca.<\/p>\n<p>Os trabalhos dever\u00e3o ser enviados para os e-mails de Gisela Sette (<a href=\"gmsl@terra.com.br\">gmsl@terra.com.br<\/a>) e Sandra Conrado (<a href=\"sandraconrado@uol.com.br\">sandraconrado@uol.com.br<\/a>) at\u00e9 dia 30 de setembro do corrente ano, constando:<\/p>\n<p>1 \u2013 No assunto do e-mal, o nome e sobrenome do autor e junto ao t\u00edtulo do artigo, o eixo para o qual deseja inscrev\u00ea-lo.<\/p>\n<p>2 \u2013 O artigo deve conter no m\u00e1ximo 7.000 caracteres com espa\u00e7o, bibliografia, formato Word, fonte Arial 12, espa\u00e7o entre linhas 1,5 e alinhamento justificado, sendo aconselh\u00e1vel que o autor tenha feito anteriormente a revis\u00e3o ortogr\u00e1fica do texto.<\/p>\n<p>Ressalta-se que para o envio do trabalho o autor dever\u00e1 estar inscrito na II Jornada.<\/p>\n<p>Os trabalhos ser\u00e3o submetidos \u00e0 aprecia\u00e7\u00e3o da comiss\u00e3o cientifica e, uma vez selecionados, ser\u00e3o distribu\u00eddos em mesas simult\u00e2neas para a apresenta\u00e7\u00e3o durante a II Jornada.<\/p>\n<p>O autor receber\u00e1 comunicado do recebimento do e-mail com o trabalho e, caso seja aceito, receber\u00e1 posteriormente, a programa\u00e7\u00e3o da Jornada, a mesa e o hor\u00e1rio da apresenta\u00e7\u00e3o do seu artigo.<\/p>\n<p>Alegres por recebermos sua produ\u00e7\u00e3o, agradecemos<\/p>\n<h6>Gisela Sette<br \/>\nSandra Conrado<br \/>\nCoordenadoras da Comiss\u00e3o Cient\u00edfica<\/h6>\n","protected":false},"excerpt":{"rendered":"<p>As inscri\u00e7\u00f5es dos trabalhos para a II Jornada da EBP-Se\u00e7\u00e3o Nordeste, que tem como&#8230;<\/p>\n","protected":false},"author":1,"featured_media":0,"parent":0,"menu_order":0,"comment_status":"closed","ping_status":"closed","template":"","meta":{"footnotes":""},"class_list":["post-10907","page","type-page","status-publish","hentry"],"acf":[],"_links":{"self":[{"href":"https:\/\/ebp.org.br\/nordeste\/jornadas\/2022\/wp-json\/wp\/v2\/pages\/10907","targetHints":{"allow":["GET"]}}],"collection":[{"href":"https:\/\/ebp.org.br\/nordeste\/jornadas\/2022\/wp-json\/wp\/v2\/pages"}],"about":[{"href":"https:\/\/ebp.org.br\/nordeste\/jornadas\/2022\/wp-json\/wp\/v2\/types\/page"}],"author":[{"embeddable":true,"href":"https:\/\/ebp.org.br\/nordeste\/jornadas\/2022\/wp-json\/wp\/v2\/users\/1"}],"replies":[{"embeddable":true,"href":"https:\/\/ebp.org.br\/nordeste\/jornadas\/2022\/wp-json\/wp\/v2\/comments?post=10907"}],"version-history":[{"count":2,"href":"https:\/\/ebp.org.br\/nordeste\/jornadas\/2022\/wp-json\/wp\/v2\/pages\/10907\/revisions"}],"predecessor-version":[{"id":5660225,"href":"https:\/\/ebp.org.br\/nordeste\/jornadas\/2022\/wp-json\/wp\/v2\/pages\/10907\/revisions\/5660225"}],"wp:attachment":[{"href":"https:\/\/ebp.org.br\/nordeste\/jornadas\/2022\/wp-json\/wp\/v2\/media?parent=10907"}],"curies":[{"name":"wp","href":"https:\/\/api.w.org\/{rel}","templated":true}]}}