{"id":10905,"date":"2022-07-08T16:18:15","date_gmt":"2022-07-08T19:18:15","guid":{"rendered":"https:\/\/ebp.org.br\/nordeste\/jornadas\/2022\/?page_id=10905"},"modified":"2022-08-16T18:49:31","modified_gmt":"2022-08-16T21:49:31","slug":"textos-de-orientacao","status":"publish","type":"page","link":"https:\/\/ebp.org.br\/nordeste\/jornadas\/2022\/textos-de-orientacao\/","title":{"rendered":"Textos de Orienta\u00e7\u00e3o"},"content":{"rendered":"[vc_row][vc_column]<div class=\"norebro-text-sc \" \n\tid=\"norebro-custom-69f85df60d5d8\" \n\t \n\t>\n\n\t<h3><span style=\"color: #333333;\">Textos de Orienta\u00e7\u00e3o &#8211; Eixo 1<\/span><\/h3>\n\t\n<\/div>[vc_separator color=&#8221;mulled_wine&#8221; border_width=&#8221;3&#8243;][vc_empty_space]<div class=\"norebro-recent-posts-sc vc_row blog-posts-masonry\" \n\tid=\"norebro-custom-69f85df60e898\"\n\t \n\t>\n\n\t<div class=\"norebro-masonry\" data-lazy-container=\"posts\"><div class=\" vc_col-lg-12 vc_col-md-12 vc_col-sm-12 vc_col-xs-12 blog-post-masonry masonry-block post-offset norebro-card-wrapper grid-item\" data-lazy-item=\"\" data-lazy-scope=\"posts\"><div class=\"blog-grid grid-1 boxed\" >\n\n\t<header>\n\t\t\n\t\t\t\t<div class=\"tags\">\n\t\t\t\t\t\t\t<a class=\"tag brand-bg-color brand-border-color\" href=\"https:\/\/ebp.org.br\/nordeste\/jornadas\/2022\/category\/textos-de-orientacao-eixo-1\/\">\n\t\t\t\t\tTextos de Orienta\u00e7\u00e3o Eixo 1\t\t\t\t<\/a>\n\t\t\t\t\t<\/div>\n\t\t\t<\/header>\n\n\t<div class=\"content\">\n\t\t<h3>\n\t\t\t\t\t\t<a href=\"https:\/\/ebp.org.br\/nordeste\/jornadas\/2022\/2022\/08\/16\/5660286\/\">\n\t\t\t\tA crian\u00e7a entre a mulher e a m\u00e3e\t\t\t<\/a>\n\t\t<\/h3>\n\t\t\n\t\t<p>A crian\u00e7a entre a mulher e a m\u00e3e1 JACQUES-ALAIN MILLER Escolhido por Fran\u00e7ois Ansermet...<\/p>\n\t<\/div>\n\n\t<footer>\n\t\t\t\t<span class=\"author\">iijebpne<\/span>\n\t\t<strong>&mdash;<\/strong>\n\t\t\t\t\t\t<span class=\"data\">agosto 16, 2022<\/span>\n\t\t\t<\/footer>\n\n<\/div>\n<div class=\"clear\"><\/div><\/div><div class=\" vc_col-lg-12 vc_col-md-12 vc_col-sm-12 vc_col-xs-12 blog-post-masonry masonry-block post-offset norebro-card-wrapper grid-item\" data-lazy-item=\"\" data-lazy-scope=\"posts\"><div class=\"blog-grid grid-1 boxed\" >\n\n\t<header>\n\t\t\n\t\t\t\t<div class=\"tags\">\n\t\t\t\t\t\t\t<a class=\"tag brand-bg-color brand-border-color\" href=\"https:\/\/ebp.org.br\/nordeste\/jornadas\/2022\/category\/textos-de-orientacao-eixo-1\/\">\n\t\t\t\t\tTextos de Orienta\u00e7\u00e3o Eixo 1\t\t\t\t<\/a>\n\t\t\t\t\t<\/div>\n\t\t\t<\/header>\n\n\t<div class=\"content\">\n\t\t<h3>\n\t\t\t\t\t\t<a href=\"https:\/\/ebp.org.br\/nordeste\/jornadas\/2022\/2022\/08\/16\/parentes-exasperes-enfants-terribles\/\">\n\t\t\t\tParentes Exasp\u00e9r\u00e9s - Enfants Terribles\t\t\t<\/a>\n\t\t<\/h3>\n\t\t\n\t\t<p>PARENTS EXASP\u00c9R\u00c9S \u2013 ENFANTS TERRIBLES Daniel Roy &nbsp; Tel est le titre que Jacques-Alain...<\/p>\n\t<\/div>\n\n\t<footer>\n\t\t\t\t<span class=\"author\">iijebpne<\/span>\n\t\t<strong>&mdash;<\/strong>\n\t\t\t\t\t\t<span class=\"data\">agosto 16, 2022<\/span>\n\t\t\t<\/footer>\n\n<\/div>\n<div class=\"clear\"><\/div><\/div><div class=\" vc_col-lg-12 vc_col-md-12 vc_col-sm-12 vc_col-xs-12 blog-post-masonry masonry-block post-offset norebro-card-wrapper grid-item\" data-lazy-item=\"\" data-lazy-scope=\"posts\"><div class=\"blog-grid grid-1 boxed\" >\n\n\t<header>\n\t\t\n\t\t\t\t<div class=\"tags\">\n\t\t\t\t\t\t\t<a class=\"tag brand-bg-color brand-border-color\" href=\"https:\/\/ebp.org.br\/nordeste\/jornadas\/2022\/category\/textos-de-orientacao-eixo-1\/\">\n\t\t\t\t\tTextos de Orienta\u00e7\u00e3o Eixo 1\t\t\t\t<\/a>\n\t\t\t\t\t<\/div>\n\t\t\t<\/header>\n\n\t<div class=\"content\">\n\t\t<h3>\n\t\t\t\t\t\t<a href=\"https:\/\/ebp.org.br\/nordeste\/jornadas\/2022\/2022\/08\/16\/famulus\/\">\n\t\t\t\tFamulus\t\t\t<\/a>\n\t\t<\/h3>\n\t\t\n\t\t<p>Famulus Miquel Bassols Presidente de la AMP\u00a0 Este pr\u00f3ximo VIII ENAPOL nos convoca al...<\/p>\n\t<\/div>\n\n\t<footer>\n\t\t\t\t<span class=\"author\">iijebpne<\/span>\n\t\t<strong>&mdash;<\/strong>\n\t\t\t\t\t\t<span class=\"data\">agosto 16, 2022<\/span>\n\t\t\t<\/footer>\n\n<\/div>\n<div class=\"clear\"><\/div><\/div><div class=\" vc_col-lg-12 vc_col-md-12 vc_col-sm-12 vc_col-xs-12 blog-post-masonry masonry-block post-offset norebro-card-wrapper grid-item\" data-lazy-item=\"\" data-lazy-scope=\"posts\"><div class=\"blog-grid grid-1 boxed\" >\n\n\t<header>\n\t\t\n\t\t\t\t<div class=\"tags\">\n\t\t\t\t\t\t\t<a class=\"tag brand-bg-color brand-border-color\" href=\"https:\/\/ebp.org.br\/nordeste\/jornadas\/2022\/category\/textos-de-orientacao-eixo-1\/\">\n\t\t\t\t\tTextos de Orienta\u00e7\u00e3o Eixo 1\t\t\t\t<\/a>\n\t\t\t\t\t<\/div>\n\t\t\t<\/header>\n\n\t<div class=\"content\">\n\t\t<h3>\n\t\t\t\t\t\t<a href=\"https:\/\/ebp.org.br\/nordeste\/jornadas\/2022\/2022\/08\/16\/familia-holofrase\/\">\n\t\t\t\tFam\u00edlia Hol\u00f3frase\t\t\t<\/a>\n\t\t<\/h3>\n\t\t\n\t\t<p>Fam\u00edlia Hol\u00f3frase1 Boa tarde, agrade\u00e7o a Andrea Eul\u00e1lio o convite para participar das atividades...<\/p>\n\t<\/div>\n\n\t<footer>\n\t\t\t\t<span class=\"author\">iijebpne<\/span>\n\t\t<strong>&mdash;<\/strong>\n\t\t\t\t\t\t<span class=\"data\">agosto 16, 2022<\/span>\n\t\t\t<\/footer>\n\n<\/div>\n<div class=\"clear\"><\/div><\/div><\/div>\t\n<\/div>[\/vc_column][\/vc_row][vc_row][vc_column]<div class=\"norebro-text-sc \" \n\tid=\"norebro-custom-69f85df6175a2\" \n\t \n\t>\n\n\t<h3><span style=\"color: #333333;\">Textos de Orienta\u00e7\u00e3o &#8211; Eixo 2<\/span><\/h3>\n\t\n<\/div>[vc_separator color=&#8221;mulled_wine&#8221; border_width=&#8221;3&#8243;][vc_empty_space]<div class=\"norebro-recent-posts-sc vc_row blog-posts-masonry\" \n\tid=\"norebro-custom-69f85df618599\"\n\t \n\t>\n\n\t<div class=\"norebro-masonry\" data-lazy-container=\"posts\"><div class=\" vc_col-lg-12 vc_col-md-12 vc_col-sm-12 vc_col-xs-12 blog-post-masonry masonry-block post-offset norebro-card-wrapper grid-item\" data-lazy-item=\"\" data-lazy-scope=\"posts\"><div class=\"blog-grid grid-1 boxed\" >\n\n\t<header>\n\t\t\n\t\t\t\t<div class=\"tags\">\n\t\t\t\t\t\t\t<a class=\"tag brand-bg-color brand-border-color\" href=\"https:\/\/ebp.org.br\/nordeste\/jornadas\/2022\/category\/textos-de-orientacao-eixo-2\/\">\n\t\t\t\t\tTextos de Orienta\u00e7\u00e3o Eixo 2\t\t\t\t<\/a>\n\t\t\t\t\t<\/div>\n\t\t\t<\/header>\n\n\t<div class=\"content\">\n\t\t<h3>\n\t\t\t\t\t\t<a href=\"https:\/\/ebp.org.br\/nordeste\/jornadas\/2022\/2022\/09\/04\/a-experiencia-analitica-um-antidoto-para-o-racismo1\/\">\n\t\t\t\tA experi\u00eancia anal\u00edtica: um ant\u00eddoto para o racismo?[1]\t\t\t<\/a>\n\t\t<\/h3>\n\t\t\n\t\t<p>Elisa Alvarenga Na \u00faltima li\u00e7\u00e3o do seu Semin\u00e1rio &#8230;ou pior, em 1972, Lacan enuncia...<\/p>\n\t<\/div>\n\n\t<footer>\n\t\t\t\t<span class=\"author\">iijebpne<\/span>\n\t\t<strong>&mdash;<\/strong>\n\t\t\t\t\t\t<span class=\"data\">setembro 4, 2022<\/span>\n\t\t\t<\/footer>\n\n<\/div>\n<div class=\"clear\"><\/div><\/div><div class=\" vc_col-lg-12 vc_col-md-12 vc_col-sm-12 vc_col-xs-12 blog-post-masonry masonry-block post-offset norebro-card-wrapper grid-item\" data-lazy-item=\"\" data-lazy-scope=\"posts\"><div class=\"blog-grid grid-1 boxed\" >\n\n\t<header>\n\t\t\n\t\t\t\t<div class=\"tags\">\n\t\t\t\t\t\t\t<a class=\"tag brand-bg-color brand-border-color\" href=\"https:\/\/ebp.org.br\/nordeste\/jornadas\/2022\/category\/textos-de-orientacao-eixo-2\/\">\n\t\t\t\t\tTextos de Orienta\u00e7\u00e3o Eixo 2\t\t\t\t<\/a>\n\t\t\t\t\t<\/div>\n\t\t\t<\/header>\n\n\t<div class=\"content\">\n\t\t<h3>\n\t\t\t\t\t\t<a href=\"https:\/\/ebp.org.br\/nordeste\/jornadas\/2022\/2022\/08\/16\/o-racismo-2-0\/\">\n\t\t\t\tO racismo 2.0\t\t\t<\/a>\n\t\t<\/h3>\n\t\t\n\t\t<p>O racismo 2.0 por \u00c9ric Laurent Os recentes debates que t\u00eam lugar em torno...<\/p>\n\t<\/div>\n\n\t<footer>\n\t\t\t\t<span class=\"author\">iijebpne<\/span>\n\t\t<strong>&mdash;<\/strong>\n\t\t\t\t\t\t<span class=\"data\">agosto 16, 2022<\/span>\n\t\t\t<\/footer>\n\n<\/div>\n<div class=\"clear\"><\/div><\/div><div class=\" vc_col-lg-12 vc_col-md-12 vc_col-sm-12 vc_col-xs-12 blog-post-masonry masonry-block post-offset norebro-card-wrapper grid-item\" data-lazy-item=\"\" data-lazy-scope=\"posts\"><div class=\"blog-grid grid-1 boxed\" >\n\n\t<header>\n\t\t\n\t\t\t\t<div class=\"tags\">\n\t\t\t\t\t\t\t<a class=\"tag brand-bg-color brand-border-color\" href=\"https:\/\/ebp.org.br\/nordeste\/jornadas\/2022\/category\/textos-de-orientacao-eixo-2\/\">\n\t\t\t\t\tTextos de Orienta\u00e7\u00e3o Eixo 2\t\t\t\t<\/a>\n\t\t\t\t\t<\/div>\n\t\t\t<\/header>\n\n\t<div class=\"content\">\n\t\t<h3>\n\t\t\t\t\t\t<a href=\"https:\/\/ebp.org.br\/nordeste\/jornadas\/2022\/2022\/08\/16\/o-discurso-capitalista-e-o-impossivel\/\">\n\t\t\t\tO discurso capitalista e o imposs\u00edvel\t\t\t<\/a>\n\t\t<\/h3>\n\t\t\n\t\t<p>O discurso capitalista e o imposs\u00edvel Fabi\u00e1n Fajnwaks Psicanalista, AME, membro da Escola de...<\/p>\n\t<\/div>\n\n\t<footer>\n\t\t\t\t<span class=\"author\">iijebpne<\/span>\n\t\t<strong>&mdash;<\/strong>\n\t\t\t\t\t\t<span class=\"data\">agosto 16, 2022<\/span>\n\t\t\t<\/footer>\n\n<\/div>\n<div class=\"clear\"><\/div><\/div><\/div>\t\n<\/div>[\/vc_column][\/vc_row][vc_row][vc_column]<div class=\"norebro-text-sc \" \n\tid=\"norebro-custom-69f85df61d763\" \n\t \n\t>\n\n\t<h3><span style=\"color: #333333;\">Textos de Orienta\u00e7\u00e3o &#8211; Eixo 3<\/span><\/h3>\n\t\n<\/div>[vc_separator color=&#8221;mulled_wine&#8221; border_width=&#8221;3&#8243;][vc_empty_space]<div class=\"norebro-recent-posts-sc vc_row blog-posts-masonry\" \n\tid=\"norebro-custom-69f85df61e736\"\n\t \n\t>\n\n\t<div class=\"norebro-masonry\" data-lazy-container=\"posts\"><div class=\" vc_col-lg-12 vc_col-md-12 vc_col-sm-12 vc_col-xs-12 blog-post-masonry masonry-block post-offset norebro-card-wrapper grid-item\" data-lazy-item=\"\" data-lazy-scope=\"posts\"><div class=\"blog-grid grid-1 boxed\" >\n\n\t<header>\n\t\t\n\t\t\t\t<div class=\"tags\">\n\t\t\t\t\t\t\t<a class=\"tag brand-bg-color brand-border-color\" href=\"https:\/\/ebp.org.br\/nordeste\/jornadas\/2022\/category\/textos-de-orientacao-eixo-3\/\">\n\t\t\t\t\tTextos de Orienta\u00e7\u00e3o Eixo 3\t\t\t\t<\/a>\n\t\t\t\t\t<\/div>\n\t\t\t<\/header>\n\n\t<div class=\"content\">\n\t\t<h3>\n\t\t\t\t\t\t<a href=\"https:\/\/ebp.org.br\/nordeste\/jornadas\/2022\/2022\/08\/16\/a-interpretacao-da-escuta-ao-escrito\/\">\n\t\t\t\tA Interpreta\u00e7\u00e3o: da escuta ao escrito\t\t\t<\/a>\n\t\t<\/h3>\n\t\t\n\t\t<p>A INTERPRETA\u00c7\u00c3O: DA ESCUTA AO ESCRITO \u00c9ric Laurent Psicanalista, AME, membro da EBP, ECF,...<\/p>\n\t<\/div>\n\n\t<footer>\n\t\t\t\t<span class=\"author\">iijebpne<\/span>\n\t\t<strong>&mdash;<\/strong>\n\t\t\t\t\t\t<span class=\"data\">agosto 16, 2022<\/span>\n\t\t\t<\/footer>\n\n<\/div>\n<div class=\"clear\"><\/div><\/div><div class=\" vc_col-lg-12 vc_col-md-12 vc_col-sm-12 vc_col-xs-12 blog-post-masonry masonry-block post-offset norebro-card-wrapper grid-item\" data-lazy-item=\"\" data-lazy-scope=\"posts\"><div class=\"blog-grid grid-1 boxed\" >\n\n\t<header>\n\t\t\n\t\t\t\t<div class=\"tags\">\n\t\t\t\t\t\t\t<a class=\"tag brand-bg-color brand-border-color\" href=\"https:\/\/ebp.org.br\/nordeste\/jornadas\/2022\/category\/textos-de-orientacao-eixo-3\/\">\n\t\t\t\t\tTextos de Orienta\u00e7\u00e3o Eixo 3\t\t\t\t<\/a>\n\t\t\t\t\t<\/div>\n\t\t\t<\/header>\n\n\t<div class=\"content\">\n\t\t<h3>\n\t\t\t\t\t\t<a href=\"https:\/\/ebp.org.br\/nordeste\/jornadas\/2022\/2022\/08\/16\/ler-um-sintoma\/\">\n\t\t\t\tLer um sintoma*\t\t\t<\/a>\n\t\t<\/h3>\n\t\t\n\t\t<p>Ler um sintoma* Jacques-Alain Miller Tenho que lhes revelar o t\u00edtulo do pr\u00f3ximo congresso...<\/p>\n\t<\/div>\n\n\t<footer>\n\t\t\t\t<span class=\"author\">iijebpne<\/span>\n\t\t<strong>&mdash;<\/strong>\n\t\t\t\t\t\t<span class=\"data\">agosto 16, 2022<\/span>\n\t\t\t<\/footer>\n\n<\/div>\n<div class=\"clear\"><\/div><\/div><\/div>\t\n<\/div>[\/vc_column][\/vc_row]\n","protected":false},"excerpt":{"rendered":"<p>[vc_row][vc_column][vc_separator color=&#8221;mulled_wine&#8221; border_width=&#8221;3&#8243;][vc_empty_space][\/vc_column][\/vc_row][vc_row][vc_column][vc_separator color=&#8221;mulled_wine&#8221; border_width=&#8221;3&#8243;][vc_empty_space][\/vc_column][\/vc_row][vc_row][vc_column][vc_separator color=&#8221;mulled_wine&#8221; border_width=&#8221;3&#8243;][vc_empty_space][\/vc_column][\/vc_row]<\/p>\n","protected":false},"author":1,"featured_media":0,"parent":0,"menu_order":0,"comment_status":"closed","ping_status":"closed","template":"","meta":{"footnotes":""},"class_list":["post-10905","page","type-page","status-publish","hentry"],"acf":[],"_links":{"self":[{"href":"https:\/\/ebp.org.br\/nordeste\/jornadas\/2022\/wp-json\/wp\/v2\/pages\/10905","targetHints":{"allow":["GET"]}}],"collection":[{"href":"https:\/\/ebp.org.br\/nordeste\/jornadas\/2022\/wp-json\/wp\/v2\/pages"}],"about":[{"href":"https:\/\/ebp.org.br\/nordeste\/jornadas\/2022\/wp-json\/wp\/v2\/types\/page"}],"author":[{"embeddable":true,"href":"https:\/\/ebp.org.br\/nordeste\/jornadas\/2022\/wp-json\/wp\/v2\/users\/1"}],"replies":[{"embeddable":true,"href":"https:\/\/ebp.org.br\/nordeste\/jornadas\/2022\/wp-json\/wp\/v2\/comments?post=10905"}],"version-history":[{"count":5,"href":"https:\/\/ebp.org.br\/nordeste\/jornadas\/2022\/wp-json\/wp\/v2\/pages\/10905\/revisions"}],"predecessor-version":[{"id":5660299,"href":"https:\/\/ebp.org.br\/nordeste\/jornadas\/2022\/wp-json\/wp\/v2\/pages\/10905\/revisions\/5660299"}],"wp:attachment":[{"href":"https:\/\/ebp.org.br\/nordeste\/jornadas\/2022\/wp-json\/wp\/v2\/media?parent=10905"}],"curies":[{"name":"wp","href":"https:\/\/api.w.org\/{rel}","templated":true}]}}