{"id":10902,"date":"2022-07-08T16:15:46","date_gmt":"2022-07-08T19:15:46","guid":{"rendered":"https:\/\/ebp.org.br\/nordeste\/jornadas\/2022\/?page_id=10902"},"modified":"2022-09-21T10:37:48","modified_gmt":"2022-09-21T13:37:48","slug":"atividades-preparatorias","status":"publish","type":"page","link":"https:\/\/ebp.org.br\/nordeste\/jornadas\/2022\/atividades-preparatorias\/","title":{"rendered":"Atividades Preparat\u00f3rias"},"content":{"rendered":"[vc_row][vc_column width=&#8221;2\/3&#8243;][vc_column_text]\n<h3><span style=\"color: #993300;\">ATIVIDADE DE LAN\u00c7AMENTO DA II JORNADA DA SE\u00c7\u00c3O NORDESTE<\/span><\/h3>\n<p><strong>\u201cE O ANALISTA EM TEMPOS DA EVAPORA\u00c7\u00c3O DO PAI?\u201d- 04 e 05 de novembro de 2022<\/strong><\/p>\n<ul>\n<li>Abertura: Jos\u00e9 Carlos Lapenda \u2013 Diretor Geral da Se\u00e7\u00e3o Nordeste<\/li>\n<li>Coordena: Cleide Monteiro \u2013 Diretora da II Jornada<\/li>\n<li>Apresentam: Gisella Sette e Sandra Conrado \u2013 Coordenadoras da Comiss\u00e3o Cient\u00edfica<\/li>\n<li>Debatem: Anamaria Vasconcelos, Cassandra Dias, M\u00aa Cristina Maia, Cl\u00e1udia Formiga, Margarida Assad, Susane Zanotti<\/li>\n<li>Dia: 05\/07<\/li>\n<li>Hor\u00e1rio: 20h<\/li>\n<\/ul>\n[\/vc_column_text][\/vc_column][vc_column width=&#8221;1\/3&#8243;][vc_video link=&#8221;https:\/\/youtu.be\/iBKlsE67XfI&#8221;][\/vc_column][\/vc_row][vc_row][vc_column width=&#8221;2\/3&#8243;][vc_column_text]\n<h3><span style=\"color: #993300;\">ATIVIDADE PREPARAT\u00d3RIA \u2013 Eixo 1 &#8211; A \u201cfam\u00edlia hol\u00f3frase\u201d: a crise como seu fundamento<\/span><\/h3>\n<ul>\n<li>Apresentam: M\u00aa Cristina Maia e Susane Zanotti \u2013 Coordenadoras do Eixo 1<\/li>\n<li>Dia: 19\/07<\/li>\n<li>Hor\u00e1rio: 20h<\/li>\n<\/ul>\n[\/vc_column_text][\/vc_column][vc_column width=&#8221;1\/3&#8243;][vc_video link=&#8221;https:\/\/youtu.be\/33snnbDCUKE&#8221;][\/vc_column][\/vc_row][vc_row][vc_column width=&#8221;2\/3&#8243;][vc_column_text]\n<h3><span style=\"color: #993300;\">ATIVIDADE PREPARAT\u00d3RIA \u2013 Eixo 2: O analista frente ao discurso de \u00f3dio segregador e a nova l\u00f3gica coletiva<\/span><\/h3>\n<ul>\n<li>Apresentam: Cl\u00e1udia Formiga e Margarida Assad &#8211; Coordenadoras do Eixo 2<\/li>\n<li>Dia: 16\/08<\/li>\n<li>Hor\u00e1rio: 20h<\/li>\n<\/ul>\n[\/vc_column_text][\/vc_column][vc_column width=&#8221;1\/3&#8243;][vc_video link=&#8221;https:\/\/youtu.be\/yXMI0U8TmvQ&#8221;][\/vc_column][\/vc_row][vc_row][vc_column width=&#8221;2\/3&#8243;][vc_column_text]\n<h3><span style=\"color: #993300;\">ATIVIDADE PREPARAT\u00d3RIA \u2013 Eixo 3 &#8211; O analista na diversidade dos sintomas contempor\u00e2neos<\/span><\/h3>\n<ul>\n<li>Apresentam: Anamaria Vasconcelos e Cassandra Dias &#8211; Coordenadoras do Eixo 3<\/li>\n<li>Dia: 20\/09<\/li>\n<li>Hor\u00e1rio: 20h<\/li>\n<\/ul>\n[\/vc_column_text][\/vc_column][vc_column width=&#8221;1\/3&#8243;][vc_video link=&#8221;https:\/\/youtu.be\/a7zwToJXi_E&#8221;][\/vc_column][\/vc_row]\n","protected":false},"excerpt":{"rendered":"<p>[vc_row][vc_column width=&#8221;2\/3&#8243;][vc_column_text] ATIVIDADE DE LAN\u00c7AMENTO DA II JORNADA DA SE\u00c7\u00c3O NORDESTE \u201cE O ANALISTA&#8230;<\/p>\n","protected":false},"author":1,"featured_media":0,"parent":0,"menu_order":0,"comment_status":"closed","ping_status":"closed","template":"","meta":{"footnotes":""},"class_list":["post-10902","page","type-page","status-publish","hentry"],"acf":[],"_links":{"self":[{"href":"https:\/\/ebp.org.br\/nordeste\/jornadas\/2022\/wp-json\/wp\/v2\/pages\/10902","targetHints":{"allow":["GET"]}}],"collection":[{"href":"https:\/\/ebp.org.br\/nordeste\/jornadas\/2022\/wp-json\/wp\/v2\/pages"}],"about":[{"href":"https:\/\/ebp.org.br\/nordeste\/jornadas\/2022\/wp-json\/wp\/v2\/types\/page"}],"author":[{"embeddable":true,"href":"https:\/\/ebp.org.br\/nordeste\/jornadas\/2022\/wp-json\/wp\/v2\/users\/1"}],"replies":[{"embeddable":true,"href":"https:\/\/ebp.org.br\/nordeste\/jornadas\/2022\/wp-json\/wp\/v2\/comments?post=10902"}],"version-history":[{"count":9,"href":"https:\/\/ebp.org.br\/nordeste\/jornadas\/2022\/wp-json\/wp\/v2\/pages\/10902\/revisions"}],"predecessor-version":[{"id":5660353,"href":"https:\/\/ebp.org.br\/nordeste\/jornadas\/2022\/wp-json\/wp\/v2\/pages\/10902\/revisions\/5660353"}],"wp:attachment":[{"href":"https:\/\/ebp.org.br\/nordeste\/jornadas\/2022\/wp-json\/wp\/v2\/media?parent=10902"}],"curies":[{"name":"wp","href":"https:\/\/api.w.org\/{rel}","templated":true}]}}