{"id":10895,"date":"2022-07-08T16:09:03","date_gmt":"2022-07-08T19:09:03","guid":{"rendered":"https:\/\/ebp.org.br\/nordeste\/jornadas\/2022\/?page_id=10895"},"modified":"2022-07-22T09:39:00","modified_gmt":"2022-07-22T12:39:00","slug":"eixo-1-a-familia-holofrase-a-crise-como-seu-fundamento","status":"publish","type":"page","link":"https:\/\/ebp.org.br\/nordeste\/jornadas\/2022\/eixo-1-a-familia-holofrase-a-crise-como-seu-fundamento\/","title":{"rendered":"Eixo 1: A \u201cfam\u00edlia hol\u00f3frase\u201d: a crise como seu fundamento"},"content":{"rendered":"<h3><span style=\"color: #993300;\"><strong>Eixo 1<\/strong>: <strong>A \u201cfam\u00edlia hol\u00f3frase\u201d: a crise como seu fundamento<\/strong><\/span><\/h3>\n<p style=\"text-align: justify;\">Da pr\u00e1tica cl\u00ednica, constatamos a inconsist\u00eancia da fam\u00edlia p\u00f3s-moderna quanto ao simb\u00f3lico<a href=\"#_edn1\" name=\"_ednref1\">[i]<\/a>. Quais os efeitos das muta\u00e7\u00f5es do gozo e dos la\u00e7os sociais na fam\u00edlia? E o analista diante dessas modifica\u00e7\u00f5es?<\/p>\n<p style=\"text-align: justify;\">As formula\u00e7\u00f5es de Daniel Roy acerca do bin\u00f4mio \u2018pais exasperados-crian\u00e7as terr\u00edveis\u2019, indicam uma dire\u00e7\u00e3o: \u201cDescompactar a \u2018fam\u00edlia hol\u00f3frase\u2019, de certa forma, sem uma grade de avalia\u00e7\u00e3o, nem modelo ideal\u201d<a href=\"#_edn2\" name=\"_ednref2\">[ii]<\/a>. O sintagma proposto por Laurent<a href=\"#_edn3\" name=\"_ednref3\">[iii]<\/a> ao afirmar que \u201ca fam\u00edlia moderna \u00e9 uma hol\u00f3frase\u201d, enfatiza a especificidade da hol\u00f3frase no ensino de Lacan. Tomada da lingu\u00edstica em sua fun\u00e7\u00e3o de exprimir uma frase inteira por uma s\u00f3 palavra ou palavra-frase, Lacan remete a hol\u00f3frase \u00e0 psicose, para afirmar a fun\u00e7\u00e3o do Um \u2018sozinho\u2019. Laurent<a href=\"#_edn4\" name=\"_ednref4\">[iv]<\/a> destaca que a hol\u00f3frase tem outras virtudes: nos permite ver a condensa\u00e7\u00e3o de fun\u00e7\u00f5es complexas em um \u00fanico elemento que pode parecer simples.<\/p>\n<p style=\"text-align: justify;\">O que testemunhamos sobre as modifica\u00e7\u00f5es nas fam\u00edlias? Das hol\u00f3frases contempor\u00e2neas, destacamos ser m\u00e3e e querer um filho<a href=\"#_edn5\" name=\"_ednref5\">[v]<\/a>. Como evidencia Roy, em sua leitura da \u2018agita\u00e7\u00e3o do real\u2019 na p\u00f3s-modernidade; a crise se encontra no pr\u00f3prio fundamento da fam\u00edlia. A crise \u00e9 o que funda a fam\u00edlia em fun\u00e7\u00e3o da evapora\u00e7\u00e3o do pai. Nesse contexto, as contribui\u00e7\u00f5es cl\u00ednicas s\u00e3o essenciais \u00e0 interpreta\u00e7\u00e3o do tema.<\/p>\n<p style=\"text-align: justify;\">Convidamos cada um, a extrair consequ\u00eancias \u2018do analista em tempos de evapora\u00e7\u00e3o do pai\u2019, a partir da complexidade das fam\u00edlias holofr\u00e1sicas, e enviar seus trabalhos. O que pode o analista em um espa\u00e7o t\u00e3o denso que s\u00f3 mostra a opacidade do S1? Quais as dimens\u00f5es da interpreta\u00e7\u00e3o relacionadas \u00e0 parentalidade, ao trabalho do psicanalista em institui\u00e7\u00f5es, \u00e0 cl\u00ednica da filia\u00e7\u00e3o, \u00e0 procria\u00e7\u00e3o medicalmente assistida e \u00e0s novas consequ\u00eancias dos avan\u00e7os das biotecnologias? Vamos l\u00e1!!!<\/p>\n<h5>M\u00aa Cristina Maia (EBP\/AMP)<u><\/u><br \/>\n<u><\/u>Susane Zanotti (EBP\/AMP)<u><\/u><\/h5>\n<hr \/>\n<h5 style=\"text-align: justify;\"><a href=\"#_ednref1\" name=\"_edn1\">[i]<\/a> ROY, D. Pais exasperados, crian\u00e7as terr\u00edveis. Dispon\u00edvel em: https:\/\/institut-enfant.fr\/wp-content\/uploads\/2021\/01\/PARENTS_EXASPERES.pdf. Acesso em: 9 jul. 2021. Texto de orienta\u00e7\u00e3o para a 7\u00aa Journ\u00e9e de l\u2019Institut psychanalytique de l\u2019Enfant.<\/h5>\n<h5 style=\"text-align: justify;\"><a href=\"#_ednref2\" name=\"_edn2\">[ii]<\/a> Idem.<\/h5>\n<h5 style=\"text-align: justify;\"><a href=\"#_ednref3\" name=\"_edn3\">[iii]<\/a> LAURENT \u00c9. Instituci\u00f3n del fantasma, fantasma de la instituci\u00f3n. In: Hay un fin de analisis para los ni\u00f1os. 2\u00ba edici\u00f3n. Buenos Aires: Colecci\u00f3n Diva, marzo de 2003, p. 187.<\/h5>\n<h5 style=\"text-align: justify;\"><a href=\"#_ednref4\" name=\"_edn4\">[iv]<\/a> Idem.<\/h5>\n<h5 style=\"text-align: justify;\"><a href=\"#_ednref5\" name=\"_edn5\">[v]<\/a> BOSQUIN-CAROZ, P. Holophrases contemporaines: \u00catre m\u00e8re, et vouloir un enfant. Dispon\u00edvel em : <a href=\"https:\/\/www.pipol10.eu\/2021\/06\/28\/holophrases-contemporaines-etre-mere-et-vouloir-un-enfant-%20patricia-b-caroz\/\">https:\/\/www.pipol10.eu\/2021\/06\/28\/holophrases-contemporaines-etre-mere-et-vouloir-un-enfant- patricia-b-caroz\/<\/a><\/h5>\n","protected":false},"excerpt":{"rendered":"<p>Eixo 1: A \u201cfam\u00edlia hol\u00f3frase\u201d: a crise como seu fundamento Da pr\u00e1tica cl\u00ednica, constatamos&#8230;<\/p>\n","protected":false},"author":1,"featured_media":0,"parent":0,"menu_order":0,"comment_status":"closed","ping_status":"closed","template":"","meta":{"footnotes":""},"class_list":["post-10895","page","type-page","status-publish","hentry"],"acf":[],"_links":{"self":[{"href":"https:\/\/ebp.org.br\/nordeste\/jornadas\/2022\/wp-json\/wp\/v2\/pages\/10895","targetHints":{"allow":["GET"]}}],"collection":[{"href":"https:\/\/ebp.org.br\/nordeste\/jornadas\/2022\/wp-json\/wp\/v2\/pages"}],"about":[{"href":"https:\/\/ebp.org.br\/nordeste\/jornadas\/2022\/wp-json\/wp\/v2\/types\/page"}],"author":[{"embeddable":true,"href":"https:\/\/ebp.org.br\/nordeste\/jornadas\/2022\/wp-json\/wp\/v2\/users\/1"}],"replies":[{"embeddable":true,"href":"https:\/\/ebp.org.br\/nordeste\/jornadas\/2022\/wp-json\/wp\/v2\/comments?post=10895"}],"version-history":[{"count":5,"href":"https:\/\/ebp.org.br\/nordeste\/jornadas\/2022\/wp-json\/wp\/v2\/pages\/10895\/revisions"}],"predecessor-version":[{"id":5660262,"href":"https:\/\/ebp.org.br\/nordeste\/jornadas\/2022\/wp-json\/wp\/v2\/pages\/10895\/revisions\/5660262"}],"wp:attachment":[{"href":"https:\/\/ebp.org.br\/nordeste\/jornadas\/2022\/wp-json\/wp\/v2\/media?parent=10895"}],"curies":[{"name":"wp","href":"https:\/\/api.w.org\/{rel}","templated":true}]}}