{"id":10893,"date":"2022-07-08T16:08:38","date_gmt":"2022-07-08T19:08:38","guid":{"rendered":"https:\/\/ebp.org.br\/nordeste\/jornadas\/2022\/?page_id=10893"},"modified":"2022-07-09T07:55:40","modified_gmt":"2022-07-09T10:55:40","slug":"organizacao","status":"publish","type":"page","link":"https:\/\/ebp.org.br\/nordeste\/jornadas\/2022\/organizacao\/","title":{"rendered":"Organiza\u00e7\u00e3o"},"content":{"rendered":"<h3><span style=\"color: #993300;\">Organiza\u00e7\u00e3o<\/span><\/h3>\n<p><span style=\"color: #993300;\"><strong>Dire\u00e7\u00e3o Geral:<\/strong>\u00a0<\/span><\/p>\n<ul>\n<li>Jos\u00e9 Carlos Lapenda (EBP\/AMP)<\/li>\n<li>Cleide Pereira Monteiro (EBP\/AMP)<\/li>\n<\/ul>\n<hr \/>\n<p><span style=\"color: #993300;\"><strong>Comiss\u00e3o Cient\u00edfica:<\/strong><\/span><\/p>\n<p><strong>Coordena\u00e7\u00e3o:<\/strong><\/p>\n<ul>\n<li>Gisella Sette (EBP\/AMP)<\/li>\n<li>Sandra Conrado<\/li>\n<\/ul>\n<hr \/>\n<p><span style=\"color: #993300;\"><strong>Eixos Tem\u00e1ticos<\/strong><\/span><\/p>\n<p><strong>\u00a0<\/strong><strong>Eixo 1<\/strong>: <strong>A \u201cfam\u00edlia hol\u00f3frase\u201d: a crise como seu fundamento<\/strong><\/p>\n<p><strong>Coordena\u00e7\u00e3o:<\/strong><\/p>\n<ul>\n<li>M\u00aa Cristina Maia (EBP\/AMP)<\/li>\n<li>Susane Zanotti (EBP\/AMP)<\/li>\n<\/ul>\n<p><strong>Eixo 2<\/strong>: <strong>O analista frente ao discurso de \u00f3dio segregador e a nova l\u00f3gica coletiva<\/strong><\/p>\n<p><strong>Coordena\u00e7\u00e3o:<\/strong><\/p>\n<ul>\n<li>Margarida Assad (EBP\/AMP)<\/li>\n<li>Cl\u00e1udia Formiga (EBP\/AMP)<\/li>\n<\/ul>\n<p><strong>Eixo 3<\/strong>: <strong>O analista na diversidade dos sintomas da \u00e9poca<\/strong><\/p>\n<p><strong>Coordena\u00e7\u00e3o:<\/strong><\/p>\n<ul>\n<li>Anamaria Vasconcelos (EBP\/AMP)<\/li>\n<li>Cassandra Dias (EBP\/AMP)<\/li>\n<\/ul>\n<hr \/>\n<p><span style=\"color: #993300;\"><strong>Comiss\u00e3o de Bibliografia<\/strong><\/span><\/p>\n<ul>\n<li>Coordena\u00e7\u00e3o: L\u00eddia Pessoa<\/li>\n<li>Carlange de Castro<\/li>\n<li>\u00c9der Galiza Cirilo<\/li>\n<li>Edgley Duarte de Lima<\/li>\n<li>Erick Leonardo<\/li>\n<li>Nelson Matheu\u200bs Silva<\/li>\n<li>Paulo Carvalho<\/li>\n<\/ul>\n<hr \/>\n<p><span style=\"color: #993300;\"><strong>Comiss\u00e3o de Secretaria e Tesouraria<\/strong><\/span><\/p>\n<ul>\n<li>Coordena\u00e7\u00e3o<strong>:<\/strong>\u00a0 Bibiana Poggi (EBP\/AMP)<\/li>\n<li>Jos\u00e9 Rogerio Tomaz<\/li>\n<li>Larissa Solto Maior<\/li>\n<li>Roberta de Ara\u00fajo Gusm\u00e3o<\/li>\n<li>Tereza Christina Brasileiro Lyra<\/li>\n<\/ul>\n<hr \/>\n<p><span style=\"color: #993300;\"><strong>Comiss\u00e3o Planejamento<\/strong><\/span><\/p>\n<ul>\n<li>K\u00e9sia Ramos<\/li>\n<li>Bruno Senna<\/li>\n<\/ul>\n<hr \/>\n<p><strong><span style=\"color: #993300;\">Comiss\u00e3o de Arte, Comunica\u00e7\u00e3o e Difus\u00e3o\u00a0<\/span> <\/strong><\/p>\n<ul>\n<li>Coordena\u00e7\u00e3o:\u00a0 K\u00e9sia Ramos<\/li>\n<li>Bruno Senna<\/li>\n<li>Carolina Queiroz<\/li>\n<li>Janu\u00e1rio Marques<\/li>\n<li>Pauleska N\u00f3brega<\/li>\n<li>Suele Conde<\/li>\n<\/ul>\n","protected":false},"excerpt":{"rendered":"<p>Organiza\u00e7\u00e3o Dire\u00e7\u00e3o Geral:\u00a0 Jos\u00e9 Carlos Lapenda (EBP\/AMP) Cleide Pereira Monteiro (EBP\/AMP) Comiss\u00e3o Cient\u00edfica: Coordena\u00e7\u00e3o:&#8230;<\/p>\n","protected":false},"author":1,"featured_media":0,"parent":0,"menu_order":0,"comment_status":"closed","ping_status":"closed","template":"","meta":{"footnotes":""},"class_list":["post-10893","page","type-page","status-publish","hentry"],"acf":[],"_links":{"self":[{"href":"https:\/\/ebp.org.br\/nordeste\/jornadas\/2022\/wp-json\/wp\/v2\/pages\/10893","targetHints":{"allow":["GET"]}}],"collection":[{"href":"https:\/\/ebp.org.br\/nordeste\/jornadas\/2022\/wp-json\/wp\/v2\/pages"}],"about":[{"href":"https:\/\/ebp.org.br\/nordeste\/jornadas\/2022\/wp-json\/wp\/v2\/types\/page"}],"author":[{"embeddable":true,"href":"https:\/\/ebp.org.br\/nordeste\/jornadas\/2022\/wp-json\/wp\/v2\/users\/1"}],"replies":[{"embeddable":true,"href":"https:\/\/ebp.org.br\/nordeste\/jornadas\/2022\/wp-json\/wp\/v2\/comments?post=10893"}],"version-history":[{"count":6,"href":"https:\/\/ebp.org.br\/nordeste\/jornadas\/2022\/wp-json\/wp\/v2\/pages\/10893\/revisions"}],"predecessor-version":[{"id":5660218,"href":"https:\/\/ebp.org.br\/nordeste\/jornadas\/2022\/wp-json\/wp\/v2\/pages\/10893\/revisions\/5660218"}],"wp:attachment":[{"href":"https:\/\/ebp.org.br\/nordeste\/jornadas\/2022\/wp-json\/wp\/v2\/media?parent=10893"}],"curies":[{"name":"wp","href":"https:\/\/api.w.org\/{rel}","templated":true}]}}