{"id":5893,"date":"2025-11-10T15:40:59","date_gmt":"2025-11-10T18:40:59","guid":{"rendered":"https:\/\/ebp.org.br\/mg\/?page_id=5893"},"modified":"2025-11-10T15:53:35","modified_gmt":"2025-11-10T18:53:35","slug":"nao-ha-relacao-sexual-2026","status":"publish","type":"page","link":"https:\/\/ebp.org.br\/mg\/nao-ha-relacao-sexual-2026\/","title":{"rendered":"\u201cN\u00e3o h\u00e1 rela\u00e7\u00e3o sexual\u201d &#8211; 2026"},"content":{"rendered":"<section class=\"wpb-content-wrapper\">[vc_row][vc_column width=&#8221;1\/2&#8243;][vc_column_text]\n<h3><strong>Atividade preparat\u00f3ria para o XV CONGRESSO DA AMP: N\u00c3O H\u00c1 RELA\u00c7\u00c3O SEXUAL<\/strong><\/h3>\n<p><strong>Apresentam:<\/strong> Lilany Pacheco (EBP\/AMP) e Andr\u00e9a Eul\u00e1lio (EBP\/AMP)<\/p>\n<p><strong>Comenta:<\/strong> Elisa Alvarenga (EBP\/AMP)<\/p>\n<p><strong>Coordena<\/strong>: Anamaris Pinto (EBP\/AMP)<\/p>\n<ul>\n<li>Data: 27\/11\/2025<\/li>\n<li>Hor\u00e1rio: 20h30<\/li>\n<li>Local: Sede da EBP\/MG<\/li>\n<li>Evento Presencial, n\u00e3o requer inscri\u00e7\u00e3o pr\u00e9via.<\/li>\n<\/ul>\n<h3><b>Conversa\u00e7\u00e3o sobre o Scilicet &#8211; Rumo ao XV Congresso da AMP \u2013 \u201cN\u00e3o h\u00e1 rela\u00e7\u00e3o sexual\u201d<\/b><\/h3>\n<div>\n<p>Data: 02\/12\/2025<\/p>\n<\/div>\n<div>Hor\u00e1rio: 20h<\/div>\n<div>Atividade Via Zoom<br \/>\nInscri\u00e7\u00f5es:\u00a0<a href=\"https:\/\/forms.gle\/MbUPeUxJpX7nfTRK9\" target=\"_blank\" rel=\"noopener\" data-saferedirecturl=\"https:\/\/www.google.com\/url?q=https:\/\/forms.gle\/MbUPeUxJpX7nfTRK9&amp;source=gmail&amp;ust=1762883941076000&amp;usg=AOvVaw366mQDc9UTzVAyLvulJF-V\">https:\/\/forms.gle\/<wbr \/>MbUPeUxJpX7nfTRK9<\/a><\/div>\n[\/vc_column_text][\/vc_column][vc_column width=&#8221;1\/2&#8243;][vc_single_image image=&#8221;5894&#8243;][\/vc_column][\/vc_row]\n<\/section>","protected":false},"excerpt":{"rendered":"<p>[vc_row][vc_column width=&#8221;1\/2&#8243;][vc_column_text] Atividade preparat\u00f3ria para o XV CONGRESSO DA AMP: N\u00c3O H\u00c1 RELA\u00c7\u00c3O SEXUAL Apresentam: Lilany Pacheco (EBP\/AMP) e Andr\u00e9a Eul\u00e1lio (EBP\/AMP) Comenta: Elisa Alvarenga (EBP\/AMP) Coordena: Anamaris Pinto (EBP\/AMP) Data: 27\/11\/2025 Hor\u00e1rio: 20h30 Local: Sede da EBP\/MG Evento Presencial, n\u00e3o requer inscri\u00e7\u00e3o pr\u00e9via. Conversa\u00e7\u00e3o sobre o Scilicet &#8211; Rumo ao XV Congresso da AMP&hellip;<\/p>\n","protected":false},"author":1,"featured_media":0,"parent":0,"menu_order":0,"comment_status":"closed","ping_status":"closed","template":"","meta":{"footnotes":""},"class_list":["post-5893","page","type-page","status-publish","hentry","entry","no-media"],"aioseo_notices":[],"_links":{"self":[{"href":"https:\/\/ebp.org.br\/mg\/wp-json\/wp\/v2\/pages\/5893","targetHints":{"allow":["GET"]}}],"collection":[{"href":"https:\/\/ebp.org.br\/mg\/wp-json\/wp\/v2\/pages"}],"about":[{"href":"https:\/\/ebp.org.br\/mg\/wp-json\/wp\/v2\/types\/page"}],"author":[{"embeddable":true,"href":"https:\/\/ebp.org.br\/mg\/wp-json\/wp\/v2\/users\/1"}],"replies":[{"embeddable":true,"href":"https:\/\/ebp.org.br\/mg\/wp-json\/wp\/v2\/comments?post=5893"}],"version-history":[{"count":2,"href":"https:\/\/ebp.org.br\/mg\/wp-json\/wp\/v2\/pages\/5893\/revisions"}],"predecessor-version":[{"id":5900,"href":"https:\/\/ebp.org.br\/mg\/wp-json\/wp\/v2\/pages\/5893\/revisions\/5900"}],"wp:attachment":[{"href":"https:\/\/ebp.org.br\/mg\/wp-json\/wp\/v2\/media?parent=5893"}],"curies":[{"name":"wp","href":"https:\/\/api.w.org\/{rel}","templated":true}]}}