{"id":5807,"date":"2025-09-27T06:13:54","date_gmt":"2025-09-27T09:13:54","guid":{"rendered":"https:\/\/ebp.org.br\/mg\/?page_id=5807"},"modified":"2025-10-30T15:40:17","modified_gmt":"2025-10-30T18:40:17","slug":"xxvii-jornada-de-carteis","status":"publish","type":"page","link":"https:\/\/ebp.org.br\/mg\/carteis\/xxvii-jornada-de-carteis\/","title":{"rendered":"XXVII JORNADA DE CART\u00c9IS"},"content":{"rendered":"<section class=\"wpb-content-wrapper\">[vc_row][vc_column width=&#8221;2\/3&#8243;][vc_column_text]\n<h3><span style=\"color: #993300;\"><strong>XXVII Jornada de Cart\u00e9is da EBP-MG<\/strong><\/span><\/h3>\n[\/vc_column_text][vc_column_text]\n<h4><strong>Quando a dissolu\u00e7\u00e3o \u00e9 uma solu\u00e7\u00e3o?<\/strong><\/h4>\n<p>Convidada: Maria Josefina Fuentes (AME &#8211; EBP\/AMP)<\/p>\n<ul>\n<li>07\/11 &#8211; 18:30 \u00e0s 22:30<\/li>\n<li>08\/11 &#8211; 09:00 \u00e0s 17:00<\/li>\n<\/ul>\n<p>Inscri\u00e7\u00f5es:<\/p>\n<ul>\n<li>Membros EBP\/AMP e profissionais: R$ 150,00<\/li>\n<li>Alunos IPSM-MG e estudantes de gradua\u00e7\u00e3o: R$ 100,00<\/li>\n<\/ul>\n<p>Local: Sede da EBP-MG<br \/>\nAvenida Afonso Pena, 2770, 2\u00b0 andar, Funcion\u00e1rios<br \/>\nAtividade h\u00edbrida[\/vc_column_text][vc_empty_space height=&#8221;15px&#8221;]<a href=\"https:\/\/docs.google.com\/forms\/d\/e\/1FAIpQLSdzBW_QIE4TX-YITuUA_6O8aDVR3bHrSBL5JerzdQD37W0-0A\/viewform\" class=\"vcex-button theme-button inline\"><span class=\"vcex-button-inner theme-button-inner\">INSCRI\u00c7\u00d5ES<\/span><\/a> [vc_empty_space height=&#8221;15px&#8221;]<a href=\"https:\/\/ebp.org.br\/mg\/xxvii-jornada-de-carteis-da-ebp-mg-argumento\/\" class=\"vcex-button theme-button inline\"><span class=\"vcex-button-inner theme-button-inner\">ARGUMENTO<\/span><\/a> <a href=\"https:\/\/ebp.org.br\/mg\/xxvii-jornada-de-carteis-da-ebp-mg-criterios-para-envio-dos-trabalhos\/\" class=\"vcex-button theme-button inline\"><span class=\"vcex-button-inner theme-button-inner\">ENVIO DE TRABALHOS<\/span><\/a> [vc_empty_space][vc_column_text]\n<h2><span style=\"color: #333399;\">PROGRAMA<\/span><\/h2>\n<h3><span style=\"color: #333399;\"><strong>07\/11 \u2013 Sexta-feira<\/strong><\/span><\/h3>\n<p><span style=\"color: #333399;\"><strong>18h30 \u2013 Abertura<\/strong><\/span><\/p>\n<p><em>Ludmilla F\u00e9res Faria (EBP\/AMP) &#8211; Diretora Geral da EBP-MG<br \/>\nBernardo Micherif (EBP\/AMP)- Diretor de Cart\u00e9is e Interc\u00e2mbio da EBP-MG<\/em><\/p>\n<p><strong><span style=\"color: #333399;\">18h50 \u2013 Mesa 1: O cartel, do come\u00e7o ao fim<\/span> <\/strong><\/p>\n<ul>\n<li><strong>Cartel, o amor em causa?<\/strong><em> &#8211; Rodrigo Almeida\u00a0<\/em><\/li>\n<li><strong>Entre o desejo e o objeto: ecos do Semin\u00e1rio 10 em um cartel <\/strong><em>&#8211; L\u00edgia\u00a0Cristina Amorim<\/em><\/li>\n<li><strong>Analistas descolados: a dissolu\u00e7\u00e3o do cartel como correlato da n\u00e3o-rela\u00e7\u00e3o sexual <\/strong><em>\u2013 Alessandra Thomaz Rocha (EBP\/AMP)<\/em><\/li>\n<\/ul>\n<p style=\"padding-left: 80px;\"><em>Debate: S\u00e9rgio Laia (EBP\/AMP)<br \/>\nCoordena\u00e7\u00e3o: Let\u00edcia Soares<\/em><\/p>\n<p><span style=\"color: #333399;\"><strong>20h10 \u2013 Confer\u00eancia: Maria Josefina Fuentes (EBP\/AMP)<br \/>\nQuando a dissolu\u00e7\u00e3o \u00e9 uma solu\u00e7\u00e3o?<\/strong><\/span><\/p>\n<p><em>Debate: Bernardo Micherif (EBP\/AMP)<br \/>\nCoordena\u00e7\u00e3o: Ludmilla F\u00e9res Faria (EBP\/AMP)<\/em><\/p>\n<h3><span style=\"color: #333399;\"><strong>08\/11 \u2013 S\u00e1bado<\/strong><\/span><\/h3>\n<p><span style=\"color: #333399;\"><strong>MANH\u00c3<\/strong><\/span><\/p>\n<p><span style=\"color: #333399;\"><strong>9h00 \u2013 Mesa 2: A pol\u00edtica do sinthoma <\/strong><\/span><\/p>\n<ul>\n<li><strong>Daquilo que se assenta, ao que resta<\/strong><em> &#8211; Geisla Fran\u00e7a<\/em><\/li>\n<li><strong>Ataque de p\u00e2nico, o corpo e a cl\u00ednica do Um sozinho<\/strong><em> \u2013 Marcela Baccarini <\/em><\/li>\n<li><strong>O gozo, o corpo, o objeto a e a ang\u00fastia<\/strong><em> &#8211; Beatriz Esp\u00edrito Santo\u00a0Nery Ferreira<\/em><\/li>\n<li><strong>Ang\u00fastia, o singular de cada um<\/strong><em> &#8211; Fernanda Nobre Santos Costa<\/em><\/li>\n<li><strong>Diagn\u00f3sticos de borda <\/strong><em>&#8211;\u00a0Fernanda Bezerra Santiago <\/em><\/li>\n<\/ul>\n<p style=\"padding-left: 80px;\"><em>Debate:\u00a0 Mariana Vidigal (EBP\/AMP)<br \/>\nCoordena\u00e7\u00e3o: Giselle Moreira<\/em><\/p>\n<p><span style=\"color: #333399;\"><strong>10h40 \u2013 Mesa 3: Novas ang\u00fastias<\/strong><\/span><\/p>\n<ul>\n<li><strong>A dor cr\u00f4nica e o limite do nominalismo cient\u00edfico <\/strong><em>&#8211; Keith Boy J\u00fanior<\/em><\/li>\n<li><strong>Viol\u00eancia e o apagamento das diferen\u00e7as<\/strong><em> &#8211; Eduarda Cury\u00a0<\/em><\/li>\n<li><strong>Devasta\u00e7\u00e3o e supereu: articula\u00e7\u00f5es poss\u00edveis <\/strong><em>&#8211; Anna Carolina\u00a0Cavanellas<\/em><\/li>\n<li><strong>Considera\u00e7\u00f5es sobre a ang\u00fastia e a cl\u00ednica na psican\u00e1lise<\/strong><em> &#8211; Amanda Martins Azevedo<\/em><\/li>\n<li><strong>O objeto hoffmaniano e a dimens\u00e3o real do infamiliar <\/strong><em>&#8211; Simara Couto<\/em><\/li>\n<\/ul>\n<p style=\"padding-left: 80px;\"><em>Debate:\u00a0 Henri Kaufmanner (EBP\/AMP)<br \/>\nCoordena\u00e7\u00e3o: Ana Helena Souza<\/em><\/p>\n<p><span style=\"color: #333399;\"><strong>12h20 &#8211; 13h20 \u2013 BRUNCH<\/strong><\/span><\/p>\n<p><span style=\"color: #333399;\"><strong>TARDE<\/strong><\/span><\/p>\n<p><span style=\"color: #333399;\"><strong>13h20 \u2013 Mesa 4: O depositado da experi\u00eancia cl\u00ednica<\/strong><\/span><\/p>\n<ul>\n<li><strong>\u201cSolid\u00e3o do deserto\u201d: um modo da car\u00eancia do fantasma na psicose ordin\u00e1ria<\/strong><em>Silvia Barbosa\u00a0<\/em><\/li>\n<li><strong>O corpo na psicose ordin\u00e1ria<\/strong><em> &#8211; Ernesto Anzalone (EBP\/AMP)\u00a0<\/em><\/li>\n<li><strong>O percurso de uma pergunta<\/strong><em> &#8211; Nat\u00e1lia Guimar\u00e3es\u00a0<\/em><\/li>\n<li><strong>Fantasma arranjado e psicose ordin\u00e1ria<\/strong><em> &#8211; Marcela Normand\u00a0<\/em><\/li>\n<\/ul>\n<p style=\"padding-left: 80px;\"><em>Debate: Maria Josefina Fuentes (EBP\/AMP)<br \/>\nCoordena\u00e7\u00e3o: Cristiane Barreto (EBP\/AMP)<\/em><\/p>\n<p><span style=\"color: #333399;\"><strong>14h50 \u2013 Mesa 5: Solu\u00e7\u00f5es sob transfer\u00eancia<\/strong><\/span><\/p>\n<ul>\n<li><strong>Os caminhos da satisfa\u00e7\u00e3o desde o in\u00edcio de uma an\u00e1lise<\/strong><em> &#8211; Michelle Sena (EBP\/AMP)\u00a0<\/em><\/li>\n<li><strong>Investiga\u00e7\u00f5es sobre a transfer\u00eancia a partir da experi\u00eancia viva de um cartel\u00a0<\/strong><em>&#8211; Helder\u00a0Cl\u00e9rio dos Santos Cardoso<\/em><\/li>\n<li><strong>O amor na cl\u00ednica do autismo<\/strong><em> \u2013 Clarice Tulio Duarte dos Santos<\/em><\/li>\n<li><strong>A presen\u00e7a do analista e seus efeitos na cl\u00ednica do autismo<\/strong><em> &#8211; Margaret Pires do Couto <\/em><\/li>\n<\/ul>\n<p style=\"padding-left: 80px;\"><em>Debate: Cristiana Pitella (EBP\/AMP)<br \/>\nCoordena\u00e7\u00e3o: Helo\u00edsa Bed\u00ea<\/em><\/p>\n<p><span style=\"color: #333399;\"><strong>16h10 \u2013 Encerramento<\/strong><\/span><\/p>\n[\/vc_column_text][\/vc_column][vc_column width=&#8221;1\/3&#8243;][vc_single_image image=&#8221;5808&#8243;][\/vc_column][\/vc_row]\n<\/section>","protected":false},"excerpt":{"rendered":"<p>[vc_row][vc_column width=&#8221;2\/3&#8243;][vc_column_text] XXVII Jornada de Cart\u00e9is da EBP-MG [\/vc_column_text][vc_column_text] Quando a dissolu\u00e7\u00e3o \u00e9 uma solu\u00e7\u00e3o? Convidada: Maria Josefina Fuentes (AME &#8211; EBP\/AMP) 07\/11 &#8211; 18:30 \u00e0s 22:30 08\/11 &#8211; 09:00 \u00e0s 17:00 Inscri\u00e7\u00f5es: Membros EBP\/AMP e profissionais: R$ 150,00 Alunos IPSM-MG e estudantes de gradua\u00e7\u00e3o: R$ 100,00 Local: Sede da EBP-MG Avenida Afonso Pena, 2770,&hellip;<\/p>\n","protected":false},"author":1,"featured_media":0,"parent":1188,"menu_order":0,"comment_status":"closed","ping_status":"closed","template":"","meta":{"footnotes":""},"class_list":["post-5807","page","type-page","status-publish","hentry","entry","no-media"],"aioseo_notices":[],"_links":{"self":[{"href":"https:\/\/ebp.org.br\/mg\/wp-json\/wp\/v2\/pages\/5807","targetHints":{"allow":["GET"]}}],"collection":[{"href":"https:\/\/ebp.org.br\/mg\/wp-json\/wp\/v2\/pages"}],"about":[{"href":"https:\/\/ebp.org.br\/mg\/wp-json\/wp\/v2\/types\/page"}],"author":[{"embeddable":true,"href":"https:\/\/ebp.org.br\/mg\/wp-json\/wp\/v2\/users\/1"}],"replies":[{"embeddable":true,"href":"https:\/\/ebp.org.br\/mg\/wp-json\/wp\/v2\/comments?post=5807"}],"version-history":[{"count":10,"href":"https:\/\/ebp.org.br\/mg\/wp-json\/wp\/v2\/pages\/5807\/revisions"}],"predecessor-version":[{"id":5861,"href":"https:\/\/ebp.org.br\/mg\/wp-json\/wp\/v2\/pages\/5807\/revisions\/5861"}],"up":[{"embeddable":true,"href":"https:\/\/ebp.org.br\/mg\/wp-json\/wp\/v2\/pages\/1188"}],"wp:attachment":[{"href":"https:\/\/ebp.org.br\/mg\/wp-json\/wp\/v2\/media?parent=5807"}],"curies":[{"name":"wp","href":"https:\/\/api.w.org\/{rel}","templated":true}]}}