{"id":5737,"date":"2025-07-11T09:14:23","date_gmt":"2025-07-11T12:14:23","guid":{"rendered":"https:\/\/ebp.org.br\/mg\/?page_id=5737"},"modified":"2026-04-16T17:18:04","modified_gmt":"2026-04-16T20:18:04","slug":"reflexoes-sobre-os-41-conceitos-da-psicanalise","status":"publish","type":"page","link":"https:\/\/ebp.org.br\/mg\/ensino\/seminarios\/seminario-por-conta-e-risco\/reflexoes-sobre-os-41-conceitos-da-psicanalise\/","title":{"rendered":"Reflex\u00f5es sobre os 4+1 conceitos da psican\u00e1lise"},"content":{"rendered":"<section class=\"wpb-content-wrapper\">[vc_row][vc_column][vc_column_text]\n<h3 class=\"page-header-title wpex-block wpex-m-0 wpex-text-2xl\"><span style=\"color: #993300;\">Reflex\u00f5es sobre os 4+1 conceitos da psican\u00e1lise<\/span><\/h3>\n<p><strong>Respons\u00e1vel: S\u00e9rgio de Campos (AME-EBP\/AMP)<\/strong><\/p>\n<p><img loading=\"lazy\" decoding=\"async\" class=\"wp-image-6160 size-medium alignnone\" src=\"https:\/\/ebp.org.br\/mg\/wp-content\/uploads\/2026\/04\/Nova-imagem-300x294.jpeg\" alt=\"\" width=\"300\" height=\"294\" srcset=\"https:\/\/ebp.org.br\/mg\/wp-content\/uploads\/2026\/04\/Nova-imagem-300x294.jpeg 300w, https:\/\/ebp.org.br\/mg\/wp-content\/uploads\/2026\/04\/Nova-imagem-1024x1005.jpeg 1024w, https:\/\/ebp.org.br\/mg\/wp-content\/uploads\/2026\/04\/Nova-imagem-768x754.jpeg 768w, https:\/\/ebp.org.br\/mg\/wp-content\/uploads\/2026\/04\/Nova-imagem.jpeg 1280w\" sizes=\"auto, (max-width: 300px) 100vw, 300px\" \/><\/p>\n<p>Este ano, a partir de maio, abordaremos o Semin\u00e1rio 11, de Lacan, marco te\u00f3rico de seu ensino e ponto de inflex\u00e3o em seu retorno a Freud. Pretende-se examinar os conceitos lacanianos de inconsciente, repeti\u00e7\u00e3o, transfer\u00eancia, puls\u00e3o e o objeto a, em sua reformula\u00e7\u00e3o estrutural e cl\u00ednica, particularmente na dire\u00e7\u00e3o do tratamento.<\/p>\n<p>O semin\u00e1rio \u00e9 presencial, aberto e gratuito!<\/p>\n<p>Estejam convidados!<\/p>\n<p><strong>Programa\u00e7\u00e3o<\/strong><\/p>\n<ul>\n<li><strong>Datas:\u00a0<\/strong>19\/05; 16\/06<\/li>\n<li><strong>Hor\u00e1rio:<\/strong>\u00a020h30<\/li>\n<li><strong>Local:\u00a0<\/strong>Sede da EBP-MG<\/li>\n<li><strong>Modalidade:\u00a0<\/strong>Presencial<\/li>\n<\/ul>\n[\/vc_column_text][\/vc_column][\/vc_row]\n<\/section>","protected":false},"excerpt":{"rendered":"<p>[vc_row][vc_column][vc_column_text] Reflex\u00f5es sobre os 4+1 conceitos da psican\u00e1lise Respons\u00e1vel: S\u00e9rgio de Campos (AME-EBP\/AMP) Este ano, a partir de maio, abordaremos o Semin\u00e1rio 11, de Lacan, marco te\u00f3rico de seu ensino e ponto de inflex\u00e3o em seu retorno a Freud. Pretende-se examinar os conceitos lacanianos de inconsciente, repeti\u00e7\u00e3o, transfer\u00eancia, puls\u00e3o e o objeto a, em sua&hellip;<\/p>\n","protected":false},"author":1,"featured_media":0,"parent":1613,"menu_order":0,"comment_status":"closed","ping_status":"closed","template":"","meta":{"footnotes":""},"class_list":["post-5737","page","type-page","status-publish","hentry","entry","no-media"],"aioseo_notices":[],"_links":{"self":[{"href":"https:\/\/ebp.org.br\/mg\/wp-json\/wp\/v2\/pages\/5737","targetHints":{"allow":["GET"]}}],"collection":[{"href":"https:\/\/ebp.org.br\/mg\/wp-json\/wp\/v2\/pages"}],"about":[{"href":"https:\/\/ebp.org.br\/mg\/wp-json\/wp\/v2\/types\/page"}],"author":[{"embeddable":true,"href":"https:\/\/ebp.org.br\/mg\/wp-json\/wp\/v2\/users\/1"}],"replies":[{"embeddable":true,"href":"https:\/\/ebp.org.br\/mg\/wp-json\/wp\/v2\/comments?post=5737"}],"version-history":[{"count":10,"href":"https:\/\/ebp.org.br\/mg\/wp-json\/wp\/v2\/pages\/5737\/revisions"}],"predecessor-version":[{"id":6170,"href":"https:\/\/ebp.org.br\/mg\/wp-json\/wp\/v2\/pages\/5737\/revisions\/6170"}],"up":[{"embeddable":true,"href":"https:\/\/ebp.org.br\/mg\/wp-json\/wp\/v2\/pages\/1613"}],"wp:attachment":[{"href":"https:\/\/ebp.org.br\/mg\/wp-json\/wp\/v2\/media?parent=5737"}],"curies":[{"name":"wp","href":"https:\/\/api.w.org\/{rel}","templated":true}]}}