{"id":5533,"date":"2025-01-07T10:36:31","date_gmt":"2025-01-07T13:36:31","guid":{"rendered":"https:\/\/ebp.org.br\/mg\/?page_id=5533"},"modified":"2025-01-07T10:36:31","modified_gmt":"2025-01-07T13:36:31","slug":"carteis-2024","status":"publish","type":"page","link":"https:\/\/ebp.org.br\/mg\/carteis-2024\/","title":{"rendered":"Cart\u00e9is 2024"},"content":{"rendered":"<section class=\"wpb-content-wrapper\">[vc_row][vc_column width=&#8221;2\/3&#8243;][vc_column_text]\n<h3><span style=\"color: #993300;\"><strong>Programa\u00e7\u00e3o do segundo semestre de 2024<\/strong><\/span><\/h3>\n<p style=\"font-weight: 400;\"><span style=\"color: #993300;\"><strong>Noite de Cart\u00e9is \u00a0<\/strong><\/span><\/p>\n<p style=\"font-weight: 400;\">Esse espa\u00e7o destina-se a acolher discuss\u00f5es relativas ao Cartel, contando com a apresenta\u00e7\u00e3o de temas te\u00f3ricos, experi\u00eancias de cartelizantes ou publiciza\u00e7\u00e3o de produtos de Cartel<\/p>\n<p style=\"font-weight: 400;\">O tema e participantes dessa atividade ser\u00e3o divulgados oportunamente.<\/p>\n<ul>\n<li style=\"font-weight: 400;\"><strong>Data: 03 de outubro<\/strong><\/li>\n<li style=\"font-weight: 400;\">Hor\u00e1rio: 20h30<\/li>\n<li style=\"font-weight: 400;\">Atividade h\u00edbrida: presencial e on-line (<em>Zoom)<\/em><\/li>\n<li style=\"font-weight: 400;\">Local: Audit\u00f3rio EBP-MG<\/li>\n<li style=\"font-weight: 400;\">Endere\u00e7o: Av. Afonso Pena, 2770.Salas 201- 207<\/li>\n<li style=\"font-weight: 400;\"><strong>Informa\u00e7\u00f5es sobre a inscri\u00e7\u00e3o \u2013 presencial e on-line<\/strong><\/li>\n<li style=\"font-weight: 400;\">Atrav\u00e9s do formul\u00e1rio Google, acess\u00edvel no linktree da p\u00e1gina da EBP-MG, no Instagram.<\/li>\n<li style=\"font-weight: 400;\">\u00a0O link para o Zoom ser\u00e1 enviado por email, no dia da atividade.<\/li>\n<\/ul>\n<hr \/>\n<p style=\"font-weight: 400;\"><span style=\"color: #993300;\"><strong>Acha-se Cartel<\/strong><\/span><\/p>\n<p style=\"font-weight: 400;\">Esta atividade tem como proposta facilitar e promover o encontro dos interessados em formar um cartel, a partir dos temas que lhes forem comuns ou da proximidade de seus interesses. Neste encontro, os participantes podem tamb\u00e9m se informar sobre o funcionamento de um cartel e esclarecer suas d\u00favidas.<\/p>\n<ul>\n<li style=\"font-weight: 400;\"><strong>Data: 31 de outubro<\/strong><\/li>\n<li style=\"font-weight: 400;\">Hor\u00e1rio: 20h30<\/li>\n<li style=\"font-weight: 400;\">Atividade h\u00edbrida: presencial e on-line (<em>Zoom)<\/em><\/li>\n<li style=\"font-weight: 400;\">Local: Audit\u00f3rio EBP-MG<\/li>\n<li style=\"font-weight: 400;\">Endere\u00e7o: Av. Afonso Pena, 2770.Salas 201- 207<\/li>\n<li style=\"font-weight: 400;\"><strong>Informa\u00e7\u00f5es sobre a inscri\u00e7\u00e3o \u2013 presencial e on-line<\/strong><\/li>\n<li style=\"font-weight: 400;\">Atrav\u00e9s do formul\u00e1rio Google, acess\u00edvel no linktree da p\u00e1gina da EBP-MG, no Instagram.<\/li>\n<li style=\"font-weight: 400;\">\u00a0O link para o Zoom ser\u00e1 enviado por email, no dia da atividade.<\/li>\n<\/ul>\n[\/vc_column_text][\/vc_column][vc_column width=&#8221;1\/3&#8243;][vc_single_image image=&#8221;5440&#8243;][\/vc_column][\/vc_row][vc_row][vc_column width=&#8221;2\/3&#8243;][vc_column_text]\n<h3><span style=\"color: #993300;\"><strong>Programa\u00e7\u00e3o do 1\u00ba Semestre de 2024<\/strong><\/span><\/h3>\n<p><span style=\"color: #993300;\"><strong>Noite de Cart\u00e9is<\/strong><\/span><\/p>\n<ul>\n<li>Respons\u00e1veis: <strong>Cartel: A Fun\u00e7\u00e3o da letra e do uno na cl\u00ednica contempor\u00e2nea<\/strong><\/li>\n<li><strong>Domenico Cosenza <\/strong><strong>(<\/strong>Mais-Um), N\u00e1dia Figueredo, Cristina Vidigal, N\u00e1dia Laguardia, Cristiane Grillo<\/li>\n<li>Atividade h\u00edbrida<\/li>\n<li>Data 07 de mar\u00e7o<\/li>\n<li>Hor\u00e1rio: 20:30<\/li>\n<li><strong>Local:<\/strong> Sede da EBP-MG<\/li>\n<li>Endere\u00e7o: Av. Afonso Pena &#8211; 2770.Salas 201 &#8211; 207<\/li>\n<li>Online : zoom.<\/li>\n<li><strong>Informa\u00e7\u00f5es: <\/strong>O link do Zoom ser\u00e1 enviado, no dia do evento, ap\u00f3s as 15h.<\/li>\n<li><strong>Inscri\u00e7\u00f5es<\/strong>: <a href=\"https:\/\/forms.gle\/CBBZm9YKixpSXQcTA\">https:\/\/forms.gle\/CBBZm9YKixpSXQcTA<\/a><\/li>\n<\/ul>\n[\/vc_column_text][\/vc_column][vc_column width=&#8221;1\/3&#8243;][vc_single_image image=&#8221;5207&#8243;][\/vc_column][\/vc_row][vc_row][vc_column][vc_empty_space]<div class=\"vcex-module vcex-divider vcex-divider-solid vcex-divider-center wpex-mx-auto wpex-block wpex-h-0 wpex-border-b wpex-border-solid wpex-border-main\" style=\"border-color:var(--wpex-accent);\"><\/div>[vc_empty_space][\/vc_column][\/vc_row][vc_row][vc_column width=&#8221;2\/3&#8243;][vc_column_text]\n<h2><strong><span style=\"color: #993300;\">DIRETORIA DE CART\u00c9IS 2023<\/span><\/strong><\/h2>\n<p><strong>Diretora de Cart\u00e9is da EBP-MG\u00a0<\/strong><\/p>\n<ul>\n<li>M\u00e1rcia Mez\u00eancio<\/li>\n<\/ul>\n<p><strong>Equipe da Diretoria de Cart\u00e9is EBP-MG:<\/strong><\/p>\n<ul>\n<li>Aline Mendes, Bernardo Micherif, Luciana Silviano Brand\u00e3o, Marina Colares.<\/li>\n<\/ul>\n<p><strong>Contato: <\/strong><a href=\"mailto:equipedecarteisebpmg@gmail.com\">equipedecarteisebpmg@gmail.com<\/a><\/p>\n<p>O cartel foi proposto por Lacan como o \u00f3rg\u00e3o-base da Escola, destinado a provocar a produ\u00e7\u00e3o de um tecido de saber e um la\u00e7o de trabalho entre seus membros, sendo um instrumento importante para o enfrentamento dos efeitos imagin\u00e1rios do grupo. Tem uma fun\u00e7\u00e3o de ensino e transmiss\u00e3o, apresentando-se como um novo modo de funcionamento institucional e para o acolhimento de quem se interessa pelo trabalho da Escola. O Cartel acolhe o que se desvela como n\u00e3o-saber, um furo no saber que mobiliza cada um de seus participantes, sozinho em sua rela\u00e7\u00e3o com a causa anal\u00edtica, mas enla\u00e7ado a outros pela transfer\u00eancia de trabalho, buscando uma produ\u00e7\u00e3o singular, no um a um, endere\u00e7ada e acolhida pela Escola.<\/p>\n<p><em>Refer\u00eancias bibliogr\u00e1ficas e institucionais e orienta\u00e7\u00f5es para a forma\u00e7\u00e3o de cart\u00e9is est\u00e3o dispon\u00edveis no site da EBP:<\/em><\/p>\n<p><a href=\"https:\/\/ebp.org.br\/carteis-apresentacao\/\">https:\/\/ebp.org.br\/carteis-apresentacao\/<\/a><\/p>\n<p><em>No site tamb\u00e9m pode ser encontrado um formul\u00e1rio para registro dos dados do interessado e tema de interesse:<\/em><\/p>\n<p><a href=\"https:\/\/ebp.org.br\/carteis-apresentacao\/procura-se-cartel\/\">https:\/\/ebp.org.br\/carteis-apresentacao\/procura-se-cartel\/<\/a><\/p>\n<p><em>e a lista de temas j\u00e1 registrados por outros interessados, com seus respectivos contatos:<\/em><\/p>\n<p><a href=\"https:\/\/ebp.org.br\/carteis-apresentacao\/interessados-em-cartel\/\">https:\/\/ebp.org.br\/carteis-apresentacao\/interessados-em-cartel\/<\/a><\/p>\n<p>Cabe \u00e0 Diretoria de Cart\u00e9is e Interc\u00e2mbio acolher quem endere\u00e7a sua quest\u00e3o \u00e0 Escola e promover o encontro entre os interessados em formar Cartel e inscrev\u00ea-lo na EBP, bem como dar publicidade ao produto que adv\u00e9m desse encontro de cada um com o dispositivo, atrav\u00e9s de sua programa\u00e7\u00e3o semestral.[\/vc_column_text][\/vc_column][vc_column width=&#8221;1\/3&#8243;][vc_single_image image=&#8221;4867&#8243;][\/vc_column][\/vc_row][vc_row][vc_column width=&#8221;2\/3&#8243;][vc_column_text]<span style=\"color: #993300;\"><strong>Acha-se Cartel<\/strong><\/span><\/p>\n<p>Esta atividade tem como proposta facilitar e promover o encontro dos interessados em formar um cartel, a partir dos temas que lhes forem comuns ou da proximidade de seus interesses. Neste encontro, os participantes podem tamb\u00e9m se informar sobre o funcionamento de um cartel e esclarecer suas d\u00favidas.<\/p>\n<ul>\n<li><strong>Atividade h\u00edbrida<\/strong>.<\/li>\n<li><strong>Data<\/strong>: 02 maio<\/li>\n<li><strong>Hor\u00e1rio<\/strong>: 20:30<\/li>\n<li><strong>Local<\/strong>: Sede da EBP-MG e online pelo zoom.<\/li>\n<li><strong>Informa\u00e7\u00f5es<\/strong>: A inscri\u00e7\u00e3o &#8211; presencial ou online &#8211; ser\u00e1 pelo \u00a0formul\u00e1rio Google<\/li>\n<li>Para os que se inscreverem para participa\u00e7\u00e3o online, o <strong>link do Zoom<\/strong> ser\u00e1 enviado, no dia do evento, <strong>ap\u00f3s as 15h<\/strong>.<\/li>\n<li><strong>Inscri\u00e7\u00f5es:<\/strong> <a href=\"https:\/\/forms.gle\/h4jyorziPTN7yWxS6\">https:\/\/forms.gle\/h4jyorziPTN7yWxS6<\/a><\/li>\n<\/ul>\n[\/vc_column_text][\/vc_column][vc_column width=&#8221;1\/3&#8243;][\/vc_column][\/vc_row][vc_row][vc_column width=&#8221;2\/3&#8243;][vc_column_text]<strong style=\"color: var(--wpex-text-2);\"><span style=\"color: #993300;\">XXVI Jornada de Cart\u00e9is<\/span><\/strong><\/p>\n<p>Ementa: A Jornada de Cart\u00e9is \u00e9 momento de apresenta\u00e7\u00e3o p\u00fablica de um produto de trabalho, n\u00e3o necessariamente conclusivo, pode ser um instant\u00e2neo da investiga\u00e7\u00e3o em curso ou em constru\u00e7\u00e3o.<\/p>\n<p>Tamb\u00e9m n\u00e3o se trata de um produto coletivo que d\u00ea consist\u00eancia ao grupo, mas do trabalho de cada um, que responda \u00e0 l\u00f3gica do n\u00e3o-anonimato, ao que um a um, em nome pr\u00f3prio, pode transmitir de sua rela\u00e7\u00e3o ao saber anal\u00edtico.<\/p>\n<ul>\n<li><strong>Data<\/strong>: 07 e 08\/06\/2024<\/li>\n<li><strong>Convidado<\/strong>: Jorge Assef, A.E. (2021-2024), Membro EOL\/AMP.<\/li>\n<li><strong>Local<\/strong>: Sede da EBP-MG e online pelo zoom.<\/li>\n<li>Atividade h\u00edbrida.<\/li>\n<li><strong>Informa\u00e7\u00f5es<\/strong>:\n<ul>\n<li><strong>Prazo para envio dos trabalhos: 15\/05\/2024.<\/strong><\/li>\n<li>\n<div dir=\"auto\"><b>Crit\u00e9rios para envio de trabalho:<\/b><\/div>\n<ul>\n<li>os escritos devem ser produto do trabalho realizado em cartel, e em conson\u00e2ncia com o tema de pesquisa do cartelizante;<\/li>\n<li>o cartel deve ser inscrito e ativo na EBP-MG;<\/li>\n<li>O autor deve indicar o nome do cartel e de seu mais-um.<\/li>\n<\/ul>\n<\/li>\n<li>\n<div dir=\"auto\">\n<p><b><\/b><strong style=\"color: var(--wpex-text-2);\">Inscri\u00e7\u00f5es<\/strong><span style=\"color: var(--wpex-text-2);\"><span style=\"color: var(--wpex-text-2);\">: Via formul\u00e1rio Google, dispon\u00edvel na bio da p\u00e1gina do Instagram da EBP-MG e neste site.<\/span><\/span><\/p>\n<div>Link para inscri\u00e7\u00e3o:\u00a0<a href=\"https:\/\/docs.google.com\/forms\/d\/e\/1FAIpQLSdKdg_lLhN1U03yRVrOSPrCJMKuWOwb5CoQMvyOR4hwFUppnw\/viewform?usp=pp_url\" target=\"_blank\" rel=\"noopener\" data-saferedirecturl=\"https:\/\/www.google.com\/url?q=https:\/\/docs.google.com\/forms\/d\/e\/1FAIpQLSdKdg_lLhN1U03yRVrOSPrCJMKuWOwb5CoQMvyOR4hwFUppnw\/viewform?usp%3Dpp_url&amp;source=gmail&amp;ust=1712236012688000&amp;usg=AOvVaw3GoYjLz7sxWfb5oNpSrCsf\">https:\/\/docs.<wbr \/>google.com\/forms\/d\/e\/<wbr \/>1FAIpQLSdKdg_<wbr \/>lLhN1U03yRVrOSPrCJMKuWOwb5CoQM<wbr \/>vyOR4hwFUppnw\/viewform?usp=pp_<wbr \/>url<\/a><\/div>\n<p>Para os que se inscreverem para participa\u00e7\u00e3o online, o link do Zoom ser\u00e1 enviado no dia do evento, ap\u00f3s as 15h.<\/p>\n<\/div>\n<\/li>\n<\/ul>\n<\/li>\n<\/ul>\n[\/vc_column_text][\/vc_column][vc_column width=&#8221;1\/3&#8243;][vc_single_image image=&#8221;5243&#8243;][\/vc_column][\/vc_row]\n<\/section>","protected":false},"excerpt":{"rendered":"<p>[vc_row][vc_column width=&#8221;2\/3&#8243;][vc_column_text] Programa\u00e7\u00e3o do segundo semestre de 2024 Noite de Cart\u00e9is \u00a0 Esse espa\u00e7o destina-se a acolher discuss\u00f5es relativas ao Cartel, contando com a apresenta\u00e7\u00e3o de temas te\u00f3ricos, experi\u00eancias de cartelizantes ou publiciza\u00e7\u00e3o de produtos de Cartel O tema e participantes dessa atividade ser\u00e3o divulgados oportunamente. Data: 03 de outubro Hor\u00e1rio: 20h30 Atividade h\u00edbrida: presencial&hellip;<\/p>\n","protected":false},"author":1,"featured_media":0,"parent":0,"menu_order":0,"comment_status":"closed","ping_status":"closed","template":"","meta":{"footnotes":""},"class_list":["post-5533","page","type-page","status-publish","hentry","entry","no-media"],"aioseo_notices":[],"_links":{"self":[{"href":"https:\/\/ebp.org.br\/mg\/wp-json\/wp\/v2\/pages\/5533","targetHints":{"allow":["GET"]}}],"collection":[{"href":"https:\/\/ebp.org.br\/mg\/wp-json\/wp\/v2\/pages"}],"about":[{"href":"https:\/\/ebp.org.br\/mg\/wp-json\/wp\/v2\/types\/page"}],"author":[{"embeddable":true,"href":"https:\/\/ebp.org.br\/mg\/wp-json\/wp\/v2\/users\/1"}],"replies":[{"embeddable":true,"href":"https:\/\/ebp.org.br\/mg\/wp-json\/wp\/v2\/comments?post=5533"}],"version-history":[{"count":1,"href":"https:\/\/ebp.org.br\/mg\/wp-json\/wp\/v2\/pages\/5533\/revisions"}],"predecessor-version":[{"id":5534,"href":"https:\/\/ebp.org.br\/mg\/wp-json\/wp\/v2\/pages\/5533\/revisions\/5534"}],"wp:attachment":[{"href":"https:\/\/ebp.org.br\/mg\/wp-json\/wp\/v2\/media?parent=5533"}],"curies":[{"name":"wp","href":"https:\/\/api.w.org\/{rel}","templated":true}]}}