{"id":54,"date":"2015-05-11T14:13:41","date_gmt":"2015-05-11T17:13:41","guid":{"rendered":"http:\/\/www.bitpublimedia.ro\/themes\/integrity-wp\/?page_id=54"},"modified":"2015-05-11T14:13:41","modified_gmt":"2015-05-11T17:13:41","slug":"contato","status":"publish","type":"page","link":"https:\/\/ebp.org.br\/mg\/sobre\/contato\/","title":{"rendered":"Contato"},"content":{"rendered":"<section class=\"wpb-content-wrapper\">[vc_row full_width=&#8221;stretch_row_content_no_spaces&#8221; gmbt_prlx_bg_type=&#8221;parallax&#8221; gmbt_prlx_break_parents=&#8221;0&#8243; gmbt_prlx_smooth_scrolling=&#8221;&#8221; gmbt_prlx_video_mute=&#8221;&#8221; gmbt_prlx_video_force_hd=&#8221;&#8221; gmbt_prlx_opacity=&#8221;100&#8243; gmbt_prlx_video_aspect_ratio=&#8221;16:9&#8243; gmbt_prlx_parallax=&#8221;none&#8221; gmbt_prlx_speed=&#8221;0.3&#8243; gmbt_prlx_enable_mobile=&#8221;&#8221; css=&#8221;.vc_custom_1432034865390{margin-bottom: 100px !important;}&#8221;][vc_column][vc_gmaps link=&#8221;#E-8_JTNDaWZyYW1lJTIwc3JjJTNEJTIyaHR0cHMlM0ElMkYlMkZ3d3cuZ29vZ2xlLmNvbSUyRm1hcHMlMkZlbWJlZCUzRnBiJTNEJTIxMW0xNCUyMTFtOCUyMTFtMyUyMTFkMTUwMDIuNzEzMjgzMDU0MjgzJTIxMmQtNDMuOTI3MTQyMiUyMTNkLTE5LjkzNzk1NiUyMTNtMiUyMTFpMTAyNCUyMTJpNzY4JTIxNGYxMy4xJTIxM20zJTIxMW0yJTIxMXMweDAlMjUzQTB4OTIyZjg2ODg2ZmIxOGVlNyUyMTJzQ29uZG9tJTI1QzMlMjVBRG5pbyUyNTIwZG8lMjUyMEVkaWYlMjVDMyUyNUFEY2lvJTI1MjBDYXN0ZWxvJTIxNWUwJTIxM20yJTIxMXNlbiUyMTJzYnIlMjE0djE2NTU4MTkwODI2NzIlMjE1bTIlMjExc2VuJTIxMnNiciUyMiUyMHdpZHRoJTNEJTIyNjAwJTIyJTIwaGVpZ2h0JTNEJTIyNDUwJTIyJTIwc3R5bGUlM0QlMjJib3JkZXIlM0EwJTNCJTIyJTIwYWxsb3dmdWxsc2NyZWVuJTNEJTIyJTIyJTIwbG9hZGluZyUzRCUyMmxhenklMjIlMjByZWZlcnJlcnBvbGljeSUzRCUyMm5vLXJlZmVycmVyLXdoZW4tZG93bmdyYWRlJTIyJTNFJTNDJTJGaWZyYW1lJTNF&#8221; size=&#8221;500&#8243;][\/vc_column][\/vc_row][vc_row gmbt_prlx_bg_type=&#8221;parallax&#8221; gmbt_prlx_break_parents=&#8221;0&#8243; gmbt_prlx_smooth_scrolling=&#8221;&#8221; gmbt_prlx_video=&#8221;&#8221; gmbt_prlx_video_mute=&#8221;&#8221; gmbt_prlx_video_force_hd=&#8221;&#8221; gmbt_prlx_opacity=&#8221;100&#8243; gmbt_prlx_video_aspect_ratio=&#8221;16:9&#8243; gmbt_prlx_parallax=&#8221;none&#8221; gmbt_background_repeat=&#8221;&#8221; gmbt_background_position=&#8221;&#8221; gmbt_prlx_speed=&#8221;0.3&#8243; gmbt_prlx_enable_mobile=&#8221;&#8221;][vc_column width=&#8221;2\/3&#8243;][vc_column_text]\n<div style=\"text-align: left;\"><i class=\"fa fa-envelope \"><\/i>\u00a0 ebpminas@gmail.com<br \/>\n<i class=\"fa fa-envelope \"><\/i>\u00a0 Secretaria: ebpmg.bhe@gmail.com<br \/>\n<i class=\"fa fa-phone \"><\/i>\u00a0 Secretaria e livraria: 31 3292-5776 (funciona tamb\u00e9m como WhatsApp)<br \/>\n<i class=\"fa fa-phone \"><\/i>\u00a0Biblioteca: 31 3337-3368<br \/>\n<i class=\"fa fa-building \"><\/i>\u00a0Avenida Afonso Pena, 2770\/ salas 201\/207 \u2013 Savassi.<\/div>\n<div><\/div>\n<div><\/div>\n<div style=\"text-align: left;\"><span style=\"color: #800000;\"><strong>Comiss\u00e3o de acolhimento:<\/strong><\/span><br \/>\nMaria Wilma Santos de Faria\u00a0 &#8211; <a href=\"mailto:mwilma62@gmail.com\">mwilma62@gmail.com<\/a><br \/>\nM\u00f4nica Campos Silva &#8211; <a href=\"mailto:monica.camposilva@gmail.com\">monica.camposilva@gmail.com<\/a><\/div>\n<div><\/div>\n<div><\/div>\n<div style=\"text-align: left;\"><span style=\"color: #800000;\"><strong>Hor\u00e1rio de Funcionamento:<\/strong><\/span><\/div>\n<p>Secretaria (Juliane Andr\u00e9): de segunda-feira a quinta-feira, das 15h \u00e0s 21h; sexta-feira das 15h \u00e0s 18h.<\/p>\n<p>Livraria (Simoni do Carmo): de segunda-feira a quinta-feira, das 15h \u00e0s 21h e sexta-feira das 15h \u00e0s 18h.<\/p>\n<p>Biblioteca (K\u00eania Amaral): de segunda-feira a quinta-feira, das 16h30min \u00e0s 20h30min; sexta-feira das 09h \u00e0s 13h.[\/vc_column_text][\/vc_column][vc_column width=&#8221;1\/3&#8243;]<p class=\"wpcf7-contact-form-not-found\"><strong>Erro:<\/strong> Formul\u00e1rio de contato n\u00e3o encontrado.<\/p>[\/vc_column][\/vc_row]\n<\/section>","protected":false},"excerpt":{"rendered":"<p>[vc_row full_width=&#8221;stretch_row_content_no_spaces&#8221; gmbt_prlx_bg_type=&#8221;parallax&#8221; gmbt_prlx_break_parents=&#8221;0&#8243; gmbt_prlx_smooth_scrolling=&#8221;&#8221; gmbt_prlx_video_mute=&#8221;&#8221; gmbt_prlx_video_force_hd=&#8221;&#8221; gmbt_prlx_opacity=&#8221;100&#8243; gmbt_prlx_video_aspect_ratio=&#8221;16:9&#8243; gmbt_prlx_parallax=&#8221;none&#8221; gmbt_prlx_speed=&#8221;0.3&#8243; gmbt_prlx_enable_mobile=&#8221;&#8221; css=&#8221;.vc_custom_1432034865390{margin-bottom: 100px !important;}&#8221;][vc_column][vc_gmaps link=&#8221;#E-8_JTNDaWZyYW1lJTIwc3JjJTNEJTIyaHR0cHMlM0ElMkYlMkZ3d3cuZ29vZ2xlLmNvbSUyRm1hcHMlMkZlbWJlZCUzRnBiJTNEJTIxMW0xNCUyMTFtOCUyMTFtMyUyMTFkMTUwMDIuNzEzMjgzMDU0MjgzJTIxMmQtNDMuOTI3MTQyMiUyMTNkLTE5LjkzNzk1NiUyMTNtMiUyMTFpMTAyNCUyMTJpNzY4JTIxNGYxMy4xJTIxM20zJTIxMW0yJTIxMXMweDAlMjUzQTB4OTIyZjg2ODg2ZmIxOGVlNyUyMTJzQ29uZG9tJTI1QzMlMjVBRG5pbyUyNTIwZG8lMjUyMEVkaWYlMjVDMyUyNUFEY2lvJTI1MjBDYXN0ZWxvJTIxNWUwJTIxM20yJTIxMXNlbiUyMTJzYnIlMjE0djE2NTU4MTkwODI2NzIlMjE1bTIlMjExc2VuJTIxMnNiciUyMiUyMHdpZHRoJTNEJTIyNjAwJTIyJTIwaGVpZ2h0JTNEJTIyNDUwJTIyJTIwc3R5bGUlM0QlMjJib3JkZXIlM0EwJTNCJTIyJTIwYWxsb3dmdWxsc2NyZWVuJTNEJTIyJTIyJTIwbG9hZGluZyUzRCUyMmxhenklMjIlMjByZWZlcnJlcnBvbGljeSUzRCUyMm5vLXJlZmVycmVyLXdoZW4tZG93bmdyYWRlJTIyJTNFJTNDJTJGaWZyYW1lJTNF&#8221; size=&#8221;500&#8243;][\/vc_column][\/vc_row][vc_row gmbt_prlx_bg_type=&#8221;parallax&#8221; gmbt_prlx_break_parents=&#8221;0&#8243; gmbt_prlx_smooth_scrolling=&#8221;&#8221; gmbt_prlx_video=&#8221;&#8221; gmbt_prlx_video_mute=&#8221;&#8221; gmbt_prlx_video_force_hd=&#8221;&#8221; gmbt_prlx_opacity=&#8221;100&#8243; gmbt_prlx_video_aspect_ratio=&#8221;16:9&#8243; gmbt_prlx_parallax=&#8221;none&#8221; gmbt_background_repeat=&#8221;&#8221; gmbt_background_position=&#8221;&#8221; gmbt_prlx_speed=&#8221;0.3&#8243; gmbt_prlx_enable_mobile=&#8221;&#8221;][vc_column width=&#8221;2\/3&#8243;][vc_column_text] \u00a0 ebpminas@gmail.com \u00a0 Secretaria: ebpmg.bhe@gmail.com \u00a0 Secretaria e livraria: 31 3292-5776 (funciona tamb\u00e9m como WhatsApp) \u00a0Biblioteca: 31 3337-3368 \u00a0Avenida Afonso Pena, 2770\/ salas 201\/207&hellip;<\/p>\n","protected":false},"author":1,"featured_media":0,"parent":1178,"menu_order":0,"comment_status":"closed","ping_status":"closed","template":"","meta":{"footnotes":""},"class_list":["post-54","page","type-page","status-publish","hentry","entry","no-media"],"aioseo_notices":[],"_links":{"self":[{"href":"https:\/\/ebp.org.br\/mg\/wp-json\/wp\/v2\/pages\/54","targetHints":{"allow":["GET"]}}],"collection":[{"href":"https:\/\/ebp.org.br\/mg\/wp-json\/wp\/v2\/pages"}],"about":[{"href":"https:\/\/ebp.org.br\/mg\/wp-json\/wp\/v2\/types\/page"}],"author":[{"embeddable":true,"href":"https:\/\/ebp.org.br\/mg\/wp-json\/wp\/v2\/users\/1"}],"replies":[{"embeddable":true,"href":"https:\/\/ebp.org.br\/mg\/wp-json\/wp\/v2\/comments?post=54"}],"version-history":[{"count":0,"href":"https:\/\/ebp.org.br\/mg\/wp-json\/wp\/v2\/pages\/54\/revisions"}],"up":[{"embeddable":true,"href":"https:\/\/ebp.org.br\/mg\/wp-json\/wp\/v2\/pages\/1178"}],"wp:attachment":[{"href":"https:\/\/ebp.org.br\/mg\/wp-json\/wp\/v2\/media?parent=54"}],"curies":[{"name":"wp","href":"https:\/\/api.w.org\/{rel}","templated":true}]}}