{"id":5341,"date":"2024-07-23T16:04:49","date_gmt":"2024-07-23T19:04:49","guid":{"rendered":"https:\/\/ebp.org.br\/mg\/?page_id=5341"},"modified":"2026-02-06T09:26:47","modified_gmt":"2026-02-06T12:26:47","slug":"a-escrita-do-gozo-no-corpo","status":"publish","type":"page","link":"https:\/\/ebp.org.br\/mg\/ensino\/seminarios\/seminario-por-conta-e-risco\/a-escrita-do-gozo-no-corpo\/","title":{"rendered":"A ESCRITA DO GOZO NO CORPO"},"content":{"rendered":"<section class=\"wpb-content-wrapper\">[vc_row][vc_column][vc_column_text]<strong>Respons\u00e1vel: <\/strong>Maria Margareth Ferraz de Oliveira<\/p>\n<p><img loading=\"lazy\" decoding=\"async\" class=\"size-medium wp-image-5971 aligncenter\" src=\"https:\/\/ebp.org.br\/mg\/wp-content\/uploads\/2026\/02\/FMsa6kr_-300x165.jpeg\" alt=\"\" width=\"300\" height=\"165\" srcset=\"https:\/\/ebp.org.br\/mg\/wp-content\/uploads\/2026\/02\/FMsa6kr_-300x165.jpeg 300w, https:\/\/ebp.org.br\/mg\/wp-content\/uploads\/2026\/02\/FMsa6kr_-1024x563.jpeg 1024w, https:\/\/ebp.org.br\/mg\/wp-content\/uploads\/2026\/02\/FMsa6kr_-768x423.jpeg 768w, https:\/\/ebp.org.br\/mg\/wp-content\/uploads\/2026\/02\/FMsa6kr_-1536x845.jpeg 1536w, https:\/\/ebp.org.br\/mg\/wp-content\/uploads\/2026\/02\/FMsa6kr_.jpeg 1574w\" sizes=\"auto, (max-width: 300px) 100vw, 300px\" \/><\/p>\n<p>Para al\u00e9m do corpo da forma \u2014 hoje exibido em seu esplendor \u2014, interessa \u00e0 psican\u00e1lise o corpo marcado pela puls\u00e3o, oposto ao ideal e imposs\u00edvel de domesticar.<\/p>\n<p>A partir de casos cl\u00ednicos, e com o objetivo de orientar a dire\u00e7\u00e3o do tratamento, investigaremos como o gozo se escreve no corpo nos tr\u00eas registros: imagin\u00e1rio, simb\u00f3lico e real. Abordaremos o enlace entre corpo e l\u00edngua \u2014 pois, como diz \u00c9ric Laurent,\u00a0<strong>\u201c<\/strong>\u00e9 pela l\u00edngua que o corpo goza\u201d<strong>.<\/strong><\/p>\n<p><span style=\"color: #993300;\"><strong>Programa\u00e7\u00e3o<\/strong><\/span><\/p>\n<ul>\n<li><strong>\u00a0<\/strong><strong>Datas: <\/strong>Sextas-feiras: 27\/03; 24\/04; 29\/05, 19\/06<\/li>\n<li><strong>\u00a0<\/strong><strong>Hor\u00e1rio: <\/strong>9h<\/li>\n<li><strong>\u00a0<\/strong><strong>Local: <\/strong>Sede da EBP-MG<\/li>\n<li><strong>\u00a0<\/strong><strong>Modalidade: <\/strong>Presencial<\/li>\n<\/ul>\n[\/vc_column_text][\/vc_column][\/vc_row]\n<\/section>","protected":false},"excerpt":{"rendered":"<p>[vc_row][vc_column][vc_column_text]Respons\u00e1vel: Maria Margareth Ferraz de Oliveira Para al\u00e9m do corpo da forma \u2014 hoje exibido em seu esplendor \u2014, interessa \u00e0 psican\u00e1lise o corpo marcado pela puls\u00e3o, oposto ao ideal e imposs\u00edvel de domesticar. A partir de casos cl\u00ednicos, e com o objetivo de orientar a dire\u00e7\u00e3o do tratamento, investigaremos como o gozo se escreve&hellip;<\/p>\n","protected":false},"author":1,"featured_media":0,"parent":1613,"menu_order":0,"comment_status":"closed","ping_status":"closed","template":"","meta":{"footnotes":""},"class_list":["post-5341","page","type-page","status-publish","hentry","entry","no-media"],"aioseo_notices":[],"_links":{"self":[{"href":"https:\/\/ebp.org.br\/mg\/wp-json\/wp\/v2\/pages\/5341","targetHints":{"allow":["GET"]}}],"collection":[{"href":"https:\/\/ebp.org.br\/mg\/wp-json\/wp\/v2\/pages"}],"about":[{"href":"https:\/\/ebp.org.br\/mg\/wp-json\/wp\/v2\/types\/page"}],"author":[{"embeddable":true,"href":"https:\/\/ebp.org.br\/mg\/wp-json\/wp\/v2\/users\/1"}],"replies":[{"embeddable":true,"href":"https:\/\/ebp.org.br\/mg\/wp-json\/wp\/v2\/comments?post=5341"}],"version-history":[{"count":10,"href":"https:\/\/ebp.org.br\/mg\/wp-json\/wp\/v2\/pages\/5341\/revisions"}],"predecessor-version":[{"id":5972,"href":"https:\/\/ebp.org.br\/mg\/wp-json\/wp\/v2\/pages\/5341\/revisions\/5972"}],"up":[{"embeddable":true,"href":"https:\/\/ebp.org.br\/mg\/wp-json\/wp\/v2\/pages\/1613"}],"wp:attachment":[{"href":"https:\/\/ebp.org.br\/mg\/wp-json\/wp\/v2\/media?parent=5341"}],"curies":[{"name":"wp","href":"https:\/\/api.w.org\/{rel}","templated":true}]}}