{"id":5139,"date":"2024-01-23T07:28:29","date_gmt":"2024-01-23T10:28:29","guid":{"rendered":"https:\/\/ebp.org.br\/mg\/?page_id=5139"},"modified":"2024-01-23T07:28:29","modified_gmt":"2024-01-23T10:28:29","slug":"carteis-2023","status":"publish","type":"page","link":"https:\/\/ebp.org.br\/mg\/carteis-2023\/","title":{"rendered":"Cart\u00e9is 2023"},"content":{"rendered":"<section class=\"wpb-content-wrapper\">[vc_row][vc_column width=&#8221;2\/3&#8243;][vc_column_text]\n<h2><strong><span style=\"color: #993300;\">DIRETORIA DE CART\u00c9IS 2023<\/span><\/strong><\/h2>\n<p><strong>Diretora Adjunta de Cart\u00e9is da EBP-MG\u00a0<\/strong><\/p>\n<ul>\n<li>M\u00e1rcia Mez\u00eancio<\/li>\n<\/ul>\n<p><strong>Equipe da Diretoria Adjunta de Cart\u00e9is EBP-MG:<\/strong><\/p>\n<ul>\n<li>Aline Mendes, Bernardo Micherif, Luciana Silviano Brand\u00e3o, Marina Colares.<\/li>\n<\/ul>\n<p><strong>Contato: <\/strong><a href=\"mailto:equipedecarteisebpmg@gmail.com\">equipedecarteisebpmg@gmail.com<\/a><\/p>\n<p>O cartel foi proposto por Lacan como o \u00f3rg\u00e3o-base da Escola, destinado a provocar a produ\u00e7\u00e3o de um tecido de saber e um la\u00e7o de trabalho entre seus membros, sendo um instrumento importante para a Escola enfrentar os efeitos imagin\u00e1rios do grupo. Constitui-se a partir de uma quest\u00e3o que desvela o n\u00e3o-saber, um furo no saber que mobiliza cada um, sozinho em sua rela\u00e7\u00e3o com a causa anal\u00edtica, mas enla\u00e7ado a outros pela transfer\u00eancia de trabalho, buscando uma produ\u00e7\u00e3o singular, no um a um, endere\u00e7ada e acolhida pela Escola.<\/p>\n<p><em>Refer\u00eancias bibliogr\u00e1ficas e institucionais e orienta\u00e7\u00f5es para a forma\u00e7\u00e3o de cart\u00e9is est\u00e3o dispon\u00edveis no site da EBP:<\/em><\/p>\n<p><a href=\"https:\/\/www.ebp.org.br\/carteis-e-intercambios\/\">https:\/\/www.ebp.org.br\/carteis-e-intercambios\/<\/a><\/p>\n<p><em>No <\/em>site<em> tamb\u00e9m pode ser encontrado um formul\u00e1rio para registro dos dados do interessado e tema de interesse:<\/em><\/p>\n<p><a href=\"https:\/\/www.ebp.org.br\/carteis-e-intercambios\/procura-se-cartel\/\">https:\/\/www.ebp.org.br\/carteis-e-intercambios\/procura-se-cartel\/<\/a><\/p>\n<p>e a lista de temas j\u00e1 registrados por outros interessados, com seus respectivos contatos.<\/p>\n<p><a href=\"https:\/\/www.ebp.org.br\/carteis-e-intercambios\/interessados-em-cartel\/\">https:\/\/www.ebp.org.br\/carteis-e-intercambios\/interessados-em-cartel\/<\/a><\/p>\n<p>Cabe \u00e0 Diretoria de Cart\u00e9is acolher quem endere\u00e7a sua quest\u00e3o \u00e0 Escola e promover o encontro entre os interessados em formar Cartel e inscrev\u00ea-lo na EBP, bem como dar publicidade ao produto que adv\u00e9m desse encontro de cada um com o dispositivo, atrav\u00e9s de sua programa\u00e7\u00e3o semestral.[\/vc_column_text][\/vc_column][vc_column width=&#8221;1\/3&#8243;][vc_single_image image=&#8221;4867&#8243;][\/vc_column][\/vc_row][vc_row][vc_column width=&#8221;2\/3&#8243;][vc_column_text]\n<h3><span style=\"color: #993300;\"><strong>Programa\u00e7\u00e3o do SegundoSemestre de 2023<\/strong><\/span><\/h3>\n<p><span style=\"color: #993300;\"><strong>JORNADA DE CART\u00c9IS<\/strong><\/span><\/p>\n<p><strong>Convidada: Sandra Grostein<\/strong><\/p>\n<p><strong>Data: <\/strong>25 e 26 de agosto<\/p>\n<p>A Jornada de Cart\u00e9is \u00e9 momento de apresenta\u00e7\u00e3o p\u00fablica de um produto de trabalho, um instant\u00e2neo da investiga\u00e7\u00e3o ou de um trabalho em constru\u00e7\u00e3o. Respondendo \u00e0 l\u00f3gica do n\u00e3o-anonimato, n\u00e3o se trata de um produto coletivo que fa\u00e7a consistir o grupo, mas do trabalho de cada um, que responda ao que um a um pode transmitir de sua rela\u00e7\u00e3o ao saber anal\u00edtico.<\/p>\n<p><span style=\"color: #993300;\"><strong>\u00a0ACHA-SE CARTEL<\/strong><\/span><\/p>\n<p><strong>Data:<\/strong> 19 de outubro:<\/p>\n<p>Esta atividade tem como proposta facilitar e promover o encontro dos interessados em formar um cartel, a partir dos temas que lhes forem comuns ou da proximidade de seus interesses. Neste encontro, os participantes podem tamb\u00e9m se informar sobre o funcionamento de um cartel e esclarecer suas d\u00favidas.<\/p>\n<ul>\n<li><strong>Hor\u00e1rio:<\/strong> 20:30<\/li>\n<li><strong>Local:<\/strong> Grande audit\u00f3rio EBP-MG e online pelo zoom.<\/li>\n<li><strong>Atividade h\u00edbrida<\/strong><\/li>\n<li><strong>Informa\u00e7\u00f5es:<\/strong>\n<ul>\n<li>Para a modalidade presencial: n\u00e3o requer inscri\u00e7\u00e3o pr\u00e9via<\/li>\n<li>Para a modalidade online :Requer preenchimento do formul\u00e1rio que estar\u00e1 dispon\u00edvel no linktree da p\u00e1gina da EBP-MG no Instagram e no site https:\/\/ebp.org.br\/mg\/.<\/li>\n<\/ul>\n<\/li>\n<\/ul>\n<p>O link do Zoom ser\u00e1 enviado, no dia do evento, ap\u00f3s as 15h.[\/vc_column_text][\/vc_column][vc_column width=&#8221;1\/3&#8243;][vc_single_image image=&#8221;4869&#8243;][\/vc_column][\/vc_row]\n<\/section>","protected":false},"excerpt":{"rendered":"<p>[vc_row][vc_column width=&#8221;2\/3&#8243;][vc_column_text] DIRETORIA DE CART\u00c9IS 2023 Diretora Adjunta de Cart\u00e9is da EBP-MG\u00a0 M\u00e1rcia Mez\u00eancio Equipe da Diretoria Adjunta de Cart\u00e9is EBP-MG: Aline Mendes, Bernardo Micherif, Luciana Silviano Brand\u00e3o, Marina Colares. Contato: equipedecarteisebpmg@gmail.com O cartel foi proposto por Lacan como o \u00f3rg\u00e3o-base da Escola, destinado a provocar a produ\u00e7\u00e3o de um tecido de saber e um&hellip;<\/p>\n","protected":false},"author":1,"featured_media":0,"parent":0,"menu_order":0,"comment_status":"closed","ping_status":"closed","template":"","meta":{"footnotes":""},"class_list":["post-5139","page","type-page","status-publish","hentry","entry","no-media"],"aioseo_notices":[],"_links":{"self":[{"href":"https:\/\/ebp.org.br\/mg\/wp-json\/wp\/v2\/pages\/5139","targetHints":{"allow":["GET"]}}],"collection":[{"href":"https:\/\/ebp.org.br\/mg\/wp-json\/wp\/v2\/pages"}],"about":[{"href":"https:\/\/ebp.org.br\/mg\/wp-json\/wp\/v2\/types\/page"}],"author":[{"embeddable":true,"href":"https:\/\/ebp.org.br\/mg\/wp-json\/wp\/v2\/users\/1"}],"replies":[{"embeddable":true,"href":"https:\/\/ebp.org.br\/mg\/wp-json\/wp\/v2\/comments?post=5139"}],"version-history":[{"count":1,"href":"https:\/\/ebp.org.br\/mg\/wp-json\/wp\/v2\/pages\/5139\/revisions"}],"predecessor-version":[{"id":5140,"href":"https:\/\/ebp.org.br\/mg\/wp-json\/wp\/v2\/pages\/5139\/revisions\/5140"}],"wp:attachment":[{"href":"https:\/\/ebp.org.br\/mg\/wp-json\/wp\/v2\/media?parent=5139"}],"curies":[{"name":"wp","href":"https:\/\/api.w.org\/{rel}","templated":true}]}}