{"id":4786,"date":"2023-08-17T11:09:24","date_gmt":"2023-08-17T14:09:24","guid":{"rendered":"https:\/\/ebp.org.br\/mg\/?page_id=4786"},"modified":"2024-05-15T09:49:27","modified_gmt":"2024-05-15T12:49:27","slug":"xxvi-jornada-de-carteis","status":"publish","type":"page","link":"https:\/\/ebp.org.br\/mg\/carteis\/xxvi-jornada-de-carteis\/","title":{"rendered":"XXVI JORNADA DE CART\u00c9IS"},"content":{"rendered":"<section class=\"wpb-content-wrapper\">[vc_row][vc_column width=&#8221;2\/3&#8243;][vc_column_text]\n<h2><strong><span style=\"color: #993300;\">DIRETORIA DE CART\u00c9IS 2023<\/span><\/strong><\/h2>\n<h3><span style=\"color: #993300;\"><strong>XXVI Jornada de Cart\u00e9is<\/strong><\/span><\/h3>\n<p>A Jornada de Cart\u00e9is \u00e9 momento de apresenta\u00e7\u00e3o p\u00fablica de um produto de trabalho, n\u00e3o necessariamente conclusivo, pode ser um instant\u00e2neo da investiga\u00e7\u00e3o em curso ou em constru\u00e7\u00e3o. Tamb\u00e9m n\u00e3o se trata de um produto coletivo que d\u00ea consist\u00eancia ao grupo, mas do trabalho de cada um, que responda \u00e0 l\u00f3gica do n\u00e3o-anonimato, ao que um a um, em nome pr\u00f3prio, pode transmitir de sua rela\u00e7\u00e3o ao saber anal\u00edtico.<\/p>\n<ul>\n<li><strong>Atividade h\u00edbrida.<\/strong><\/li>\n<li><strong>Data<\/strong>: 07 e 08 de junho<\/li>\n<li><strong>Convidado<\/strong>:<strong> Jorge Assef, <\/strong>A.E. (2021-2024), Membro EOL\/AMP.<\/li>\n<li><strong>Local<\/strong>: Sede da \u00a0EBP-MG<\/li>\n<li><strong>Endere\u00e7o<\/strong>: Av. Afonso Pena &#8211; 2770.Salas 201 &#8211; 207<\/li>\n<li><strong>Online<\/strong>: Zoom.<\/li>\n<li><strong>Informa\u00e7\u00f5es:<\/strong>\n<ul>\n<li><strong>Prazo para envio dos trabalhos<\/strong>: 12\/05\/2024.<\/li>\n<li><strong>Crit\u00e9rios para envio de trabalho:<\/strong>\n<ul>\n<li>os escritos devem ser produto do trabalho realizado em cartel, no qual devem ser lidos e discutidos previamente ao envio, e em conson\u00e2ncia com o tema de pesquisa do cartelizante;<\/li>\n<li>o cartel deve ser inscrito e ativo na EBP-MG;<\/li>\n<li>o autor deve indicar o nome docartel e de seu mais-um*;<\/li>\n<li>limite de caracteres: 6000 (com espa\u00e7os)<\/li>\n<li>Fonte: Times New Roman, tamanho 12, emWord<\/li>\n<li>Um caderno de textos ser\u00e1 montado e enviado aos inscritos.<\/li>\n<\/ul>\n<\/li>\n<li><strong style=\"color: var(--wpex-text-2);\">Inscri\u00e7\u00f5es<\/strong><span style=\"color: var(--wpex-text-2);\">: Via formul\u00e1rio Google, dispon\u00edvel na bio da p\u00e1gina do Instagram da EBP-MG e neste site.<\/span>\n<div>Link para inscri\u00e7\u00e3o:\u00a0<a href=\"https:\/\/docs.google.com\/forms\/d\/e\/1FAIpQLSdKdg_lLhN1U03yRVrOSPrCJMKuWOwb5CoQMvyOR4hwFUppnw\/viewform?usp=pp_url\" target=\"_blank\" rel=\"noopener\" data-saferedirecturl=\"https:\/\/www.google.com\/url?q=https:\/\/docs.google.com\/forms\/d\/e\/1FAIpQLSdKdg_lLhN1U03yRVrOSPrCJMKuWOwb5CoQMvyOR4hwFUppnw\/viewform?usp%3Dpp_url&amp;source=gmail&amp;ust=1712236012688000&amp;usg=AOvVaw3GoYjLz7sxWfb5oNpSrCsf\">https:\/\/docs.<wbr \/>google.com\/forms\/d\/e\/<wbr \/>1FAIpQLSdKdg_<wbr \/>lLhN1U03yRVrOSPrCJMKuWOwb5CoQM<wbr \/>vyOR4hwFUppnw\/viewform?usp=pp_<wbr \/>url<\/a><\/div>\n<p>Para os que se inscreverem para participa\u00e7\u00e3o online, o link do Zoom ser\u00e1 enviado no dia do evento, ap\u00f3s as 15h.<\/li>\n<\/ul>\n<\/li>\n<\/ul>\n<hr \/>\n<p><span data-contrast=\"auto\">Nosso e-mail \u00e9 <\/span><a href=\"mailto:equipedecarteisebpmg@gmail.com\"><span data-contrast=\"none\">equipedecarteisebpmg@gmail.com<\/span><\/a><span data-contrast=\"auto\">\u00a0<\/span><span data-ccp-props=\"{&quot;201341983&quot;:0,&quot;335559739&quot;:160,&quot;335559740&quot;:259}\">\u00a0<\/span><\/p>\n<p><span data-contrast=\"auto\">Estamos \u00e0 disposi\u00e7\u00e3o!\u00a0<\/span><span data-ccp-props=\"{&quot;201341983&quot;:0,&quot;335559739&quot;:160,&quot;335559740&quot;:259}\">\u00a0<\/span><\/p>\n<p><span data-contrast=\"none\"><strong>Aline Mendes<\/strong> (31) 9 8797-4782<\/span><span data-ccp-props=\"{&quot;201341983&quot;:0,&quot;335557856&quot;:16777215,&quot;335559739&quot;:0,&quot;335559740&quot;:240}\"><br \/>\n<\/span><span data-contrast=\"none\"><strong>Bernardo Micherif<\/strong> (31) 9 8634-4858<\/span><span data-ccp-props=\"{&quot;201341983&quot;:0,&quot;335557856&quot;:16777215,&quot;335559739&quot;:0,&quot;335559740&quot;:240}\"><br \/>\n<\/span><span data-contrast=\"none\"><strong>Luciana Silviano Brand\u00e3o<\/strong> (31) 9 9182-8664<\/span><span data-ccp-props=\"{&quot;201341983&quot;:0,&quot;335557856&quot;:16777215,&quot;335559739&quot;:0,&quot;335559740&quot;:240}\"><br \/>\n<\/span><span data-contrast=\"none\"><strong>M\u00e1rcia Mez\u00eancio<\/strong> (31) 9 9967-1478<\/span><span data-ccp-props=\"{&quot;201341983&quot;:0,&quot;335557856&quot;:16777215,&quot;335559739&quot;:0,&quot;335559740&quot;:240}\"><br \/>\n<\/span><span data-contrast=\"none\"><strong>Marina Colares<\/strong> (31) 9 9208-5419<\/span><\/p>\n<p><b><span data-contrast=\"none\">Equipe da Diretoria de Cart\u00e9is EBP- MG<\/span><\/b><span data-ccp-props=\"{&quot;201341983&quot;:0,&quot;335557856&quot;:16777215,&quot;335559739&quot;:0,&quot;335559740&quot;:240}\">\u00a0<\/span><\/p>\n<p><b><span data-contrast=\"none\">Escola Brasileira de Psican\u00e1lise -\u202fSe\u00e7\u00e3o Minas Gerais<\/span><\/b><span data-ccp-props=\"{&quot;201341983&quot;:0,&quot;335557856&quot;:16777215,&quot;335559739&quot;:0,&quot;335559740&quot;:240}\">\u00a0<\/span>[\/vc_column_text][\/vc_column][vc_column width=&#8221;1\/3&#8243;][vc_single_image image=&#8221;5243&#8243;][\/vc_column][\/vc_row]\n<\/section>","protected":false},"excerpt":{"rendered":"<p>[vc_row][vc_column width=&#8221;2\/3&#8243;][vc_column_text] DIRETORIA DE CART\u00c9IS 2023 XXVI Jornada de Cart\u00e9is A Jornada de Cart\u00e9is \u00e9 momento de apresenta\u00e7\u00e3o p\u00fablica de um produto de trabalho, n\u00e3o necessariamente conclusivo, pode ser um instant\u00e2neo da investiga\u00e7\u00e3o em curso ou em constru\u00e7\u00e3o. Tamb\u00e9m n\u00e3o se trata de um produto coletivo que d\u00ea consist\u00eancia ao grupo, mas do trabalho de&hellip;<\/p>\n","protected":false},"author":1,"featured_media":0,"parent":1188,"menu_order":0,"comment_status":"closed","ping_status":"closed","template":"","meta":{"footnotes":""},"class_list":["post-4786","page","type-page","status-publish","hentry","entry","no-media"],"aioseo_notices":[],"_links":{"self":[{"href":"https:\/\/ebp.org.br\/mg\/wp-json\/wp\/v2\/pages\/4786","targetHints":{"allow":["GET"]}}],"collection":[{"href":"https:\/\/ebp.org.br\/mg\/wp-json\/wp\/v2\/pages"}],"about":[{"href":"https:\/\/ebp.org.br\/mg\/wp-json\/wp\/v2\/types\/page"}],"author":[{"embeddable":true,"href":"https:\/\/ebp.org.br\/mg\/wp-json\/wp\/v2\/users\/1"}],"replies":[{"embeddable":true,"href":"https:\/\/ebp.org.br\/mg\/wp-json\/wp\/v2\/comments?post=4786"}],"version-history":[{"count":12,"href":"https:\/\/ebp.org.br\/mg\/wp-json\/wp\/v2\/pages\/4786\/revisions"}],"predecessor-version":[{"id":5275,"href":"https:\/\/ebp.org.br\/mg\/wp-json\/wp\/v2\/pages\/4786\/revisions\/5275"}],"up":[{"embeddable":true,"href":"https:\/\/ebp.org.br\/mg\/wp-json\/wp\/v2\/pages\/1188"}],"wp:attachment":[{"href":"https:\/\/ebp.org.br\/mg\/wp-json\/wp\/v2\/media?parent=4786"}],"curies":[{"name":"wp","href":"https:\/\/api.w.org\/{rel}","templated":true}]}}