{"id":4591,"date":"2023-03-01T14:24:13","date_gmt":"2023-03-01T17:24:13","guid":{"rendered":"https:\/\/ebp.org.br\/mg\/?page_id=4591"},"modified":"2023-03-01T14:24:13","modified_gmt":"2023-03-01T17:24:13","slug":"26a-jornada-da-ebp-mg-ebp-mg-2023","status":"publish","type":"page","link":"https:\/\/ebp.org.br\/mg\/ensino\/seminarios\/jornada-ebp-mg\/26a-jornada-da-ebp-mg-ebp-mg-2023\/","title":{"rendered":"26\u00aa Jornada da EBP-MG EBP-MG (2023)"},"content":{"rendered":"<section class=\"wpb-content-wrapper\">[vc_row][vc_column width=&#8221;2\/3&#8243;][vc_column_text]\n<h3><span style=\"color: #993300;\"><strong>XXVI Jornada da EBP-MG<\/strong><\/span><\/h3>\n<p><strong>H\u00e1 algo de novo nas psicoses&#8230;ainda<\/strong><\/p>\n<ul>\n<li><strong>Convidado:<\/strong> \u00c9ric Laurent (videoconfer\u00eancia)<\/li>\n<li><strong>01 e 02 de dezembro \u2013 2023<br \/>\n<\/strong>Hotel Mercure<br \/>\n(Avenida do Contorno, 7315, Lourdes)<\/li>\n<\/ul>\n<p><strong>Semin\u00e1rios Preparat\u00f3rios <\/strong><\/p>\n<p>(Sede da EBP-MG)<strong>\u00a0<\/strong><\/p>\n<p><strong>04\/05 \u2013 Apresenta\u00e7\u00e3o do tema<\/strong><\/p>\n<ul>\n<li>S\u00e9rgio Laia \u2013 Diretor Geral Adjunto da EBP-MG<\/li>\n<li>Fernanda Costa \u2013 Coordenadora da XXVI Jornada da EBP-MG<\/li>\n<li>Helenice de Castro &#8211; Coordenadora da XXVI Jornada da EBP-MG<\/li>\n<\/ul>\n<p><strong>01\/06 \u2013 O mundo rumo \u00e0 psicose<\/strong><\/p>\n<ul>\n<li>Coordena\u00e7\u00e3o: Ram Mandil \u2013 AME EBP\/AMP<\/li>\n<\/ul>\n<p><strong>03\/08 \u2013 Diagnosticar e despatologizar <\/strong><\/p>\n<ul>\n<li>Coordena\u00e7\u00e3o: Elisa Alvarenga &#8211; AME EBP\/AMP<\/li>\n<\/ul>\n<p><strong>14\/09 \u2013 As flutua\u00e7\u00f5es do sexo <\/strong><\/p>\n<ul>\n<li>Coordena\u00e7\u00e3o: Ludmilla F\u00e9res Faria \u2013 EBP\/AMP<\/li>\n<\/ul>\n<p><strong>09\/11 \u2013 <\/strong>A definir[\/vc_column_text][\/vc_column][vc_column width=&#8221;1\/3&#8243;][vc_single_image image=&#8221;4646&#8243; img_size=&#8221;full&#8221;][vc_empty_space][vc_single_image image=&#8221;4738&#8243; img_size=&#8221;full&#8221;][vc_empty_space][vc_single_image image=&#8221;4654&#8243; img_size=&#8221;full&#8221;][\/vc_column][\/vc_row][vc_row][vc_column width=&#8221;1\/4&#8243;][vc_single_image image=&#8221;4736&#8243; img_size=&#8221;full&#8221; onclick=&#8221;link_image&#8221;][\/vc_column][vc_column width=&#8221;1\/4&#8243;][vc_single_image image=&#8221;4670&#8243; img_size=&#8221;full&#8221; onclick=&#8221;link_image&#8221;][\/vc_column][vc_column width=&#8221;1\/4&#8243;][vc_single_image image=&#8221;4669&#8243; img_size=&#8221;full&#8221; onclick=&#8221;custom_link&#8221;][\/vc_column][vc_column width=&#8221;1\/4&#8243;][vc_single_image image=&#8221;4668&#8243; img_size=&#8221;full&#8221; onclick=&#8221;custom_link&#8221;][\/vc_column][\/vc_row][vc_row][vc_column width=&#8221;1\/3&#8243;][vc_single_image image=&#8221;4675&#8243; img_size=&#8221;full&#8221; onclick=&#8221;link_image&#8221;][\/vc_column][vc_column width=&#8221;1\/3&#8243;][vc_single_image image=&#8221;4667&#8243; img_size=&#8221;full&#8221; onclick=&#8221;link_image&#8221;][\/vc_column][vc_column width=&#8221;1\/3&#8243;][vc_single_image image=&#8221;4677&#8243; img_size=&#8221;full&#8221; onclick=&#8221;link_image&#8221;][\/vc_column][\/vc_row]\n<\/section>","protected":false},"excerpt":{"rendered":"<p>[vc_row][vc_column width=&#8221;2\/3&#8243;][vc_column_text] XXVI Jornada da EBP-MG H\u00e1 algo de novo nas psicoses&#8230;ainda Convidado: \u00c9ric Laurent (videoconfer\u00eancia) 01 e 02 de dezembro \u2013 2023 Hotel Mercure (Avenida do Contorno, 7315, Lourdes) Semin\u00e1rios Preparat\u00f3rios (Sede da EBP-MG)\u00a0 04\/05 \u2013 Apresenta\u00e7\u00e3o do tema S\u00e9rgio Laia \u2013 Diretor Geral Adjunto da EBP-MG Fernanda Costa \u2013 Coordenadora da XXVI Jornada&hellip;<\/p>\n","protected":false},"author":1,"featured_media":0,"parent":2066,"menu_order":0,"comment_status":"closed","ping_status":"closed","template":"","meta":{"footnotes":""},"class_list":["post-4591","page","type-page","status-publish","hentry","entry","no-media"],"aioseo_notices":[],"_links":{"self":[{"href":"https:\/\/ebp.org.br\/mg\/wp-json\/wp\/v2\/pages\/4591","targetHints":{"allow":["GET"]}}],"collection":[{"href":"https:\/\/ebp.org.br\/mg\/wp-json\/wp\/v2\/pages"}],"about":[{"href":"https:\/\/ebp.org.br\/mg\/wp-json\/wp\/v2\/types\/page"}],"author":[{"embeddable":true,"href":"https:\/\/ebp.org.br\/mg\/wp-json\/wp\/v2\/users\/1"}],"replies":[{"embeddable":true,"href":"https:\/\/ebp.org.br\/mg\/wp-json\/wp\/v2\/comments?post=4591"}],"version-history":[{"count":0,"href":"https:\/\/ebp.org.br\/mg\/wp-json\/wp\/v2\/pages\/4591\/revisions"}],"up":[{"embeddable":true,"href":"https:\/\/ebp.org.br\/mg\/wp-json\/wp\/v2\/pages\/2066"}],"wp:attachment":[{"href":"https:\/\/ebp.org.br\/mg\/wp-json\/wp\/v2\/media?parent=4591"}],"curies":[{"name":"wp","href":"https:\/\/api.w.org\/{rel}","templated":true}]}}