{"id":4503,"date":"2023-02-16T11:26:58","date_gmt":"2023-02-16T14:26:58","guid":{"rendered":"https:\/\/ebp.org.br\/mg\/?page_id=4503"},"modified":"2023-02-16T11:26:58","modified_gmt":"2023-02-16T14:26:58","slug":"carteis-2022","status":"publish","type":"page","link":"https:\/\/ebp.org.br\/mg\/carteis-2022\/","title":{"rendered":"Cart\u00e9is 2022"},"content":{"rendered":"<section class=\"wpb-content-wrapper\">[vc_row][vc_column][vc_column_text]\n<h2><strong><span style=\"color: #993300;\">DIRETORIA DE CART\u00c9IS 2022<\/span><\/strong><\/h2>\n<p><strong><span style=\"color: #000000; font-family: arial, sans-serif;\">Diretora de Cart\u00e9is da EBP-MG\u00a0<\/span><\/strong><\/p>\n<ul>\n<li><span style=\"color: #000000; font-family: arial, sans-serif;\">Anam\u00e1ris Pinto<\/span><\/li>\n<\/ul>\n<p><strong><span style=\"color: #000000; font-family: arial, sans-serif;\">Equipe da Diretoria de Cart\u00e9is EBP-MG:<\/span><\/strong><\/p>\n<ul>\n<li><span style=\"color: #000000; font-family: arial, sans-serif;\">Carla Capanema, Fernanda Costa, Gilson Iannini, Miguel Antunes, Renata Dinardi, Virg\u00ednia Carvalho.<\/span><\/li>\n<\/ul>\n<hr \/>\n<p><strong>Programa\u00e7\u00e3o do Segundo Semestre de 2022<\/strong><\/p>\n<p><strong>Diretora<\/strong>: Anam\u00e1ris Pinto<\/p>\n<p><strong>Acha-se Cartel: <\/strong>10\/11\/22<\/p>\n<p><strong>Hor\u00e1rio:<\/strong>\u00a020:30<\/p>\n<p><strong>Local:<\/strong>\u00a0Grande audit\u00f3rio EBP-MG e online pelo zoom.<\/p>\n<p><strong>Atividade h\u00edbrida.<\/strong><\/p>\n<p><strong>Informa\u00e7\u00f5es:<\/strong><\/p>\n<p><u>Para participar presencialmente: <\/u><\/p>\n<ul>\n<li>N\u00e3o ser\u00e1 necess\u00e1ria a inscri\u00e7\u00e3o pr\u00e9via.<\/li>\n<\/ul>\n<p><u>Para participar online:<\/u><\/p>\n<ul>\n<li>Aguarde o link de inscri\u00e7\u00e3o no in\u00edcio de novembro.<\/li>\n<li>O modelo de inscri\u00e7\u00e3o via formul\u00e1rio ser\u00e1 o mesmo que j\u00e1 vem sendo utilizado pela Se\u00e7\u00e3o. Para cada atividade, ser\u00e1 liberado, na semana anterior ao evento, um formul\u00e1rio que deve ser preenchido pelos que desejam receber o link do Zoom. O link ser\u00e1 enviado, no dia do evento, ap\u00f3s as 15h.<\/li>\n<\/ul>\n<hr \/>\n<p><strong>Orienta\u00e7\u00f5es aos interessados em formar Cartel inscrito na EBP.<\/strong><\/p>\n<p>Se voc\u00ea quer se engajar em uma experi\u00eancia de cartel, fique atento \u00e0s datas da atividade \u201cAcha-se cartel\u201d da EBP-MG, que acontecem uma vez por semestre. Nessa atividade, aqueles que t\u00eam interesse em formar cartel, ter\u00e3o a oportunidade de encontrar outros interessados com quem possam trabalhar. Esse \u00e9 tamb\u00e9m um momento de conversa em que os participantes poder\u00e3o esclarecer suas d\u00favidas quanto ao funcionamento do cartel.<\/p>\n<p>Uma outra maneira de apresentar sua disponibilidade para o trabalho em Cartel, \u00e9 fazer sua inscri\u00e7\u00e3o tamb\u00e9m na lista de \u201cprocura-se cartel\u201d no site da EBP. Voc\u00ea deve preencher os dados solicitados com seu nome, contato, tema de interesse e selecionar a Se\u00e7\u00e3o Minas, se residir em Minas.<\/p>\n<p><a href=\"https:\/\/www.ebp.org.br\/carteis-e-intercambios\/procura-se-cartel\/\">https:\/\/www.ebp.org.br\/carteis-e-intercambios\/procura-se-cartel\/<\/a><\/p>\n<p>Percorra a lista dos temas dispon\u00edveis e entre em contato com aqueles que pretendem desenvolver temas que se aproximem daquele que gostaria de trabalhar.<\/p>\n<p><a href=\"https:\/\/www.ebp.org.br\/carteis-e-intercambios\/interessados-em-cartel\/\">https:\/\/www.ebp.org.br\/carteis-e-intercambios\/interessados-em-cartel\/#<\/a><\/p>\n<p><strong>O que \u00e9 um cartel?<\/strong><\/p>\n<p>O cartel \u00e9 um dispositivo de trabalho original, proposto por Lacan tanto \u00e0queles que praticam a psican\u00e1lise como a qualquer um que deseje estud\u00e1-la. Esta inven\u00e7\u00e3o lacaniana tem em conta os efeitos de grupo e visa \u2013 por sua estrutura e seu funcionamento \u2013 limit\u00e1-los o m\u00e1ximo poss\u00edvel.<\/p>\n<p><strong>Quatro se escolhem para trabalhar<\/strong><\/p>\n<p>Os que constituem um cartel se escolhem com um projeto comum de trabalho. Em 1980, Lacan estabeleceu que fossem quatro os integrantes de um cartel, n\u00famero de refer\u00eancia na maioria dos cart\u00e9is em funcionamento. As reuni\u00f5es se realizam com um ritmo definido por seus membros, denominados \u201ccartelizantes\u201d.<\/p>\n<p><strong>O \u201cMais-um\u201d<\/strong><\/p>\n<p>Escolhido pelos cartelizantes, o \u201cMais-um\u201d \u00e9 a pessoa que se encarrega da sele\u00e7\u00e3o, da discuss\u00e3o e do encaminhamento reservado ao trabalho de cada um. Sua fun\u00e7\u00e3o \u00e9 crucial para sustentar com tato o trabalho de cada cartelizante, fazer frente \u00e0s crises e para manter a dist\u00e2ncia entre saber e verdade. O \u201cMais-um\u201d tamb\u00e9m faz la\u00e7o com as Escolas, uma vez que ele favorece a exposi\u00e7\u00e3o dos produtos do cartel.<\/p>\n<p><strong>O tema de trabalho<\/strong><\/p>\n<p>A cria\u00e7\u00e3o do cartel \u00e9 a ocasi\u00e3o para que cada um eleja um tema ou uma quest\u00e3o de trabalho: leitura de um semin\u00e1rio, elabora\u00e7\u00e3o de um conceito ou de um caso, conex\u00e3o da psican\u00e1lise com outros campos etc. \u00c0 quest\u00e3o de cada um, agrega-se um tema comum do qual adv\u00e9m o t\u00edtulo do cartel e sob o qual poder\u00e1 declarar-se \u00e0 Escola.<\/p>\n<p><strong>O produto pr\u00f3prio de cada um<\/strong><\/p>\n<p>O trabalho efetuado n\u00e3o d\u00e1 lugar a um produto coletivo sobre um saber que implique a ades\u00e3o do grupo. Trata-se para cada um, em fun\u00e7\u00e3o do momento de sua rela\u00e7\u00e3o com a psican\u00e1lise, de constatar o que foi modificado de sua rela\u00e7\u00e3o com o saber anal\u00edtico.<\/p>\n<p><strong>A exposi\u00e7\u00e3o dos trabalhos<\/strong><\/p>\n<p>Os produtos do cartel podem ser expostos nas jornadas de cart\u00e9is, ocasi\u00e3o para colocar a c\u00e9u aberto as elabora\u00e7\u00f5es realizadas. As diferentes publica\u00e7\u00f5es do Campo Freudiano tamb\u00e9m podem ser os espa\u00e7os de apresenta\u00e7\u00e3o de alguns destes trabalhos.<\/p>\n<p><strong>A permuta\u00e7\u00e3o<\/strong><\/p>\n<p>O cartel n\u00e3o pode durar mais que um ou dois anos. Ao final desse tempo, se dissolve. Esta conclus\u00e3o necess\u00e1ria permite evitar a in\u00e9rcia verific\u00e1vel nos grupos de trabalho que se eternizam, fazendo obst\u00e1culo ao advir de um saber novo para o sujeito.<\/p>\n<p><strong>O cartel hoje<\/strong><\/p>\n<p>A pr\u00e1tica acumulada desde a inven\u00e7\u00e3o deste dispositivo institucional mostra o quanto ele \u00e9 fecundo na leitura dos textos de refer\u00eancia, no estudo dos conceitos fundamentais e na investiga\u00e7\u00e3o permanente em psican\u00e1lise. \u00c9, por isso, um instrumento de forma\u00e7\u00e3o dos analistas e um \u00f3rg\u00e3o de base da Causa freudiana.<\/p>\n<p>Fonte:\u00a0<a href=\"https:\/\/www.wapol.org\/pt\/las_escuelas\/Template.asp?Archivo=el_cartel.html\">https:\/\/www.wapol.org\/pt\/las_escuelas\/Template.asp?Archivo=el_cartel.html<\/a><\/p>\n<hr \/>\n<p><strong>Refer\u00eancias sobre os fundamentos e funcionamento do cartel:<\/strong><\/p>\n<p>Ato de Funda\u00e7\u00e3o de Jacques Lacan. In: Outros escritos. Rio de Janeiro: jorge Zahar Ed., 2003.p.235-236.<\/p>\n<p>D\u2019\u00c9colage de Jacques Lacan.<\/p>\n<p><a href=\"https:\/\/www.ebp.org.br\/wp-content\/uploads\/2020\/02\/22D%C3%89colage22-Jacques-Lacan.pdf\">https:\/\/www.ebp.org.br\/wp-content\/uploads\/2020\/02\/22D\u00c9colage22-Jacques-Lacan.pdf<\/a><\/p>\n<p>Cinco varia\u00e7\u00f5es sobre o tema da \u201celabora\u00e7\u00e3o provocada\u201d de Jacques-Alain Miller\u00a0<a href=\"https:\/\/www.ebp.org.br\/wp-content\/uploads\/2020\/02\/22Cinco-Varia%C3%A7%C3%B5es-sobre-o-tema-da-elabora%C3%A7%C3%A3o-provocada22-Jacques-Alain-Miller.pdf\">https:\/\/www.ebp.org.br\/wp-content\/uploads\/2020\/02\/22Cinco-Varia\u00e7\u00f5es-sobre-o-tema-da-elabora\u00e7\u00e3o-provocada22-Jacques-Alain-Miller.pdf<\/a><\/p>\n<p>En el Cartel se puede obtener un camello.<\/p>\n<p><a href=\"https:\/\/www.wapol.org\/pt\/las_escuelas\/TemplateArticulo.asp?intTipoPagina=4&amp;intPublicacion=10&amp;intEdicion=3&amp;intIdiomaPublicacion=9&amp;intArticulo=296&amp;intIdiomaArticulo=1\">https:\/\/www.wapol.org\/pt\/las_escuelas\/TemplateArticulo.asp?intTipoPagina=4&amp;intPublicacion=10&amp;intEdicion=3&amp;intIdiomaPublicacion=9&amp;intArticulo=296&amp;intIdiomaArticulo=1<\/a><\/p>\n<p>Le cartel dans le monde de Jacques-Alain Miller<\/p>\n<p><a href=\"https:\/\/www.wapol.org\/pt\/las_escuelas\/TemplateArticulo.asp?intTipoPagina=4&amp;intPublicacion=10&amp;intEdicion=3&amp;intIdiomaPublicacion=9&amp;intArticulo=293&amp;intIdiomaArticulo=5\">https:\/\/www.wapol.org\/pt\/las_escuelas\/TemplateArticulo.asp?intTipoPagina=4&amp;intPublicacion=10&amp;intEdicion=3&amp;intIdiomaPublicacion=9&amp;intArticulo=293&amp;intIdiomaArticulo=5<\/a>[\/vc_column_text][\/vc_column][\/vc_row][vc_row][vc_column][vc_column_text]<strong><span style=\"color: #993300;\">DIRETORIA DE CART\u00c9IS<\/span><\/strong><\/p>\n<p><strong><span style=\"color: #000000; font-family: arial, sans-serif;\">Diretora de Cart\u00e9is da EBP-MG\u00a0<\/span><\/strong><\/p>\n<ul>\n<li><span style=\"color: #000000; font-family: arial, sans-serif;\">Anam\u00e1ris Pinto<\/span><\/li>\n<\/ul>\n<p><strong><span style=\"color: #000000; font-family: arial, sans-serif;\">Equipe da Diretoria de Cart\u00e9is EBP-MG:<\/span><\/strong><\/p>\n<ul>\n<li><span style=\"color: #000000; font-family: arial, sans-serif;\">Carla Capanema, Fernanda Costa, Gilson Iannini, Miguel Antunes, Renata Dinardi, Virg\u00ednia Carvalho.<\/span><\/li>\n<\/ul>\n<hr \/>\n<h3><img loading=\"lazy\" decoding=\"async\" class=\"alignright wp-image-4439 size-medium\" src=\"https:\/\/ebp.org.br\/mg\/wp-content\/uploads\/2022\/11\/acha_se_cartel-240x300.jpg\" alt=\"\" width=\"240\" height=\"300\" \/>Noite de Cart\u00e9is<\/h3>\n<p><strong>Acha-se Cartel<\/strong><\/p>\n<p>Apresenta\u00e7\u00e3o: Renata Dinardi<\/p>\n<p>Data: 10\/11\/22<\/p>\n<p>Hor\u00e1rio: 20:30<\/p>\n<p>Local: Presencial na Sede da EBP-MG e Online pelo Zoom<\/p>\n<p>Endere\u00e7o: Av Afonso Pena, 2770 &#8211; 2o andar. Funcion\u00e1rios.<\/p>\n<p>Se voc\u00ea quer se engajar em uma experi\u00eancia de cartel, venha conversar com a equipe da diretoria de cart\u00e9is na atividade &#8220;Acha-se cartel&#8221; da EBP-MG. Nessa atividade, aqueles que t\u00eam interesse em formar cartel, ter\u00e3o a oportunidade de encontrar outros interessados com quem possam trabalhar. Esse \u00e9 tamb\u00e9m um momento de conversa onde um integrante dessa diretoria, desta vez, Renata Dinardi far\u00e1 uma apresenta\u00e7\u00e3o de orienta\u00e7\u00e3o sobre os fundamentos do Cartel, que possa abrir a conversa, onde os participantes poder\u00e3o esclarecer suas d\u00favidas quanto ao seu funcionamento. Fa\u00e7a sua inscri\u00e7\u00e3o pelo link.<\/p>\n<p>Aguardamos voc\u00eas!<\/p>\n<p>Inscri\u00e7\u00f5es Presencial e Online: <a href=\"https:\/\/forms.gle\/R6nnqzUatyATikAr6\">https:\/\/forms.gle\/R6nnqzUatyATikAr6<\/a><\/p>\n<p>Cartel respons\u00e1vel pela organiza\u00e7\u00e3o das atividades de Cart\u00e9is na EBP-MG: Anam\u00e1ris Pinto (Mais-um) Carla Capanema, Fernanda Costa, Miguel Antunes, Renata Dinardi, Ram Mandil e Virg\u00ednia Carvalho.<\/p>\n<h6>Cr\u00e9ditos da Imagem: Imagem gentilmente cedida por Conrado Almada.<\/h6>\n<hr \/>\n<p><strong>Programa\u00e7\u00e3o do Segundo Semestre de 2022<\/strong><\/p>\n<p><strong>Diretora<\/strong>: Anam\u00e1ris Pinto<\/p>\n<p><strong>Acha-se Cartel: <\/strong>10\/11\/22<\/p>\n<p><strong>Hor\u00e1rio:<\/strong>\u00a020:30<\/p>\n<p><strong>Local:<\/strong>\u00a0Grande audit\u00f3rio EBP-MG e online pelo zoom.<\/p>\n<p><strong>Atividade h\u00edbrida.<\/strong><\/p>\n<p><strong>Informa\u00e7\u00f5es:<\/strong><\/p>\n<p><u>Para participar presencialmente: <\/u><\/p>\n<ul>\n<li>N\u00e3o ser\u00e1 necess\u00e1ria a inscri\u00e7\u00e3o pr\u00e9via.<\/li>\n<\/ul>\n<p><u>Para participar online:<\/u><\/p>\n<ul>\n<li>Aguarde o link de inscri\u00e7\u00e3o no in\u00edcio de novembro.<\/li>\n<li>O modelo de inscri\u00e7\u00e3o via formul\u00e1rio ser\u00e1 o mesmo que j\u00e1 vem sendo utilizado pela Se\u00e7\u00e3o. Para cada atividade, ser\u00e1 liberado, na semana anterior ao evento, um formul\u00e1rio que deve ser preenchido pelos que desejam receber o link do Zoom. O link ser\u00e1 enviado, no dia do evento, ap\u00f3s as 15h.<\/li>\n<\/ul>\n[\/vc_column_text][\/vc_column][\/vc_row]\n<\/section>","protected":false},"excerpt":{"rendered":"<p>[vc_row][vc_column][vc_column_text] DIRETORIA DE CART\u00c9IS 2022 Diretora de Cart\u00e9is da EBP-MG\u00a0 Anam\u00e1ris Pinto Equipe da Diretoria de Cart\u00e9is EBP-MG: Carla Capanema, Fernanda Costa, Gilson Iannini, Miguel Antunes, Renata Dinardi, Virg\u00ednia Carvalho. Programa\u00e7\u00e3o do Segundo Semestre de 2022 Diretora: Anam\u00e1ris Pinto Acha-se Cartel: 10\/11\/22 Hor\u00e1rio:\u00a020:30 Local:\u00a0Grande audit\u00f3rio EBP-MG e online pelo zoom. Atividade h\u00edbrida. Informa\u00e7\u00f5es: Para participar&hellip;<\/p>\n","protected":false},"author":1,"featured_media":0,"parent":0,"menu_order":0,"comment_status":"closed","ping_status":"closed","template":"","meta":{"footnotes":""},"class_list":["post-4503","page","type-page","status-publish","hentry","entry","no-media"],"aioseo_notices":[],"_links":{"self":[{"href":"https:\/\/ebp.org.br\/mg\/wp-json\/wp\/v2\/pages\/4503","targetHints":{"allow":["GET"]}}],"collection":[{"href":"https:\/\/ebp.org.br\/mg\/wp-json\/wp\/v2\/pages"}],"about":[{"href":"https:\/\/ebp.org.br\/mg\/wp-json\/wp\/v2\/types\/page"}],"author":[{"embeddable":true,"href":"https:\/\/ebp.org.br\/mg\/wp-json\/wp\/v2\/users\/1"}],"replies":[{"embeddable":true,"href":"https:\/\/ebp.org.br\/mg\/wp-json\/wp\/v2\/comments?post=4503"}],"version-history":[{"count":0,"href":"https:\/\/ebp.org.br\/mg\/wp-json\/wp\/v2\/pages\/4503\/revisions"}],"wp:attachment":[{"href":"https:\/\/ebp.org.br\/mg\/wp-json\/wp\/v2\/media?parent=4503"}],"curies":[{"name":"wp","href":"https:\/\/api.w.org\/{rel}","templated":true}]}}