{"id":2066,"date":"2019-04-03T16:17:54","date_gmt":"2019-04-03T19:17:54","guid":{"rendered":"http:\/\/ebp.org.br\/mg\/?page_id=2066"},"modified":"2019-04-03T16:17:54","modified_gmt":"2019-04-03T19:17:54","slug":"jornada-ebp-mg","status":"publish","type":"page","link":"https:\/\/ebp.org.br\/mg\/ensino\/seminarios\/jornada-ebp-mg\/","title":{"rendered":"Jornada EBP-MG"},"content":{"rendered":"<h3><span style=\"color: #993300;\"><strong>XXVI Jornada da EBP-MG<\/strong><\/span><\/h3>\n<p><strong>H\u00e1 algo de novo nas psicoses&#8230;ainda<\/strong><\/p>\n<ul>\n<li><strong>Convidado:<\/strong> \u00c9ric Laurent (videoconfer\u00eancia)<\/li>\n<li><strong>1 e 2 de dezembro \u2013 2023<br \/>\n<\/strong>Hotel Mercure<br \/>\n(Avenida do Contorno, 7315, Lourdes)<\/li>\n<\/ul>\n<p><strong>Semin\u00e1rios Preparat\u00f3rios <\/strong><\/p>\n<p>(Sede da EBP-MG)<strong>\u00a0<\/strong><\/p>\n<p><strong>04\/05 \u2013 Apresenta\u00e7\u00e3o do tema<\/strong><\/p>\n<ul>\n<li>S\u00e9rgio Laia \u2013 Diretor Geral Adjunto da EBP-MG<\/li>\n<li>Fernanda Costa \u2013 Coordenadora da XXVI Jornada da EBP-MG<\/li>\n<li>Helenice de Castro &#8211; Coordenadora da XXVI Jornada da EBP-MG<\/li>\n<\/ul>\n<p><strong>01\/06 \u2013 O mundo rumo \u00e0 psicose<\/strong><\/p>\n<ul>\n<li>Coordena\u00e7\u00e3o: Ram Mandil \u2013 AME EBP\/AMP<\/li>\n<\/ul>\n<p><strong>03\/08 \u2013 Diagnosticar e despatologizar <\/strong><\/p>\n<ul>\n<li>Coordena\u00e7\u00e3o: Elisa Alvarenga &#8211; AME EBP\/AMP<\/li>\n<\/ul>\n<p><strong>14\/09 \u2013 As flutua\u00e7\u00f5es do sexo <\/strong><\/p>\n<ul>\n<li>Coordena\u00e7\u00e3o: Ludmilla F\u00e9res Faria \u2013 EBP\/AMP<\/li>\n<\/ul>\n<p><strong>09\/11 \u2013 <\/strong>A definir<\/p>\n","protected":false},"excerpt":{"rendered":"<p>XXVI Jornada da EBP-MG H\u00e1 algo de novo nas psicoses&#8230;ainda Convidado: \u00c9ric Laurent (videoconfer\u00eancia) 1 e 2 de dezembro \u2013 2023 Hotel Mercure (Avenida do Contorno, 7315, Lourdes) Semin\u00e1rios Preparat\u00f3rios (Sede da EBP-MG)\u00a0 04\/05 \u2013 Apresenta\u00e7\u00e3o do tema S\u00e9rgio Laia \u2013 Diretor Geral Adjunto da EBP-MG Fernanda Costa \u2013 Coordenadora da XXVI Jornada da EBP-MG&hellip;<\/p>\n","protected":false},"author":1,"featured_media":0,"parent":1321,"menu_order":0,"comment_status":"closed","ping_status":"closed","template":"","meta":{"footnotes":""},"class_list":["post-2066","page","type-page","status-publish","hentry","entry","no-media"],"aioseo_notices":[],"_links":{"self":[{"href":"https:\/\/ebp.org.br\/mg\/wp-json\/wp\/v2\/pages\/2066","targetHints":{"allow":["GET"]}}],"collection":[{"href":"https:\/\/ebp.org.br\/mg\/wp-json\/wp\/v2\/pages"}],"about":[{"href":"https:\/\/ebp.org.br\/mg\/wp-json\/wp\/v2\/types\/page"}],"author":[{"embeddable":true,"href":"https:\/\/ebp.org.br\/mg\/wp-json\/wp\/v2\/users\/1"}],"replies":[{"embeddable":true,"href":"https:\/\/ebp.org.br\/mg\/wp-json\/wp\/v2\/comments?post=2066"}],"version-history":[{"count":0,"href":"https:\/\/ebp.org.br\/mg\/wp-json\/wp\/v2\/pages\/2066\/revisions"}],"up":[{"embeddable":true,"href":"https:\/\/ebp.org.br\/mg\/wp-json\/wp\/v2\/pages\/1321"}],"wp:attachment":[{"href":"https:\/\/ebp.org.br\/mg\/wp-json\/wp\/v2\/media?parent=2066"}],"curies":[{"name":"wp","href":"https:\/\/api.w.org\/{rel}","templated":true}]}}