{"id":1995,"date":"2019-02-27T15:13:34","date_gmt":"2019-02-27T18:13:34","guid":{"rendered":"http:\/\/ebp.org.br\/mg\/?page_id=1995"},"modified":"2019-02-27T15:13:34","modified_gmt":"2019-02-27T18:13:34","slug":"mais-ainda-seminario-de-leitura-do-seminario-20-de-jacques-lacan","status":"publish","type":"page","link":"https:\/\/ebp.org.br\/mg\/ensino\/seminarios\/seminario-por-conta-e-risco\/mais-ainda-seminario-de-leitura-do-seminario-20-de-jacques-lacan\/","title":{"rendered":"Mais, ainda \u2013 Semin\u00e1rio de leitura do Semin\u00e1rio 20 de Jacques Lacan"},"content":{"rendered":"<h3><b><span style=\"color: #993300;\">Mais, ainda \u2013 Semin\u00e1rio de leitura do Semin\u00e1rio 20 de Jacques Lacan<\/span><\/b><\/h3>\n<p><b><img loading=\"lazy\" decoding=\"async\" class=\"alignright wp-image-3661\" src=\"https:\/\/ebp.org.br\/mg\/wp-content\/uploads\/2021\/01\/mais-ainda-685x1024.png\" alt=\"\" width=\"300\" height=\"448\" \/><\/b><\/p>\n<p><strong>Respons\u00e1veis: <\/strong>Elisa Alvarenga e Luc\u00edola Mac\u00eado<\/p>\n<p>Estamos caminhando rumo \u00e0 conclus\u00e3o deste Semin\u00e1rio e neste percurso iremos trabalhar os cap\u00edtulos IX, X e XI de Mais, ainda. Partindo do objeto a como semblante, da conting\u00eancia do falo e de S(\u023a) rumo \u00e0 escritura dos n\u00f3s, passaremos pelo barroco, que veste os corpos como regula\u00e7\u00e3o da alma pela escopia corporal, pelas rodinhas de barbante &#8211; &#8220;representa\u00e7\u00e3o do Um que encerra um furo&#8221; &#8211; e o real como mist\u00e9rio do corpo falante; e por fim pela linguagem como uma elucubra\u00e7\u00e3o de saber sobre lal\u00edngua, pelo Um que \u00e9 letra e a conting\u00eancia do amor.<\/p>\n<p><strong>Datas:\u00a0<\/strong><\/p>\n<ul>\n<li>Mar\u00e7o 15 Cap. IX<\/li>\n<li>Abril 12 Cap. X<\/li>\n<li>Maio 10 Cap. XI<\/li>\n<\/ul>\n<p><strong>Hor\u00e1rio:<\/strong> 20:30 pelo Zoom<\/p>\n","protected":false},"excerpt":{"rendered":"<p>Mais, ainda \u2013 Semin\u00e1rio de leitura do Semin\u00e1rio 20 de Jacques Lacan Respons\u00e1veis: Elisa Alvarenga e Luc\u00edola Mac\u00eado Estamos caminhando rumo \u00e0 conclus\u00e3o deste Semin\u00e1rio e neste percurso iremos trabalhar os cap\u00edtulos IX, X e XI de Mais, ainda. Partindo do objeto a como semblante, da conting\u00eancia do falo e de S(\u023a) rumo \u00e0 escritura&hellip;<\/p>\n","protected":false},"author":1,"featured_media":0,"parent":1613,"menu_order":0,"comment_status":"closed","ping_status":"closed","template":"","meta":{"footnotes":""},"class_list":["post-1995","page","type-page","status-publish","hentry","entry","no-media"],"aioseo_notices":[],"_links":{"self":[{"href":"https:\/\/ebp.org.br\/mg\/wp-json\/wp\/v2\/pages\/1995","targetHints":{"allow":["GET"]}}],"collection":[{"href":"https:\/\/ebp.org.br\/mg\/wp-json\/wp\/v2\/pages"}],"about":[{"href":"https:\/\/ebp.org.br\/mg\/wp-json\/wp\/v2\/types\/page"}],"author":[{"embeddable":true,"href":"https:\/\/ebp.org.br\/mg\/wp-json\/wp\/v2\/users\/1"}],"replies":[{"embeddable":true,"href":"https:\/\/ebp.org.br\/mg\/wp-json\/wp\/v2\/comments?post=1995"}],"version-history":[{"count":0,"href":"https:\/\/ebp.org.br\/mg\/wp-json\/wp\/v2\/pages\/1995\/revisions"}],"up":[{"embeddable":true,"href":"https:\/\/ebp.org.br\/mg\/wp-json\/wp\/v2\/pages\/1613"}],"wp:attachment":[{"href":"https:\/\/ebp.org.br\/mg\/wp-json\/wp\/v2\/media?parent=1995"}],"curies":[{"name":"wp","href":"https:\/\/api.w.org\/{rel}","templated":true}]}}