{"id":1615,"date":"2018-05-13T14:45:46","date_gmt":"2018-05-13T17:45:46","guid":{"rendered":"http:\/\/ebp.org.br\/mg\/?page_id=1615"},"modified":"2026-03-11T05:46:03","modified_gmt":"2026-03-11T08:46:03","slug":"cinema-psicanalise","status":"publish","type":"page","link":"https:\/\/ebp.org.br\/mg\/ensino\/outras-atividades\/cinema-psicanalise\/","title":{"rendered":"Cinema e Psican\u00e1lise"},"content":{"rendered":"<h3><span style=\"color: #993300;\">Cinema e Psican\u00e1lise<\/span><\/h3>\n<p><strong>Coordenador:<\/strong> Ant\u00f4nio Teixeira (EBP\/AMP)<\/p>\n<p><strong>Equipe:<\/strong><\/p>\n<ul>\n<li>Carla Capanema<\/li>\n<li>Isa Gontijo<\/li>\n<li>Renata Lucindo (EBP\/AMP)<\/li>\n<li>Vinicius Lima (EBP\/AMP)<\/li>\n<\/ul>\n<h3><strong><br \/>\n<span style=\"color: #993300;\">CINEMA E PSICAN\u00c1LISE: A LENTE CL\u00cdNICA<\/span><\/strong><\/h3>\n<p><img loading=\"lazy\" decoding=\"async\" class=\"size-full wp-image-5540\" src=\"https:\/\/ebp.org.br\/mg\/wp-content\/uploads\/2025\/01\/pisicanalise_cinema.png\" alt=\"\" width=\"345\" height=\"258\" srcset=\"https:\/\/ebp.org.br\/mg\/wp-content\/uploads\/2025\/01\/pisicanalise_cinema.png 345w, https:\/\/ebp.org.br\/mg\/wp-content\/uploads\/2025\/01\/pisicanalise_cinema-300x224.png 300w\" sizes=\"auto, (max-width: 345px) 100vw, 345px\" \/><\/p>\n<p>\u00c9 um fato, h\u00e1 muito notado por Walter Benjamin, que o cinema enriqueceu nossa capacidade de observa\u00e7\u00e3o com meios que nos aproximam do olhar cl\u00ednico da psican\u00e1lise. Se a psican\u00e1lise, desde a \u201cPsicopatologia da Vida Cotidiana\u201d, isolou, ampliou e deu especial visibilidade a coisas que at\u00e9 ent\u00e3o passavam despercebidas, tais como um lapso, um erro de mem\u00f3ria ou mesmo um <em>Witz<\/em>, o cinema veio gerar um aprofundamento perceptivo an\u00e1logo ao destacar, gra\u00e7as ao grande plano, \u00e0 suspens\u00e3o calculada do di\u00e1logo e \u00e0 c\u00e2mara lenta, uma natureza at\u00e9 ent\u00e3o oculta ao olhar imerso no fluxo cont\u00ednuo das ocorr\u00eancias mundanas. Cinema e psican\u00e1lise assim se entredizem na feliz conflu\u00eancia desses dois m\u00e9todos, que nos permite ler as melhores pel\u00edculas com um olhar cl\u00ednico cinematogr\u00e1fico.<\/p>\n<p>O &#8220;Cinema e Psican\u00e1lise&#8221; \u00e9 uma realiza\u00e7\u00e3o da Funda\u00e7\u00e3o Cl\u00f3vis Salgado, em correaliza\u00e7\u00e3o com a EBP-MG.<strong>\u00a0<\/strong><\/p>\n<p><strong>Programa\u00e7\u00e3o<\/strong><\/p>\n<p><strong>I &#8211; Bem me quer, mal me quer. <em>(\u00c0 la folie&#8230; pas du tout, <\/em>Laetitia Colombani, Fran\u00e7a, 2002)<\/strong><\/p>\n<ul>\n<li><strong>Coment\u00e1rio<\/strong>: Bernardo Micherif (EBP\/AMP)<\/li>\n<li><strong>Data<\/strong>: 13\/03<\/li>\n<li><strong>Hor\u00e1rio<\/strong>: 19h<\/li>\n<li><strong>Local<\/strong>: Cine Humberto Mauro<\/li>\n<li><strong>Modalidade<\/strong>: Atividade presencial e gratuita. 50% dos ingressos estar\u00e3o dispon\u00edveis on-line, a partir do 12h do dia da sess\u00e3o, pelo site Eventim. O restante ser\u00e1 distribu\u00eddo presencialmente na bilheteria do Cine Humberto Mauro, meia hora antes de cada exibi\u00e7\u00e3o, mediante apresenta\u00e7\u00e3o de documento com foto.<\/li>\n<\/ul>\n<p>https:\/\/www.eventim.com.br\/artist\/ cine-humberto-mauro\/<\/p>\n<p><strong>II- A mulher do lado. (<em>La femme d&#8217;\u00e0 c\u00f4t\u00e9<\/em>, Fran\u00e7ois Truffaut, Fran\u00e7a,1981)<\/strong><\/p>\n<ul>\n<li><strong>Coment\u00e1rio<\/strong>: Francisco Matheus Barros<\/li>\n<li><strong>Data<\/strong>: 10\/04<\/li>\n<li><strong>Hor\u00e1rio<\/strong>: 19h<\/li>\n<li><strong>Local<\/strong>: Cine Humberto Mauro<\/li>\n<li><strong>Modalidade<\/strong>: Atividade presencial e gratuita. 50% dos ingressos estar\u00e3o dispon\u00edveis on-line, a partir do 12h do dia da sess\u00e3o, pelo site Eventim. O restante ser\u00e1 distribu\u00eddo presencialmente na bilheteria do Cine Humberto Mauro, meia hora antes de cada exibi\u00e7\u00e3o, mediante apresenta\u00e7\u00e3o de documento com foto.<\/li>\n<\/ul>\n<p>https:\/\/www.eventim.com.br\/artist\/ cine-humberto-mauro\/<em>\u00a0<\/em><\/p>\n<div><strong>III &#8211; O ci\u00fame (L&#8217;enfer, Claude Chabrot, Fran\u00e7a, 1994)<\/strong><\/div>\n<ul>\n<li><strong>Coment\u00e1rio<\/strong>: \u00a0B\u00e1rbara Afonso \u00a0(EBP\/AMP)<\/li>\n<li><strong>Data<\/strong>: 08\/05<\/li>\n<li><strong>Hor\u00e1rio<\/strong>: 19h<\/li>\n<li><strong>Local<\/strong>: Cine Humberto Mauro<\/li>\n<li><strong>Modalidade<\/strong>: Atividade presencial e gratuita. 50% dos ingressos estar\u00e3o dispon\u00edveis on-line, a partir do 12h do dia da sess\u00e3o, pelo site Eventim. O restante ser\u00e1 distribu\u00eddo presencialmente na bilheteria do Cine Humberto Mauro, meia hora antes de cada exibi\u00e7\u00e3o, mediante apresenta\u00e7\u00e3o de documento com foto.<\/li>\n<\/ul>\n<p><em>Em breve atualizaremos as informa\u00e7\u00f5es sobre as pr\u00f3ximas atividades.<\/em><\/p>\n","protected":false},"excerpt":{"rendered":"<p>Cinema e Psican\u00e1lise Coordenador: Ant\u00f4nio Teixeira (EBP\/AMP) Equipe: Carla Capanema Isa Gontijo Renata Lucindo (EBP\/AMP) Vinicius Lima (EBP\/AMP) CINEMA E PSICAN\u00c1LISE: A LENTE CL\u00cdNICA \u00c9 um fato, h\u00e1 muito notado por Walter Benjamin, que o cinema enriqueceu nossa capacidade de observa\u00e7\u00e3o com meios que nos aproximam do olhar cl\u00ednico da psican\u00e1lise. Se a psican\u00e1lise, desde&hellip;<\/p>\n","protected":false},"author":1,"featured_media":0,"parent":1342,"menu_order":0,"comment_status":"closed","ping_status":"closed","template":"","meta":{"footnotes":""},"class_list":["post-1615","page","type-page","status-publish","hentry","entry","no-media"],"aioseo_notices":[],"_links":{"self":[{"href":"https:\/\/ebp.org.br\/mg\/wp-json\/wp\/v2\/pages\/1615","targetHints":{"allow":["GET"]}}],"collection":[{"href":"https:\/\/ebp.org.br\/mg\/wp-json\/wp\/v2\/pages"}],"about":[{"href":"https:\/\/ebp.org.br\/mg\/wp-json\/wp\/v2\/types\/page"}],"author":[{"embeddable":true,"href":"https:\/\/ebp.org.br\/mg\/wp-json\/wp\/v2\/users\/1"}],"replies":[{"embeddable":true,"href":"https:\/\/ebp.org.br\/mg\/wp-json\/wp\/v2\/comments?post=1615"}],"version-history":[{"count":41,"href":"https:\/\/ebp.org.br\/mg\/wp-json\/wp\/v2\/pages\/1615\/revisions"}],"predecessor-version":[{"id":6093,"href":"https:\/\/ebp.org.br\/mg\/wp-json\/wp\/v2\/pages\/1615\/revisions\/6093"}],"up":[{"embeddable":true,"href":"https:\/\/ebp.org.br\/mg\/wp-json\/wp\/v2\/pages\/1342"}],"wp:attachment":[{"href":"https:\/\/ebp.org.br\/mg\/wp-json\/wp\/v2\/media?parent=1615"}],"curies":[{"name":"wp","href":"https:\/\/api.w.org\/{rel}","templated":true}]}}