{"id":1613,"date":"2018-05-13T14:43:26","date_gmt":"2018-05-13T17:43:26","guid":{"rendered":"http:\/\/ebp.org.br\/mg\/?page_id=1613"},"modified":"2026-04-15T11:05:49","modified_gmt":"2026-04-15T14:05:49","slug":"seminario-por-conta-e-risco","status":"publish","type":"page","link":"https:\/\/ebp.org.br\/mg\/ensino\/seminarios\/seminario-por-conta-e-risco\/","title":{"rendered":"Semin\u00e1rios por conta e risco"},"content":{"rendered":"<section class=\"wpb-content-wrapper\">[vc_row][vc_column width=&#8221;2\/3&#8243;][vc_column_text]\u201cAquele que ensina, o faz a seu pr\u00f3prio risco. A se\u00e7\u00e3o n\u00e3o o autoriza nem o dissuade. Os membros informar\u00e3o \u00e0 se\u00e7\u00e3o sobre seus programas de ensino. A Diretoria poder\u00e1 facilitar sua realiza\u00e7\u00e3o.A Assembl\u00e9ia Geral da Escola ser\u00e1 sempre informada acerca dos ensinos realizados.\u201d(Artigo 17 do Estatuto da EBP-MG).[\/vc_column_text][vc_column_text]\n<h3 style=\"font-weight: 400;\"><span style=\"color: #993300;\"><strong>A escrita do gozo no corpo<\/strong><\/span><\/h3>\n<h6>\u00a0Coordena\u00e7\u00e3o: Maria Margareth Ferraz de Oliveira (EBP\/AMP)<\/h6>\n[\/vc_column_text][vc_empty_space][vc_btn title=&#8221;Leia +&#8221; color=&#8221;juicy-pink&#8221; size=&#8221;xs&#8221; align=&#8221;left&#8221; link=&#8221;url:https%3A%2F%2Febp.org.br%2Fmg%2Fensino%2Fseminarios%2Fseminario-por-conta-e-risco%2Fa-escrita-do-gozo-no-corpo%2F|title:Freud%3A%20Casos%20cl%C3%ADnicos%C2%A0&#8243;][vc_empty_space][vc_separator color=&#8221;juicy_pink&#8221; border_width=&#8221;3&#8243;][vc_empty_space][vc_column_text]\n<h3><span style=\"color: #993300;\"><strong><span id=\"m_-1458251315087162489gmail-docs-internal-guid-59b52762-7fff-53d1-89bf-5af91544a639\">Reflex\u00f5es sobre os 4+1 conceitos da psican\u00e1lise<\/span><\/strong><\/span><\/h3>\n<div class=\"mec-single-event-description mec-events-content\">\n<h6 dir=\"ltr\">Coordena\u00e7\u00e3o: S\u00e9rgio de Campos (AME-EBP\/AMP)<\/h6>\n<\/div>\n[\/vc_column_text][vc_empty_space][vc_btn title=&#8221;Leia +&#8221; color=&#8221;juicy-pink&#8221; size=&#8221;xs&#8221; align=&#8221;left&#8221; link=&#8221;url:https%3A%2F%2Febp.org.br%2Fmg%2Fensino%2Fseminarios%2Fseminario-por-conta-e-risco%2Freflexoes-sobre-os-41-conceitos-da-psicanalise%2F|title:Freud%3A%20Casos%20cl%C3%ADnicos%C2%A0&#8243;][\/vc_column][vc_column width=&#8221;1\/3&#8243;][vc_single_image image=&#8221;5368&#8243; alignment=&#8221;right&#8221;][\/vc_column][\/vc_row]\n<\/section>","protected":false},"excerpt":{"rendered":"<p>[vc_row][vc_column width=&#8221;2\/3&#8243;][vc_column_text]\u201cAquele que ensina, o faz a seu pr\u00f3prio risco. A se\u00e7\u00e3o n\u00e3o o autoriza nem o dissuade. Os membros informar\u00e3o \u00e0 se\u00e7\u00e3o sobre seus programas de ensino. A Diretoria poder\u00e1 facilitar sua realiza\u00e7\u00e3o.A Assembl\u00e9ia Geral da Escola ser\u00e1 sempre informada acerca dos ensinos realizados.\u201d(Artigo 17 do Estatuto da EBP-MG).[\/vc_column_text][vc_column_text] A escrita do gozo no&hellip;<\/p>\n","protected":false},"author":1,"featured_media":0,"parent":1321,"menu_order":0,"comment_status":"closed","ping_status":"closed","template":"","meta":{"footnotes":""},"class_list":["post-1613","page","type-page","status-publish","hentry","entry","no-media"],"aioseo_notices":[],"_links":{"self":[{"href":"https:\/\/ebp.org.br\/mg\/wp-json\/wp\/v2\/pages\/1613","targetHints":{"allow":["GET"]}}],"collection":[{"href":"https:\/\/ebp.org.br\/mg\/wp-json\/wp\/v2\/pages"}],"about":[{"href":"https:\/\/ebp.org.br\/mg\/wp-json\/wp\/v2\/types\/page"}],"author":[{"embeddable":true,"href":"https:\/\/ebp.org.br\/mg\/wp-json\/wp\/v2\/users\/1"}],"replies":[{"embeddable":true,"href":"https:\/\/ebp.org.br\/mg\/wp-json\/wp\/v2\/comments?post=1613"}],"version-history":[{"count":18,"href":"https:\/\/ebp.org.br\/mg\/wp-json\/wp\/v2\/pages\/1613\/revisions"}],"predecessor-version":[{"id":6162,"href":"https:\/\/ebp.org.br\/mg\/wp-json\/wp\/v2\/pages\/1613\/revisions\/6162"}],"up":[{"embeddable":true,"href":"https:\/\/ebp.org.br\/mg\/wp-json\/wp\/v2\/pages\/1321"}],"wp:attachment":[{"href":"https:\/\/ebp.org.br\/mg\/wp-json\/wp\/v2\/media?parent=1613"}],"curies":[{"name":"wp","href":"https:\/\/api.w.org\/{rel}","templated":true}]}}