{"id":1610,"date":"2018-05-13T14:40:27","date_gmt":"2018-05-13T17:40:27","guid":{"rendered":"http:\/\/ebp.org.br\/mg\/?page_id=1610"},"modified":"2026-02-05T08:59:27","modified_gmt":"2026-02-05T11:59:27","slug":"seminario-da-supervisao","status":"publish","type":"page","link":"https:\/\/ebp.org.br\/mg\/ensino\/seminarios\/seminario-da-supervisao\/","title":{"rendered":"Semin\u00e1rio da Supervis\u00e3o"},"content":{"rendered":"<section class=\"wpb-content-wrapper\">[vc_row][vc_column width=&#8221;2\/3&#8243;][vc_empty_space][vc_column_text]<span style=\"color: #993300;\"><strong>1\u00ba semestre de 2026<\/strong><\/span><\/p>\n<h6><span style=\"color: #000000; font-family: arial, sans-serif; font-size: small;\">Coordena\u00e7\u00e3o: Ant\u00f4nio Beneti -EBP\/AMP<\/span><\/h6>\n<p>Aguarde a programa\u00e7\u00e3o.[\/vc_column_text][\/vc_column][vc_column width=&#8221;1\/3&#8243;][vc_single_image image=&#8221;5731&#8243;][\/vc_column][\/vc_row][vc_row][vc_column][vc_column_text]\n[\/vc_column_text][\/vc_column][\/vc_row]\n<\/section>","protected":false},"excerpt":{"rendered":"<p>[vc_row][vc_column width=&#8221;2\/3&#8243;][vc_empty_space][vc_column_text]1\u00ba semestre de 2026 Coordena\u00e7\u00e3o: Ant\u00f4nio Beneti -EBP\/AMP Aguarde a programa\u00e7\u00e3o.[\/vc_column_text][\/vc_column][vc_column width=&#8221;1\/3&#8243;][vc_single_image image=&#8221;5731&#8243;][\/vc_column][\/vc_row][vc_row][vc_column][vc_column_text] [\/vc_column_text][\/vc_column][\/vc_row]<\/p>\n","protected":false},"author":1,"featured_media":0,"parent":1321,"menu_order":0,"comment_status":"closed","ping_status":"closed","template":"","meta":{"footnotes":""},"class_list":["post-1610","page","type-page","status-publish","hentry","entry","no-media"],"aioseo_notices":[],"_links":{"self":[{"href":"https:\/\/ebp.org.br\/mg\/wp-json\/wp\/v2\/pages\/1610","targetHints":{"allow":["GET"]}}],"collection":[{"href":"https:\/\/ebp.org.br\/mg\/wp-json\/wp\/v2\/pages"}],"about":[{"href":"https:\/\/ebp.org.br\/mg\/wp-json\/wp\/v2\/types\/page"}],"author":[{"embeddable":true,"href":"https:\/\/ebp.org.br\/mg\/wp-json\/wp\/v2\/users\/1"}],"replies":[{"embeddable":true,"href":"https:\/\/ebp.org.br\/mg\/wp-json\/wp\/v2\/comments?post=1610"}],"version-history":[{"count":10,"href":"https:\/\/ebp.org.br\/mg\/wp-json\/wp\/v2\/pages\/1610\/revisions"}],"predecessor-version":[{"id":5946,"href":"https:\/\/ebp.org.br\/mg\/wp-json\/wp\/v2\/pages\/1610\/revisions\/5946"}],"up":[{"embeddable":true,"href":"https:\/\/ebp.org.br\/mg\/wp-json\/wp\/v2\/pages\/1321"}],"wp:attachment":[{"href":"https:\/\/ebp.org.br\/mg\/wp-json\/wp\/v2\/media?parent=1610"}],"curies":[{"name":"wp","href":"https:\/\/api.w.org\/{rel}","templated":true}]}}