{"id":1607,"date":"2018-05-13T14:38:15","date_gmt":"2018-05-13T17:38:15","guid":{"rendered":"http:\/\/ebp.org.br\/mg\/?page_id=1607"},"modified":"2023-09-23T07:51:43","modified_gmt":"2023-09-23T10:51:43","slug":"passe-na-escola","status":"publish","type":"page","link":"https:\/\/ebp.org.br\/mg\/ensino\/seminarios\/passe-na-escola\/","title":{"rendered":"Passe na Escola"},"content":{"rendered":"<section class=\"wpb-content-wrapper\">[vc_row][vc_column width=&#8221;2\/3&#8243;][vc_column_text]\n<h3><strong><span style=\"color: #993300;\">Passe na Escola<\/span><\/strong><\/h3>\n<p><strong>Coordena\u00e7\u00e3o:<\/strong>\u00a0 S\u00e9rgio Laia.<\/p>\n<p><span style=\"color: #993300;\">Aguarde a programa\u00e7\u00e3o<\/span>[\/vc_column_text][\/vc_column][vc_column width=&#8221;1\/3&#8243;][vc_single_image image=&#8221;4862&#8243;][\/vc_column][\/vc_row]\n<\/section>","protected":false},"excerpt":{"rendered":"<p>[vc_row][vc_column width=&#8221;2\/3&#8243;][vc_column_text] Passe na Escola Coordena\u00e7\u00e3o:\u00a0 S\u00e9rgio Laia. Aguarde a programa\u00e7\u00e3o[\/vc_column_text][\/vc_column][vc_column width=&#8221;1\/3&#8243;][vc_single_image image=&#8221;4862&#8243;][\/vc_column][\/vc_row]<\/p>\n","protected":false},"author":1,"featured_media":0,"parent":1321,"menu_order":0,"comment_status":"closed","ping_status":"closed","template":"","meta":{"footnotes":""},"class_list":["post-1607","page","type-page","status-publish","hentry","entry","no-media"],"aioseo_notices":[],"_links":{"self":[{"href":"https:\/\/ebp.org.br\/mg\/wp-json\/wp\/v2\/pages\/1607","targetHints":{"allow":["GET"]}}],"collection":[{"href":"https:\/\/ebp.org.br\/mg\/wp-json\/wp\/v2\/pages"}],"about":[{"href":"https:\/\/ebp.org.br\/mg\/wp-json\/wp\/v2\/types\/page"}],"author":[{"embeddable":true,"href":"https:\/\/ebp.org.br\/mg\/wp-json\/wp\/v2\/users\/1"}],"replies":[{"embeddable":true,"href":"https:\/\/ebp.org.br\/mg\/wp-json\/wp\/v2\/comments?post=1607"}],"version-history":[{"count":1,"href":"https:\/\/ebp.org.br\/mg\/wp-json\/wp\/v2\/pages\/1607\/revisions"}],"predecessor-version":[{"id":4875,"href":"https:\/\/ebp.org.br\/mg\/wp-json\/wp\/v2\/pages\/1607\/revisions\/4875"}],"up":[{"embeddable":true,"href":"https:\/\/ebp.org.br\/mg\/wp-json\/wp\/v2\/pages\/1321"}],"wp:attachment":[{"href":"https:\/\/ebp.org.br\/mg\/wp-json\/wp\/v2\/media?parent=1607"}],"curies":[{"name":"wp","href":"https:\/\/api.w.org\/{rel}","templated":true}]}}