{"id":1386,"date":"2018-02-16T17:27:09","date_gmt":"2018-02-16T19:27:09","guid":{"rendered":"http:\/\/ebp.org.br\/mg\/?page_id=1386"},"modified":"2026-03-30T14:30:41","modified_gmt":"2026-03-30T17:30:41","slug":"outras-atividades","status":"publish","type":"page","link":"https:\/\/ebp.org.br\/mg\/carteis\/outras-atividades\/","title":{"rendered":"Outras Atividades"},"content":{"rendered":"<section class=\"wpb-content-wrapper\">[vc_row][vc_column width=&#8221;2\/3&#8243;][vc_column_text]\n<h2><strong><span style=\"color: #993300;\">DIRETORIA DE CART\u00c9IS &#8211; EBP-MG &#8211; 2025-2027<\/span><\/strong><\/h2>\n<ul>\n<li>Diretor: Bernardo Micherif\u00a0 (EBP\/AMP)<\/li>\n<li>Equipe:<br \/>\nAna Helena Souza<br \/>\nCristiane Barreto\u00a0 (EBP\/AMP)<br \/>\nGiselle Moreira<br \/>\nHeloisa Bed\u00ea\u00a0 (EBP\/AMP)<br \/>\nLet\u00edcia Soares<\/li>\n<\/ul>\n<p><strong>Contato: <\/strong><a href=\"mailto:equipedecarteisebpmg@gmail.com\">equipedecarteisebpmg@gmail.com<\/a><\/p>\n<p>O cartel foi proposto por Lacan como o \u00f3rg\u00e3o-base da Escola, destinado a provocar a produ\u00e7\u00e3o de um tecido de saber e um la\u00e7o de trabalho entre seus membros, sendo um instrumento importante para a Escola enfrentar os efeitos imagin\u00e1rios do grupo. Constitui-se a partir de uma quest\u00e3o que desvela o n\u00e3o-saber, um furo no saber que mobiliza cada um, sozinho em sua rela\u00e7\u00e3o com a causa anal\u00edtica, mas enla\u00e7ado a outros pela transfer\u00eancia de trabalho, buscando uma produ\u00e7\u00e3o singular, no um a um, endere\u00e7ada e acolhida pela Escola.<\/p>\n<p><em>No <\/em>site<em> tamb\u00e9m pode ser encontrado um formul\u00e1rio para registro dos dados do interessado e tema de interesse:<\/em><\/p>\n<p><a href=\"https:\/\/www.ebp.org.br\/carteis-e-intercambios\/procura-se-cartel\/\">https:\/\/www.ebp.org.br\/carteis-e-intercambios\/procura-se-cartel\/<\/a><\/p>\n<p>e a lista de temas j\u00e1 registrados por outros interessados, com seus respectivos contatos.<\/p>\n<p><a href=\"https:\/\/www.ebp.org.br\/carteis-e-intercambios\/interessados-em-cartel\/\">https:\/\/www.ebp.org.br\/carteis-e-intercambios\/interessados-em-cartel\/<\/a><\/p>\n<p>Cabe \u00e0 Diretoria de Cart\u00e9is acolher quem endere\u00e7a sua quest\u00e3o \u00e0 Escola e promover o encontro entre os interessados em formar Cartel e inscrev\u00ea-lo na EBP, bem como dar publicidade ao produto que adv\u00e9m desse encontro de cada um com o dispositivo, atrav\u00e9s de sua programa\u00e7\u00e3o semestral.[\/vc_column_text][\/vc_column][vc_column width=&#8221;1\/3&#8243;][vc_single_image image=&#8221;6126&#8243;][\/vc_column][\/vc_row]\n<\/section>","protected":false},"excerpt":{"rendered":"<p>[vc_row][vc_column width=&#8221;2\/3&#8243;][vc_column_text] DIRETORIA DE CART\u00c9IS &#8211; EBP-MG &#8211; 2025-2027 Diretor: Bernardo Micherif\u00a0 (EBP\/AMP) Equipe: Ana Helena Souza Cristiane Barreto\u00a0 (EBP\/AMP) Giselle Moreira Heloisa Bed\u00ea\u00a0 (EBP\/AMP) Let\u00edcia Soares Contato: equipedecarteisebpmg@gmail.com O cartel foi proposto por Lacan como o \u00f3rg\u00e3o-base da Escola, destinado a provocar a produ\u00e7\u00e3o de um tecido de saber e um la\u00e7o de trabalho&hellip;<\/p>\n","protected":false},"author":1,"featured_media":0,"parent":1188,"menu_order":0,"comment_status":"closed","ping_status":"closed","template":"","meta":{"footnotes":""},"class_list":["post-1386","page","type-page","status-publish","hentry","entry","no-media"],"aioseo_notices":[],"_links":{"self":[{"href":"https:\/\/ebp.org.br\/mg\/wp-json\/wp\/v2\/pages\/1386","targetHints":{"allow":["GET"]}}],"collection":[{"href":"https:\/\/ebp.org.br\/mg\/wp-json\/wp\/v2\/pages"}],"about":[{"href":"https:\/\/ebp.org.br\/mg\/wp-json\/wp\/v2\/types\/page"}],"author":[{"embeddable":true,"href":"https:\/\/ebp.org.br\/mg\/wp-json\/wp\/v2\/users\/1"}],"replies":[{"embeddable":true,"href":"https:\/\/ebp.org.br\/mg\/wp-json\/wp\/v2\/comments?post=1386"}],"version-history":[{"count":18,"href":"https:\/\/ebp.org.br\/mg\/wp-json\/wp\/v2\/pages\/1386\/revisions"}],"predecessor-version":[{"id":6140,"href":"https:\/\/ebp.org.br\/mg\/wp-json\/wp\/v2\/pages\/1386\/revisions\/6140"}],"up":[{"embeddable":true,"href":"https:\/\/ebp.org.br\/mg\/wp-json\/wp\/v2\/pages\/1188"}],"wp:attachment":[{"href":"https:\/\/ebp.org.br\/mg\/wp-json\/wp\/v2\/media?parent=1386"}],"curies":[{"name":"wp","href":"https:\/\/api.w.org\/{rel}","templated":true}]}}