{"id":1321,"date":"2017-09-05T13:33:26","date_gmt":"2017-09-05T16:33:26","guid":{"rendered":"http:\/\/ebp.org.br\/mg\/?page_id=1321"},"modified":"2017-09-05T13:33:26","modified_gmt":"2017-09-05T16:33:26","slug":"seminarios","status":"publish","type":"page","link":"https:\/\/ebp.org.br\/mg\/ensino\/seminarios\/","title":{"rendered":"Semin\u00e1rios (NO CONTENT)"},"content":{"rendered":"<section class=\"wpb-content-wrapper\">[vc_row][vc_column][ewf-headline title=&#8221;Orienta\u00e7\u00e3o Lacaniana&#8221; style=&#8221;ewf-headline-style-4&#8243;][vc_column_text]\n<h2><strong style=\"color: #993300;\"><img loading=\"lazy\" decoding=\"async\" class=\"alignright size-full wp-image-1471\" src=\"http:\/\/ebp.org.br\/mg\/wp-content\/uploads\/2018\/02\/lacan.png\" alt=\"\" width=\"425\" height=\"292\" \/>SEMIN\u00c1RIO DE ORIENTA\u00c7\u00c3O LACANIANA<\/strong><\/h2>\n<h2><strong><span style=\"color: #993300;\">OS SEMBLANTES E O REAL NA POL\u00cdTICA<\/span>\u00a0<\/strong><\/h2>\n<p><span style=\"font-weight: 400;\">Motivado pela quest\u00e3o do Campo Freudiano Ano Zero, concernente ao engajamento pol\u00edtico do psicanalista, o Semin\u00e1rio de Orienta\u00e7\u00e3o Lacaniana deste ano visa investigar que tipo de rela\u00e7\u00e3o pode-se postular entre o processo civilizat\u00f3rio e a ordem dos semblantes. O pr\u00f3prio ensino de Lacan fornece uma pista para esse problema, ao mostrar que uma sociedade se mant\u00e9m coesa pelos semblantes \u2013 ou seja, n\u00e3o h\u00e1 sociedades sem recalque, sem identifica\u00e7\u00f5es e, sobretudo, sem rotinas. Talvez se possa ainda tocar no ponto capital de que<\/span><i><span style=\"font-weight: 400;\">o real ama o semblante,<\/span><\/i><span style=\"font-weight: 400;\">\u00a0afirma\u00e7\u00e3o de alcance decisivo para a\u00a0<\/span><i><span style=\"font-weight: 400;\">pol\u00edtica lacaniana\u00a0\u00a0<\/span><\/i><span style=\"font-weight: 400;\">nos dias de hoje.\u00a0<\/span><\/p>\n<p><span style=\"font-weight: 400;\">Coordena\u00e7\u00e3o: J\u00e9sus Santiago e Ram Mandil<\/span><\/p>\n<ul>\n<li><span style=\"font-weight: 400;\"><strong>DATAS<\/strong>: 22 de mar\u00e7o,<\/span><span style=\"font-weight: 400;\"><br \/>\n<\/span><span style=\"font-weight: 400;\">12 DE ABRIL<\/span><span style=\"font-weight: 400;\"><br \/>\n<\/span><span style=\"font-weight: 400;\">10 DE MAIO<\/span><span style=\"font-weight: 400;\"><br \/>\n<\/span><span style=\"font-weight: 400;\">14 DE JUNHO<\/span><span style=\"font-weight: 400;\"><br \/>\n<\/span><span style=\"font-weight: 400;\"><strong>Local<\/strong>: EBP-MG \u2013 20h30<\/span><\/li>\n<\/ul>\n[\/vc_column_text][\/vc_column][\/vc_row][vc_row][vc_column][ewf-headline title=&#8221;Passe na Escola&#8221; style=&#8221;ewf-headline-style-4&#8243;][vc_column_text]\n<h2><span style=\"color: #993300;\"><b><img loading=\"lazy\" decoding=\"async\" class=\"alignright size-full wp-image-1480\" src=\"http:\/\/ebp.org.br\/mg\/wp-content\/uploads\/2018\/02\/passe_na_escola.png\" alt=\"\" width=\"406\" height=\"281\" \/>PASSE NA ESCOLA<\/b><\/span><\/h2>\n<p><span style=\"font-weight: 400;\">Coordena\u00e7\u00e3o Ana Lydia Santiago<\/span><\/p>\n<ul>\n<li><span style=\"font-weight: 400;\">T\u00edtulo: <\/span><i><span style=\"font-weight: 400;\">A queda do falocentrismo, sob a perspectiva do sinthoma<\/span><\/i><span style=\"font-weight: 400;\"><br \/>\n<\/span><span style=\"font-weight: 400;\">MAIO, dia 17, quinta-feira<\/span><span style=\"font-weight: 400;\"><br \/>\n<\/span><span style=\"font-weight: 400;\">Convidado: Sergio Laia<\/span><span style=\"font-weight: 400;\"><br \/>\n<\/span><span style=\"font-weight: 400;\">(A.E. em exerc\u00edcio, nomeado em 2017, pelo Cartel do Passe da EBP)<\/span><span style=\"font-weight: 400;\"><br \/>\n<\/span><span style=\"font-weight: 400;\">Local: Sede da EBP-MG &#8211; Hor\u00e1rio: 20:30h<\/span><\/li>\n<li><span style=\"font-weight: 400;\">JUNHO, dia 21, quinta-feira<\/span><span style=\"font-weight: 400;\"><br \/>\n<\/span><span style=\"font-weight: 400;\">Convidada: Maria Josefina Fuentes<\/span><span style=\"font-weight: 400;\"><br \/>\n<\/span><span style=\"font-weight: 400;\">(A.E. em exerc\u00edcio, nomeada em 2017, pelo Cartel do Passe da EBP)<\/span><span style=\"font-weight: 400;\"><br \/>\n<\/span><span style=\"font-weight: 400;\">Local: Sede da EBP-MG \u2013 Hor\u00e1rio:20:30h<\/span><\/li>\n<\/ul>\n[\/vc_column_text][\/vc_column][\/vc_row][vc_row][vc_column][ewf-headline title=&#8221;Semin\u00e1rio de Supervis\u00e3o&#8221; style=&#8221;ewf-headline-style-4&#8243;][vc_column_text]\n<h2><span style=\"color: #993300;\"><b><img loading=\"lazy\" decoding=\"async\" class=\"alignright size-full wp-image-1476\" src=\"http:\/\/ebp.org.br\/mg\/wp-content\/uploads\/2018\/02\/seminario_supervisao.png\" alt=\"\" width=\"297\" height=\"232\" \/>Semin\u00e1rio da Supervis\u00e3o \u2013 Agenda 1<\/b><b>o<\/b><b> Semestre 2018<\/b><\/span><\/h2>\n<h2><span style=\"color: #993300;\"><b>A SUPERVIS\u00c3O \u2013 EFEITOS DE FORMA\u00c7\u00c3O<\/b><\/span><\/h2>\n<p><span style=\"font-weight: 400;\">No Ato de Funda\u00e7\u00e3o da Escola, Lacan situa a supervis\u00e3o na Se\u00e7\u00e3o de Psican\u00e1lise pura, propondo que a Escola assegure uma supervis\u00e3o qualificada aos psicanalistas praticantes em forma\u00e7\u00e3o. Por outro lado, nos interessamos em saber o que os analistas de orienta\u00e7\u00e3o lacaniana asseguram quando realizam a supervis\u00e3o na Rede de Sa\u00fade Mental. <\/span><\/p>\n<ul>\n<li><span style=\"font-weight: 400;\"><strong>Dia 26.04.2018<\/strong> \u2013 Cristiane Barreto, Lilany Pacheco e Cristiana Ferreira<\/span><span style=\"font-weight: 400;\"><br \/>\n<\/span><span style=\"font-weight: 400;\">&#8220;Supervis\u00e3o na Rede: o que est\u00e1 em jogo?&#8221; Trata-se de pensar o que \u00e9 esse espa\u00e7o de discuss\u00e3o de caso na Rede e a presen\u00e7a da psican\u00e1lise de Orienta\u00e7\u00e3o Lacaniana a\u00ed.\u00a0<\/span><\/li>\n<li><span style=\"font-weight: 400;\"><strong>Dia 24.05.2018<\/strong> \u2013 Helenice de Castro e Fernanda Otoni-Brisset<\/span><span style=\"font-weight: 400;\"><br \/>\n<\/span><span style=\"font-weight: 400;\">\u201cO que a experi\u00eancia da supervis\u00e3o me ensina?\u201d Trata-se de pensar o que se ensina como superviosanda e o que se aprende como supervisora.<\/span><\/li>\n<li><span style=\"font-weight: 400;\"><strong>Hor\u00e1rio<\/strong>: 20:30h<\/span><\/li>\n<li><span style=\"font-weight: 400;\"><strong> Local<\/strong>: Sede da EBP-MG<\/span><\/li>\n<\/ul>\n[\/vc_column_text][\/vc_column][\/vc_row][vc_row][vc_column][ewf-headline title=&#8221;Semin\u00e1rio por Conta e Risco&#8221; style=&#8221;ewf-headline-style-4&#8243;][vc_column_text]\n<h2><span style=\"color: #993300;\"><b><img loading=\"lazy\" decoding=\"async\" class=\"alignright size-full wp-image-1408\" src=\"http:\/\/ebp.org.br\/mg\/wp-content\/uploads\/2018\/02\/por_onde_andarao_as_histerias.png\" alt=\"\" width=\"314\" height=\"236\" \/>\u201cPor onde andar\u00e3o as hist\u00e9ricas de outrora?\u201d<\/b><\/span><\/h2>\n<p><b>Coordena\u00e7\u00e3o<\/b><span style=\"font-weight: 400;\">: M\u00e1rcia Rosa<\/span><\/p>\n<p><span style=\"font-weight: 400;\">Percorrer os estudos lacanianos sobre a histeria, principalmente nos anos setenta, de modo a investigar a histeria em suas manifesta\u00e7\u00f5es contempor\u00e2neas.<\/span><\/p>\n<ul>\n<li><b>24 Mar\u00e7o:<\/b><span style=\"font-weight: 400;\"> Os sintomas hist\u00e9ricos cl\u00e1ssicos, o que os substitui hoje?<\/span><span style=\"font-weight: 400;\"><br \/>\n<\/span><b>14 Abril:<\/b><span style=\"font-weight: 400;\"> O avesso dos estudos freudianos sobre a histeria: a histeria r\u00edgida<\/span><span style=\"font-weight: 400;\"><br \/>\n<\/span><b>19 Maio:<\/b><span style=\"font-weight: 400;\"> A hist\u00e9rica e o mestre contempor\u00e2neo: hist\u00f3ria, <\/span><i><span style=\"font-weight: 400;\">hystoria<\/span><\/i><span style=\"font-weight: 400;\">, <\/span><i><span style=\"font-weight: 400;\">hystoeriza\u00e7\u00e3o<\/span><\/i><span style=\"font-weight: 400;\"><br \/>\n<\/span><b>02 \u00a0Junho:<\/b><span style=\"font-weight: 400;\"> Lacan: \u201cSou um hist\u00e9rico perfeito, ou seja, sem sintomas, salvo de vez em quando&#8230;\u201d<\/span><\/li>\n<li><b>Frequ\u00eancia e Hor\u00e1rio<\/b><span style=\"font-weight: 400;\">: Mensal aos S\u00e1bados, das 11.00 as 13.30h<\/span><\/li>\n<li><b>Local:<\/b><span style=\"font-weight: 400;\"> Sede da Escola Brasileira de Psican\u00e1lise (EBP-MG) <\/span><\/li>\n<li><b>Inscri\u00e7\u00e3o<\/b><span style=\"font-weight: 400;\">: Para frequentar o semin\u00e1rio \u00e9 necess\u00e1rio se inscrever pelo e-mail <\/span><a href=\"mailto:marcia.rosa@globo.com\"><span style=\"font-weight: 400;\">marcia.rosa@globo.com<\/span><\/a><span style=\"font-weight: 400;\"> no per\u00edodo de 01 a 15 de mar\u00e7o de 2018<\/span><\/li>\n<li><b>OBS.:\u00a0<\/b>Ser\u00e1 fornecido certificado aos participantes.<\/li>\n<\/ul>\n<hr \/>\n<h2><span style=\"font-weight: 400;\"><img loading=\"lazy\" decoding=\"async\" class=\"alignright size-full wp-image-1413\" src=\"http:\/\/ebp.org.br\/mg\/wp-content\/uploads\/2018\/02\/religiao_ciencia_politica_psicanalise.png\" alt=\"\" width=\"320\" height=\"183\" \/><\/span><span style=\"color: #993300;\">Religi\u00e3o, Ci\u00eancia, Pol\u00edtica, Psican\u00e1lise: aproxima\u00e7\u00f5es<\/span><\/h2>\n<h2><strong><span style=\"color: #993300;\"><i>Uma leitura psicanal\u00edtica<\/i><\/span><\/strong><\/h2>\n<p><i><span style=\"font-weight: 400;\">Francisco Paes Barreto<\/span><\/i><\/p>\n<p><span style=\"font-weight: 400;\">\u00c9 poss\u00edvel aproximar temas t\u00e3o distantes e complexos como Religi\u00e3o, Ci\u00eancia, Pol\u00edtica e Psican\u00e1lise? Sim, desde que se encontre um m\u00e9todo que permita faz\u00ea-lo. O m\u00e9todo que ser\u00e1 utilizado est\u00e1 claramente baseado na psican\u00e1lise.\u00a0<\/span><\/p>\n<p><span style=\"font-weight: 400;\">Programa<\/span><\/p>\n<ul>\n<li><span style=\"font-weight: 400;\"><strong>Mar\u00e7o<\/strong>: quarta-feira, dia 28: Religi\u00e3o<\/span><\/li>\n<li><span style=\"font-weight: 400;\"><strong>Abril<\/strong>: quarta-feira, dia 18: Ci\u00eancia<\/span><\/li>\n<li><span style=\"font-weight: 400;\"><strong>Maio<\/strong>: quarta-feira, dia 30: Pol\u00edtica<\/span><\/li>\n<li><span style=\"font-weight: 400;\"><strong>Junho<\/strong>: quarta-feira, dia 13: Psican\u00e1lise<\/span><\/li>\n<li><span style=\"font-weight: 400;\"><strong>Hor\u00e1rio<\/strong>: 20 horas.<\/span><\/li>\n<li><span style=\"font-weight: 400;\"><strong>Local<\/strong>: Sede da EBP-MG<\/span><\/li>\n<\/ul>\n<hr \/>\n<h2><span style=\"color: #993300;\"><b><img loading=\"lazy\" decoding=\"async\" class=\"alignright size-full wp-image-1419\" src=\"http:\/\/ebp.org.br\/mg\/wp-content\/uploads\/2018\/02\/psicanalise_pura_aplicada.png\" alt=\"\" width=\"291\" height=\"242\" \/>Psican\u00e1lise Pura, Psican\u00e1lise Aplicada \u2013 Tema: Os Embara\u00e7os com o sexo<\/b><\/span><\/h2>\n<p><b>Respons\u00e1vel:<\/b><span style=\"font-weight: 400;\">\u00a0Jorge Pimenta<\/span><\/p>\n<p><span style=\"font-weight: 400;\">Semin\u00e1rio dirigido a profissionais de n\u00edvel superior que atuam em diversos dispositivos cl\u00ednicos e de Sa\u00fade Mental. \u201cFa\u00e7a como eu, n\u00e3o me imites\u201d: consigna de Jacques Lacan que nos inspira para manter viva a psican\u00e1lise e cuidar de sua transmiss\u00e3o. O semin\u00e1rio insere-se numa proposta de extens\u00e3o que visa \u00e0 transmiss\u00e3o e ensino da psican\u00e1lise de orienta\u00e7\u00e3o lacaniana.<\/span><\/p>\n<ul>\n<li><b>Datas:<\/b><span style=\"font-weight: 400;\">\u00a0<\/span><span style=\"font-weight: 400;\"><br \/>\n<\/span><span style=\"font-weight: 400;\">Mar\u00e7o: 02 e 23;<\/span><span style=\"font-weight: 400;\"><br \/>\n<\/span><span style=\"font-weight: 400;\">Abril: 06 e 20;<\/span><span style=\"font-weight: 400;\"><br \/>\n<\/span><span style=\"font-weight: 400;\">Maio: 04 e 18;<\/span><span style=\"font-weight: 400;\"><br \/>\n<\/span><span style=\"font-weight: 400;\">Junho 01, 15 e 29.<\/span><\/li>\n<li><b>Hor\u00e1rio:<\/b><span style=\"font-weight: 400;\">\u00a0de 14h \u00e0s 16h<\/span><span style=\"font-weight: 400;\"><br \/>\n<\/span><b>Local:\u00a0<\/b><span style=\"font-weight: 400;\">Rua Rio de Janeiro, 426 \u2013 7\u00ba andar, Divin\u00f3polis, MG<\/span><span style=\"font-weight: 400;\"><br \/>\n<\/span><b>Informa\u00e7\u00f5es:<\/b><span style=\"font-weight: 400;\">\u00a0<\/span> <a href=\"mailto:jpimentaf@gmail.com\"><span style=\"font-weight: 400;\">jpimentaf@gmail.com<\/span><\/a><span style=\"font-weight: 400;\"> &#8211;\u00a0<\/span><a href=\"about:blank\"><span style=\"font-weight: 400;\">(31) 9 9974-9440<\/span><\/a><\/li>\n<\/ul>\n<hr \/>\n<h2><strong><span style=\"color: #993300;\"><img loading=\"lazy\" decoding=\"async\" class=\"alignright size-full wp-image-1430\" src=\"http:\/\/ebp.org.br\/mg\/wp-content\/uploads\/2018\/02\/seminario_xi.png\" alt=\"\" width=\"260\" height=\"142\" \/>Semin\u00e1rio XI: O inconsciente, a repeti\u00e7\u00e3o, a puls\u00e3o e a transfer\u00eancia<\/span><\/strong><\/h2>\n<p><span style=\"font-weight: 400;\">S\u00e9rgio de Campos<\/span><\/p>\n<p><span style=\"font-weight: 400;\">A disciplina do Coment\u00e1rio sobre o Semin\u00e1rio 11 de Lacan consiste em ler o texto, linha a linha, examinando as refer\u00eancias utilizadas para extrair o sumo dos quatro conceitos fundamentais da psican\u00e1lise: o inconsciente, a repeti\u00e7\u00e3o, a puls\u00e3o e a transfer\u00eancia.<\/span><\/p>\n<p><span style=\"font-weight: 400;\">Daremos sequ\u00eancia \u00e0 Disciplina do Coment\u00e1rio, nesse primeiro semestre de 2018 a partir do cap\u00edtulo VIII.<\/span><\/p>\n<ul>\n<li><span style=\"font-weight: 400;\"><strong>Datas<\/strong>:<\/span><span style=\"font-weight: 400;\"><br \/>\n<\/span><span style=\"font-weight: 400;\"><strong>Mar\u00e7o<\/strong>: 13 e 27<\/span><span style=\"font-weight: 400;\"><br \/>\n<\/span><span style=\"font-weight: 400;\"><strong>Abril<\/strong>: 17 e 24<\/span><span style=\"font-weight: 400;\"><br \/>\n<\/span><span style=\"font-weight: 400;\"><strong>Maio<\/strong>: 15 e 29<\/span><span style=\"font-weight: 400;\"><br \/>\n<\/span><span style=\"font-weight: 400;\"><strong>Junho<\/strong>: 12 e 26<\/span><\/li>\n<li><span style=\"font-weight: 400;\"><strong>Hor\u00e1rio<\/strong>: 20:30h<\/span><\/li>\n<li><span style=\"font-weight: 400;\"><strong> Local<\/strong>: Sede da EBP-MG<\/span><\/li>\n<\/ul>\n<hr \/>\n<p><img loading=\"lazy\" decoding=\"async\" class=\"alignright size-full wp-image-1441\" src=\"http:\/\/ebp.org.br\/mg\/wp-content\/uploads\/2018\/02\/sexualidade_gozo.png\" alt=\"\" width=\"229\" height=\"147\" \/><\/p>\n<h2><strong><span style=\"color: #993300;\">Internet e Sexualidade: modos de gozo<\/span><\/strong><\/h2>\n<p><span style=\"font-weight: 400;\">Margareth Ferraz<\/span><\/p>\n<p><span style=\"font-weight: 400;\">Sob este t\u00edtulo estudaremos a sexualidade na contemporaneidade, tendo em vista as transforma\u00e7\u00f5es provocadas pela internet nos la\u00e7os sociais, usufru\u00edda como meio de gozo, com o objetivo de delimitar as consequ\u00eancias na cl\u00ednica psicanal\u00edtica.<\/span><\/p>\n<ul>\n<li><span style=\"font-weight: 400;\"><strong>Datas<\/strong>:<\/span><span style=\"font-weight: 400;\"><br \/>\n<\/span><span style=\"font-weight: 400;\">Mar\u00e7o: 02; 09; 16 e 23<\/span><span style=\"font-weight: 400;\"><br \/>\n<\/span><span style=\"font-weight: 400;\">Abril: 27<\/span><span style=\"font-weight: 400;\"><br \/>\n<\/span><span style=\"font-weight: 400;\">Maio: 04; 11 e 25<\/span><span style=\"font-weight: 400;\"><br \/>\n<\/span><span style=\"font-weight: 400;\">Junho: 01; 08; 15 e 22<\/span><\/li>\n<li><span style=\"font-weight: 400;\"><strong>Hor\u00e1rio<\/strong>:10:00h <\/span><\/li>\n<li><span style=\"font-weight: 400;\"><strong>Local<\/strong>: Sede da EBP-MG<\/span><\/li>\n<\/ul>\n<hr \/>\n<h2><strong><span style=\"color: #993300;\"><img loading=\"lazy\" decoding=\"async\" class=\"alignright size-full wp-image-1455\" src=\"http:\/\/ebp.org.br\/mg\/wp-content\/uploads\/2018\/02\/consentir_incosciente.png\" alt=\"\" width=\"425\" height=\"215\" \/>Consentir com o inconsciente<\/span><\/strong><\/h2>\n<p><span style=\"font-weight: 400;\">Celso Renn\u00f3<\/span><\/p>\n<p><span style=\"font-weight: 400;\">Imagem sem refer\u00eancia<\/span><\/p>\n<p><span style=\"font-weight: 400;\">A proposta deste Semin\u00e1rio aponta para a passagem fundamental de um saber sobre o inconsciente para consentir com a experi\u00eancia do inconsciente. Afinal, obter um \u00a0sujeito id\u00eantico a si pr\u00f3prio, que n\u00e3o desliza mais na diferen\u00e7a significante e que possa ter um saldo de gozo poss\u00edvel ao fim de seu trajeto pulsional \u00e9 o que se espera de uma an\u00e1lise.<\/span><\/p>\n<ul>\n<li><span style=\"font-weight: 400;\"><strong>Datas<\/strong>:<\/span><span style=\"font-weight: 400;\"><br \/>\n<\/span><span style=\"font-weight: 400;\">Mar\u00e7o: 21<\/span><span style=\"font-weight: 400;\"><br \/>\n<\/span><span style=\"font-weight: 400;\">Abril: 25<\/span><span style=\"font-weight: 400;\"><br \/>\n<\/span><span style=\"font-weight: 400;\">Maio: 23<\/span><span style=\"font-weight: 400;\"><br \/>\n<\/span><span style=\"font-weight: 400;\">Junho: 20<\/span><\/li>\n<li><span style=\"font-weight: 400;\"><strong>Hor\u00e1rio<\/strong>: 20:30h<\/span><\/li>\n<li><span style=\"font-weight: 400;\"><strong>Local<\/strong>: Sede da EBP-MG<\/span><\/li>\n<\/ul>\n<hr \/>\n<h2><\/h2>\n<h2><\/h2>\n<h2><\/h2>\n[\/vc_column_text][\/vc_column][\/vc_row]\n<\/section>","protected":false},"excerpt":{"rendered":"<p>[vc_row][vc_column][ewf-headline title=&#8221;Orienta\u00e7\u00e3o Lacaniana&#8221; style=&#8221;ewf-headline-style-4&#8243;][vc_column_text] SEMIN\u00c1RIO DE ORIENTA\u00c7\u00c3O LACANIANA OS SEMBLANTES E O REAL NA POL\u00cdTICA\u00a0 Motivado pela quest\u00e3o do Campo Freudiano Ano Zero, concernente ao engajamento pol\u00edtico do psicanalista, o Semin\u00e1rio de Orienta\u00e7\u00e3o Lacaniana deste ano visa investigar que tipo de rela\u00e7\u00e3o pode-se postular entre o processo civilizat\u00f3rio e a ordem dos semblantes. O pr\u00f3prio&hellip;<\/p>\n","protected":false},"author":1,"featured_media":0,"parent":1401,"menu_order":0,"comment_status":"closed","ping_status":"closed","template":"","meta":{"footnotes":""},"class_list":["post-1321","page","type-page","status-publish","hentry","entry","no-media"],"aioseo_notices":[],"_links":{"self":[{"href":"https:\/\/ebp.org.br\/mg\/wp-json\/wp\/v2\/pages\/1321","targetHints":{"allow":["GET"]}}],"collection":[{"href":"https:\/\/ebp.org.br\/mg\/wp-json\/wp\/v2\/pages"}],"about":[{"href":"https:\/\/ebp.org.br\/mg\/wp-json\/wp\/v2\/types\/page"}],"author":[{"embeddable":true,"href":"https:\/\/ebp.org.br\/mg\/wp-json\/wp\/v2\/users\/1"}],"replies":[{"embeddable":true,"href":"https:\/\/ebp.org.br\/mg\/wp-json\/wp\/v2\/comments?post=1321"}],"version-history":[{"count":0,"href":"https:\/\/ebp.org.br\/mg\/wp-json\/wp\/v2\/pages\/1321\/revisions"}],"up":[{"embeddable":true,"href":"https:\/\/ebp.org.br\/mg\/wp-json\/wp\/v2\/pages\/1401"}],"wp:attachment":[{"href":"https:\/\/ebp.org.br\/mg\/wp-json\/wp\/v2\/media?parent=1321"}],"curies":[{"name":"wp","href":"https:\/\/api.w.org\/{rel}","templated":true}]}}