{"id":1319,"date":"2017-09-05T13:33:09","date_gmt":"2017-09-05T16:33:09","guid":{"rendered":"http:\/\/ebp.org.br\/mg\/?page_id=1319"},"modified":"2026-02-27T12:53:52","modified_gmt":"2026-02-27T15:53:52","slug":"atividades_biblioteca","status":"publish","type":"page","link":"https:\/\/ebp.org.br\/mg\/biblioteca\/atividades_biblioteca\/","title":{"rendered":"Atividades"},"content":{"rendered":"<section class=\"wpb-content-wrapper\">[vc_row][vc_column][vc_column_text]\n<h3><span style=\"color: #993300;\">BIBLIOTECA &#8211; EBP-MG 2025-2027<\/span><\/h3>\n<p><strong>Diretora: <\/strong>Fernanda Costa (EBP\/AMP)<strong>\u00a0<\/strong><\/p>\n<p><strong>Equipe: <\/strong><\/p>\n<ul>\n<li>Cristina Vidigal (EBP\/AMP)<\/li>\n<li>Marina Ladeira<\/li>\n<li>Francisco Matheus Barros<\/li>\n<li>M\u00f4nica Campos (EBP\/AMP)<\/li>\n<li>Renata Dinardi<\/li>\n<\/ul>\n<p><strong>Colaboradores do Acervo da Biblioteca:<\/strong><\/p>\n<ul>\n<li>Ana Sanders<\/li>\n<li>Daniela Viola (EBP\/AMP)<\/li>\n<li>Fernanda Santiago<\/li>\n<li>Isabela Silveira<\/li>\n<li>Let\u00edcia Mello<\/li>\n<li>Marcela Aguilar<\/li>\n<\/ul>\n[\/vc_column_text][vc_column_text]\n<h3><span style=\"color: #993300;\"><strong>PROGRAMA GERAL<\/strong><\/span><\/h3>\n<p>Neste ano, tal como no anterior, a Biblioteca da EBP-MG prop\u00f5e duas modalidades de atividades presenciais: as\u00a0<strong><em>Noites da Biblioteca<\/em><\/strong>\u00a0e as\u00a0<strong><em>Manh\u00e3s da Biblioteca<\/em><\/strong><em>.<\/em>\u00a0Al\u00e9m destas, inauguramos neste semestre, as a\u00e7\u00f5es virtuais com o<strong><em>\u00a0Acervo da Biblioteca<\/em>.<\/strong><\/p>\n<p>As atividades presenciais ir\u00e3o se orientar por uma leitura do Semin\u00e1rio 6, \u201cO Desejo e sua interpreta\u00e7\u00e3o\u201d. O objetivo dessa proposta \u00e9 seguir a pulsa\u00e7\u00e3o do Um e do M\u00faltiplo da Escola Brasileira de Psican\u00e1lise, criando um campo de discuss\u00e3o que gravita em torno do XXVI Encontro Brasileiro do Campo Freudiano e da 28\u00aa Jornada da EBP-MG.<\/p>\n<p>Nas\u00a0<strong><em>Noites da Biblioteca: ler os p\u00f3s-freudianos com Lacan, hoje<\/em>;<\/strong>\u00a0retomaremos as leituras de Lacan sobre os p\u00f3s-freudianos e investigaremos sua pertin\u00eancia contempor\u00e2nea a partir do \u00faltimo cap\u00edtulo do Semin\u00e1rio 6. Em nosso primeiro encontro, a apresenta\u00e7\u00e3o ser\u00e1 de J\u00e9sus Santiago (AME, EBP\/AMP) e a coordena\u00e7\u00e3o de Ludmilla F\u00e9res Faria (EBP\/AMP). Ainda contaremos com uma breve introdu\u00e7\u00e3o ao tema feita por Fernanda Costa (EBP\/AMP).<\/p>\n<p>Nas\u00a0<strong><em>Manh\u00e3s da Biblioteca: Hamlet com Lacan<\/em><\/strong>, ser\u00e1 abordada a leitura de Lacan no Semin\u00e1rio 6 sobre a pe\u00e7a Hamlet de William Shakespeare e a atualidade dessa abordagem para a psican\u00e1lise. A apresenta\u00e7\u00e3o ser\u00e1 de Laura Rubi\u00e3o (EBP\/AMP) e a coordena\u00e7\u00e3o de Fernanda Costa (EBP\/AMP).<\/p>\n<p>J\u00e1 as a\u00e7\u00f5es virtuais com o\u00a0<strong><em>Acervo da biblioteca: ler com Lacan<\/em><\/strong>\u00a0visam contribuir para a vivacidade e circula\u00e7\u00e3o do acervo da biblioteca da EBP-MG, assim como na difus\u00e3o da Biblioteca Una da EBP. Fiquem atentos aos meios de comunica\u00e7\u00e3o e \u00e0s redes da EBP-MG!<\/p>\n[\/vc_column_text][\/vc_column][\/vc_row][vc_row][vc_column][vc_column_text]\n<h3><span style=\"color: #993300;\"><strong>NOITES DA BIBLIOTECA: LER OS P\u00d3S-FREUDIANOS COM LACAN, HOJE<\/strong><\/span><\/h3>\n<figure id=\"attachment_6004\" aria-describedby=\"caption-attachment-6004\" style=\"width: 500px\" class=\"wp-caption aligncenter\"><img loading=\"lazy\" decoding=\"async\" class=\"wp-image-6004\" src=\"https:\/\/ebp.org.br\/mg\/wp-content\/uploads\/2026\/02\/1-IMAGEM-NOITES-DA-BIBILOTECA-VERTICAL-820x1024.jpg\" alt=\"\" width=\"500\" height=\"625\" srcset=\"https:\/\/ebp.org.br\/mg\/wp-content\/uploads\/2026\/02\/1-IMAGEM-NOITES-DA-BIBILOTECA-VERTICAL-820x1024.jpg 820w, https:\/\/ebp.org.br\/mg\/wp-content\/uploads\/2026\/02\/1-IMAGEM-NOITES-DA-BIBILOTECA-VERTICAL-240x300.jpg 240w, https:\/\/ebp.org.br\/mg\/wp-content\/uploads\/2026\/02\/1-IMAGEM-NOITES-DA-BIBILOTECA-VERTICAL-768x960.jpg 768w, https:\/\/ebp.org.br\/mg\/wp-content\/uploads\/2026\/02\/1-IMAGEM-NOITES-DA-BIBILOTECA-VERTICAL-1229x1536.jpg 1229w, https:\/\/ebp.org.br\/mg\/wp-content\/uploads\/2026\/02\/1-IMAGEM-NOITES-DA-BIBILOTECA-VERTICAL-1639x2048.jpg 1639w\" sizes=\"auto, (max-width: 500px) 100vw, 500px\" \/><figcaption id=\"caption-attachment-6004\" class=\"wp-caption-text\">Imagem: Conrado Almada<\/figcaption><\/figure>\n<p>N\u00e3o \u00e9 raro encontrarmos na obra de Lacan cr\u00edticas contundentes aos p\u00f3s-freudianos. Estas s\u00e3o t\u00e3o recorrentes em seu primeiro ensino que nos levam a interrogar a fun\u00e7\u00e3o desse debate naquele momento estruturante do pensamento lacaniano. Quais eram os impasses que estavam em jogo na \u00e9poca e que fizeram com que Lacan insistisse em revisar a cl\u00ednica e as elabora\u00e7\u00f5es te\u00f3ricas daqueles psicanalistas? Em que medida a retomada desses debates cl\u00e1ssicos poderia nos ensinar sobre os desafios que encontramos em nossa pr\u00e1tica hoje?<\/p>\n<p>Nas\u00a0<em>Noites da Biblioteca<\/em>, ao\u00a0<em>ler os p\u00f3s-freudianos com Lacan, hoje,\u00a0<\/em>faremos uma investiga\u00e7\u00e3o da \u00faltima li\u00e7\u00e3o do Semin\u00e1rio 6, o \u201cCap\u00edtulo XXVII: Rumo \u00e0 sublima\u00e7\u00e3o\u201d. Neste primeiro semestre, ap\u00f3s uma breve introdu\u00e7\u00e3o de Fernanda Costa (EBP\/AMP), J\u00e9sus Santiago (AME \u2013 EBP\/AMP) foi convidado a intervir sobre o tema, destacando as cr\u00edticas de Lacan sobre Glover. Ludmilla F\u00e9res Faria (EBP\/AMP) levantar\u00e1 quest\u00f5es que animar\u00e3o a conversa. No segundo semestre, abordaremos o caso de Yves, descrito por Lebovici, e o caso conhecido como \u201cmiolos frescos\u201d, atendido por Ernest Kris.<\/p>\n<p><span style=\"font-size: 13px;\"><strong>Indica\u00e7\u00f5es de leitura para a primeira Noite:<br \/>\n<\/strong>LACAN, J. Cap\u00edtulo XXVII: Rumo \u00e0 sublima\u00e7\u00e3o.\u00a0<em>O semin\u00e1rio, livro 6<\/em>: O desejo e sua interpreta\u00e7\u00e3o. Rio de Janeiro: Jorge Zahar Ed., 2016, p. 503-520. (Trabalho original publicado em 1958-59).<br \/>\nSANTIAGO, J. Justaposi\u00e7\u00e3o Kleiniana da toxicomania \u00e0 pervers\u00e3o. In:\u00a0<em>A droga do toxic\u00f4mano:\u00a0<\/em>uma parceria c\u00ednica na era da ci\u00eancia. Belo Horizonte: Relic\u00e1rio Edi\u00e7\u00f5es, 2017, p. 157-164.<br \/>\n<\/span><\/p>\n[\/vc_column_text][\/vc_column][\/vc_row][vc_row][vc_column][vc_column_text]\n<h3><span style=\"color: #993300;\"><strong>MANH\u00c3S DA BIBLIOTECA: HAMLET COM LACAN<\/strong><\/span><\/h3>\n<figure id=\"attachment_6005\" aria-describedby=\"caption-attachment-6005\" style=\"width: 500px\" class=\"wp-caption aligncenter\"><img loading=\"lazy\" decoding=\"async\" class=\"wp-image-6005\" src=\"https:\/\/ebp.org.br\/mg\/wp-content\/uploads\/2026\/02\/5-IMAGEM-MANHAS-DA-BIBILOTECA-VERTICAL-820x1024.jpg\" alt=\"\" width=\"500\" height=\"625\" srcset=\"https:\/\/ebp.org.br\/mg\/wp-content\/uploads\/2026\/02\/5-IMAGEM-MANHAS-DA-BIBILOTECA-VERTICAL-820x1024.jpg 820w, https:\/\/ebp.org.br\/mg\/wp-content\/uploads\/2026\/02\/5-IMAGEM-MANHAS-DA-BIBILOTECA-VERTICAL-240x300.jpg 240w, https:\/\/ebp.org.br\/mg\/wp-content\/uploads\/2026\/02\/5-IMAGEM-MANHAS-DA-BIBILOTECA-VERTICAL-768x960.jpg 768w, https:\/\/ebp.org.br\/mg\/wp-content\/uploads\/2026\/02\/5-IMAGEM-MANHAS-DA-BIBILOTECA-VERTICAL-1229x1536.jpg 1229w, https:\/\/ebp.org.br\/mg\/wp-content\/uploads\/2026\/02\/5-IMAGEM-MANHAS-DA-BIBILOTECA-VERTICAL-1639x2048.jpg 1639w\" sizes=\"auto, (max-width: 500px) 100vw, 500px\" \/><figcaption id=\"caption-attachment-6005\" class=\"wp-caption-text\">Imagem: Conrado Almada<\/figcaption><\/figure>\n<p>Nas\u00a0<em>Manh\u00e3s da Biblioteca<\/em>\u00a0manteremos a investiga\u00e7\u00e3o sobre a posi\u00e7\u00e3o de Lacan como leitor, mas, diferente do que acontece nas\u00a0<em>Noites,<\/em>\u00a0em que abordamos textos psicanal\u00edticos, nos ocuparemos das leituras lacanianas de obras do campo das artes. Assim, nossa investiga\u00e7\u00e3o privilegiar\u00e1\u00a0<em>Hamlet<\/em>, pe\u00e7a de William Shakespeare, \u00e0 qual Lacan dedica \u201cSete li\u00e7\u00f5es\u201d do Semin\u00e1rio 6. Nos interessa entender por que, naquele contexto, Lacan elege Hamlet para tratar de perguntas do campo da psican\u00e1lise. Laura Rubi\u00e3o (EBP\/AMP) ser\u00e1 nossa convidada para conduzir os dois encontros, uma a cada semestre, dedicados a essa leitura.<\/p>\n<p><span style=\"font-size: 13px;\"><strong>Indica\u00e7\u00f5es de leitura<br \/>\n<\/strong>LACAN, J. Sete li\u00e7\u00f5es sobre Hamlet. In: <em>O semin\u00e1rio, livro 6<\/em>: O desejo e sua interpreta\u00e7\u00e3o. Rio de Janeiro: Jorge Zahar Ed., 2016, p. 254-379. (Trabalho original publicado em 1958-59).<\/span><br \/>\n<span style=\"font-size: 13px;\">SHAKESPEARE, W. <em>Hamlet: <\/em>a trag\u00e9dia de Hamlet, pr\u00edncipe da Dinamarca. S\u00e3o Paulo: Penguin Classics\/Companhia das Letras, 2015.<\/span><\/p>\n<p><span style=\"font-size: 13px;\">.<\/span>[\/vc_column_text][\/vc_column][\/vc_row][vc_row][vc_column][vc_column_text]\n<h3><span style=\"color: #993300;\"><strong>A\u00c7\u00d5ES COM O ACERVO DA BIBLIOTECA: LER COM LACAN<\/strong><\/span><\/h3>\n<figure id=\"attachment_6008\" aria-describedby=\"caption-attachment-6008\" style=\"width: 500px\" class=\"wp-caption aligncenter\"><img loading=\"lazy\" decoding=\"async\" class=\"wp-image-6008\" src=\"https:\/\/ebp.org.br\/mg\/wp-content\/uploads\/2026\/02\/01fb7102-9ed1-43f8-a792-6d8c3523f82d-240x300.jpg\" alt=\"\" width=\"500\" height=\"624\" srcset=\"https:\/\/ebp.org.br\/mg\/wp-content\/uploads\/2026\/02\/01fb7102-9ed1-43f8-a792-6d8c3523f82d-240x300.jpg 240w, https:\/\/ebp.org.br\/mg\/wp-content\/uploads\/2026\/02\/01fb7102-9ed1-43f8-a792-6d8c3523f82d-821x1024.jpg 821w, https:\/\/ebp.org.br\/mg\/wp-content\/uploads\/2026\/02\/01fb7102-9ed1-43f8-a792-6d8c3523f82d-768x958.jpg 768w, https:\/\/ebp.org.br\/mg\/wp-content\/uploads\/2026\/02\/01fb7102-9ed1-43f8-a792-6d8c3523f82d.jpg 912w\" sizes=\"auto, (max-width: 500px) 100vw, 500px\" \/><figcaption id=\"caption-attachment-6008\" class=\"wp-caption-text\">Imagem: Conrado Almada<\/figcaption><\/figure>\n<p>Aten\u00e7\u00e3o! No ano de 2026, ser\u00e3o realizadas as a\u00e7\u00f5es virtuais que visam contribuir para a vivacidade e a circula\u00e7\u00e3o do acervo da biblioteca da EBP-MG, assim como difundir a Biblioteca Una da EBP.<\/p>\n<p>Para tanto, al\u00e9m da Equipe da Diretoria de Biblioteca, contaremos com os colaboradores do acervo da Biblioteca e com a equipe de m\u00eddias da EBP-MG. Acesse a aba do site \u201cAcervo da Biblioteca\u201d e fiquem atentos aos meios de comunica\u00e7\u00e3o e \u00e0s redes da EBP-MG para acompanhar a programa\u00e7\u00e3o.<strong>\u00a0<\/strong><\/p>\n<h3><span style=\"color: #993300;\"><strong>PROGRAMA\u00c7\u00c3O \u2013 01\/2026<\/strong><\/span><\/h3>\n<p><span style=\"color: #993300;\"><strong>I- Noites da Biblioteca: ler os p\u00f3s-freudianos com Lacan, hoje<\/strong><\/span><\/p>\n<p>Introdu\u00e7\u00e3o ao tema da Biblioteca de 2026: Fernanda Costa (EBP\/AMP)<\/p>\n<ul>\n<li><strong>Data:<\/strong> 14 de maio<\/li>\n<li><strong>Hor\u00e1rio:<\/strong> 20h30<\/li>\n<li><strong>Coordena\u00e7\u00e3o:<\/strong> Ludmilla Feres Faria (EBP\/AMP)<\/li>\n<li><strong>Convidado:<\/strong> J\u00e9sus Santiago (AME, EBP\/AMP)<\/li>\n<li><strong>Local:<\/strong> Sede da EBP\/MG<\/li>\n<li><strong>Modalidade:<\/strong> Presencial<\/li>\n<\/ul>\n<p><span style=\"font-size: 13px;\"><strong>\u00a0<\/strong><strong>Indica\u00e7\u00f5es de leitura:<br \/>\n<\/strong>LACAN, J. Cap\u00edtulo XXVII: Rumo \u00e0 sublima\u00e7\u00e3o. <em>O semin\u00e1rio, livro 6<\/em>: O desejo e sua interpreta\u00e7\u00e3o. Rio de Janeiro: Jorge Zahar Ed., 2016, p. 503-520. (Trabalho original publicado em 1958-59).<\/span><br \/>\n<span style=\"font-size: 13px;\">SANTIAGO, J. Justaposi\u00e7\u00e3o Kleiniana da toxicomania \u00e0 pervers\u00e3o. In: <em>A droga do toxic\u00f4mano: <\/em>uma parceria c\u00ednica na era da ci\u00eancia. Belo Horizonte: Relic\u00e1rio Edi\u00e7\u00f5es, 2017, p. 157-164.<\/span><\/p>\n<p><span style=\"color: #993300;\"><strong>II- Manh\u00e3s da Biblioteca: Hamlet com Lacan<\/strong><\/span><\/p>\n<ul>\n<li><strong>Data:<\/strong> 29 de maio<\/li>\n<li><strong>Hor\u00e1rio:<\/strong> 11h30 \u2013 13h30<\/li>\n<li><strong>Coordena\u00e7\u00e3o: <\/strong>Fernanda Costa (EBP\/AMP)<\/li>\n<li><strong>Convidada: <\/strong>Laura Rubi\u00e3o (EBP\/AMP)<\/li>\n<li><strong>Local:<\/strong> Biblioteca &#8211; sede da EBP-MG<\/li>\n<li><strong>Modalidade:<\/strong> Presencial<\/li>\n<\/ul>\n<p><span style=\"font-size: 13px;\"><strong>Indica\u00e7\u00f5es de leitura:<br \/>\n<\/strong>LACAN, J. Sete li\u00e7\u00f5es sobre Hamlet. In: <em>O semin\u00e1rio, livro 6<\/em>: O desejo e sua interpreta\u00e7\u00e3o. Rio de Janeiro: Jorge Zahar Ed., 2016, p. 254-379. (Trabalho original publicado em 1958-59).<\/span><br \/>\n<span style=\"font-size: 13px;\">SHAKESPEARE, W. <em>Hamlet: <\/em>a trag\u00e9dia de Hamlet, pr\u00edncipe da Dinamarca. S\u00e3o Paulo: Penguin Classics\/Companhia das Letras, 2015.<\/span><\/p>\n<p><span style=\"color: #993300;\"><strong>III \u2013 A\u00e7\u00f5es com o acervo da biblioteca: ler com Lacan<\/strong><\/span><\/p>\n<ul>\n<li><strong>Coordena\u00e7\u00e3o<\/strong>: Fernanda Costa (EBP\/AMP)<\/li>\n<li><strong>Convidados<\/strong>: Equipe da Biblioteca, colaboradores do acervo da biblioteca<\/li>\n<li><strong>Parceria<\/strong>: Equipe de M\u00eddias \u2013 Coordena\u00e7\u00e3o: Mariana Vidigal (EBP\/AMP)<\/li>\n<li><strong>Data<\/strong>: ao longo do ano.<\/li>\n<li><strong>Local<\/strong>: redes sociais e outros meios de comunica\u00e7\u00e3o da EBP-MG<\/li>\n<li><strong>Modalidade<\/strong>: virtual<\/li>\n<\/ul>\n[\/vc_column_text][\/vc_column][\/vc_row]\n<\/section>","protected":false},"excerpt":{"rendered":"<p>[vc_row][vc_column][vc_column_text] BIBLIOTECA &#8211; EBP-MG 2025-2027 Diretora: Fernanda Costa (EBP\/AMP)\u00a0 Equipe: Cristina Vidigal (EBP\/AMP) Marina Ladeira Francisco Matheus Barros M\u00f4nica Campos (EBP\/AMP) Renata Dinardi Colaboradores do Acervo da Biblioteca: Ana Sanders Daniela Viola (EBP\/AMP) Fernanda Santiago Isabela Silveira Let\u00edcia Mello Marcela Aguilar [\/vc_column_text][vc_column_text] PROGRAMA GERAL Neste ano, tal como no anterior, a Biblioteca da EBP-MG prop\u00f5e&hellip;<\/p>\n","protected":false},"author":1,"featured_media":0,"parent":1308,"menu_order":0,"comment_status":"closed","ping_status":"closed","template":"","meta":{"footnotes":""},"class_list":["post-1319","page","type-page","status-publish","hentry","entry","no-media"],"aioseo_notices":[],"_links":{"self":[{"href":"https:\/\/ebp.org.br\/mg\/wp-json\/wp\/v2\/pages\/1319","targetHints":{"allow":["GET"]}}],"collection":[{"href":"https:\/\/ebp.org.br\/mg\/wp-json\/wp\/v2\/pages"}],"about":[{"href":"https:\/\/ebp.org.br\/mg\/wp-json\/wp\/v2\/types\/page"}],"author":[{"embeddable":true,"href":"https:\/\/ebp.org.br\/mg\/wp-json\/wp\/v2\/users\/1"}],"replies":[{"embeddable":true,"href":"https:\/\/ebp.org.br\/mg\/wp-json\/wp\/v2\/comments?post=1319"}],"version-history":[{"count":35,"href":"https:\/\/ebp.org.br\/mg\/wp-json\/wp\/v2\/pages\/1319\/revisions"}],"predecessor-version":[{"id":6036,"href":"https:\/\/ebp.org.br\/mg\/wp-json\/wp\/v2\/pages\/1319\/revisions\/6036"}],"up":[{"embeddable":true,"href":"https:\/\/ebp.org.br\/mg\/wp-json\/wp\/v2\/pages\/1308"}],"wp:attachment":[{"href":"https:\/\/ebp.org.br\/mg\/wp-json\/wp\/v2\/media?parent=1319"}],"curies":[{"name":"wp","href":"https:\/\/api.w.org\/{rel}","templated":true}]}}