{"id":1188,"date":"2017-07-20T17:50:25","date_gmt":"2017-07-20T20:50:25","guid":{"rendered":"http:\/\/www.ebp.org.br\/ba\/?page_id=1188"},"modified":"2026-03-30T14:30:48","modified_gmt":"2026-03-30T17:30:48","slug":"carteis","status":"publish","type":"page","link":"https:\/\/ebp.org.br\/mg\/carteis\/","title":{"rendered":"Cart\u00e9is"},"content":{"rendered":"<section class=\"wpb-content-wrapper\">[vc_row][vc_column][vc_column_text]\n<h3><span style=\"color: #993300;\"><strong>CART\u00c9IS E INTERC\u00c2MBIO 2025-27<\/strong><\/span><\/h3>\n<p><strong>Diretor: <\/strong>Bernardo Micherif (EBP\/AMP)<\/p>\n<p><strong>Equipe:<\/strong><\/p>\n<ul>\n<li>Ana Helena Souza<\/li>\n<li>Cristiane Barreto (EBP\/AMP)<\/li>\n<li>Giselle Moreira<\/li>\n<li>Helo\u00edsa Bed\u00ea (EBP\/AMP)<\/li>\n<li>Let\u00edcia Soares<\/li>\n<\/ul>\n<h3><span style=\"color: #993300;\">PROGRAMA GERAL<\/span><\/h3>\n<figure id=\"attachment_6126\" aria-describedby=\"caption-attachment-6126\" style=\"width: 500px\" class=\"wp-caption alignnone\"><img loading=\"lazy\" decoding=\"async\" class=\"wp-image-6126\" src=\"https:\/\/ebp.org.br\/mg\/wp-content\/uploads\/2026\/03\/VERTICAL-1-212x300.png\" alt=\"\" width=\"500\" height=\"707\" srcset=\"https:\/\/ebp.org.br\/mg\/wp-content\/uploads\/2026\/03\/VERTICAL-1-212x300.png 212w, https:\/\/ebp.org.br\/mg\/wp-content\/uploads\/2026\/03\/VERTICAL-1-724x1024.png 724w, https:\/\/ebp.org.br\/mg\/wp-content\/uploads\/2026\/03\/VERTICAL-1-768x1086.png 768w, https:\/\/ebp.org.br\/mg\/wp-content\/uploads\/2026\/03\/VERTICAL-1-1086x1536.png 1086w, https:\/\/ebp.org.br\/mg\/wp-content\/uploads\/2026\/03\/VERTICAL-1.png 1264w\" sizes=\"auto, (max-width: 500px) 100vw, 500px\" \/><figcaption id=\"caption-attachment-6126\" class=\"wp-caption-text\">Imagem: Conrado Almada<\/figcaption><\/figure>\n<p><span style=\"color: #993300;\"><strong>O CARTEL, DO COME\u00c7O AO FIM<\/strong><\/span><\/p>\n<p><strong>\u00a0<\/strong>No primeiro semestre de 2026, as Noites de Cart\u00e9is cumprir\u00e3o uma dupla fun\u00e7\u00e3o. Para come\u00e7ar, teremos uma Noite para conversar sobre a pr\u00f3pria experi\u00eancia no dispositivo. Em um segundo momento, teremos uma Noite destinada a produtos do trabalho realizado nos cart\u00e9is.<\/p>\n<p>O ano de 2025 nos conduziu a um problema sobre o fim do cartel. Constatamos que a dissolu\u00e7\u00e3o n\u00e3o \u00e9 simplesmente uma solu\u00e7\u00e3o encontrada ao final da experi\u00eancia, mas um ato que se imp\u00f5e desde o in\u00edcio do cartel. Abordar o fim conduziu ao que j\u00e1 est\u00e1 l\u00e1 no in\u00edcio.<\/p>\n<p>Esse efeito de <em>apr\u00e9s coup<\/em> foi balizador para a proposta de nossa primeira Noite de Cart\u00e9is deste semestre, cujo t\u00edtulo ser\u00e1 \u201cComo se forma um cartel?\u201d. \u00c9 comum que as iniciativas para formar um cartel lidem com incertezas iniciais: encontrar cartelizantes interessados em um tema em comum, escolher e encontrar algu\u00e9m dispon\u00edvel para ser Mais-Um, definir um hor\u00e1rio para os encontros, induzir o coletivo ao trabalho, etc.<\/p>\n<p>Tarefas que podem parecer simples, mas encontram obst\u00e1culos que inviabilizam que um cartel siga adiante. Quando o coletivo se forma, aparecem diferen\u00e7as e afinidades, engajamento de alguns e dispers\u00e3o de outros, o modo como cada um coloca seu sintoma em jogo na rela\u00e7\u00e3o com a causa anal\u00edtica, etc. Fatores constitutivos do cartel, mas que podem impedir que ele aconte\u00e7a.<\/p>\n<p>Para conceber nossa segunda Noite de Cart\u00e9is deste semestre, partimos dos temas dos cart\u00e9is inscritos na Se\u00e7\u00e3o Minas para convidar os cartelizantes a colocarem em jogo sua experi\u00eancia no cartel e o que se produz ali. A partir de um universo t\u00e3o amplo, chegamos \u00e0 seguinte tem\u00e1tica: \u201cCorpos falantes e parcerias\u201d.<\/p>\n<p>Partimos de uma quest\u00e3o central na experi\u00eancia da psican\u00e1lise: como se apropriar do corpo que sai fora a todo instante? \u00c9 a partir da palavra que a psican\u00e1lise se dedica a localizar as parcerias que d\u00e3o consist\u00eancia ao corpo, seja uma parceria com o sintoma, seja uma parceria no coletivo do cartel, uma parceria com o analista, uma parceria amorosa. Trata-se de uma conversa que acolher\u00e1 impasses da cl\u00ednica, da investiga\u00e7\u00e3o epist\u00eamica e da pr\u00f3pria experi\u00eancia de cartel. Um momento para abordar quest\u00f5es que mobilizam a forma\u00e7\u00e3o de cada um.<\/p>\n<p>A chamada ao trabalho j\u00e1 est\u00e1 aberta para que cartelizantes enviem breves contribui\u00e7\u00f5es, provocados pelos Mais-Uns, que cuidar\u00e3o do destino a ser dado ao trabalho de cada um. Convidamos a todos a participarem de um semestre no qual partimos de como os cart\u00e9is se iniciam para desembocar no que eles produzem. O cartel, do come\u00e7o ao fim.<\/p>\n<p><strong>PROGRAMA\u00c7\u00c3O 01\/2026 <\/strong><\/p>\n<p><strong>I &#8211; Noite de Cart\u00e9is: Como se forma um cartel? Procura-se cart\u00e9is<\/strong><\/p>\n<p><strong>Encontrar cartelizantes interessados em um tema em comum, escolher e encontrar algu\u00e9m dispon\u00edvel para ser Mais-Um, definir um hor\u00e1rio para os encontros, induzir o coletivo ao trabalho. Tarefas que podem parecer simples, mas encontram obst\u00e1culos que inviabilizam que um cartel siga adiante.<\/strong><\/p>\n<ul>\n<li>Data: 21 de maio 2026<\/li>\n<li>Hor\u00e1rio: 20h30<\/li>\n<li>Local: Audit\u00f3rio da Sede da EBP-MG \/ Zoom<\/li>\n<li>Modalidade: H\u00edbrida (Zoom)<\/li>\n<li>Coordena\u00e7\u00e3o: Ana Helena Souza<\/li>\n<li>Debate: Let\u00edcia Soares<\/li>\n<li>Apresenta\u00e7\u00e3o: a definir<\/li>\n<li><strong>Aten\u00e7\u00e3o: Prazo para envio de breves relatos: at\u00e9 07\/05. Limite m\u00e1ximo do texto: 4000 caracteres com espa\u00e7o<\/strong><\/li>\n<li><strong>Envio para: <a href=\"mailto:equipedecarteisebpmg@gmail.com\">equipedecarteisebpmg@gmail.com<\/a><\/strong><\/li>\n<\/ul>\n<p><strong>II<\/strong> <strong>&#8211;<\/strong> <strong>Noite de Cart\u00e9is: Corpos falantes e parcerias<\/strong><\/p>\n<p><strong>Como se apropriar do corpo que sai fora a todo instante? \u00c9 a partir da palavra que a psican\u00e1lise se dedica a localizar as parcerias que d\u00e3o consist\u00eancia ao corpo, seja uma parceria com o sintoma, seja uma parceria no coletivo do cartel, uma parceria com o analista, uma parceria amorosa.<\/strong><\/p>\n<ul>\n<li>Data: 02 de julho 2026<\/li>\n<li>Hor\u00e1rio: 19h30<\/li>\n<li>Local: Audit\u00f3rio da Sede da EBP-MG<\/li>\n<li>Modalidade: H\u00edbrida (Zoom)<\/li>\n<li>Coordena\u00e7\u00e3o: Bernardo Micherif (EBP\/AMP)<\/li>\n<li>Debate: K\u00e1tia Mari\u00e1s (EBP\/AMP)<\/li>\n<li>Apresenta\u00e7\u00e3o: a definir<\/li>\n<li><strong>Prazo para envio de breves escritos: at\u00e9 14\/06. Limite m\u00e1ximo do texto: 4500 caracteres com espa\u00e7o<\/strong><\/li>\n<li><strong>Envio para: <a href=\"mailto:equipedecarteisebpmg@gmail.com\">equipedecarteisebpmg@gmail.com<\/a><\/strong><\/li>\n<\/ul>\n[\/vc_column_text][\/vc_column][\/vc_row]\n<\/section>","protected":false},"excerpt":{"rendered":"<p>[vc_row][vc_column][vc_column_text] CART\u00c9IS E INTERC\u00c2MBIO 2025-27 Diretor: Bernardo Micherif (EBP\/AMP) Equipe: Ana Helena Souza Cristiane Barreto (EBP\/AMP) Giselle Moreira Helo\u00edsa Bed\u00ea (EBP\/AMP) Let\u00edcia Soares PROGRAMA GERAL O CARTEL, DO COME\u00c7O AO FIM \u00a0No primeiro semestre de 2026, as Noites de Cart\u00e9is cumprir\u00e3o uma dupla fun\u00e7\u00e3o. Para come\u00e7ar, teremos uma Noite para conversar sobre a pr\u00f3pria experi\u00eancia&hellip;<\/p>\n","protected":false},"author":1,"featured_media":0,"parent":0,"menu_order":0,"comment_status":"closed","ping_status":"closed","template":"","meta":{"footnotes":""},"class_list":["post-1188","page","type-page","status-publish","hentry","entry","no-media"],"aioseo_notices":[],"_links":{"self":[{"href":"https:\/\/ebp.org.br\/mg\/wp-json\/wp\/v2\/pages\/1188","targetHints":{"allow":["GET"]}}],"collection":[{"href":"https:\/\/ebp.org.br\/mg\/wp-json\/wp\/v2\/pages"}],"about":[{"href":"https:\/\/ebp.org.br\/mg\/wp-json\/wp\/v2\/types\/page"}],"author":[{"embeddable":true,"href":"https:\/\/ebp.org.br\/mg\/wp-json\/wp\/v2\/users\/1"}],"replies":[{"embeddable":true,"href":"https:\/\/ebp.org.br\/mg\/wp-json\/wp\/v2\/comments?post=1188"}],"version-history":[{"count":49,"href":"https:\/\/ebp.org.br\/mg\/wp-json\/wp\/v2\/pages\/1188\/revisions"}],"predecessor-version":[{"id":6141,"href":"https:\/\/ebp.org.br\/mg\/wp-json\/wp\/v2\/pages\/1188\/revisions\/6141"}],"wp:attachment":[{"href":"https:\/\/ebp.org.br\/mg\/wp-json\/wp\/v2\/media?parent=1188"}],"curies":[{"name":"wp","href":"https:\/\/api.w.org\/{rel}","templated":true}]}}