{"id":1182,"date":"2017-07-20T17:47:34","date_gmt":"2017-07-20T20:47:34","guid":{"rendered":"http:\/\/www.ebp.org.br\/ba\/?page_id=1182"},"modified":"2025-11-10T15:51:59","modified_gmt":"2025-11-10T18:51:59","slug":"quem-somos","status":"publish","type":"page","link":"https:\/\/ebp.org.br\/mg\/sobre\/quem-somos\/","title":{"rendered":"Quem Somos"},"content":{"rendered":"<section class=\"wpb-content-wrapper\">[vc_row][vc_column][vc_column_text]\n<h2><span style=\"color: #993300;\"><strong>DIRETORIA<\/strong><\/span><\/h2>\n<ul>\n<li><strong>Ludmilla Feres Faria<\/strong><br \/>\nDiretora geral<\/li>\n<li><strong>Graciela Bessa<\/strong><br \/>\nDiretora adjunta geral<\/li>\n<li><strong>Anam\u00e1ris Pinto<\/strong><br \/>\nDiretora secret\u00e1ria tesoureira<\/li>\n<li><strong>Patr\u00edcia Ribeiro<\/strong><br \/>\nDiretora secret\u00e1ria tesoureira adjunta<\/li>\n<li><strong>Fernanda Costa<\/strong><br \/>\nDiretora de Biblioteca<\/li>\n<li><strong>Bernardo Micherif<\/strong><br \/>\nDiretor de Cart\u00e9is\u00a0e\u00a0Interc\u00e2mbio<\/li>\n<\/ul>\n<hr \/>\n<h2><strong><span style=\"color: #993300;\">CONSELHO DELIBERATIVO:<\/span><\/strong><\/h2>\n<ul>\n<li><span class=\"im\">Maria Wilma Faria (Presidente)<\/span><\/li>\n<li><span class=\"im\">Maria de F\u00e1tima Ferreira (Secret\u00e1ria)<\/span><\/li>\n<li>Cristiana Pitella<\/li>\n<li>Guilherme Ribeiro<\/li>\n<li><span class=\"im\">S\u00e9rgio de Castro<\/span><\/li>\n<li><span class=\"im\">S\u00e9rgio de Mattos<\/span><\/li>\n<\/ul>\n<hr \/>\n<h2><span style=\"color: #993300;\"><strong>Equipe <\/strong><strong>M\u00eddias Sociais EBP-MG:<\/strong><\/span><\/h2>\n<ul>\n<li><b><\/b>Equipe: Cec\u00edlia Batista, Ernesto Anzalone, J\u00falia Werneck, Marcela Baccarini, Mariana Vidigal (coordena\u00e7\u00e3o),\u00a0Michelle Sena, Rodrigo Almeida, Silvia Barbosa<\/li>\n<li>\n<div>Designer: Bruno Senna (<a href=\"mailto:sennabruno@gmail.com\" target=\"_blank\" rel=\"noopener\">sennabruno@gmail.com<\/a>).<\/div>\n<\/li>\n<\/ul>\n[\/vc_column_text][\/vc_column][\/vc_row]\n<\/section>","protected":false},"excerpt":{"rendered":"<p>[vc_row][vc_column][vc_column_text] DIRETORIA Ludmilla Feres Faria Diretora geral Graciela Bessa Diretora adjunta geral Anam\u00e1ris Pinto Diretora secret\u00e1ria tesoureira Patr\u00edcia Ribeiro Diretora secret\u00e1ria tesoureira adjunta Fernanda Costa Diretora de Biblioteca Bernardo Micherif Diretor de Cart\u00e9is\u00a0e\u00a0Interc\u00e2mbio CONSELHO DELIBERATIVO: Maria Wilma Faria (Presidente) Maria de F\u00e1tima Ferreira (Secret\u00e1ria) Cristiana Pitella Guilherme Ribeiro S\u00e9rgio de Castro S\u00e9rgio de Mattos Equipe&hellip;<\/p>\n","protected":false},"author":1,"featured_media":0,"parent":1178,"menu_order":0,"comment_status":"closed","ping_status":"closed","template":"","meta":{"footnotes":""},"class_list":["post-1182","page","type-page","status-publish","hentry","entry","no-media"],"aioseo_notices":[],"_links":{"self":[{"href":"https:\/\/ebp.org.br\/mg\/wp-json\/wp\/v2\/pages\/1182","targetHints":{"allow":["GET"]}}],"collection":[{"href":"https:\/\/ebp.org.br\/mg\/wp-json\/wp\/v2\/pages"}],"about":[{"href":"https:\/\/ebp.org.br\/mg\/wp-json\/wp\/v2\/types\/page"}],"author":[{"embeddable":true,"href":"https:\/\/ebp.org.br\/mg\/wp-json\/wp\/v2\/users\/1"}],"replies":[{"embeddable":true,"href":"https:\/\/ebp.org.br\/mg\/wp-json\/wp\/v2\/comments?post=1182"}],"version-history":[{"count":6,"href":"https:\/\/ebp.org.br\/mg\/wp-json\/wp\/v2\/pages\/1182\/revisions"}],"predecessor-version":[{"id":5899,"href":"https:\/\/ebp.org.br\/mg\/wp-json\/wp\/v2\/pages\/1182\/revisions\/5899"}],"up":[{"embeddable":true,"href":"https:\/\/ebp.org.br\/mg\/wp-json\/wp\/v2\/pages\/1178"}],"wp:attachment":[{"href":"https:\/\/ebp.org.br\/mg\/wp-json\/wp\/v2\/media?parent=1182"}],"curies":[{"name":"wp","href":"https:\/\/api.w.org\/{rel}","templated":true}]}}