{"id":4050,"date":"2026-03-18T06:34:07","date_gmt":"2026-03-18T09:34:07","guid":{"rendered":"https:\/\/ebp.org.br\/ba\/?page_id=4050"},"modified":"2026-03-25T16:15:50","modified_gmt":"2026-03-25T19:15:50","slug":"seminario-de-formacao-permanente-2026-2","status":"publish","type":"page","link":"https:\/\/ebp.org.br\/ba\/ensino\/seminario-de-formacao-permanente-2026-2\/","title":{"rendered":"SEMIN\u00c1RIO DE FORMA\u00c7\u00c3O PERMANENTE &#8211; 2026"},"content":{"rendered":"<section class=\"wpb-content-wrapper\">[vc_row][vc_column width=&#8221;5\/6&#8243;][vc_single_image image=&#8221;4039&#8243;][\/vc_column][vc_column width=&#8221;1\/6&#8243;][vc_single_image image=&#8221;4040&#8243;][vc_empty_space height=&#8221;20px&#8221;][vc_btn title=&#8221;DOWNLOAD PDF&#8221; color=&#8221;danger&#8221; i_icon_fontawesome=&#8221;far fa-file-pdf&#8221; add_icon=&#8221;true&#8221; link=&#8221;url:https%3A%2F%2Febp.org.br%2Fba%2Fwp-content%2Fuploads%2F2026%2F03%2FPROGRAMA-SFP-2026.pdf&#8221;][\/vc_column][\/vc_row][vc_row][vc_column]<style>.vcex-heading.vcex_69d8efa8a2079{width:1px;}<\/style><h2 class=\"vcex-heading vcex-heading-bottom-border vcex-module wpex-text-2xl wpex-font-normal wpex-max-w-100 wpex-mr-auto wpex-border-b wpex-border-solid wpex-border-main vcex_69d8efa8a2079\"><span class=\"vcex-heading-inner wpex-inline-block\"><span class=\"vcex-heading-icon vcex-heading-icon-left vcex-icon-wrap wpex-mr-15\"><span class=\"ticon ticon-pencil-square-o\" aria-hidden=\"true\"><\/span><\/span>PROGRAMA 2026<\/span><\/h2>[vc_column_text]\n<h3><span style=\"color: #993300;\"><strong>Mar\u00e7o<\/strong><\/span><\/h3>\n<p><strong>04\/03 (quarta-feira) | 20h00<\/strong><\/p>\n<ul>\n<li><strong>Semin\u00e1rio de Forma\u00e7\u00e3o Permanente &#8211; O Ato Anal\u00edtico<\/strong><\/li>\n<li><strong>Noite de abertura<\/strong><\/li>\n<li>Apresentam: Marcelo Magnelli e Julia Solano<br \/>\nCoordena: Iordan Gurgel<\/li>\n<\/ul>\n<p><strong>06\/03 (sexta-feira) | 18h00<\/strong><\/p>\n<ul>\n<li><strong>Noite de Biblioteca<\/strong><\/li>\n<li><strong>Lan\u00e7amento do livro: \u201cEnvelhecer: o luto por si mesmo\u201d<\/strong><\/li>\n<li>Com a presen\u00e7a de Bernardino Horne<br \/>\nApresenta: Sergio Laia<br \/>\nCoordena: Iordan Gurgel<\/li>\n<\/ul>\n<p><strong>07\/03 (s\u00e1bado) | 10h00<\/strong><\/p>\n<ul>\n<li><strong>Lan\u00e7amento do XXVI Encontro Brasileiro do Campo Freudiano<\/strong><\/li>\n<\/ul>\n<p><strong>11\/03 (quarta-feira) | 20h00<\/strong><\/p>\n<ul>\n<li><strong>Semin\u00e1rio de Forma\u00e7\u00e3o Permanente &#8211; O Ato Anal\u00edtico<\/strong><\/li>\n<li><strong>\u201cAto e a\u00e7\u00e3o\u201d<\/strong><\/li>\n<li>Apresentam:\u00a0 Anal\u00edcea Calmon e Rog\u00e9rio Barros<br \/>\nCoordena: Marcelo Magnelli<\/li>\n<\/ul>\n<p><strong>18\/03 (quarta-feira) | 20h00<\/strong><\/p>\n<ul>\n<li><strong>Semin\u00e1rio de Orienta\u00e7\u00e3o Lacaniana &#8211; Los Usos del Lapsus<\/strong><\/li>\n<\/ul>\n<p><strong>25\/03 (quarta-feira) | 20h00<\/strong><\/p>\n<ul>\n<li><strong>Semin\u00e1rio de Forma\u00e7\u00e3o Permanente &#8211; O Ato Anal\u00edtico<\/strong><\/li>\n<li><strong>\u201cBabaquice da verdade\u201d<\/strong><\/li>\n<li>Apresentam: Camilla Costa e Luiz Felipe<br \/>\nCoordena: Pablo Sauce<\/li>\n<\/ul>\n<h3><strong><span style=\"color: #993300;\">Abril<\/span><\/strong><\/h3>\n<p><strong>01\/04 (quarta-feira) | 20h00<\/strong><\/p>\n<ul>\n<li><strong>Semin\u00e1rio de Forma\u00e7\u00e3o Permanente &#8211; O Ato Anal\u00edtico<\/strong><\/li>\n<li><strong>\u201cN\u00e3o o analisado, mas o analisante\u201d<\/strong><\/li>\n<li>Apresentam: Wilker Fran\u00e7a e Al\u00e9ssia Fontenelle<br \/>\nCoordena: Julia Solano<\/li>\n<\/ul>\n<p><strong>08\/04 (quarta-feira) | 20h00<\/strong><\/p>\n<ul>\n<li><strong>Semin\u00e1rio de Forma\u00e7\u00e3o Permanente &#8211; O Ato Anal\u00edtico<\/strong><\/li>\n<li><strong>\u201cOs dejetos da produ\u00e7\u00e3o anal\u00edtica\u201d<\/strong><\/li>\n<li>Apresentam: S\u00f4nia Vicente e Cl\u00e1udio Melo<br \/>\nCoordena: Iordan Gurgel<\/li>\n<\/ul>\n<p><strong>15\/04 (quarta-feira) | 20h00<\/strong><\/p>\n<ul>\n<li><strong>Semin\u00e1rio de Orienta\u00e7\u00e3o Lacaniana &#8211; Los Usos del Lapsus<\/strong><\/li>\n<\/ul>\n<p><strong>22\/04 (quarta-feira) | 20h00<\/strong><\/p>\n<ul>\n<li><strong>Semin\u00e1rio de Forma\u00e7\u00e3o Permanente<\/strong><\/li>\n<li><strong>\u201cO percurso de uma an\u00e1lise\u201d<\/strong><\/li>\n<li>Apresentam: Lucy de Castro e Nilton Cerqueira<br \/>\nCoordena: Pablo Sauce<\/li>\n<\/ul>\n<p><strong>30\/04 (quarta-feira)<\/strong><\/p>\n<ul>\n<li><strong>XV Congresso da AMP &#8211; N\u00e3o h\u00e1 rela\u00e7\u00e3o sexual\u201d<\/strong><\/li>\n<\/ul>\n<h3><strong><span style=\"color: #993300;\">Maio<\/span><\/strong><\/h3>\n<p><strong>01\/05 (quinta-feira)<\/strong><\/p>\n<ul>\n<li><strong>XV Congresso da AMP &#8211; \u201cN\u00e3o h\u00e1 rela\u00e7\u00e3o sexual\u201d<\/strong><\/li>\n<\/ul>\n<p><strong>02\/05 (sexta-feira)<\/strong><\/p>\n<ul>\n<li><strong>XV Congresso da AMP &#8211; \u201cN\u00e3o h\u00e1 rela\u00e7\u00e3o sexual\u201d<\/strong><\/li>\n<\/ul>\n<p><strong>03\/05 (s\u00e1bado)<\/strong><\/p>\n<ul>\n<li><strong>XV Congresso da AMP &#8211; \u201cN\u00e3o h\u00e1 rela\u00e7\u00e3o sexual\u201d<\/strong><\/li>\n<\/ul>\n<p><strong>13\/05 (quarta-feira) | 20h00<\/strong><\/p>\n<ul>\n<li><strong>Ecos do XV Congresso da AMP<\/strong><\/li>\n<\/ul>\n<p><strong>20\/05 (quarta-feira) | 20h00<\/strong><\/p>\n<ul>\n<li><strong>Semin\u00e1rio de Forma\u00e7\u00e3o Permanente &#8211; O Ato Anal\u00edtico<\/strong><\/li>\n<li><strong>\u201cTornar-se dejeto\u201d<\/strong><\/li>\n<li>Apresentam: T\u00e2nia Abreu e F\u00e1tima Sarmento<br \/>\nCoordena: Marcelo Magnelli<\/li>\n<\/ul>\n<p><strong>23\/05 (s\u00e1bado)<\/strong><\/p>\n<ul>\n<li><strong>Atividade com Mais-Uns de Cart\u00e9is da Se\u00e7\u00e3o Bahia<\/strong><\/li>\n<\/ul>\n<p><strong>27\/05 (quarta-feira) | 20h00<\/strong><\/p>\n<ul>\n<li><strong>Lan\u00e7amento das XXX Jornadas da EBP Bahia<\/strong><\/li>\n<\/ul>\n<p><strong>30\/05 (s\u00e1bado)<\/strong><\/p>\n<ul>\n<li><strong>1\u00aa Preparat\u00f3ria XXVI Encontro Brasileiro do Campo Freudiano<\/strong><\/li>\n<\/ul>\n<h3><span style=\"color: #993300;\"><strong>Junho<\/strong><\/span><\/h3>\n<p><strong>10\/06 (quarta-feira) | 20h00<\/strong><\/p>\n<ul>\n<li><strong>Semin\u00e1rio de Forma\u00e7\u00e3o Permanente &#8211; O Ato Anal\u00edtico<\/strong><\/li>\n<li><strong>\u201cO ato e o fazer\u201d<\/strong><\/li>\n<li>Apresentam: Luiz Felipe e S\u00f4nia Vicente<br \/>\nCoordena: Julia Solano<\/li>\n<\/ul>\n<p><strong>17\/06 (quarta-feira) | 20h00<\/strong><\/p>\n<ul>\n<li><strong>Semin\u00e1rio de Orienta\u00e7\u00e3o Lacaniana &#8211; Los Usos del Lapsus<\/strong><\/li>\n<\/ul>\n<p><strong>18\/06 (quinta-feira)<\/strong><\/p>\n<ul>\n<li><strong>Atividade da Diretoria de Cart\u00e9is da EBP<\/strong><\/li>\n<\/ul>\n<h3><span style=\"color: #993300;\">Julho<\/span><\/h3>\n<p><strong>08\/07 (quarta-feira) | 20h00<\/strong><\/p>\n<ul>\n<li><strong>Noite de Biblioteca<\/strong><\/li>\n<li><strong>Noite sobre o livro \u201cConstrucciones sobre lo imposible: Los casos<\/strong><\/li>\n<li><strong>cl\u00ednicos en la orientaci\u00f3n lacaniana\u201d, de Ana Vigan\u00f3<\/strong><\/li>\n<\/ul>\n<p><strong>15\/07 (quarta-feira) | 20h00<\/strong><\/p>\n<ul>\n<li><strong>1\u00aa Preparat\u00f3ria para XXX Jornadas da EBP Bahia<\/strong><\/li>\n<\/ul>\n<p><strong>\u00a0<\/strong><strong>22\/07 (quarta-feira) | 20h00<\/strong><\/p>\n<ul>\n<li><strong>Semin\u00e1rio de Forma\u00e7\u00e3o Permanente &#8211; O Ato Anal\u00edtico<\/strong><\/li>\n<li><strong>\u201cDo psicanalisante ao psicanalista\u201d<\/strong><\/li>\n<li>Apresentam: Carla Fernandes e T\u00e2nia Abreu<br \/>\nCoordena: Iordan Gurgel<\/li>\n<\/ul>\n<p><strong>29\/07 (quarta-feira) | 20h00<\/strong><\/p>\n<ul>\n<li><strong>Semin\u00e1rio de Orienta\u00e7\u00e3o Lacaniana &#8211; Los Usos del Lapsus<\/strong><\/li>\n<\/ul>\n<h3><strong><span style=\"color: #993300;\">Agosto<\/span><\/strong><\/h3>\n<p><strong>01\/08 (s\u00e1bado) <\/strong><\/p>\n<ul>\n<li><strong>2\u00ba Preparat\u00f3ria XXVI Encontro Brasileiro do Campo Freudiano<\/strong><\/li>\n<\/ul>\n<p><strong>05\/08 (quarta-feira) | 20h00<\/strong><\/p>\n<ul>\n<li><strong>Semin\u00e1rio de Forma\u00e7\u00e3o Permanente &#8211; O Ato Anal\u00edtico<\/strong><\/li>\n<li><strong>\u201cQuestionamento do Sujeito Suposto Saber\u201d<\/strong><\/li>\n<li>Apresentam: Marcela Antelo e Rog\u00e9rio Barros<br \/>\nCoordena: Pablo Sauce<\/li>\n<\/ul>\n<p><strong>12\/08 (quarta-feira) | 20h00<\/strong><\/p>\n<ul>\n<li><strong>Semin\u00e1rio de Forma\u00e7\u00e3o Permanente &#8211; O Ato Anal\u00edtico<\/strong><\/li>\n<li><strong>\u201cO inconsciente e a l\u00f3gica\u201d<\/strong><\/li>\n<li>Apresentam: Anal\u00edcea Calmon e Daniela Araujo<br \/>\nCoordena: Marcelo Magnelli<\/li>\n<\/ul>\n<p><strong>19\/08 (quarta-feira) | 20h00<\/strong><\/p>\n<ul>\n<li><strong>Semin\u00e1rio de Forma\u00e7\u00e3o Permanente &#8211; O Ato Anal\u00edtico<\/strong><\/li>\n<li><strong>\u201cVislumbres sobre a quantifica\u00e7\u00e3o\u201d<\/strong><\/li>\n<li>Apresentam: Luiz Mena e Wilker Fran\u00e7a<br \/>\nCoordena: Julia Solano<\/li>\n<\/ul>\n<p><strong>21\/08 (sexta-feira) | 20h00<\/strong><\/p>\n<ul>\n<li><strong>Confer\u00eancia de Ana Vigan\u00f3 na EBP Bahia<\/strong><\/li>\n<\/ul>\n<p><strong>26\/08 (quarta-feira) | 20h00<\/strong><\/p>\n<ul>\n<li><strong>Semin\u00e1rio de Orienta\u00e7\u00e3o Lacaniana &#8211; Los Usos del Lapsus<\/strong><\/li>\n<\/ul>\n<h3><strong><span style=\"color: #993300;\">Setembro<\/span><\/strong><\/h3>\n<p><strong>02\/09 (quarta-feira) | 20h00<\/strong><\/p>\n<ul>\n<li><strong>Semin\u00e1rio de Forma\u00e7\u00e3o Permanente<\/strong><\/li>\n<li><strong>\u201cDo todo ao objeto a\u201d<\/strong><\/li>\n<li>Apresentam: Daniela Araujo e Cl\u00e1udio Melo<br \/>\nCoordena: Iordan Gurgel<\/li>\n<\/ul>\n<p><strong>09\/09 (quarta-feira) | 20h00<\/strong><\/p>\n<ul>\n<li><strong>2\u00aa Preparat\u00f3ria para XXX Jornadas da EBP Bahia<\/strong><\/li>\n<\/ul>\n<p><strong>16\/09 (quarta-feira) | 20h00<\/strong><\/p>\n<ul>\n<li><strong>Semin\u00e1rio de Forma\u00e7\u00e3o Permanente &#8211; O Ato Anal\u00edtico<\/strong><\/li>\n<li><strong>\u201cO estatuto do psicanalista\u201d<\/strong><\/li>\n<li>Apresentam: Carla Fernandes e Paulo Gabrielli<br \/>\nCoordena: Pablo Sauce<\/li>\n<\/ul>\n<p><strong>23\/09 (quarta-feira) | 20h00<\/strong><\/p>\n<ul>\n<li><strong>Semin\u00e1rio de Forma\u00e7\u00e3o Permanente &#8211; O Ato Anal\u00edtico<\/strong><\/li>\n<li><strong>\u201cSa\u00e7unta\u00ed\u201d<\/strong><\/li>\n<li>Apresentam: Camilla Costa e Nilton Cerqueira<br \/>\nCoordena: Marcelo Magnelli<\/li>\n<\/ul>\n<p><strong>30\/09 (quarta-feira) | 20h00<\/strong><\/p>\n<ul>\n<li><strong>Semin\u00e1rio de Orienta\u00e7\u00e3o Lacaniana &#8211; Los Usos del Lapsus<\/strong><\/li>\n<\/ul>\n<h3><strong><span style=\"color: #993300;\">Outubro<\/span><\/strong><\/h3>\n<p><strong>14\/10 (quarta-feira) | 20h00<\/strong><\/p>\n<ul>\n<li><strong>Semin\u00e1rio de Forma\u00e7\u00e3o Permanente &#8211; O Ato Anal\u00edtico<\/strong><\/li>\n<li><strong>\u201cOs acontecimentos de maio\u201d<\/strong><\/li>\n<li>Apresentam: Lucy de Castro e Paulo Gabrielli<br \/>\nCoordena: Julia Solano<\/li>\n<\/ul>\n<p><strong>21\/10 (quarta-feira) | 20h00<\/strong><\/p>\n<ul>\n<li><strong>Semin\u00e1rio de Forma\u00e7\u00e3o Permanente &#8211; O Ato Anal\u00edtico<\/strong><\/li>\n<li><strong>\u201cO ano est\u00e1 terminando\u201d<\/strong><\/li>\n<li>Apresentam: Marcela Antelo e Al\u00e9ssia Fontenelle<br \/>\nCoordena: Iordan Gurgel<\/li>\n<\/ul>\n<p><strong>28\/10 (quarta-feira) | 20h00<\/strong><\/p>\n<ul>\n<li><strong>Semin\u00e1rio de Orienta\u00e7\u00e3o Lacaniana &#8211; Los Usos del Lapsus<\/strong><\/li>\n<\/ul>\n<h3><strong><span style=\"color: #993300;\">Novembro<\/span><\/strong><\/h3>\n<p><strong>13\/11 (sexta-feira)<\/strong><\/p>\n<ul>\n<li><strong>XXX Jornadas da EBP Bahia<\/strong><\/li>\n<\/ul>\n<p><strong>14\/11 (s\u00e1bado)<\/strong><\/p>\n<ul>\n<li><strong>XXX Jornadas da EBP Bahia<\/strong><\/li>\n<\/ul>\n<p><strong>18\/11 (quarta-feira) | 20h00<\/strong><\/p>\n<ul>\n<li><strong>Ecos das XXX Jornadas da EBP Bahia<\/strong><\/li>\n<\/ul>\n<p><strong>27\/11 (sexta-feira)<\/strong><\/p>\n<ul>\n<li><strong>XXVI Encontro Brasileiro do Campo Freudiano &#8211; Florian\u00f3polis<\/strong><\/li>\n<\/ul>\n<p><strong>28\/11 (s\u00e1bado)<\/strong><\/p>\n<ul>\n<li><strong>XXVI Encontro Brasileiro do Campo Freudiano &#8211; Florian\u00f3polis<\/strong><\/li>\n<\/ul>\n<p><strong>29\/11 (domingo)<\/strong><\/p>\n<ul>\n<li><strong>XXVI Encontro Brasileiro do Campo Freudiano &#8211; Florian\u00f3polis<\/strong><\/li>\n<\/ul>\n<h3><strong><span style=\"color: #993300;\">Dezembro<\/span><\/strong><\/h3>\n<p><strong>02\/12 (quarta-feira) | 20h00<\/strong><\/p>\n<ul>\n<li><strong>Ecos do XXVI EBCF<\/strong><\/li>\n<\/ul>\n<p><strong>09\/12 (quarta-feira) | 20h00<\/strong><\/p>\n<ul>\n<li><strong>Conversa\u00e7\u00e3o entre os Membros &#8211; encerramento do ano<\/strong><\/li>\n<li><strong>Avalia\u00e7\u00e3o do ano de atividades da Se\u00e7\u00e3o<\/strong><\/li>\n<\/ul>\n[\/vc_column_text][\/vc_column][\/vc_row]\n<\/section>","protected":false},"excerpt":{"rendered":"<p>[vc_row][vc_column width=&#8221;5\/6&#8243;][vc_single_image image=&#8221;4039&#8243;][\/vc_column][vc_column width=&#8221;1\/6&#8243;][vc_single_image image=&#8221;4040&#8243;][vc_empty_space height=&#8221;20px&#8221;][vc_btn title=&#8221;DOWNLOAD PDF&#8221; color=&#8221;danger&#8221; i_icon_fontawesome=&#8221;far fa-file-pdf&#8221; add_icon=&#8221;true&#8221; link=&#8221;url:https%3A%2F%2Febp.org.br%2Fba%2Fwp-content%2Fuploads%2F2026%2F03%2FPROGRAMA-SFP-2026.pdf&#8221;][\/vc_column][\/vc_row][vc_row][vc_column][vc_column_text] Mar\u00e7o 04\/03 (quarta-feira) | 20h00 Semin\u00e1rio de Forma\u00e7\u00e3o Permanente &#8211; O Ato Anal\u00edtico Noite de abertura Apresentam: Marcelo Magnelli e Julia Solano Coordena: Iordan Gurgel 06\/03 (sexta-feira) | 18h00 Noite de Biblioteca Lan\u00e7amento do livro: \u201cEnvelhecer: o luto por si mesmo\u201d Com&hellip;<\/p>\n","protected":false},"author":1,"featured_media":0,"parent":1353,"menu_order":0,"comment_status":"closed","ping_status":"closed","template":"","meta":{"footnotes":""},"class_list":["post-4050","page","type-page","status-publish","hentry","entry","no-media"],"_links":{"self":[{"href":"https:\/\/ebp.org.br\/ba\/wp-json\/wp\/v2\/pages\/4050","targetHints":{"allow":["GET"]}}],"collection":[{"href":"https:\/\/ebp.org.br\/ba\/wp-json\/wp\/v2\/pages"}],"about":[{"href":"https:\/\/ebp.org.br\/ba\/wp-json\/wp\/v2\/types\/page"}],"author":[{"embeddable":true,"href":"https:\/\/ebp.org.br\/ba\/wp-json\/wp\/v2\/users\/1"}],"replies":[{"embeddable":true,"href":"https:\/\/ebp.org.br\/ba\/wp-json\/wp\/v2\/comments?post=4050"}],"version-history":[{"count":2,"href":"https:\/\/ebp.org.br\/ba\/wp-json\/wp\/v2\/pages\/4050\/revisions"}],"predecessor-version":[{"id":4064,"href":"https:\/\/ebp.org.br\/ba\/wp-json\/wp\/v2\/pages\/4050\/revisions\/4064"}],"up":[{"embeddable":true,"href":"https:\/\/ebp.org.br\/ba\/wp-json\/wp\/v2\/pages\/1353"}],"wp:attachment":[{"href":"https:\/\/ebp.org.br\/ba\/wp-json\/wp\/v2\/media?parent=4050"}],"curies":[{"name":"wp","href":"https:\/\/api.w.org\/{rel}","templated":true}]}}