{"id":3985,"date":"2025-07-17T06:06:56","date_gmt":"2025-07-17T09:06:56","guid":{"rendered":"https:\/\/ebp.org.br\/ba\/?page_id=3985"},"modified":"2026-03-09T06:17:55","modified_gmt":"2026-03-09T09:17:55","slug":"seminario-de-formacao-permanente-2025","status":"publish","type":"page","link":"https:\/\/ebp.org.br\/ba\/ensino\/seminario-de-formacao-permanente-2025\/","title":{"rendered":"SEMIN\u00c1RIO DE FORMA\u00c7\u00c3O PERMANENTE &#8211; 2025"},"content":{"rendered":"<section class=\"wpb-content-wrapper\">[vc_row][vc_column width=&#8221;5\/6&#8243;][vc_single_image image=&#8221;3990&#8243;][\/vc_column][vc_column width=&#8221;1\/6&#8243;][vc_single_image image=&#8221;3986&#8243;][vc_empty_space height=&#8221;20px&#8221;][vc_btn title=&#8221;DOWNLOAD PDF&#8221; color=&#8221;danger&#8221; i_icon_fontawesome=&#8221;far fa-file-pdf&#8221; add_icon=&#8221;true&#8221; link=&#8221;url:https%3A%2F%2Febp.org.br%2Fba%2Fwp-content%2Fuploads%2F2025%2F07%2FPROGRAMA_SFP-2025.pdf&#8221;][\/vc_column][\/vc_row][vc_row][vc_column][vc_column_text]Sejam bem-vindos!<\/p>\n<p>Hoje iniciamos as atividades do ano de 2025 do SFP. O vivo da pr\u00e1tica que nos interessa, neste ano gira em torno dos significantes \u201cEntrevistas Preliminares\u201d e \u201cEntradas em an\u00e1lise\u201d. O SFP se orienta, sobretudo, a partir do tema \u201cAs Entradas em an\u00e1lise\u201d. Isso quer dizer que tamb\u00e9m nos importar\u00e1 investigar os impasses \u00e0 entrada, decorrentes dos efeitos do contempor\u00e2neo, para, quem sabe, proporcionarmos um <em>aggiornamento<\/em> sobre o tema, orientados a partir do \u00daltimo Ensino de Lacan.<\/p>\n<p>Freud, em Sobre o Inicio do Tratamento, de 1913, traz a met\u00e1fora do xadrez, que recuperamos na imagem do nosso cartaz. No jogo, apenas as aberturas e os finais de uma partida s\u00e3o poss\u00edveis de se analisar exaustivamente. Ap\u00f3s estas primeiras jogadas, torna-se imprevis\u00edvel o que dela decorre. Por isso, em uma partida de xadrez, se estudam as aberturas dos grandes mestres, buscando-se, assim, as defesas e contra-ataques poss\u00edveis dentro do que \u00e9 poss\u00edvel se prever.<\/p>\n<p>Freud nos dir\u00e1, ent\u00e3o, que as regras que podemos oferecer para tratamento psicanal\u00edtico est\u00e3o sujeitas \u00e0s mesmas limita\u00e7\u00f5es, s\u00f3 podemos saber sobre seus in\u00edcios e seus finais. Neste texto, Freud reuniu algumas dessas regras, acerca do in\u00edcio do tratamento, para o que chamou de \u201canalista praticante\u201d. Estas regras, eles as chama de recomenda\u00e7\u00f5es, que parecem corriqueiras, mas que s\u00e3o, em suas palavras \u201c<em>precisamente regras do jogo\u2026 que t\u00ea<\/em><em>m de retirar seu <\/em><em>significado do contexto maior do jogo<\/em>\u201d. Dentre elas a defini\u00e7\u00e3o do tempo e regularidade das sess\u00f5es, a clareza no estabelecimento de honor\u00e1rios, dos cuidados com as resist\u00eancias e interrup\u00e7\u00f5es, da institui\u00e7\u00e3o da regra fundamental da associa\u00e7\u00e3o livre, e da posi\u00e7\u00e3o neutra do analista, evitando a posi\u00e7\u00e3o de guia ou conselheiro.<\/p>\n<p>Por sua vez, Lacan, no Semin\u00e1rio \u201cO saber do psicanalista\u201d, diz:<\/p>\n<p>\u201cTodos sabem, muitos ignoram, a insist\u00eancia que ponho diante de quem me pede orienta\u00e7\u00e3o sobre as entrevistas preliminares \u00e0 uma analise, isso tem a ver com uma fun\u00e7\u00e3o essencial para o analista. N\u00e3o h\u00e1 entrada poss\u00edvel em an\u00e1lise sem entrevistas preliminares\u201d.<\/p>\n<p>Apesar de haver uma rela\u00e7\u00e3o de implica\u00e7\u00e3o, n\u00e3o h\u00e1 uma continuidade entre entrevista preliminar e entrada em an\u00e1lise, ou seja, a passagem de uma a outra n\u00e3o se d\u00e1 de modo autom\u00e1tico; <em>algo mais<\/em> deve ocorrer para que o umbral seja franqueado, o que implica uma decis\u00e3o que requer um consentimento.<\/p>\n<p>Nossa aposta \u00e9 que o SFP possa provocar o trabalho ao redor deste \u201calgo mais\u201d, acolhendo os efeitos de um \u201c<em>working in progress<\/em>\u201d dos cart\u00e9is, onde algo de um \u201cvazio-mediano\u201d &#8211; para tomar uma express\u00e3o da filosofia chinesa &#8211; possa comparecer como um \u201cvazio-atuante\u201d, animando os trabalhos da noite, assim como um \u201cvazio de significa\u00e7\u00e3o\u201d, o enigma, anima o in\u00edcio dos encontros do sujeito com um analista. E que esta provoca\u00e7\u00e3o ao trabalho, das \u201cnoites das quartas\u201d, tenha como destino de seus produtos nossa XXIX Jornadas da Se\u00e7\u00e3o, que se realizar\u00e1 nos dias 21 e 22 de novembro, no Hotel Wish da Bahia, com a participa\u00e7\u00e3o de Esthela-Solano Su\u00e1rez.<\/p>\n<p>As tradicionais <strong><em>Noites das quartas-feiras<\/em><\/strong> ser\u00e3o o local e o tempo para concentrarmos as atividades do Semin\u00e1rio de Forma\u00e7\u00e3o Permanente, assim como tamb\u00e9m teremos o Semin\u00e1rio de Orienta\u00e7\u00e3o Lacaniana, o Semin\u00e1rio do Conselho da Se\u00e7\u00e3o. Para cada ciclo de apresenta\u00e7\u00e3o de cartel, um encontro do Semin\u00e1rio de Orienta\u00e7\u00e3o Lacaniana.<\/p>\n<p>Um bom trabalho para todos n\u00f3s!<\/p>\n<p><em><strong>Marcelo Magnelli<\/strong><br \/>\n<\/em><em>Diretor da EBP Se\u00e7\u00e3o Bahia<\/em>[\/vc_column_text][vc_empty_space][vc_separator color=&#8221;sandy_brown&#8221; border_width=&#8221;2&#8243;][vc_empty_space][vc_column_text][\/vc_column_text][\/vc_column][\/vc_row][vc_row][vc_column]<style>.vcex-heading.vcex_69d8ea94e3242{width:1px;}<\/style><h2 class=\"vcex-heading vcex-heading-bottom-border vcex-module wpex-text-2xl wpex-font-normal wpex-max-w-100 wpex-mr-auto wpex-border-b wpex-border-solid wpex-border-main vcex_69d8ea94e3242\"><span class=\"vcex-heading-inner wpex-inline-block\"><span class=\"vcex-heading-icon vcex-heading-icon-left vcex-icon-wrap wpex-mr-15\"><span class=\"ticon ticon-pencil-square-o\" aria-hidden=\"true\"><\/span><\/span>PROGRAMA 2025<\/span><\/h2>[vc_column_text]\n<h3><span style=\"color: #ff6600;\">Mar\u00e7o<\/span><\/h3>\n<p><strong>19 &#8211; Semin\u00e1rio de Forma\u00e7\u00e3o Permanente<\/strong><\/p>\n<ul>\n<li><em>Entrevistas Preliminares e Entradas em An\u00e1lise<\/em><\/li>\n<li><em>Apresenta: Diretoria<\/em><\/li>\n<\/ul>\n<p><strong>26 &#8211; Semin\u00e1rio de Forma\u00e7\u00e3o Permanente <\/strong><\/p>\n<ul>\n<li><em>Entrevistas Preliminares e Entradas em An\u00e1lise<\/em><\/li>\n<li><em>Apresenta: Cartel A<\/em><\/li>\n<li><em>Tema: A transfer\u00eancia<\/em><\/li>\n<\/ul>\n<h3><span style=\"color: #ff6600;\">Abril<\/span><\/h3>\n<p><strong>2 &#8211; Semin\u00e1rio de Forma\u00e7\u00e3o Permanente<\/strong><\/p>\n<ul>\n<li><em>Entrevistas Preliminares e Entradas em An\u00e1lise<\/em><\/li>\n<li><em>Apresenta: Cartel B<\/em><\/li>\n<li><em>Tema: O sintoma anal\u00edtico<\/em><\/li>\n<\/ul>\n<p><strong>9 &#8211; Semin\u00e1rio de Forma\u00e7\u00e3o Permanente<\/strong><\/p>\n<ul>\n<li><em>Entrevistas Preliminares e Entradas em An\u00e1lise<\/em><\/li>\n<li><em>Apresenta: Cartel C<\/em><\/li>\n<li><em>Tema: Novos sintomas e o Outro que n\u00e3o existe<\/em><\/li>\n<\/ul>\n<p><strong>16 &#8211; Semin\u00e1rio de Orienta\u00e7\u00e3o Lacaniana<\/strong><\/p>\n<ul>\n<li><em>Advir analisante, tornar-se analista: uma quest\u00e3o de Escola<\/em><\/li>\n<li><em>Apresenta: Conselho da EBP-Bahia<\/em><\/li>\n<\/ul>\n<p><strong>23 &#8211; Semin\u00e1rio de Forma\u00e7\u00e3o Permanente <\/strong><\/p>\n<ul>\n<li><em>Entrevistas Preliminares e Entradas em An\u00e1lise<\/em><\/li>\n<li><em>Apresenta: Cartel A<\/em><\/li>\n<li><em>Tema: A transfer\u00eancia<\/em><\/li>\n<\/ul>\n<p><strong>30 &#8211; Semin\u00e1rio de Forma\u00e7\u00e3o Permanente<\/strong><\/p>\n<ul>\n<li><em>Entrevistas Preliminares e Entradas em An\u00e1lise<\/em><\/li>\n<li><em>Apresenta: Cartel B<\/em><\/li>\n<li><em>Tema: O sintoma anal\u00edtico<\/em><\/li>\n<\/ul>\n<h3><span style=\"color: #ff6600;\">Maio<\/span><\/h3>\n<p><strong>7 &#8211; Semin\u00e1rio de Forma\u00e7\u00e3o Permanente<\/strong><\/p>\n<ul>\n<li><em>Entrevistas Preliminares e Entradas em An\u00e1lise<\/em><\/li>\n<li><em>Apresenta: Cartel C<\/em><\/li>\n<li><em>Tema: Novos sintomas e o Outro que n\u00e3o existe<\/em><\/li>\n<\/ul>\n<p><strong>14 &#8211; Semin\u00e1rio de Orienta\u00e7\u00e3o Lacaniana<\/strong><\/p>\n<ul>\n<li><em>Advir analisante, tornar-se analista: uma quest\u00e3o de Escola<\/em><\/li>\n<li><em>Apresenta: Conselho da EBP-Bahia<\/em><\/li>\n<\/ul>\n<p><strong>21 &#8211; Semin\u00e1rio de Forma\u00e7\u00e3o Permanente <\/strong><\/p>\n<ul>\n<li><em>Entrevistas Preliminares e Entradas em An\u00e1lise<\/em><\/li>\n<li><em>Apresenta: Cartel A<\/em><\/li>\n<li><em>Tema: A transfer\u00eancia<\/em><\/li>\n<\/ul>\n<p><strong>28 &#8211; Semin\u00e1rio de Forma\u00e7\u00e3o Permanente<\/strong><\/p>\n<ul>\n<li><em>Entrevistas Preliminares e Entradas em An\u00e1lise<\/em><\/li>\n<li><em>Apresenta: Cartel B<\/em><\/li>\n<li><em>Tema: O sintoma anal\u00edtico<\/em><\/li>\n<\/ul>\n<h3><span style=\"color: #ff6600;\">Junho<\/span><\/h3>\n<p><strong>4 &#8211; Semin\u00e1rio de Forma\u00e7\u00e3o Permanente<\/strong><\/p>\n<ul>\n<li><em>Entrevistas Preliminares e Entradas em An\u00e1lise<\/em><\/li>\n<li><em>Apresenta: Cartel C<\/em><\/li>\n<li><em>Tema: Novos sintomas e o Outro que n\u00e3o existe<\/em><\/li>\n<\/ul>\n<p><strong>11\u00a0\u00a0\u00a0\u00a0\u00a0\u00a0\u00a0\u00a0\u00a0\u00a0 Semin\u00e1rio de Orienta\u00e7\u00e3o Lacaniana<\/strong><\/p>\n<ul>\n<li><em>Advir analisante, tornar-se analista: uma quest\u00e3o de Escola<\/em><\/li>\n<li><em>Apresenta: Conselho da EBP-Bahia<\/em><\/li>\n<\/ul>\n<p><strong>17 &#8211; Semin\u00e1rio de Forma\u00e7\u00e3o Permanente (ter\u00e7a-feria, excepcionalidade)<\/strong><\/p>\n<ul>\n<li><em>Entrevistas Preliminares e Entradas em An\u00e1lise<\/em><\/li>\n<li><em>Apresenta: Cartel A<\/em><\/li>\n<li><em>Tema: A transfer\u00eancia<\/em><\/li>\n<\/ul>\n<h3><span style=\"color: #ff6600;\">Julho<\/span><\/h3>\n<p><strong>9 &#8211;\u00a0 Semin\u00e1rio de Forma\u00e7\u00e3o Permanente<\/strong><\/p>\n<ul>\n<li><em>Entrevistas Preliminares e Entradas em An\u00e1lise<\/em><\/li>\n<li><em>Apresenta: Cartel B<\/em><\/li>\n<li><em>Tema: O sintoma anal\u00edtico<\/em><\/li>\n<\/ul>\n<p><strong>16 &#8211; Semin\u00e1rio de Forma\u00e7\u00e3o Permanente<\/strong><\/p>\n<ul>\n<li><em>Entrevistas Preliminares e Entradas em An\u00e1lise<\/em><\/li>\n<li><em>Apresenta: Cartel C<\/em><\/li>\n<li><em>Tema: Novos sintomas e o Outro que n\u00e3o existe<\/em><\/li>\n<\/ul>\n<p><strong>23 &#8211; Semin\u00e1rio de Orienta\u00e7\u00e3o Lacaniana<\/strong><\/p>\n<ul>\n<li><em>Advir analisante, tornar-se analista: uma quest\u00e3o de Escola<\/em><\/li>\n<li><em>Apresenta: Conselho da EBP-Bahia<\/em><\/li>\n<\/ul>\n<p><strong>30 &#8211; Semin\u00e1rio de Forma\u00e7\u00e3o Permanente <\/strong><\/p>\n<ul>\n<li><em>Entrevistas Preliminares e Entradas em An\u00e1lise<\/em><\/li>\n<li><em>Apresenta: Cartel A<\/em><\/li>\n<li><em>Tema: A transfer\u00eancia<\/em><\/li>\n<\/ul>\n<h3><span style=\"color: #ff6600;\">Agosto<\/span><\/h3>\n<p><strong>6 &#8211; Semin\u00e1rio de Forma\u00e7\u00e3o Permanente<\/strong><\/p>\n<ul>\n<li><em>Entrevistas Preliminares e Entradas em An\u00e1lise<\/em><\/li>\n<li><em>Apresenta: Cartel B<\/em><\/li>\n<li><em>Tema: O sintoma anal\u00edtico<\/em><\/li>\n<\/ul>\n<p><strong>13 &#8211; Semin\u00e1rio de Forma\u00e7\u00e3o Permanente<\/strong><\/p>\n<ul>\n<li><em>Entrevistas Preliminares e Entradas em An\u00e1lise<\/em><\/li>\n<li><em>Apresenta: Cartel C<\/em><\/li>\n<li><em>Tema: Novos sintomas e o Outro que n\u00e3o existe<\/em><\/li>\n<\/ul>\n<p><strong>20 &#8211; Semin\u00e1rio de Orienta\u00e7\u00e3o Lacaniana<\/strong><\/p>\n<ul>\n<li><em>Advir analisante, tornar-se analista: uma quest\u00e3o de Escola<\/em><\/li>\n<li><em>Apresenta: Conselho da EBP-Bahia<\/em><\/li>\n<\/ul>\n<p><strong>27 &#8211; Semin\u00e1rio de Forma\u00e7\u00e3o Permanente <\/strong><\/p>\n<ul>\n<li><em>Entrevistas Preliminares e Entradas em An\u00e1lise<\/em><\/li>\n<li><em>Apresenta: Cartel A<\/em><\/li>\n<li><em>Tema: A transfer\u00eancia<\/em><\/li>\n<\/ul>\n<h3><span style=\"color: #ff6600;\">Setembro<\/span><\/h3>\n<p><strong>10 &#8211; Semin\u00e1rio de Forma\u00e7\u00e3o Permanente<\/strong><\/p>\n<ul>\n<li><em>Entrevistas Preliminares e Entradas em An\u00e1lise<\/em><\/li>\n<li><em>Apresenta: Cartel B<\/em><\/li>\n<li><em>Tema: O sintoma anal\u00edtico<\/em><\/li>\n<\/ul>\n<p><strong>17 &#8211;\u00a0 Semin\u00e1rio de Forma\u00e7\u00e3o Permanente<\/strong><\/p>\n<ul>\n<li><em>Entrevistas Preliminares e Entradas em An\u00e1lise<\/em><\/li>\n<li><em>Apresenta: Cartel C<\/em><\/li>\n<li><em>Tema: Novos sintomas e o Outro que n\u00e3o existe<\/em><\/li>\n<\/ul>\n<p><strong>24 &#8211; Semin\u00e1rio de Orienta\u00e7\u00e3o Lacaniana<\/strong><\/p>\n<ul>\n<li><em>Advir analisante, tornar-se analista: uma quest\u00e3o de Escola<\/em><\/li>\n<li><em>Apresenta: Conselho da EBP-Bahia<\/em><\/li>\n<\/ul>\n<h3><span style=\"color: #ff6600;\">Outubro<\/span><\/h3>\n<p><strong>1 &#8211; Semin\u00e1rio de Forma\u00e7\u00e3o Permanente <\/strong><\/p>\n<ul>\n<li><em>Entrevistas Preliminares e Entradas em An\u00e1lise<\/em><\/li>\n<li><em>Apresenta: Cartel A<\/em><\/li>\n<li><em>Tema: A transfer\u00eancia<\/em><\/li>\n<\/ul>\n<p><strong>8 &#8211; Semin\u00e1rio de Forma\u00e7\u00e3o Permanente<\/strong><\/p>\n<ul>\n<li><em>Entrevistas Preliminares e Entradas em An\u00e1lise<\/em><\/li>\n<li><em>Apresenta: Cartel B<\/em><\/li>\n<li><em>Tema: O sintoma anal\u00edtico<\/em><\/li>\n<\/ul>\n<p><strong>22 &#8211; Semin\u00e1rio de Forma\u00e7\u00e3o Permanente<\/strong><\/p>\n<ul>\n<li><em>Entrevistas Preliminares e Entradas em An\u00e1lise<\/em><\/li>\n<li><em>Apresenta: Cartel C<\/em><\/li>\n<li><em>Tema: Novos sintomas e o Outro que n\u00e3o existe<\/em><\/li>\n<\/ul>\n<p><strong>29 &#8211; Semin\u00e1rio de Orienta\u00e7\u00e3o Lacaniana \u2013 SOL<\/strong><\/p>\n<ul>\n<li><em>Advir analisante, tornar-se analista: uma quest\u00e3o de Escola<\/em><\/li>\n<li><em>Apresenta: Conselho da EBP-Bahia<\/em><\/li>\n<\/ul>\n<h3><span style=\"color: #ff6600;\">Novembro<\/span><\/h3>\n<p><strong>5 &#8211;\u00a0 Semin\u00e1rio de Forma\u00e7\u00e3o Permanente <\/strong><\/p>\n<ul>\n<li><em>Entrevistas Preliminares e Entradas em An\u00e1lise<\/em><\/li>\n<li><em>Apresenta: Cartel A<\/em><\/li>\n<li><em>Tema: A transfer\u00eancia<\/em><\/li>\n<\/ul>\n<p><strong>12 &#8211; Semin\u00e1rio de Forma\u00e7\u00e3o Permanente<\/strong><\/p>\n<ul>\n<li><em>Entrevistas Preliminares e Entradas em An\u00e1lise<\/em><\/li>\n<li><em>Apresenta: Cartel B<\/em><\/li>\n<li><em>Tema: O sintoma anal\u00edtico<\/em><\/li>\n<\/ul>\n<p><strong>21 &#8211;\u00a0 XXIX Jornada EBP &#8211; Bahia &#8211; Entrada em An\u00e1lise: as entrevistas preliminares<\/strong><\/p>\n<p><em>\u00a0<\/em><strong>22 &#8211; XXIX Jornada EBP &#8211; Bahia &#8211;\u00a0 Entrada em An\u00e1lise: as entrevistas preliminares<\/strong><\/p>\n<h3><span style=\"color: #ff6600;\">Dezembro\u00a0\u00a0\u00a0\u00a0\u00a0\u00a0\u00a0\u00a0\u00a0\u00a0\u00a0<\/span><\/h3>\n<p><strong>3 &#8211; Reuni\u00e3o com Associados<\/strong><\/p>\n<p><strong>10 &#8211; Reuni\u00e3o com Membros<\/strong>[\/vc_column_text][\/vc_column][\/vc_row]\n<\/section>","protected":false},"excerpt":{"rendered":"<p>[vc_row][vc_column width=&#8221;5\/6&#8243;][vc_single_image image=&#8221;3990&#8243;][\/vc_column][vc_column width=&#8221;1\/6&#8243;][vc_single_image image=&#8221;3986&#8243;][vc_empty_space height=&#8221;20px&#8221;][vc_btn title=&#8221;DOWNLOAD PDF&#8221; color=&#8221;danger&#8221; i_icon_fontawesome=&#8221;far fa-file-pdf&#8221; add_icon=&#8221;true&#8221; link=&#8221;url:https%3A%2F%2Febp.org.br%2Fba%2Fwp-content%2Fuploads%2F2025%2F07%2FPROGRAMA_SFP-2025.pdf&#8221;][\/vc_column][\/vc_row][vc_row][vc_column][vc_column_text]Sejam bem-vindos! Hoje iniciamos as atividades do ano de 2025 do SFP. O vivo da pr\u00e1tica que nos interessa, neste ano gira em torno dos significantes \u201cEntrevistas Preliminares\u201d e \u201cEntradas em an\u00e1lise\u201d. O SFP se orienta, sobretudo, a partir do tema \u201cAs Entradas&hellip;<\/p>\n","protected":false},"author":1,"featured_media":0,"parent":1353,"menu_order":0,"comment_status":"closed","ping_status":"closed","template":"","meta":{"footnotes":""},"class_list":["post-3985","page","type-page","status-publish","hentry","entry","no-media"],"_links":{"self":[{"href":"https:\/\/ebp.org.br\/ba\/wp-json\/wp\/v2\/pages\/3985","targetHints":{"allow":["GET"]}}],"collection":[{"href":"https:\/\/ebp.org.br\/ba\/wp-json\/wp\/v2\/pages"}],"about":[{"href":"https:\/\/ebp.org.br\/ba\/wp-json\/wp\/v2\/types\/page"}],"author":[{"embeddable":true,"href":"https:\/\/ebp.org.br\/ba\/wp-json\/wp\/v2\/users\/1"}],"replies":[{"embeddable":true,"href":"https:\/\/ebp.org.br\/ba\/wp-json\/wp\/v2\/comments?post=3985"}],"version-history":[{"count":9,"href":"https:\/\/ebp.org.br\/ba\/wp-json\/wp\/v2\/pages\/3985\/revisions"}],"predecessor-version":[{"id":4042,"href":"https:\/\/ebp.org.br\/ba\/wp-json\/wp\/v2\/pages\/3985\/revisions\/4042"}],"up":[{"embeddable":true,"href":"https:\/\/ebp.org.br\/ba\/wp-json\/wp\/v2\/pages\/1353"}],"wp:attachment":[{"href":"https:\/\/ebp.org.br\/ba\/wp-json\/wp\/v2\/media?parent=3985"}],"curies":[{"name":"wp","href":"https:\/\/api.w.org\/{rel}","templated":true}]}}