{"id":3861,"date":"2024-05-02T16:25:40","date_gmt":"2024-05-02T19:25:40","guid":{"rendered":"https:\/\/ebp.org.br\/ba\/?page_id=3861"},"modified":"2024-06-20T13:40:50","modified_gmt":"2024-06-20T16:40:50","slug":"carteis-2024","status":"publish","type":"page","link":"https:\/\/ebp.org.br\/ba\/carteis\/carteis-2024\/","title":{"rendered":"Jornada de Cart\u00e9is &#8211; 2024"},"content":{"rendered":"<section class=\"wpb-content-wrapper\">[vc_row][vc_column width=&#8221;2\/3&#8243;][vc_column_text]<strong>Diretoria de Cart\u00e9is e Interc\u00e2mbio da EBP-BA<\/strong><\/p>\n<h4>Jornada de Cart\u00e9is<\/h4>\n<h3><span style=\"color: #800000;\">PRODUZIR UM DIZER<\/span><\/h3>\n<p>Convidado:<br \/>\nGERARDO ARENAS (EOL\/AMP)<\/p>\n<p>06 de julho de 2024, das 9:00 \u00e0s 18:00<\/p>\n<p>Evento H\u00edbrido &#8211; Local: Sede da EBP-BA<br \/>\nInforma\u00e7\u00f5es: <a href=\"mailto:carteis@ebpbahia.com.br\">carteis@ebpbahia.com.br<\/a><\/p>\n<p>Incri\u00e7\u00f5es: <a href=\"https:\/\/mailchi.mp\/ebpbahia.com.br\/4hebyd8ou2\">https:\/\/mailchi.mp\/ebpbahia.com.br\/4hebyd8ou2<\/a>[\/vc_column_text][vc_empty_space][vc_separator color=&#8221;juicy_pink&#8221;][vc_empty_space][vc_column_text]\n<div>\n<p>O produto do cartel pode contornar uma quest\u00e3o em torno do real que se apresenta a cada um, na experi\u00eancia da an\u00e1lise, na forma\u00e7\u00e3o e no trabalho coletivo do cartel. O produto pode se vincular a um novo saber, fazendo avan\u00e7ar a pr\u00f3pria experi\u00eancia e a psican\u00e1lise. Para Miller<sup>1<\/sup>, \u201c\u00c9 um esfor\u00e7o continuado permanecer o mais pr\u00f3ximo poss\u00edvel da experi\u00eancia para diz\u00ea-la sem se deixar esmagar sob o muro da linguagem\u201d.<\/p>\n<p>A Diretoria de Cart\u00e9is e Interc\u00e2mbio da EBP-BA convida a cada um que faz parte de um cartel a falar sobre o que se decanta da experi\u00eancia, dos efeitos que podem ser recolhidos de uma quest\u00e3o individual movida pelo desejo de saber. Falar sobre o que se escreve dessa experi\u00eancia \u00e9 uma aposta na transmiss\u00e3o de um dizer que ressoe, que produza sonoridade no Um e na Escola.<\/p>\n<p>A Jornada ser\u00e1 realizada presencialmente no dia 06 de julho de 2024 na sede da EBP-BA, com transmiss\u00e3o online. Contaremos com a presen\u00e7a do convidado Gerardo Arenas (EOL\/AMP), autor do livro rec\u00e9m lan\u00e7ado \u201c<em>El sin sentido del s\u00edntoma<\/em>\u201d.<\/p>\n<\/div>\n<div><\/div>\n<div>\n<p>Esperamos por voc\u00ea!<\/p>\n<p><strong>Comiss\u00e3o da Diretoria de\u00a0Cart\u00e9is\u00a0e Interc\u00e2mbio da EBP-BA<\/strong><br \/>\nCarla Fernandes, Julia Solano, Klaus Seydel, Marcelo Magnelli e Wilker Fran\u00e7a<\/p>\n<hr \/>\n<div>\n<div>\n<h6 id=\"m_1931524186827574745m_8391705352743595438ftn1\"><sup>1<\/sup>\u00a0Miller-J-A. O inconsciente e o corpo falante. Apresenta\u00e7\u00e3o do tema do X Congresso da AMP. Dispon\u00edvel em:\u00a0<a href=\"https:\/\/ampblog2006.blogspot.com\/2015\/09\/o-inconsciente-e-o-corpo-falante.html\" target=\"_blank\" rel=\"noopener\" data-saferedirecturl=\"https:\/\/www.google.com\/url?q=https:\/\/ampblog2006.blogspot.com\/2015\/09\/o-inconsciente-e-o-corpo-falante.html&amp;source=gmail&amp;ust=1714811409630000&amp;usg=AOvVaw1kq8pUCvDoZ23NXkI2QFVG\">AMP Blog: O inconsciente e o corpo falante Apresenta\u00e7\u00e3o do tema do X Congresso da AMP, por Jacques-Alain Miller (ampblog2006.blogspot.com)<\/a><\/h6>\n<\/div>\n<\/div>\n<\/div>\n[\/vc_column_text][vc_empty_space][vc_separator color=&#8221;juicy_pink&#8221;][vc_empty_space][vc_column_text]\n<h3><span style=\"color: #993300;\">Envio de Trabalhos<\/span><\/h3>\n<div class=\"gmail_attr\"><strong>Resumo:<\/strong><br \/>\nPrazo para envio: 20 de maio de 2024.<br \/>\nDever\u00e1 ser enviado um argumento do trabalho, contendo t\u00edtulo e um resumo de no m\u00e1ximo 10 linhas.<strong>Trabalho final:<\/strong><br \/>\nPrazo para envio: 10 de junho de 2024.<br \/>\n&#8211; Os textos devem ter, no m\u00e1ximo, 6.000 caracteres (incluindo refer\u00eancias e espa\u00e7os).<br \/>\n&#8211; Fonte Times New Roman, tamanho 12, justificado, com espa\u00e7amento 1,5.<br \/>\n&#8211; As refer\u00eancias devem ser citadas em notas de p\u00e9 de p\u00e1gina.<u>Obs.: A confirma\u00e7\u00e3o da apresenta\u00e7\u00e3o do trabalho se dar\u00e1 ap\u00f3s o envio e admiss\u00e3o do mesmo.<\/u><strong>Outras orienta\u00e7\u00f5es:<\/strong><br \/>\n&#8211; Os trabalhos que pretendem abordar casos cl\u00ednicos devem privilegiar o formato de vinheta cl\u00ednica, com aten\u00e7\u00e3o para informa\u00e7\u00f5es sigilosas e devem ser apresentados preferencialmente em modo presencial.<br \/>\n&#8211; Solicitamos aos autores dos trabalhos que seja informada a inten\u00e7\u00e3o de participa\u00e7\u00e3o presencial ou online.<\/div>\n<div class=\"gmail_attr\">&#8211; Os trabalhos devem ser enviados para o e-mail: <a href=\"mailto:carteis@ebpbahia.com.br\">carteis@ebpbahia.com.br<\/a>.<\/div>\n[\/vc_column_text][vc_empty_space][vc_separator color=&#8221;juicy_pink&#8221;][vc_empty_space][vc_column_text]<span style=\"color: #993300;\"><b>PROGRAMA<\/b><\/span><\/p>\n<p><strong>9h &#8211; ABERTURA<\/strong><\/p>\n<ul>\n<li>Luiz Felipe Monteiro (EBP\/AMP \u2013 Diretor Geral da EBP-BA)<\/li>\n<li>Carla Fernandes (EBP\/AMP \u2013 Diretora de Cart\u00e9is e Interc\u00e2mbio da EBP-BA)<\/li>\n<li>Gerardo Arenas (EOL\/AMP)<\/li>\n<\/ul>\n<p><strong>9:15 \u00e0s 10:15 <\/strong>\u2013 <strong>DESEJO DO ANALISTA<\/strong><\/p>\n<ul>\n<li><strong>Coord.: Julia Solano (EBP\/AMP)<\/strong><\/li>\n<li>Laiz Cardozo (IPB) \u2013 O lugar no analista na Dire\u00e7\u00e3o do Tratamento<\/li>\n<li>Gabriel Caixeta \u2013 Uma freira nem t\u00e3o freira<\/li>\n<li>Sonia Perazzolo \u2013 A ang\u00fastia do praticante da psican\u00e1lise<\/li>\n<\/ul>\n<p><strong>10:15 \u00e0s 11:15 ABERTURA AO INCONSCIENTE<\/strong><\/p>\n<ul>\n<li><strong>Coord.: Klaus Seydel (IPB)<\/strong><\/li>\n<li>Vanessa Farias (IPB) \u2013 Da demanda m\u00e9dica \u00e0 constru\u00e7\u00e3o da demanda anal\u00edtica<\/li>\n<li>Emmanuel Rodr\u00edguez \u2013 O sujeito hist\u00e9rico n\u00e3o \u00e9 um escravo<\/li>\n<li>Jos\u00e9 Ronaldo \u2013 De que maneiras podemos fazer emergir o sujeito em uma institui\u00e7\u00e3o?<\/li>\n<\/ul>\n<p><strong>11:15 \u00e0s 12:15 \u2013 PSICAN\u00c1LISE, OUTROS SABERES E A ESCOLA \u00a0<\/strong><\/p>\n<ul>\n<li><strong>Coord.: Wilker Fran\u00e7a (IPB)<\/strong><\/li>\n<li>Samuel Nantes \u2013 Psican\u00e1lise em institui\u00e7\u00e3o: o \u00eaxtimo<\/li>\n<li>Rafael Velamiel \u2013 Capitalismo, ci\u00eancia e ang\u00fastia<\/li>\n<li>Camila Abreu (IPB) \u2013 Escola Sujeito: o trabalho de Escola<\/li>\n<\/ul>\n<p><strong>12:15 \u00e0s 13:15 \u2013 ALMO\u00c7O <\/strong><\/p>\n<p><strong>\u00a0<\/strong><strong>13:15 \u00e0s 14:30 \u2013 CONFER\u00caNCIA COM GERARDO ARENAS (EOL\/AMP)<\/strong><\/p>\n<ul>\n<li><strong>Coord. Carla Fernandes (EBP\/AMP) <\/strong><\/li>\n<\/ul>\n<p><strong>\u00a0<\/strong><strong>14:30 \u00e0s 15:45 \u2013 DIZER DA INTERPRETA\u00c7\u00c3O \u00a0\u00a0\u00a0 <\/strong><\/p>\n<ul>\n<li><strong>Coord.: Marcelo Magnelli (EBP\/AMP)<\/strong><\/li>\n<li>Saulo Machado Cunha \u2013 O ponto de igni\u00e7\u00e3o de uma an\u00e1lise: Interpreta\u00e7\u00e3o e Transfer\u00eancia?<\/li>\n<li>Fayga Paim \u2013 Interpretar?<\/li>\n<li>Delza Eloy \u2013 Para poder ler, um ato de amor<\/li>\n<li>Mariana Fernandes \u2013 A escrita de um corpo apaixonado<\/li>\n<\/ul>\n<p><strong>15:45 \u2013 INTERVALO <\/strong><\/p>\n<p><strong>\u00a0<\/strong><strong>16:00 \u00e0s 17:00 \u2013 \u00a0EXTIMIDADE E CORPO <\/strong><\/p>\n<ul>\n<li><strong>Coord.: Daniela Ara\u00fajo (EBP\/AMP)<\/strong><\/li>\n<li>Wilker Fran\u00e7a (IPB) \u2013 <em>Segrega\u00e7\u00e3o: trans ferir <\/em><\/li>\n<li>Marinalva Souza Santos \u2013 A ang\u00fastia fora do eixo<\/li>\n<li>Rafaela Cunha \u2013 Feminino, devasta\u00e7\u00e3o e gozo<\/li>\n<\/ul>\n<p><strong>\u00a0<\/strong><strong>17:00 \u00c0S 18:15 \u2013 O REAL E A CL\u00cdNICA <\/strong><\/p>\n<ul>\n<li><strong>Coord.: F\u00e1tima Sarmento (EBP\/AMP)<\/strong><\/li>\n<li>Ivone Maia \u2013 Quando o cinema toca algo do real<\/li>\n<li>F\u00e1bio Saad \u2013 Objeto olhar, por arrebatamento. De Lola Val\u00e9rie Stein <em>a <\/em>Lol V. Stein<\/li>\n<li>Vanessa Leite (IPB) \u2013 O autismo entre lal\u00edngua e linguagem<\/li>\n<\/ul>\n<p><strong>\u00a0<\/strong><strong>18:15 \u00c0S 19:00 \u2013 DIZER DAS RESSON\u00c2NCIAS <\/strong><\/p>\n<ul>\n<li><strong>Coment\u00e1rios: Gerardo Arenas (EOL\/AMP)<\/strong><\/li>\n<li><strong>Coord. Luiz Felipe Monteiro (EBP\/AMP)<\/strong><\/li>\n<\/ul>\n<p><strong>\u00a0<\/strong><strong>19:00 \u2013 ENCERRAMENTO <\/strong>[\/vc_column_text][\/vc_column][vc_column width=&#8221;1\/3&#8243;][vc_single_image image=&#8221;3870&#8243;][vc_empty_space][vc_btn title=&#8221;ENVIO DE TRABALHOS (PDF)&#8221; color=&#8221;inverse&#8221; i_align=&#8221;right&#8221; i_icon_fontawesome=&#8221;fas fa-arrow-circle-down&#8221; add_icon=&#8221;true&#8221; link=&#8221;url:https%3A%2F%2Febp.org.br%2Fba%2Fwp-content%2Fuploads%2F2024%2F05%2F07-JULHO-06-JORNADA-DE-CARTEIS-ENVIO-DE-TRABALHOS.pdf&#8221;][vc_empty_space][vc_btn title=&#8221;PROGRAMA (PDF)&#8221; color=&#8221;inverse&#8221; i_align=&#8221;right&#8221; i_icon_fontawesome=&#8221;fas fa-arrow-circle-down&#8221; add_icon=&#8221;true&#8221; link=&#8221;url:https%3A%2F%2Febp.org.br%2Fba%2Fwp-content%2Fuploads%2F2024%2F06%2F07-JULHO-06-ENCONTRO-DE-CARTEIS-PROGRAMAS.pdf&#8221;][\/vc_column][\/vc_row]\n<\/section>","protected":false},"excerpt":{"rendered":"<p>[vc_row][vc_column width=&#8221;2\/3&#8243;][vc_column_text]Diretoria de Cart\u00e9is e Interc\u00e2mbio da EBP-BA Jornada de Cart\u00e9is PRODUZIR UM DIZER Convidado: GERARDO ARENAS (EOL\/AMP) 06 de julho de 2024, das 9:00 \u00e0s 18:00 Evento H\u00edbrido &#8211; Local: Sede da EBP-BA Informa\u00e7\u00f5es: carteis@ebpbahia.com.br Incri\u00e7\u00f5es: https:\/\/mailchi.mp\/ebpbahia.com.br\/4hebyd8ou2[\/vc_column_text][vc_empty_space][vc_separator color=&#8221;juicy_pink&#8221;][vc_empty_space][vc_column_text] O produto do cartel pode contornar uma quest\u00e3o em torno do real que se apresenta a&hellip;<\/p>\n","protected":false},"author":1,"featured_media":0,"parent":1188,"menu_order":0,"comment_status":"closed","ping_status":"closed","template":"","meta":{"footnotes":""},"class_list":["post-3861","page","type-page","status-publish","hentry","entry","no-media"],"_links":{"self":[{"href":"https:\/\/ebp.org.br\/ba\/wp-json\/wp\/v2\/pages\/3861","targetHints":{"allow":["GET"]}}],"collection":[{"href":"https:\/\/ebp.org.br\/ba\/wp-json\/wp\/v2\/pages"}],"about":[{"href":"https:\/\/ebp.org.br\/ba\/wp-json\/wp\/v2\/types\/page"}],"author":[{"embeddable":true,"href":"https:\/\/ebp.org.br\/ba\/wp-json\/wp\/v2\/users\/1"}],"replies":[{"embeddable":true,"href":"https:\/\/ebp.org.br\/ba\/wp-json\/wp\/v2\/comments?post=3861"}],"version-history":[{"count":7,"href":"https:\/\/ebp.org.br\/ba\/wp-json\/wp\/v2\/pages\/3861\/revisions"}],"predecessor-version":[{"id":3892,"href":"https:\/\/ebp.org.br\/ba\/wp-json\/wp\/v2\/pages\/3861\/revisions\/3892"}],"up":[{"embeddable":true,"href":"https:\/\/ebp.org.br\/ba\/wp-json\/wp\/v2\/pages\/1188"}],"wp:attachment":[{"href":"https:\/\/ebp.org.br\/ba\/wp-json\/wp\/v2\/media?parent=3861"}],"curies":[{"name":"wp","href":"https:\/\/api.w.org\/{rel}","templated":true}]}}