{"id":3856,"date":"2024-05-02T16:20:33","date_gmt":"2024-05-02T19:20:33","guid":{"rendered":"https:\/\/ebp.org.br\/ba\/?page_id=3856"},"modified":"2024-05-02T16:25:59","modified_gmt":"2024-05-02T19:25:59","slug":"carteis-2023","status":"publish","type":"page","link":"https:\/\/ebp.org.br\/ba\/carteis\/carteis-2023\/","title":{"rendered":"Cart\u00e9is &#8211; 2023"},"content":{"rendered":"<section class=\"wpb-content-wrapper\">[vc_row][vc_column width=&#8221;2\/3&#8243;][vc_column_text]\n<h3><span style=\"color: #800000;\">Convite ao encontro de corpos<\/span><\/h3>\n<div><\/div>\n<div>Teremos neste pr\u00f3ximo s\u00e1bado, dia 23 de setembro, o Encontro de Cart\u00e9is organizado pela Se\u00e7\u00e3o Bahia da Escola Brasileira de Psican\u00e1lise 2023 que ter\u00e1 como tema de trabalho: \u201cO cartel, a experi\u00eancia e seus efeitos\u201d.O cartel \u00e9 uma experi\u00eancia que constitui nossa Escola. Um Encontro de Cart\u00e9is implica um cuidado com cada produ\u00e7\u00e3o realizada neste dispositivo e uma responsabilidade diante da constru\u00e7\u00e3o permanente de nossa Escola de psican\u00e1lise.<\/div>\n<div>\n<p>O acontecimento ser\u00e1 em duas modalidades distintas: h\u00edbrida e presencial. \u00c9 importante verificar no programa a especificidade de cada uma delas e estar atento aos hor\u00e1rios.<\/p>\n<p>Teremos neste dia apresenta\u00e7\u00f5es de produtos de cart\u00e9is que ser\u00e3o colocados em conversa\u00e7\u00e3o e tamb\u00e9m uma discuss\u00e3o em torno do tema: O cartel e a Escola Sujeito.<\/p>\n<p>Nas duas modalidades \u00e9 preciso fazer sua inscri\u00e7\u00e3o.<\/p>\n<p>Para quem puder estar na sede da Se\u00e7\u00e3o Bahia, em Salvador, ser\u00e1 uma satisfa\u00e7\u00e3o abra\u00e7armos a causa de uma conversa\u00e7\u00e3o presencial, um modo de vivificarmos esse momento.<\/p>\n<p>Esperamos voc\u00eas!<\/p>\n<p><strong><em>Marilsa Basso (Diretora de Cart\u00e9is e Interc\u00e2mbio da EBP) e Carla Fernandes (Diretora de Cart\u00e9is e Interc\u00e2mbio da EBP-BA)<\/em><\/strong><\/p>\n<\/div>\n<div>\n<h3><strong>\u00a0<\/strong><\/h3>\n<hr \/>\n<h3><strong>PROGRAMA<\/strong><\/h3>\n<p><strong>9h \u2013 ABERTURA<\/strong><br \/>\n<strong>Luiz Felipe Monteiro<\/strong>\u00a0(EBP\/AMP \u2013 Diretor Geral da EBP-BA)<br \/>\n<strong>Carla Fernande<\/strong>s (EBP\/AMP \u2013 Diretora de Cart\u00e9is e Interc\u00e2mbio da EBP-BA)<br \/>\n<strong>Marilsa Basso<\/strong>\u00a0(EBP\/AMP \u2013 Diretora de Cart\u00e9is e Interc\u00e2mbio da EBP)<\/p>\n<p><strong>9:15 \u00e0s 10:10 \u2013 O GOZO FEMININO E A DEVASTA\u00c7\u00c3O<\/strong><br \/>\n<em>Coord.:<strong>\u00a0Rog\u00e9rio Barros<\/strong>\u00a0(EBP\/AMP \u2013 Diretor de Biblioteca da EBP-BA)<\/em><\/p>\n<ul>\n<li><strong>Jaine Porto<\/strong>\u00a0(IPB) \u2013\u00a0<em>Devasta\u00e7\u00e3o, gozo suplementar e o lugar do amor<\/em><\/li>\n<li><strong>Vanessa Farias<\/strong>\u00a0(IPB) \u2013\u00a0<em>O encontro com o real da morte na devasta\u00e7\u00e3o m\u00e3e-filha<\/em><\/li>\n<li><strong>Adriana Penna<\/strong>\u00a0\u2013\u00a0<em>A face do gozo feminino que toca o amor: a diferen\u00e7a entre o amor e a devasta\u00e7\u00e3o<\/em><\/li>\n<\/ul>\n<p><strong>10:10 \u00e0s 11:00 \u2013 INTERC\u00c2MBIO: INSTITUI\u00c7\u00d5ES E OUTROS SABERES\u00a0<\/strong><br \/>\n<em>Coord.:<strong>\u00a0Wilker Fran\u00e7a<\/strong>\u00a0(IPB)<\/em><\/p>\n<ul>\n<li><strong>Samuel Nantes<\/strong>\u00a0\u2013\u00a0<em>O di\u00e1logo com outros saberes na pr\u00e1xis em institui\u00e7\u00e3o<\/em><\/li>\n<li><strong>Karem de Moura<\/strong>\u00a0\u2013\u00a0<em>Mulheres e viol\u00eancia: Por que elas permanecem nesta posi\u00e7\u00e3o?<\/em><\/li>\n<li><strong>Daniela Nunes Araujo<\/strong>\u00a0(EBP\/AMP) \u2013\u00a0<em>O que a posi\u00e7\u00e3o de analisante ensina aos laboratoriantes do<\/em>\u00a0<em>CIEN?<\/em><\/li>\n<\/ul>\n<p><strong>11:00 \u00e0s 11h10 \u2013 INTERVALO<\/strong><\/p>\n<p><strong>11:10 \u00e0s 12:30 \u2013 O TRABALHO DE CARTEL NA REDE DE PSICAN\u00c1LISE APLICADA E SEUS EFEITOS\u00a0<\/strong><strong>(SOMENTE PRESENCIAL)<\/strong><br \/>\n<em>Coord. Anal\u00edcea Calmon (EBP\/AMP- Coordenadora Geral da RPA)<\/em><\/p>\n<ul>\n<li><strong>Jo\u00e3o Klaus Seydel<\/strong>\u00a0(IPB) \u2013\u00a0<em>Sapatos s\u00e3o para caminhar<\/em><\/li>\n<li><strong>Graziela Pires<\/strong>\u00a0(IPB) \u2013\u00a0<em>Desculpe, mas n\u00e3o posso falar<\/em><\/li>\n<li><strong>Lucy de Castr<\/strong>o (EBP\/AMP- Coordenadora Cl\u00ednica da RPA) \u2013 O Ensino, a Escola e\u00a0<em>a fun\u00e7\u00e3o do Mais-Um nos diferentes momentos da Escola de Lacan<\/em><\/li>\n<li><strong>Iordan Gurgel<\/strong>\u00a0(EBP\/AMP) \u2013\u00a0<em>O cartel e a forma\u00e7\u00e3o do analista\u00a0<\/em><\/li>\n<\/ul>\n<p><strong>12:30 \u00e0s 13:30 \u2013 ALMO\u00c7O<\/strong><\/p>\n<p><strong>13:30 \u00e0s 14:30 \u2013\u00a0<em>O Cartel e a Escola Sujeito<\/em><\/strong><br \/>\n<em><strong>Provoca\u00e7\u00f5es:<\/strong>\u00a0<strong>Marilsa Basso<\/strong>\u00a0(EBP\/AMP \u2013 Diretora de Cart\u00e9is e Interc\u00e2mbio da EBP)<br \/>\nCoord. Carla Fernandes (EBP\/AMP)<br \/>\n<\/em><br \/>\n<strong>14:30 \u00e0s 15:30 \u2013 A FUN\u00c7\u00c3O DA ESCRITA E O PRODUTO DO CARTEL \u00a0\u00a0<\/strong><br \/>\n<em>Coord.: Jo\u00e3o Klaus Seydel (IPB)<\/em><\/p>\n<ul>\n<li><strong>Francine Negr\u00e3o<\/strong>\u00a0\u2013\u00a0<em>Trilhar: separar gr\u00e3os<\/em><\/li>\n<li><strong>Maila Rocha<\/strong>\u00a0\u2013<em>\u00a0A escrita a partir do Semin\u00e1rio 18 de Lacan: de um discurso que n\u00e3o fosse semblante<\/em><\/li>\n<li><strong>Heloisa Silva Teixeira<\/strong>\u00a0\u2013\u00a0<em>Um saldo de saber da experi\u00eancia<\/em><\/li>\n<\/ul>\n<p><strong>15:30 \u00e0s 16:40 \u2013 OS EFEITOS DE FORMA\u00c7\u00c3O E A ESCOLA<\/strong><br \/>\n<em>Coord.: Marcelo Magnelli (EBP\/AMP)<\/em><\/p>\n<ul>\n<li><strong>Gustavo Ramos<\/strong>\u00a0(EBP\/AMP) \u2013\u00a0<em>O cartel como instrumento de leitura<\/em><\/li>\n<li><strong>M\u00f4nica Hage<\/strong>\u00a0(EBP\/AMP) \u2013\u00a0<em>Efeitos da posi\u00e7\u00e3o do Mais-Um na forma\u00e7\u00e3o<\/em><\/li>\n<li><strong>Nazar\u00e9 Mangabeira<\/strong>\u00a0(IPB) \u2013\u00a0<em>Cartel, redes e efeitos de forma\u00e7\u00e3o<\/em><\/li>\n<li><strong>Nilton Cerqueira\u00a0<\/strong>(EBP\/AMP) \u2013\u00a0<em>A forma\u00e7\u00e3o \u00e9 fulgurante?<\/em><\/li>\n<\/ul>\n<p><strong>16:40 \u00e0s 16h50 \u2013 INTERVALO<\/strong><\/p>\n<p><strong>16h50 \u00e0s 18:00 \u2013 A CL\u00cdNICA E O DISPOSITIVO ANAL\u00cdTICO<\/strong><br \/>\n<strong>(TRANSMISS\u00c3O APENAS NA EBP-BA)<\/strong><br \/>\n<em>Coord.: Luiz Felipe Monteiro (EBP\/AMP)\u00a0<\/em><\/p>\n<ul>\n<li><strong>Jos\u00e9 Ronaldo<\/strong>\u00a0\u2013\u00a0<em>E quando a b\u00fassola se quebra? Os Nomes-do-Pai e os seus efeitos mais colaterais do que cardinais na cl\u00ednica com crian\u00e7as<\/em><\/li>\n<li><strong>Maya Rodrigues<\/strong>\u00a0(IPB) \u2013\u00a0<em>As entrevistas preliminares na cl\u00ednica com crian\u00e7as<\/em><\/li>\n<li><strong>Beatriz de Souza Silva<\/strong>\u00a0\u2013\u00a0<em>A debilidade dos tempos que correm<\/em><\/li>\n<\/ul>\n<p><strong>18:00 \u2013 ENCERRAMENTO<\/strong><\/p>\n<\/div>\n[\/vc_column_text][\/vc_column][vc_column width=&#8221;1\/3&#8243;][vc_single_image image=&#8221;3859&#8243;][\/vc_column][\/vc_row]\n<\/section>","protected":false},"excerpt":{"rendered":"<p>[vc_row][vc_column width=&#8221;2\/3&#8243;][vc_column_text] Convite ao encontro de corpos Teremos neste pr\u00f3ximo s\u00e1bado, dia 23 de setembro, o Encontro de Cart\u00e9is organizado pela Se\u00e7\u00e3o Bahia da Escola Brasileira de Psican\u00e1lise 2023 que ter\u00e1 como tema de trabalho: \u201cO cartel, a experi\u00eancia e seus efeitos\u201d.O cartel \u00e9 uma experi\u00eancia que constitui nossa Escola. Um Encontro de Cart\u00e9is implica&hellip;<\/p>\n","protected":false},"author":1,"featured_media":0,"parent":1188,"menu_order":0,"comment_status":"closed","ping_status":"closed","template":"","meta":{"footnotes":""},"class_list":["post-3856","page","type-page","status-publish","hentry","entry","no-media"],"_links":{"self":[{"href":"https:\/\/ebp.org.br\/ba\/wp-json\/wp\/v2\/pages\/3856","targetHints":{"allow":["GET"]}}],"collection":[{"href":"https:\/\/ebp.org.br\/ba\/wp-json\/wp\/v2\/pages"}],"about":[{"href":"https:\/\/ebp.org.br\/ba\/wp-json\/wp\/v2\/types\/page"}],"author":[{"embeddable":true,"href":"https:\/\/ebp.org.br\/ba\/wp-json\/wp\/v2\/users\/1"}],"replies":[{"embeddable":true,"href":"https:\/\/ebp.org.br\/ba\/wp-json\/wp\/v2\/comments?post=3856"}],"version-history":[{"count":2,"href":"https:\/\/ebp.org.br\/ba\/wp-json\/wp\/v2\/pages\/3856\/revisions"}],"predecessor-version":[{"id":3865,"href":"https:\/\/ebp.org.br\/ba\/wp-json\/wp\/v2\/pages\/3856\/revisions\/3865"}],"up":[{"embeddable":true,"href":"https:\/\/ebp.org.br\/ba\/wp-json\/wp\/v2\/pages\/1188"}],"wp:attachment":[{"href":"https:\/\/ebp.org.br\/ba\/wp-json\/wp\/v2\/media?parent=3856"}],"curies":[{"name":"wp","href":"https:\/\/api.w.org\/{rel}","templated":true}]}}