{"id":3795,"date":"2024-01-31T17:54:53","date_gmt":"2024-01-31T20:54:53","guid":{"rendered":"https:\/\/ebp.org.br\/ba\/?page_id=3795"},"modified":"2024-11-01T07:07:20","modified_gmt":"2024-11-01T10:07:20","slug":"seminario-de-formacao-permanente-2024","status":"publish","type":"page","link":"https:\/\/ebp.org.br\/ba\/ensino\/seminario-de-formacao-permanente-2024\/","title":{"rendered":"SEMIN\u00c1RIO DE FORMA\u00c7\u00c3O PERMANENTE &#8211; 2024"},"content":{"rendered":"<section class=\"wpb-content-wrapper\">[vc_row][vc_column width=&#8221;5\/6&#8243;][vc_single_image image=&#8221;3796&#8243; img_size=&#8221;314&#215;300&#8243;][\/vc_column][vc_column width=&#8221;1\/6&#8243;][\/vc_column][\/vc_row][vc_row][vc_column][vc_column_text]Com esse t\u00edtulo a Diretoria da Se\u00e7\u00e3o Bahia da EBP prop\u00f5e o ano de trabalho em torno do Semin\u00e1rio de Forma\u00e7\u00e3o Permanente. Ap\u00f3s concluirmos um percurso em torno do Semin\u00e1rio XVI e do tema do desejo, seguimos, em um giro no ensino de Lacan em torno do falasser, com a investiga\u00e7\u00e3o sobre o tema das paix\u00f5es, especialmente, em sua pertin\u00eancia com a dimens\u00e3o do corpo, tal qual pensado no \u00faltimo ensino. Se por um lado Lacan definia o desejo como a paix\u00e3o do significante, posto ser no campo da palavra onde o circuito do desejo d\u00e1 suas voltas; h\u00e1 uma dimens\u00e3o das paix\u00f5es que escapa \u00e0s determina\u00e7\u00f5es pr\u00f3prias ao significante. Tomar esse extravio dos significantes pelo vi\u00e9s das paix\u00f5es \u00e9 o mote para propormos as paix\u00f5es do falasser.<\/p>\n<p>O Semin\u00e1rio de Forma\u00e7\u00e3o Permanente ser\u00e1 um ensejo para um trabalho coletivo e continuado de investiga\u00e7\u00e3o sobre a varia\u00e7\u00e3o de efeitos cl\u00ednicos desse entramado tecido do falasser. Uma chance de precisar a partir da experi\u00eancia anal\u00edtica aquilo que do gozo \u00e9 poroso ao discurso e aquilo que por sua vez, tamb\u00e9m resiste \u00e0 essa tecelagem com o campo do Outro. Essa trama do falasser possui, na experi\u00eancia anal\u00edtica, diferentes incid\u00eancias, matizes, temporalidades e, portanto, consequ\u00eancias desiguais no manejo da transfer\u00eancia e mesmo na dire\u00e7\u00e3o do tratamento. Apesar disto, essa variedade n\u00e3o constitui uma psicologia do passional. \u00c9 para retirar a psican\u00e1lise desse caminho que Lacan faz uso renovado de termos que v\u00eam da filosofia e psiquiatria, um uso que tem em mira destrinchar para al\u00e9m do fen\u00f4meno, qual a l\u00f3gica implicada nessas ocasi\u00f5es do p\u00e1thos, e da\u00ed poder extrair elementos com o qual o psicanalista pode apoiar sua pr\u00e1xis.<\/p>\n<p>Com essa proposi\u00e7\u00e3o, tomaremos como refer\u00eancia de pesquisa duas fontes. Em primeiro lugar, as refer\u00eancias lacanianas ao tema das paix\u00f5es, sobretudo a partir do giro em torno do falasser e refer\u00eancias de autores do campo freudiano que nos \u00faltimos anos t\u00eam publicado em diversas publica\u00e7\u00f5es sobre o tema. Fizemos uma curadoria de textos publicados em revistas do campo freudiano, bem como publica\u00e7\u00f5es que se destacam por dar luz ao tema das paix\u00f5es. Dentre elas destacamos o livro publicado por Graciela Brodsky e v\u00e1rios autores chamado as Paix\u00f5es Lacanianas. Teremos em cada noite a presen\u00e7a de um convidado membro da Se\u00e7\u00e3o Bahia que de maneira breve apresentar\u00e1 os pontos de interroga\u00e7\u00e3o em sua pesquisa a partir da leitura desses textos destacados.<\/p>\n<p>Com essa breve apresenta\u00e7\u00e3o convidamos aos interessados em participar vivamente de nossas noites de Semin\u00e1rio de Forma\u00e7\u00e3o Permanente, sempre \u00e0s quartas-feiras \u00e0s 20h.<\/p>\n<p>At\u00e9 breve no in\u00edcio das atividades que ocorrer\u00e1 06 de mar\u00e7o de 2024!<\/p>\n<h6><em>Diretoria EBP Se\u00e7\u00e3o Bahia (2023-2025)<\/em><\/h6>\n[\/vc_column_text][vc_empty_space][vc_separator color=&#8221;juicy_pink&#8221; border_width=&#8221;2&#8243;][vc_empty_space][\/vc_column][\/vc_row][vc_row][vc_column]<style>.vcex-heading.vcex_69d8eaa35df17{width:1px;}<\/style><h2 class=\"vcex-heading vcex-heading-bottom-border vcex-module wpex-text-2xl wpex-font-normal wpex-max-w-100 wpex-mr-auto wpex-border-b wpex-border-solid wpex-border-main vcex_69d8eaa35df17\"><span class=\"vcex-heading-inner wpex-inline-block\"><span class=\"vcex-heading-icon vcex-heading-icon-left vcex-icon-wrap wpex-mr-15\"><span class=\"ticon ticon-file-text-o\" aria-hidden=\"true\"><\/span><\/span>PROGRAMA 2024<\/span><\/h2>[vc_column_text]\n<h3><span style=\"color: #993300;\">MAR\u00c7O<\/span><\/h3>\n<p><strong>06.03.2024<\/strong><\/p>\n<ul>\n<li>Introdu\u00e7\u00e3o ao SFP &#8211; Paix\u00f5es do falasser<\/li>\n<\/ul>\n<p><span style=\"color: #993300;\"><strong>13.03.2024<\/strong><\/span><\/p>\n<ul>\n<li><strong>O real da paix\u00e3o<\/strong><\/li>\n<li><em>Autor: Marcus Andr\u00e9 Vieria<\/em>\n<ul>\n<li>VIEIRA, M. A. . O real da paix\u00e3o. Op\u00e7\u00e3o Lacaniana, S\u00e3o Paulo, v. 31, p. 42-47, 2001.<\/li>\n<\/ul>\n<\/li>\n<li>Convidado: Marcus Andr\u00e9 Vieria<\/li>\n<\/ul>\n<p><span style=\"color: #993300;\"><strong>20.03.2024<\/strong><\/span><\/p>\n<ul>\n<li><strong>As paix\u00f5es do ser <\/strong><\/li>\n<li><em>Autor: Eric Laurent<\/em>\n<ul>\n<li>As paix\u00f5es do ser. Escola Brasileira de Psican\u00e1lise \u2013 Se\u00e7\u00e3o Bahia e Instituto de Psican\u00e1lise da Bahia, Salvador: nov. 2000<\/li>\n<\/ul>\n<\/li>\n<li>Convidada: S\u00f4nia Vicente<\/li>\n<\/ul>\n<hr \/>\n<h3><span style=\"color: #993300;\">ABRIL<\/span><\/h3>\n<p><span style=\"color: #993300;\"><strong>03.04.2024<\/strong><\/span><\/p>\n<ul>\n<li><strong>Procura-se Cart\u00e9is <\/strong><\/li>\n<\/ul>\n<p><span style=\"color: #993300;\"><strong>10.04.2024<\/strong><\/span><\/p>\n<ul>\n<li><strong>Paix\u00f5es do ser, paix\u00f5es da alma<\/strong><\/li>\n<li><em>Autora: Carolina Koretzky<\/em>\n<ul>\n<li>Fonte: Revista Le cause du desir, nr. 93<\/li>\n<\/ul>\n<\/li>\n<li>Convidado: Rog\u00e9rio Barros<\/li>\n<\/ul>\n<p><span style=\"color: #993300;\"><strong>17.04.2024<\/strong><\/span><\/p>\n<ul>\n<li><strong>Las pasiones del cuerpo en el siglo XXI<\/strong><\/li>\n<li><em>Autora: Clotilde Leguil<\/em>\n<ul>\n<li>Fonte: Revista Freudiana. Nr.73<\/li>\n<\/ul>\n<\/li>\n<li>Convidado: Luiz Felipe Monteiro<\/li>\n<\/ul>\n<p><span style=\"color: #993300;\"><strong>24.04.2024\u00a0\u00a0\u00a0\u00a0\u00a0\u00a0\u00a0\u00a0<\/strong> <\/span>&#8211;<\/p>\n<hr \/>\n<h3><span style=\"color: #993300;\">MAIO<\/span><\/h3>\n<p><span style=\"color: #993300;\"><strong>08.05.2024<\/strong><\/span><\/p>\n<ul>\n<li><strong>Atividade de Lan\u00e7amento das Jornadas EBP\/IPB\u00a0<\/strong><\/li>\n<\/ul>\n<p><span style=\"color: #993300;\"><strong>15.05.2024<\/strong><\/span><\/p>\n<ul>\n<li><strong>Paix\u00f5es Lacanianas 1 &#8211; Cuerpos Afectados<\/strong><\/li>\n<li><em>Autora: Graciela Brodsky\u00a0 e et. al.<\/em>\n<ul>\n<li>Fonte: Pasiones Lacanianas. Buenos Aires, Grama, 2019<\/li>\n<\/ul>\n<\/li>\n<li>Convidada: Anal\u00edcea Calmon<\/li>\n<\/ul>\n<p><span style=\"color: #993300;\"><strong>22.05.2024<\/strong><\/span><\/p>\n<ul>\n<li><strong>Paix\u00f5es Lacanianas 2 &#8211; Lo indecible<\/strong><\/li>\n<li><em>Autora: Graciela Brodsky\u00a0 e et. al.<\/em>\n<ul>\n<li>Fonte: Pasiones Lacanianas. Buenos Aires, Grama, 2019<\/li>\n<\/ul>\n<\/li>\n<li>Convidada: C\u00e9lia Salles<\/li>\n<\/ul>\n<hr \/>\n<h3><span style=\"color: #993300;\">JUNHO<\/span><\/h3>\n<p><span style=\"color: #993300;\"><strong>05.06.2024<\/strong><\/span><\/p>\n<ul>\n<li><strong>Atividade Biblioteca: \u201cA morte de si\u201d &#8211; Marcelo Veras<\/strong><\/li>\n<\/ul>\n<p><span style=\"color: #993300;\"><strong>12.06.2024<\/strong><\/span><\/p>\n<ul>\n<li><strong>Paix\u00f5es Lacanianas 3 &#8211; Las desgracias del ser<\/strong><\/li>\n<li><em>Autora: Graciela Brodsky\u00a0 e et. al.<\/em>\n<ul>\n<li>Fonte: Pasiones Lacanianas. Buenos Aires, Grama, 2019<\/li>\n<\/ul>\n<\/li>\n<li>Convidada: Marta Restrepo<\/li>\n<\/ul>\n<p><span style=\"color: #993300;\"><strong>19.06.2024<\/strong><\/span><\/p>\n<ul>\n<li><strong>Paix\u00f5es Lacanianas 4 &#8211; Entre demonstraci\u00f3n y charlataner\u00eda: el chiste<\/strong><\/li>\n<li><em>Autora: Graciela Brodsky\u00a0 e et. al.<\/em>\n<ul>\n<li>Fonte: Pasiones Lacanianas. Buenos Aires, Grama, 2019<\/li>\n<\/ul>\n<\/li>\n<li>Convidada: Lucy de Castro<\/li>\n<\/ul>\n<hr \/>\n<h3><span style=\"color: #993300;\">JULHO<\/span><\/h3>\n<p><span style=\"color: #993300;\"><strong>03.07.2024\u00a0\u00a0\u00a0\u00a0\u00a0\u00a0\u00a0\u00a0<\/strong> <\/span>&#8211;<\/p>\n<p><span style=\"color: #993300;\"><strong>06.07.2024<\/strong><\/span><\/p>\n<ul>\n<li><strong>Encontro de Cart\u00e9is<\/strong><\/li>\n<\/ul>\n<p><span style=\"color: #993300;\"><strong>10.07.2024<\/strong><\/span><\/p>\n<ul>\n<li><strong>Paix\u00f5es religiosas do falasser<\/strong><\/li>\n<li><em>Autor: \u00c9ric Laurent<\/em>\n<ul>\n<li>Fonte: Revista: Op\u00e7\u00e3o Lacaniana, n\u00ba 75\/76<\/li>\n<\/ul>\n<\/li>\n<li>Convidada: Marcela Antelo<\/li>\n<\/ul>\n<p><span style=\"color: #993300;\"><strong>17.07.2024<\/strong><\/span><\/p>\n<ul>\n<li><strong>Pasiones Dantescas<\/strong><\/li>\n<li><em>Autor: F. Reganault<\/em>\n<ul>\n<li>Fonte: Revista Virtualia, nr. 13<\/li>\n<\/ul>\n<\/li>\n<li>Convidado: Paulo Gabrielli<\/li>\n<\/ul>\n<p><span style=\"color: #993300;\"><strong>24.07.2024<\/strong><\/span><\/p>\n<ul>\n<li><strong>Paix\u00f5es Lacanianas 5 &#8211; P\u00e1sion l\u00facida<\/strong><\/li>\n<li><em>Autora: Graciela Brodsky\u00a0 e et. al.<\/em>\n<ul>\n<li>Fonte: Pasiones Lacanianas. Buenos Aires, Grama, 2019<\/li>\n<\/ul>\n<\/li>\n<li>Convidado: Pablo Sauce<\/li>\n<\/ul>\n<p><span style=\"color: #993300;\"><strong>31.07.2024<\/strong><\/span><\/p>\n<ul>\n<li><strong>Paix\u00f5es Lacanianas 6 &#8211; La transfer\u00eancia negativa<\/strong><\/li>\n<li><em>Autora: Graciela Brodsky\u00a0 e et. al.<\/em>\n<ul>\n<li>Fonte: Pasiones Lacanianas. Buenos Aires, Grama, 2019<\/li>\n<\/ul>\n<\/li>\n<li>Convidado: Nilton Cerqueira<\/li>\n<\/ul>\n<hr \/>\n<h3><span style=\"color: #993300;\">AGOSTO<\/span><\/h3>\n<p><span style=\"color: #993300;\"><strong>07.08.2024<\/strong><\/span><\/p>\n<ul>\n<li><strong>A prop\u00f3sito de los afectos en la experiencia anal\u00edtica <\/strong><\/li>\n<li><em>Autor: J. A. Miller<\/em>\n<ul>\n<li>Fonte: Matemas II. Buenos Aires, Manatial, 1990<\/li>\n<\/ul>\n<\/li>\n<li>Convidada: Maria Luiza Sarno<\/li>\n<\/ul>\n<p><span style=\"color: #993300;\"><strong>14.08.2024<\/strong><\/span><\/p>\n<ul>\n<li><strong>Da emo\u00e7\u00e3o ao afeto<\/strong><\/li>\n<li><em>Autora: Patr\u00edcia Bosquin-Caroz<\/em>\n<ul>\n<li>Fonte: Revista Le cause du desir, nr. 93<\/li>\n<\/ul>\n<\/li>\n<li>Convidada: Carla Fernandes<\/li>\n<\/ul>\n<p><span style=\"color: #993300;\"><strong>21.08.2024<\/strong><\/span><\/p>\n<ul>\n<li><strong>Paix\u00f5es Lacanianas 7 &#8211; Enredados en el \u00f3dio + El odio a s\u00ed mismo<\/strong><\/li>\n<li><em>Autora: Graciela Brodsky\u00a0 e et. al.<\/em>\n<ul>\n<li>Fonte: Pasiones Lacanianas. Buenos Aires, Grama, 2019<\/li>\n<\/ul>\n<\/li>\n<li>Convidada: Ana Stela Sande<\/li>\n<\/ul>\n<p><span style=\"color: #993300;\"><strong>28.08.2024<\/strong><\/span><\/p>\n<ul>\n<li><strong>Paix\u00f5es Lacanianas 8 &#8211; El goce del sacrif\u00edcio<\/strong><\/li>\n<li><em>Autora: Graciela Brodsky\u00a0 e et. al.<\/em>\n<ul>\n<li>Fonte: Pasiones Lacanianas. Buenos Aires, Grama, 2019<\/li>\n<\/ul>\n<\/li>\n<li>Convidado: Marcelo Magnelli<\/li>\n<\/ul>\n<hr \/>\n<h3><span style=\"color: #993300;\">SETEMBRO<\/span><\/h3>\n<p><span style=\"color: #993300;\"><strong>04.09.2024\u00a0\u00a0\u00a0\u00a0\u00a0\u00a0\u00a0\u00a0<\/strong> <\/span>&#8211;<\/p>\n<p><span style=\"color: #993300;\"><strong>11.09.2024<\/strong><\/span><\/p>\n<ul>\n<li><strong>Atividade Biblioteca: \u201cForaclus\u00e3o e Suas Dores\u201d &#8211; F\u00e1bio Paes Barreto<\/strong><\/li>\n<\/ul>\n<p><span style=\"color: #993300;\"><strong>18.09.2024<\/strong><\/span><\/p>\n<ul>\n<li><strong>Paix\u00f5es Lacanianas 9 &#8211; Dulce Melancolia<\/strong><\/li>\n<li><em>Autora: Graciela Brodsky\u00a0 e et. al.<\/em>\n<ul>\n<li>Fonte: Pasiones Lacanianas. Buenos Aires, Grama, 2019<\/li>\n<\/ul>\n<\/li>\n<li>Convidado: Marcelo Veras<\/li>\n<\/ul>\n<p><span style=\"color: #993300;\"><strong>25.09.2024<\/strong><\/span><\/p>\n<ul>\n<li><strong>Paix\u00f5es Lacanianas 10 &#8211; C\u00f3lera e sexuaci\u00f3n<\/strong><\/li>\n<li><em>Autora: Graciela Brodsky\u00a0 e et. al.<\/em>\n<ul>\n<li>Fonte: Pasiones Lacanianas. Buenos Aires, Grama, 2019<\/li>\n<\/ul>\n<\/li>\n<li>Convidada: Daniela Araujo<\/li>\n<\/ul>\n<hr \/>\n<h3><span style=\"color: #993300;\">OUTUBRO<\/span><\/h3>\n<p><span style=\"color: #993300;\"><strong>02.10.2024<\/strong><\/span><\/p>\n<ul>\n<li><strong>Tristeza: \u00bfenfermedad o cobard\u00eda moral?<\/strong><\/li>\n<li><em>Autora: Rosa L\u00f3pez<\/em>\n<ul>\n<li>Fonte: Revista El Psicoanalisis, nr. 37<\/li>\n<\/ul>\n<\/li>\n<li>Convidada: M\u00f4nica Hage<\/li>\n<\/ul>\n<p><span style=\"color: #993300;\"><strong>09.10.2024<\/strong><\/span><\/p>\n<ul>\n<li><strong>De pecados y pasiones &#8211; La envidia<\/strong><\/li>\n<li><em>Autora: Ana Ruth Najiles<\/em>\n<ul>\n<li>Fonte: Revista Enlaces On line N\u00b027<\/li>\n<\/ul>\n<\/li>\n<li>Convidada: F\u00e1tima Sarmento<\/li>\n<\/ul>\n<p><span style=\"color: #993300;\"><strong>16.10.2024<\/strong><\/span><\/p>\n<ul>\n<li><strong>Paix\u00f5es Lacanianas 11 &#8211; Celos<\/strong><\/li>\n<li><em>Autora: Graciela Brodsky\u00a0 e et. al.<\/em>\n<ul>\n<li>Fonte: Pasiones Lacanianas. Buenos Aires, Grama, 2019<\/li>\n<\/ul>\n<\/li>\n<li>Convidada: Al\u00e9ssia Fontenelle<\/li>\n<\/ul>\n<p><span style=\"color: #993300;\"><strong>23.10.2024<\/strong><\/span><\/p>\n<ul>\n<li><strong>Paix\u00f5es Lacanianas 12 &#8211; Un saber alegre<\/strong><\/li>\n<li><em>Autora: Graciela Brodsky\u00a0 e et. al.<\/em>\n<ul>\n<li>Fonte: Pasiones Lacanianas. Buenos Aires, Grama, 2019<\/li>\n<\/ul>\n<\/li>\n<li>Convidada: T\u00e2nia Abreu<\/li>\n<\/ul>\n<p><span style=\"color: #993300;\"><strong>25.10.2024<\/strong><\/span><\/p>\n<ul>\n<li><strong>Jornadas EBP\/IPB \u2013 As paix\u00f5es do falasser<\/strong><\/li>\n<\/ul>\n<p><span style=\"color: #993300;\"><strong>26.10.2024<\/strong><\/span><\/p>\n<ol>\n<li><strong>Jornadas EBP\/IPB \u2013 As paix\u00f5es do falasser<\/strong><\/li>\n<\/ol>\n<hr \/>\n<h3><span style=\"color: #993300;\">NOVEMBRO<\/span><\/h3>\n<p><span style=\"color: #993300;\"><strong>06.11.2024<\/strong><\/span><\/p>\n<ul>\n<li><strong>V\u00e9spera EBCF<\/strong><\/li>\n<\/ul>\n<p><span style=\"color: #993300;\"><strong>08.11.2024<\/strong><\/span><\/p>\n<ul>\n<li><strong>EBCF \u2013 \u201cOs corpos aprisionados pelo discurso\u201d<\/strong><\/li>\n<\/ul>\n<p><span style=\"color: #993300;\"><strong>09.11.2024<\/strong><\/span><\/p>\n<ul>\n<li><strong>EBCF \u2013 \u201cOs corpos aprisionados pelo discurso\u201d<\/strong><\/li>\n<\/ul>\n<p><span style=\"color: #993300;\"><strong>10.11.2024<\/strong><\/span><\/p>\n<ul>\n<li><strong>EBCF \u2013 \u201cOs corpos aprisionados pelo discurso\u201d<\/strong><\/li>\n<\/ul>\n<p><span style=\"color: #993300;\"><strong>13.11.2024<\/strong><\/span><\/p>\n<ul>\n<li><strong>O que ficou&#8230; &#8211; \u201cSobre o SFP, as Jornadas e EBCF\u201d<\/strong><\/li>\n<\/ul>\n<p><span style=\"color: #993300;\"><strong>20.11.2024<\/strong>\u00a0\u00a0\u00a0\u00a0\u00a0\u00a0\u00a0\u00a0 &#8211;<\/span><\/p>\n<p><strong><span style=\"color: #993300;\">27.11.2024<\/span><\/strong><\/p>\n<ul>\n<li><strong>Encerramento<\/strong><\/li>\n<\/ul>\n[\/vc_column_text][\/vc_column][\/vc_row]\n<\/section>","protected":false},"excerpt":{"rendered":"<p>[vc_row][vc_column width=&#8221;5\/6&#8243;][vc_single_image image=&#8221;3796&#8243; img_size=&#8221;314&#215;300&#8243;][\/vc_column][vc_column width=&#8221;1\/6&#8243;][\/vc_column][\/vc_row][vc_row][vc_column][vc_column_text]Com esse t\u00edtulo a Diretoria da Se\u00e7\u00e3o Bahia da EBP prop\u00f5e o ano de trabalho em torno do Semin\u00e1rio de Forma\u00e7\u00e3o Permanente. Ap\u00f3s concluirmos um percurso em torno do Semin\u00e1rio XVI e do tema do desejo, seguimos, em um giro no ensino de Lacan em torno do falasser, com a investiga\u00e7\u00e3o&hellip;<\/p>\n","protected":false},"author":1,"featured_media":0,"parent":1353,"menu_order":0,"comment_status":"closed","ping_status":"closed","template":"","meta":{"footnotes":""},"class_list":["post-3795","page","type-page","status-publish","hentry","entry","no-media"],"_links":{"self":[{"href":"https:\/\/ebp.org.br\/ba\/wp-json\/wp\/v2\/pages\/3795","targetHints":{"allow":["GET"]}}],"collection":[{"href":"https:\/\/ebp.org.br\/ba\/wp-json\/wp\/v2\/pages"}],"about":[{"href":"https:\/\/ebp.org.br\/ba\/wp-json\/wp\/v2\/types\/page"}],"author":[{"embeddable":true,"href":"https:\/\/ebp.org.br\/ba\/wp-json\/wp\/v2\/users\/1"}],"replies":[{"embeddable":true,"href":"https:\/\/ebp.org.br\/ba\/wp-json\/wp\/v2\/comments?post=3795"}],"version-history":[{"count":6,"href":"https:\/\/ebp.org.br\/ba\/wp-json\/wp\/v2\/pages\/3795\/revisions"}],"predecessor-version":[{"id":3952,"href":"https:\/\/ebp.org.br\/ba\/wp-json\/wp\/v2\/pages\/3795\/revisions\/3952"}],"up":[{"embeddable":true,"href":"https:\/\/ebp.org.br\/ba\/wp-json\/wp\/v2\/pages\/1353"}],"wp:attachment":[{"href":"https:\/\/ebp.org.br\/ba\/wp-json\/wp\/v2\/media?parent=3795"}],"curies":[{"name":"wp","href":"https:\/\/api.w.org\/{rel}","templated":true}]}}