{"id":2783,"date":"2023-01-30T21:05:55","date_gmt":"2023-01-31T00:05:55","guid":{"rendered":"https:\/\/www.ebp.org.br\/ba\/?page_id=2783"},"modified":"2023-09-27T15:55:10","modified_gmt":"2023-09-27T18:55:10","slug":"seminario-de-formacao-permanente-2023","status":"publish","type":"page","link":"https:\/\/ebp.org.br\/ba\/ensino\/seminario-de-formacao-permanente-2023\/","title":{"rendered":"SEMIN\u00c1RIO DE FORMA\u00c7\u00c3O PERMANENTE &#8211; 2023"},"content":{"rendered":"<section class=\"wpb-content-wrapper\">[vc_row][vc_column width=&#8221;5\/6&#8243;][vc_column_text]\n<h2 class=\"rtin-title\"><span style=\"color: #993300;\">2\u00ba Semestre<\/span><\/h2>\n[\/vc_column_text][\/vc_column][vc_column width=&#8221;1\/6&#8243;][vc_single_image image=&#8221;2899&#8243; alignment=&#8221;center&#8221;][vc_column_text]\n<h6 style=\"text-align: center;\">PROGRAMA 2023<\/h6>\n[\/vc_column_text][vc_btn title=&#8221;Download PDF&#8221; color=&#8221;danger&#8221; align=&#8221;center&#8221; i_icon_fontawesome=&#8221;far fa-file-pdf&#8221; button_block=&#8221;true&#8221; add_icon=&#8221;true&#8221; link=&#8221;url:https%3A%2F%2Fwww.ebp.org.br%2Fba%2Fwp-content%2Fuploads%2F2023%2F07%2FPrograma.pdf|||&#8221;][\/vc_column][\/vc_row][vc_row][vc_column][vc_column_text]\n<h2 class=\"rtin-title\"><span style=\"color: #993300;\">1\u00ba Semestre<\/span><\/h2>\n[\/vc_column_text][vc_empty_space][vc_separator color=&#8221;juicy_pink&#8221; border_width=&#8221;2&#8243;][vc_empty_space][vc_row_inner][vc_column_inner width=&#8221;1\/3&#8243;][vc_video link=&#8221;https:\/\/youtu.be\/WnpEVqUKtzQ&#8221;][vc_column_text]\n<h6 style=\"text-align: center;\">Disciplina do Coment\u00e1rio<br \/>\nCl\u00ednica Ir\u00f4nica<br \/>\nMILLER, J-A. Cl\u00ednica ir\u00f4nica. In: Matemas I. Rio de Janeiro: Jorge Zahar Ed., 1996<\/h6>\n<h6 style=\"text-align: center;\">APRESENTAM:<br \/>\nMarcela Antelo (AME EBP\/AMP)<br \/>\nIordan Gurgel (AME EBP\/AMP)<\/h6>\n<h6 style=\"text-align: center;\">Coordena: Milena Nadier<\/h6>\n[\/vc_column_text][\/vc_column_inner][vc_column_inner width=&#8221;1\/3&#8243;][vc_video link=&#8221;https:\/\/youtu.be\/9X-AC0_&#8211;y4&#8243;][vc_column_text]\n<h6 style=\"text-align: center;\">Disciplina do Coment\u00e1rio<br \/>\nCl\u00ednica Ir\u00f4nica<br \/>\nMILLER, J-A. Cl\u00ednica ir\u00f4nica. In: Matemas I. Rio de Janeiro: Jorge Zahar Ed., 1996<\/h6>\n<h6 style=\"text-align: center;\">APRESENTAM:<br \/>\nPablo Sauce (EBP\/AMP)<br \/>\nFelipe Monteiro (EBP\/AMP)<\/h6>\n<h6 style=\"text-align: center;\">Coordena: Marcelo Magnelli (EBP\/AMP)<\/h6>\n[\/vc_column_text][\/vc_column_inner][vc_column_inner width=&#8221;1\/3&#8243;][vc_video link=&#8221;https:\/\/youtu.be\/qNiCi60GKhM&#8221;][vc_column_text]\n<h6 style=\"text-align: center;\"><strong>Mercado do saber, greve da verdade<\/strong><\/h6>\n<h6 style=\"text-align: center;\">Apresenta:<br \/>\nMartha In\u00eas Restrepo &#8211; Cartel C<\/h6>\n<h6 style=\"text-align: center;\">Coordena:<br \/>\nCarla Fernandes &#8211; Cartel A<\/h6>\n<h6 style=\"text-align: center;\">Refer\u00eancias de Lacan:<br \/>\nGiovana Mesquita \u2013 Marxismo e estruturalismo em Althusser<\/h6>\n[\/vc_column_text][\/vc_column_inner][\/vc_row_inner][vc_row_inner][vc_column_inner width=&#8221;1\/3&#8243;][vc_video link=&#8221;https:\/\/youtu.be\/VRVWCw3oZJ0&#8243;][vc_column_text]\n<h6 style=\"text-align: center;\"><strong>A topologia do Outro<\/strong><\/h6>\n<h6 style=\"text-align: center;\">Apresentam:<br \/>\nIordan Gurgel e Pablo Sauce &#8211; Cartel D<\/h6>\n<h6 style=\"text-align: center;\">Coordena:<br \/>\nRog\u00e9rio Barros &#8211; Cartel A<\/h6>\n<h6 style=\"text-align: center;\">Refer\u00eancias de Lacan:<br \/>\nGraziela Vasconcelos \u2013 O Diabo apaixonado de Cazotte<\/h6>\n[\/vc_column_text][\/vc_column_inner][vc_column_inner width=&#8221;1\/3&#8243;][vc_video link=&#8221;https:\/\/youtu.be\/m3bGld08gXA&#8221;][vc_column_text]\n<h6 style=\"text-align: center;\">O fato e o dito<\/h6>\n<h6 style=\"text-align: center;\">Apresenta: Ana Stela Sande &#8211; Cartel B<\/h6>\n<h6 style=\"text-align: center;\">Coordena: &#8211; Maria Luiza Sarno Cartel A<\/h6>\n<h6 style=\"text-align: center;\">Refer\u00eancias de Lacan: Luiz Mena \u2013 Trabalho em Marx<\/h6>\n[\/vc_column_text][\/vc_column_inner][vc_column_inner width=&#8221;1\/3&#8243;][vc_video link=&#8221;https:\/\/youtu.be\/Vg5gIjXNyfA&#8221;][vc_column_text]\n<h6 style=\"text-align: center;\">V. Eu sou aquilo que Eu \u00e9<\/h6>\n<h6 style=\"text-align: center;\">Apresenta: Marcelo Magnelli &#8211; Cartel C<\/h6>\n<h6 style=\"text-align: center;\">Coordena: Carla Fernandes &#8211; Cartel A<\/h6>\n<h6 style=\"text-align: center;\">Refer\u00eancias de Lacan: Graziela Pires \u2013 Decidibilidade em G\u00f6del<\/h6>\n[\/vc_column_text][\/vc_column_inner][\/vc_row_inner][vc_row_inner][vc_column_inner width=&#8221;1\/3&#8243;][vc_video link=&#8221;https:\/\/youtu.be\/1Za3fKqnK2s&#8221;][vc_column_text]\n<h6 style=\"text-align: center;\">VI. Por uma pr\u00e1tica l\u00f3gica da psican\u00e1lise<\/h6>\n<h6 style=\"text-align: center;\">Apresenta:<br \/>\nS\u00f4nia Vicente e M\u00e1rio Nascimento &#8211; Cartel D<\/h6>\n<h6 style=\"text-align: center;\">Coordena:<br \/>\nLuiz Felipe Monteiro &#8211; Cartel A<\/h6>\n<h6 style=\"text-align: center;\">Refer\u00eancias de Lacan:<br \/>\nJamile Cesar \u2013 Palavra e Objeto de Quine\u201d<\/h6>\n[\/vc_column_text][\/vc_column_inner][vc_column_inner width=&#8221;1\/3&#8243;][vc_video link=&#8221;https:\/\/youtu.be\/7AJsZrfyMpw&#8221;][vc_column_text]\n<h6 style=\"text-align: center;\">VII. Introdu\u00e7\u00e3o \u00e0 aposta de Pascal<\/h6>\n<h6 style=\"text-align: center;\">Apresenta:<br \/>\nMarcelo Veras &#8211; Cartel B<\/h6>\n<h6 style=\"text-align: center;\">Coordena:<br \/>\nRog\u00e9rio Barros &#8211; Cartel A<\/h6>\n<h6 style=\"text-align: center;\">Refer\u00eancias de Lacan:<br \/>\nCamila Abreu \u2013 A parte maldita de George Bataille<\/h6>\n[\/vc_column_text][\/vc_column_inner][vc_column_inner width=&#8221;1\/3&#8243;][vc_video link=&#8221;https:\/\/youtu.be\/bwgVH7416YU&#8221;][vc_column_text]\n<h6 style=\"text-align: center;\">VIII. O Um e o pequeno a<\/h6>\n<h6 style=\"text-align: center;\">Apresenta: Cartel C<\/h6>\n<h6 style=\"text-align: center;\">Coordena: Maria Luiza Sarno &#8211; Cartel A<\/h6>\n<h6 style=\"text-align: center;\">Refer\u00eancias de Lacan: Milena Nadier \u2013 A aposta de Pascal<\/h6>\n[\/vc_column_text][\/vc_column_inner][\/vc_row_inner][vc_row_inner][vc_column_inner width=&#8221;1\/3&#8243;][vc_video link=&#8221;https:\/\/youtu.be\/K457z0Q31QU&#8221;][vc_column_text]\n<h6 style=\"text-align: center;\">IX. De Fibonacci a Pascal<\/h6>\n<h6 style=\"text-align: center;\">Apresenta: Pablo Sauce e Daniela Ara\u00fajo &#8211; Cartel D<\/h6>\n<h6 style=\"text-align: center;\">Coordena: Luiz Felipe Monteiro &#8211; Cartel A<\/h6>\n<h6 style=\"text-align: center;\">Refer\u00eancias de Lacan: Jo\u00e3o Klaus Seydel \u2013 A s\u00e9rie de Fibonacci<\/h6>\n[\/vc_column_text][\/vc_column_inner][vc_column_inner width=&#8221;1\/3&#8243;][vc_video link=&#8221;https:\/\/youtu.be\/bplQGWsb20s&#8221;][vc_column_text]\n<h6 style=\"text-align: center;\">X. As tr\u00eas matrizes<\/h6>\n<h6 style=\"text-align: center;\">Apresenta: Marcelo Veras &#8211; Cartel B<\/h6>\n<h6 style=\"text-align: center;\">Coordena: Carla Fernandes &#8211; Cartel A<\/h6>\n<h6 style=\"text-align: center;\">Refer\u00eancias de Lacan: Laiz Cardoso \u2013 A neurose de base de Edmund Bergler<\/h6>\n[\/vc_column_text][\/vc_column_inner][vc_column_inner width=&#8221;1\/3&#8243;][vc_video link=&#8221;https:\/\/youtu.be\/XvCVYdtb21Q&#8221;][vc_column_text]\n<h6 style=\"text-align: center;\">XI. Debilidade da verdade, administra\u00e7\u00e3o do saber<\/h6>\n<h6 style=\"text-align: center;\">Apresenta: M\u00f4nica Hage &#8211; Cartel C<\/h6>\n<h6 style=\"text-align: center;\">Coordena: Maria Luiza Sarno &#8211; Cartel A<\/h6>\n<h6 style=\"text-align: center;\">Refer\u00eancias de Lacan: Daniela Souza Ara\u00fajo \u2013 Sobre a debilidade em Maud Manonni<\/h6>\n[\/vc_column_text][\/vc_column_inner][\/vc_row_inner][vc_row_inner][vc_column_inner width=&#8221;1\/3&#8243;][vc_video link=&#8221;https:\/\/youtu.be\/yodwwHaVVag&#8221;][vc_column_text]\n<h6 style=\"text-align: center;\">XII. O acontecimento Freud<\/h6>\n<h6 style=\"text-align: center;\">Apresenta: Al\u00e9ssia Fontenelle e Iordan Gurgel &#8211; Cartel D<\/h6>\n<h6 style=\"text-align: center;\">Coordena: Rog\u00e9rio Barros &#8211; Cartel A<\/h6>\n<h6 style=\"text-align: center;\">Refer\u00eancias de Lacan: F\u00e1bio Mantovaneli \u2013 O que \u00e9 um autor? de Michel Foucault<\/h6>\n[\/vc_column_text][\/vc_column_inner][vc_column_inner width=&#8221;1\/3&#8243;][vc_video link=&#8221;https:\/\/youtu.be\/Ym3FZSYiC_s&#8221;][vc_column_text]\n<h6 style=\"text-align: center;\">Todo mundo \u00e9 louco<\/h6>\n<h6 style=\"text-align: center;\">Extratos do Curso de Jacques Alain Miller 2007\/2008 &#8211; Cap. XV &#8211; O gozo opaco do sintoma<\/h6>\n<h6 style=\"text-align: center;\">Apresentam: Marcela Antelo e D\u00e9bora Gil Pantale\u00e3o (Cartel Sess\u00e3o Noturna\/Psican\u00e1lise &amp;Audiovisual)<\/h6>\n<h6 style=\"text-align: center;\">Coordena: Luiz Felipe Monteiro<\/h6>\n[\/vc_column_text][\/vc_column_inner][vc_column_inner width=&#8221;1\/3&#8243;][vc_video link=&#8221;https:\/\/youtu.be\/TIA8EhXai2I&#8221;][vc_column_text]\n<h6 style=\"text-align: center;\">XIII. Do gozo postulado como absoluto<\/h6>\n<h6 style=\"text-align: center;\">Apresenta: Anal\u00edcea Calmon &#8211; Cartel B<\/h6>\n<h6 style=\"text-align: center;\">Coordena: Luiz Felipe Monteiro &#8211; Cartel A<\/h6>\n<h6 style=\"text-align: center;\">Refer\u00eancias de Lacan: Raquel Matias \u2013 As t\u00e9cnicas do corpo de Marcel Mauss<\/h6>\n[\/vc_column_text][\/vc_column_inner][\/vc_row_inner][vc_row_inner][vc_column_inner width=&#8221;1\/3&#8243;][vc_video link=&#8221;youtube.com\/watch?v=GwhZ4J9nDcU&#8221;][vc_column_text]\n<h6 style=\"text-align: center;\">TODO MUNDO \u00c9 LOUCO<br \/>\nExtratos do Curso de Jacques Alain Miller &#8211; 2007\/2008 &#8211; Cap. XVI \u2013 Diversifica\u00e7\u00e3o do Um<\/h6>\n<h6 style=\"text-align: center;\">Apresentam:<br \/>\nIordan Gurgel, Luiz Mena e Marcelo Magnelli<\/h6>\n<h6 style=\"text-align: center;\">Coordena: T\u00e2nia Abreu<\/h6>\n[\/vc_column_text][\/vc_column_inner][\/vc_row_inner][\/vc_column][\/vc_row]\n<\/section>","protected":false},"excerpt":{"rendered":"<p>[vc_row][vc_column width=&#8221;5\/6&#8243;][vc_column_text] 2\u00ba Semestre [\/vc_column_text][\/vc_column][vc_column width=&#8221;1\/6&#8243;][vc_single_image image=&#8221;2899&#8243; alignment=&#8221;center&#8221;][vc_column_text] PROGRAMA 2023 [\/vc_column_text][vc_btn title=&#8221;Download PDF&#8221; color=&#8221;danger&#8221; align=&#8221;center&#8221; i_icon_fontawesome=&#8221;far fa-file-pdf&#8221; button_block=&#8221;true&#8221; add_icon=&#8221;true&#8221; link=&#8221;url:https%3A%2F%2Fwww.ebp.org.br%2Fba%2Fwp-content%2Fuploads%2F2023%2F07%2FPrograma.pdf|||&#8221;][\/vc_column][\/vc_row][vc_row][vc_column][vc_column_text] 1\u00ba Semestre [\/vc_column_text][vc_empty_space][vc_separator color=&#8221;juicy_pink&#8221; border_width=&#8221;2&#8243;][vc_empty_space][vc_row_inner][vc_column_inner width=&#8221;1\/3&#8243;][vc_video link=&#8221;https:\/\/youtu.be\/WnpEVqUKtzQ&#8221;][vc_column_text] Disciplina do Coment\u00e1rio Cl\u00ednica Ir\u00f4nica MILLER, J-A. Cl\u00ednica ir\u00f4nica. In: Matemas I. Rio de Janeiro: Jorge Zahar Ed., 1996 APRESENTAM: Marcela Antelo (AME EBP\/AMP) Iordan Gurgel (AME EBP\/AMP)&hellip;<\/p>\n","protected":false},"author":1,"featured_media":0,"parent":1353,"menu_order":0,"comment_status":"closed","ping_status":"closed","template":"","meta":{"footnotes":""},"class_list":["post-2783","page","type-page","status-publish","hentry","entry","no-media"],"_links":{"self":[{"href":"https:\/\/ebp.org.br\/ba\/wp-json\/wp\/v2\/pages\/2783","targetHints":{"allow":["GET"]}}],"collection":[{"href":"https:\/\/ebp.org.br\/ba\/wp-json\/wp\/v2\/pages"}],"about":[{"href":"https:\/\/ebp.org.br\/ba\/wp-json\/wp\/v2\/types\/page"}],"author":[{"embeddable":true,"href":"https:\/\/ebp.org.br\/ba\/wp-json\/wp\/v2\/users\/1"}],"replies":[{"embeddable":true,"href":"https:\/\/ebp.org.br\/ba\/wp-json\/wp\/v2\/comments?post=2783"}],"version-history":[{"count":2,"href":"https:\/\/ebp.org.br\/ba\/wp-json\/wp\/v2\/pages\/2783\/revisions"}],"predecessor-version":[{"id":3773,"href":"https:\/\/ebp.org.br\/ba\/wp-json\/wp\/v2\/pages\/2783\/revisions\/3773"}],"up":[{"embeddable":true,"href":"https:\/\/ebp.org.br\/ba\/wp-json\/wp\/v2\/pages\/1353"}],"wp:attachment":[{"href":"https:\/\/ebp.org.br\/ba\/wp-json\/wp\/v2\/media?parent=2783"}],"curies":[{"name":"wp","href":"https:\/\/api.w.org\/{rel}","templated":true}]}}