{"id":2553,"date":"2022-02-22T09:45:38","date_gmt":"2022-02-22T12:45:38","guid":{"rendered":"https:\/\/www.ebp.org.br\/ba\/?page_id=2553"},"modified":"2022-02-22T09:45:38","modified_gmt":"2022-02-22T12:45:38","slug":"seminario-de-formacao-permanente-2022","status":"publish","type":"page","link":"https:\/\/ebp.org.br\/ba\/ensino\/seminario-de-formacao-permanente-2022\/","title":{"rendered":"SEMIN\u00c1RIO DE FORMA\u00c7\u00c3O PERMANENTE &#8211; 2022"},"content":{"rendered":"<section class=\"wpb-content-wrapper\">[vc_row][vc_column width=&#8221;5\/6&#8243;][vc_column_text]\n<blockquote><p>\u201cE teremos mesmo, esse ano, que articular o que ali est\u00e1 como piv\u00f4<br \/>\nde tudo que se instituiu pela experi\u00eancia anal\u00edtica \u2013 o amor\u201d. Lacan, J., p. 55.<\/p>\n[&#8230;] \u00e9 da elabora\u00e7\u00e3o do n\u00e3o-todo que se trata de romper o caminho.<br \/>\n\u00c9 meu verdadeiro tema deste ano[&#8230;]. Lacan, J., p. 78.<\/p><\/blockquote>\n[\/vc_column_text][\/vc_column][vc_column width=&#8221;1\/6&#8243;][vc_single_image image=&#8221;2554&#8243; img_size=&#8221;150&#215;212&#8243; alignment=&#8221;center&#8221;][vc_btn title=&#8221;PROGRAMA EM PDF&#8221; color=&#8221;juicy-pink&#8221; size=&#8221;xs&#8221; align=&#8221;center&#8221; link=&#8221;url:https%3A%2F%2Fwww.ebp.org.br%2Fba%2Fwp-content%2Fuploads%2F2022%2F08%2FSFP-PROGRAMA.pdf|||&#8221;][\/vc_column][\/vc_row][vc_row][vc_column width=&#8221;1\/3&#8243;][vc_video link=&#8221;https:\/\/youtu.be\/Nyw6ZorTX2M&#8221;][vc_column_text]\n<h6 style=\"text-align: center;\">Abertura<br \/>\nApresenta: Cartel A &#8211; M\u00f4nica Hage (Mais-Um) Iordan Gurgel,<br \/>\nLuiz Felipe Monteiro, Marcela Antelo, Pablo Sauce.<\/h6>\n[\/vc_column_text][\/vc_column][vc_column width=&#8221;1\/3&#8243;][vc_video link=&#8221;https:\/\/youtu.be\/A6YvJkQkHIM&#8221;][vc_column_text]\n<h6 style=\"text-align: center;\">Aula 1: Do gozo<br \/>\nApresenta: Cartel B &#8211; Lucy de Castro<br \/>\nRefer\u00eancias de Lacan: D\u00e9bora Gil Pantale\u00e3o \u201cTeoria das fic\u00e7\u00f5es\u201d<br \/>\nJamille Cesar \u201cDescartes\u201d<\/h6>\n[\/vc_column_text][\/vc_column][vc_column width=&#8221;1\/3&#8243;][vc_video link=&#8221;https:\/\/youtu.be\/gBixgoL0f5o&#8221;][vc_column_text]\n<h6 style=\"text-align: center;\">Aula 2: A Jakobson<br \/>\nApresenta: Cartel C &#8211; Nilton Cerqueira<br \/>\nRefer\u00eancias de Lacan: Milena Nadier \u201cEstoicos\u201d<br \/>\nLuciano Pereira Matos \u201cNeguentropia\u201d<\/h6>\n[\/vc_column_text][\/vc_column][\/vc_row][vc_row][vc_column width=&#8221;1\/3&#8243;][vc_video link=&#8221;https:\/\/youtu.be\/sBqPv7E1xKg&#8221;][vc_column_text]\n<h6 style=\"text-align: center;\">Aula 3: A fun\u00e7\u00e3o do escrito<br \/>\nApresenta: Cartel D &#8211; Anal\u00edcea Calmon e Bernardino Horne<br \/>\nRefer\u00eancias de Lacan: Klaus Seydel \u201cCratilo de Plat\u00e3o\u201d<\/h6>\n[\/vc_column_text][\/vc_column][vc_column width=&#8221;1\/3&#8243;][vc_video link=&#8221;https:\/\/youtu.be\/hIX6EZAeOYY&#8221;][vc_column_text]\n<h6 style=\"text-align: center;\">Aula 4: O Amor e o Significante<br \/>\nApresenta: Cartel B &#8211; Al\u00e9ssia Fontenelle<br \/>\nRefer\u00eancias de Lacan: Luis Souza \u201cCop\u00e9rnico e Kepler\u201d<\/h6>\n[\/vc_column_text][\/vc_column][vc_column width=&#8221;1\/3&#8243;][vc_video link=&#8221;https:\/\/youtu.be\/h2tnvcB95Jg&#8221;][vc_column_text]\n<h6 style=\"text-align: center;\">Aula 5: Arist\u00f3teles e Freud: A Outra Satisfa\u00e7\u00e3o<br \/>\nApresenta: Cartel C &#8211; Ana Stela Sande<br \/>\nRefer\u00eancias de Lacan: J\u00falia Solano \u201cArist\u00f3teles \u00c9tica a Nic\u00f3maco\u201d<\/h6>\n[\/vc_column_text][\/vc_column][\/vc_row][vc_row][vc_column width=&#8221;1\/3&#8243;][vc_video link=&#8221;https:\/\/youtu.be\/711QImYraBk&#8221;][vc_column_text]\n<h6 style=\"text-align: center;\">Noite do Conselho<br \/>\nApresenta\u00e7\u00e3o &#8211; Carla Fernandes (Presidente)<br \/>\nCoordena\u00e7\u00e3o &#8211; Al\u00e9ssia Fontenelle (Secret\u00e1ria)<\/h6>\n[\/vc_column_text][\/vc_column][vc_column width=&#8221;1\/3&#8243;][vc_video link=&#8221;https:\/\/youtu.be\/uud5WBa3MFo&#8221;][vc_column_text]\n<h6 style=\"text-align: center;\">Atividade da Biblioteca<br \/>\nLacan e Roland Barthes em torno do Banquete de Plat\u00e3o<br \/>\nQuatro cart\u00e9is em conversa\u00e7\u00e3o: \u201ca troco de nada\u201d; \u201c\u00e0 primeira vista\u201d;<br \/>\n\u201ca menor ideia\u201d; \u201ca hora errada\u201d<\/h6>\n[\/vc_column_text][\/vc_column][vc_column width=&#8221;1\/3&#8243;][vc_video link=&#8221;https:\/\/youtu.be\/szWPxBeH8y8&#8243;][vc_column_text]\n<h6 style=\"text-align: center;\">Aula 6: Deus e o Gozo d\u2019A\/ Mulher<br \/>\nApresenta: Cartel D &#8211; T\u00e2nia Abreu<br \/>\nRefer\u00eancias de Lacan: K\u00e9sia Ramos \u201cGian Lorenzo Bernini\u201d<br \/>\ne Jana\u00edna Scucatto \u201cS\u00e3o Joao da Cruz\u201d<\/h6>\n[\/vc_column_text][\/vc_column][\/vc_row][vc_row][vc_column width=&#8221;1\/3&#8243;][vc_video link=&#8221;https:\/\/youtu.be\/yuliD-uPgMg&#8221;][vc_column_text]\n<h6 style=\"text-align: center;\">Aula 7: Letra de uma Carta de Almor<br \/>\nApresenta: Cartel B &#8211; Paulo Gabrielli<br \/>\nRefer\u00eancias de Lacan: Alice Munguba \u201cAlexander Koyr\u00e9\u201d<\/h6>\n[\/vc_column_text][\/vc_column][vc_column width=&#8221;1\/3&#8243;][vc_video link=&#8221;https:\/\/youtu.be\/kabdIh-R2x4&#8243;][vc_column_text]\n<h6 style=\"text-align: center;\">Aula 8: O saber e a Verdade<br \/>\nApresenta: Cartel C &#8211; M\u00e1rio Nascimento<br \/>\nRefer\u00eancias de Lacan: Marcelo Magnelli \u201cA Coisa freudiana\u201d<\/h6>\n[\/vc_column_text][\/vc_column][vc_column width=&#8221;1\/3&#8243;][vc_video link=&#8221;https:\/\/youtu.be\/sp0kXv85nso&#8221;][vc_column_text]\n<h6 style=\"text-align: center;\">Aula 9: Do Barroco<br \/>\nApresenta: Cartel D &#8211; S\u00f4nia Vicente<br \/>\nRefer\u00eancias de Lacan: Giovana Reis Mesquita \u201cHer\u00e1clito e Parm\u00e9nides\u201d \/<br \/>\nNelson Matheus \u201cRaymond Queneau\u201d<\/h6>\n[\/vc_column_text][\/vc_column][\/vc_row][vc_row][vc_column width=&#8221;1\/3&#8243;][vc_video link=&#8221;https:\/\/youtu.be\/VdwxZhU_Zng&#8221;][vc_column_text]\n<h6 style=\"text-align: center;\">Aula 10: Rodinhas de Barbante<br \/>\nApresenta: Cartel B &#8211; Maria Lu\u00edza Sarno e Marta Restrepo<br \/>\nRefer\u00eancias de Lacan: Graziela Vasconcelos \u201cA forma em Plat\u00e3o\u201d<\/h6>\n[\/vc_column_text][\/vc_column][vc_column width=&#8221;1\/3&#8243;][vc_video link=&#8221;https:\/\/youtu.be\/kJUV-phSqvg&#8221;][vc_column_text]\n<h6 style=\"text-align: center;\">Aula 11: O Rato no Labirinto<br \/>\nApresenta: Cartel C &#8211; Rog\u00e9rio Barros<br \/>\nRefer\u00eancias de Lacan: Daniela Nunes Araujo &#8220;Gregory Bateson&#8221;<\/h6>\n[\/vc_column_text][\/vc_column][vc_column width=&#8221;1\/3&#8243;][vc_video link=&#8221;https:\/\/youtu.be\/Q5TD-ypWkAs&#8221;][vc_column_text]\n<h6 style=\"text-align: center;\">&#8220;El partenaire-s\u00edntoma&#8221;<br \/>\nCap\u00edtulo vii \u2013 Revalorizaci\u00f3n del amor<br \/>\nApresenta\u00e7\u00e3o &#8211; Lucy de Castro<br \/>\nCoordena\u00e7\u00e3o &#8211; Paulo Gabrielli<\/h6>\n[\/vc_column_text][\/vc_column][\/vc_row][vc_row][vc_column width=&#8221;1\/3&#8243;][vc_video link=&#8221;https:\/\/youtu.be\/S0e-3NB53lA&#8221;][vc_column_text]\n<h6 style=\"text-align: center;\">ATIVIDADE PREPARAT\u00d3RIA: &#8220;O amor (com) sentido&#8221; &#8211; EIXO 3<br \/>\nRespons\u00e1vel: Anal\u00edcea Calmon (EBP\/AMP)<br \/>\nConvidada: Ruskaya Maia (EBP\/AMP)<br \/>\nCoordena\u00e7\u00e3o: M\u00f4nica Hage (EBP\/AMP)<\/h6>\n[\/vc_column_text][\/vc_column][vc_column width=&#8221;1\/3&#8243;][vc_video link=&#8221;https:\/\/youtu.be\/DlcsYof7DYI&#8221;][vc_column_text]\n<h6 style=\"text-align: center;\">Atividade em Conex\u00e3o com o<br \/>\nXXIV Encontro Brasileiro do Campo Freudiano<br \/>\n\u201cANALISTA, EN CORPS\u201d<br \/>\nApresenta: Fernanda Otoni<br \/>\nCoordenadora da Comiss\u00e3o Cient\u00edfica do XXIV Encontro Brasileiro do Campo Freudiano<\/h6>\n[\/vc_column_text][\/vc_column][vc_column width=&#8221;1\/3&#8243;][vc_video link=&#8221;https:\/\/youtu.be\/k0ukU6TkQ_o&#8221;][vc_column_text]\n<h6 style=\"text-align: center;\">ATIVIDADE PREPARAT\u00d3RIA<br \/>\n&#8220;Novo amor, um amor mais digno&#8221; &#8211; EIXO 5<br \/>\nRespons\u00e1vel: S\u00f4nia Vicente (AME EBP\/AMP)<br \/>\nConvidada: ElizabetE Siqueira (EBP\/AMP)<br \/>\nCoordena\u00e7\u00e3o: Pablo Sauce (EBP\/AMP)<\/h6>\n[\/vc_column_text][\/vc_column][\/vc_row][vc_row][vc_column width=&#8221;1\/3&#8243;][vc_video link=&#8221;https:\/\/youtu.be\/5zPgnv5ei6Y&#8221;][vc_column_text]\n<h6 style=\"text-align: center;\">&#8220;El partenaire-s\u00edntoma&#8221;<br \/>\nAula VIII \u2013 El concepto de gozo<br \/>\nApresenta\u00e7\u00e3o \u2013 Paulo Gabrielli<br \/>\nCoordena\u00e7\u00e3o \u2013 Anal\u00edcea Calmon<\/h6>\n[\/vc_column_text][\/vc_column][vc_column width=&#8221;1\/3&#8243;][vc_video link=&#8221;https:\/\/youtu.be\/hLUoSIoE8LE&#8221;][vc_column_text]\n<h6 style=\"text-align: center;\">Atividade Biblioteca EBP \u2013 Se\u00e7\u00e3o Bahia \u2013 Segundo Semestre<br \/>\nDo imposs\u00edvel ao contingente la\u00e7os inconscientes<\/h6>\n[\/vc_column_text][\/vc_column][vc_column width=&#8221;1\/3&#8243;][vc_video link=&#8221;https:\/\/youtu.be\/RLYDPIsdw9o&#8221;][vc_column_text]\n<h6 style=\"text-align: center;\">ATIVIDADE PREPARAT\u00d3RIA<br \/>\n&#8220;Er\u00f3tica do extra normativo&#8221; &#8211; Eixo 4<br \/>\nRespons\u00e1vel: Nora Gon\u00e7alves (AME EBP\/AMP)<br \/>\nConvidada: Louise Lhullier (EBP\/AMP)<br \/>\nCoordena\u00e7\u00e3o: Luiz Felipe Monteiro (EBP\/AMP)<\/h6>\n[\/vc_column_text][\/vc_column][\/vc_row][vc_row][vc_column width=&#8221;1\/3&#8243;][vc_video link=&#8221;https:\/\/youtu.be\/t8gDWUUtFHk&#8221;][vc_column_text]\n<h6 style=\"text-align: center;\">&#8220;El partenaire-s\u00edntoma&#8221;<br \/>\nAula XII \u2013 Teor\u00eda de las parejas<br \/>\nApresenta\u00e7\u00e3o \u2013 Anal\u00edcea Calmon<br \/>\nCoordena\u00e7\u00e3o \u2013 C\u00e9lia Salles<\/h6>\n[\/vc_column_text][\/vc_column][vc_column width=&#8221;1\/3&#8243;][vc_video link=&#8221;https:\/\/youtu.be\/S-lKMfulb6s&#8221;][vc_column_text]\n<h6 style=\"text-align: center;\">ATIVIDADE PREPARAT\u00d3RIA<br \/>\n&#8220;O real do amor&#8221; &#8211; Conversa\u00e7\u00e3o com Ram Mandil (AME EBP\/AMP)<br \/>\nMarcas, ru\u00ednas e restos de amor &#8211; EIXO 1 &#8211; Paulo Gabrielli (EBP\/AMP)<br \/>\n&#8220;(a)mortecer&#8221; &#8211; EIXO 2 &#8211; Fatima Sarmento (AME EBP\/AMP)<br \/>\nCoordena\u00e7\u00e3o: Iordan Gurgel (AME EBP\/AMP)<\/h6>\n[\/vc_column_text][\/vc_column][vc_column width=&#8221;1\/3&#8243;][vc_video link=&#8221;https:\/\/youtu.be\/F6fi1pQ1ZQ8&#8243;][vc_column_text]\n<h6 style=\"text-align: center;\">ATIVIDADE PREPARAT\u00d3RIA<br \/>\nApresenta\u00e7\u00e3o do livro \u201cEl inconsciente enamorado\u201d Por Silvia Tendlarz (AME EOL\/AMP)<br \/>\nCoordena\u00e7\u00e3o: Marcela Antelo (AME EBP\/AMP)<\/h6>\n[\/vc_column_text][\/vc_column][\/vc_row][vc_row][vc_column width=&#8221;1\/3&#8243;][vc_video link=&#8221;https:\/\/youtu.be\/vZLlxQXE5yw&#8221;][vc_column_text]\n<h6 style=\"text-align: center;\">&#8220;El partenaire-s\u00edntoma&#8221;<br \/>\nAula XIV \u2013 Una repartici\u00f3n sexual<br \/>\nApresenta\u00e7\u00e3o \u2013 Al\u00e9ssia Fontenelle<br \/>\nCoordena\u00e7\u00e3o \u2013 Lucy de Castro<\/h6>\n[\/vc_column_text][\/vc_column][vc_column width=&#8221;1\/3&#8243;][vc_video link=&#8221;https:\/\/youtu.be\/gLtMrV2MpGw&#8221;][vc_column_text]\n<h6 style=\"text-align: center;\">Atividade em Conex\u00e3o com o<br \/>\nXXIV Encontro Brasileiro do Campo Freudiano<br \/>\nFalasser: presente! &#8211; Niraldo de Oliveira Santos<br \/>\nPresen\u00e7a do analista: uma abertura ao sinthoma &#8211; Maria do Ros\u00e1rio Collier do R\u00eago Barros<\/h6>\n[\/vc_column_text][\/vc_column][vc_column width=&#8221;1\/3&#8243;][vc_video link=&#8221;https:\/\/youtu.be\/GhnqcixeeXQ&#8221;][vc_column_text]\n<h6 style=\"text-align: center;\">Evos e Ravinamentos 2022 &#8211; &#8220;EROS\u00c3O DE EROS&#8221;<br \/>\nAPRESENTA: Cartel A: M\u00f4nica Hage (Mais-Um) Iordan Gurgel, Luiz Felipe Monteiro, Marcela Antelo, Pablo Sauce.<\/h6>\n[\/vc_column_text][\/vc_column][\/vc_row]\n<\/section>","protected":false},"excerpt":{"rendered":"<p>[vc_row][vc_column width=&#8221;5\/6&#8243;][vc_column_text] \u201cE teremos mesmo, esse ano, que articular o que ali est\u00e1 como piv\u00f4 de tudo que se instituiu pela experi\u00eancia anal\u00edtica \u2013 o amor\u201d. Lacan, J., p. 55. [&#8230;] \u00e9 da elabora\u00e7\u00e3o do n\u00e3o-todo que se trata de romper o caminho. \u00c9 meu verdadeiro tema deste ano[&#8230;]. Lacan, J., p. 78. [\/vc_column_text][\/vc_column][vc_column width=&#8221;1\/6&#8243;][vc_single_image&hellip;<\/p>\n","protected":false},"author":1,"featured_media":0,"parent":1353,"menu_order":0,"comment_status":"closed","ping_status":"closed","template":"","meta":{"footnotes":""},"class_list":["post-2553","page","type-page","status-publish","hentry","entry","no-media"],"_links":{"self":[{"href":"https:\/\/ebp.org.br\/ba\/wp-json\/wp\/v2\/pages\/2553","targetHints":{"allow":["GET"]}}],"collection":[{"href":"https:\/\/ebp.org.br\/ba\/wp-json\/wp\/v2\/pages"}],"about":[{"href":"https:\/\/ebp.org.br\/ba\/wp-json\/wp\/v2\/types\/page"}],"author":[{"embeddable":true,"href":"https:\/\/ebp.org.br\/ba\/wp-json\/wp\/v2\/users\/1"}],"replies":[{"embeddable":true,"href":"https:\/\/ebp.org.br\/ba\/wp-json\/wp\/v2\/comments?post=2553"}],"version-history":[{"count":0,"href":"https:\/\/ebp.org.br\/ba\/wp-json\/wp\/v2\/pages\/2553\/revisions"}],"up":[{"embeddable":true,"href":"https:\/\/ebp.org.br\/ba\/wp-json\/wp\/v2\/pages\/1353"}],"wp:attachment":[{"href":"https:\/\/ebp.org.br\/ba\/wp-json\/wp\/v2\/media?parent=2553"}],"curies":[{"name":"wp","href":"https:\/\/api.w.org\/{rel}","templated":true}]}}