{"id":2441,"date":"2021-08-09T16:03:53","date_gmt":"2021-08-09T19:03:53","guid":{"rendered":"https:\/\/www.ebp.org.br\/ba\/?page_id=2441"},"modified":"2024-05-02T16:25:53","modified_gmt":"2024-05-02T19:25:53","slug":"carteis-2022","status":"publish","type":"page","link":"https:\/\/ebp.org.br\/ba\/carteis\/carteis-2022\/","title":{"rendered":"Cart\u00e9is &#8211; 2022"},"content":{"rendered":"<section class=\"wpb-content-wrapper\">[vc_row][vc_column width=&#8221;2\/3&#8243;][vc_column_text]\n<h2 class=\"rtin-title\"><span style=\"color: #800000;\">Jornada de Cart\u00e9is<\/span><\/h2>\n<h6>Baixe o programa em PDF, <a href=\"https:\/\/www.ebp.org.br\/ba\/wp-content\/uploads\/2022\/08\/Programa-Jornada-de-Carte\u0301is-2022.pdf\">clique aqui<\/a><br \/>\nBaixe o argumento em PDF, <a href=\"https:\/\/www.ebp.org.br\/ba\/wp-content\/uploads\/2022\/07\/Argumento-Jornada-de-Carteis.pdf\">clique aqui<\/a><\/h6>\n<p>Caros colegas,<\/p>\n<p>Lacan institui o dispositivo do cartel em Ato de funda\u00e7\u00e3o da Escola Freudiana de Paris (1964), tomando-o como um dos pilares de sustenta\u00e7\u00e3o e transmiss\u00e3o da psican\u00e1lise, sendo tamb\u00e9m uma importante ferramenta na forma\u00e7\u00e3o do analista e de sua vincula\u00e7\u00e3o com a Escola.<\/p>\n<p>Anos mais tarde (1980), formaliza este dispositivo a partir de cinco eixos, institu\u00eddos por ele em D\u2019\u00c9colage :<\/p>\n<p>1. Quatro se escolhem para o trabalho: em um coletivo, mas com produto pr\u00f3prio.<br \/>\n2. O Mais-Um \u00e9 aquele que deve zelar pelos \u201cefeitos internos \u00e0 empreitada\u201d e de provocar a elabora\u00e7\u00e3o.<br \/>\n3. A permuta\u00e7\u00e3o deve ocorrer periodicamente, de modo a reduzir efeitos imagin\u00e1rios de grupo.<br \/>\n4. Do cartel se esperam seus produtos ou da exposi\u00e7\u00e3o de suas crises de trabalho.<br \/>\n5. O acaso orienta a combinat\u00f3rio do cartel.<\/p>\n<p>Diana Wolodarsky (AME da EOL\/AMP), convidada da EBP-Bahia para nossa Jornada, destaca em \u201cEstrutura e uso do cartel\u201d, que estes eixos formalizadores se sustentam e se p\u00f5em em marcha a partir do lugar que se outorga ao vazio no saber, e mais: que sustentar esse vazio depender\u00e1 do modo que cada membro do cartel responder\u00e1 ao real do saber, enquanto saber inconsistente.<\/p>\n<p>Diante de um mundo p\u00f3s-pandemia \u2013 onde o online nos incitou a uma multiplica\u00e7\u00e3o de possibilidades de encontros e de cart\u00e9is \u2013 qual a import\u00e2ncia do vazio no saber para ordenar estes novos arranjos, assim como para a forma\u00e7\u00e3o do analista?<\/p>\n<p>A Jornada de Cart\u00e9is deste ano \u00e9 um convite a pensarmos nestas e em outras quest\u00f5es, um espa\u00e7o de provoca\u00e7\u00e3o \u00e0 elabora\u00e7\u00e3o de cada cartelizante, aposta viva para recolhermos os efeitos da experi\u00eancia de cada um, neste encontro inevit\u00e1vel e indiz\u00edvel com o vazio do saber.<\/p>\n<p>Para participar, inscreva-se gratuitamente atrav\u00e9s do link <a href=\"https:\/\/mailchi.mp\/3e5c074b6dbd\/jornada-de-carteis-2022\">https:\/\/mailchi.mp\/3e5c074b6dbd\/jornada-de-carteis-2022<\/a>.<\/p>\n<p>Aguardamos o envio de trabalhos at\u00e9 dia 08 de agosto (com um m\u00e1ximo de 8000 caracteres, com espa\u00e7os), para o e-mail: <a href=\"mailto:carteis@ebpbahia.com.br\">carteis@ebpbahia.com.br<\/a>, com assunto: \u201cTrabalho Jornada de Cart\u00e9is 2022\u201d.<\/p>\n<h6>Comiss\u00e3o organizadora:<br \/>\nEthel Poll, Iordan Gurgel (Coord.), Julia Solano, Marcelo Magnelli e Nilton Cerqueira.<\/h6>\n[\/vc_column_text][\/vc_column][vc_column width=&#8221;1\/3&#8243;][vc_video link=&#8221;https:\/\/youtu.be\/NzKTMbOibu0&#8243;][\/vc_column][\/vc_row][vc_row][vc_column][vc_separator color=&#8221;juicy_pink&#8221; border_width=&#8221;3&#8243;][vc_column_text]\n<h3><em><span style=\"color: #993300;\">Orienta\u00e7\u00e3o para envio de trabalho:<\/span><\/em><\/h3>\n<ul>\n<li>Prazo de entrega de trabalho final: 08 de agosto;<\/li>\n<li>Enviar para o email: <a href=\"mailto:carteis@ebpbahia.com.br\">carteis@ebpbahia.com.br<\/a>, com assunto: \u201cTrabalho Jornada de Cart\u00e9is 2022\u201d;<\/li>\n<li>Iniciar o texto com as seguintes informa\u00e7\u00f5es:<\/li>\n<\/ul>\n<ol>\n<li>T\u00edtulo do trabalho<\/li>\n<li>Nome do autor<\/li>\n<li>Tema do cartel e nome dos cartelizantes<\/li>\n<\/ol>\n<ul>\n<li>O texto deve ter 8000 caracteres, no m\u00e1ximo (incluindo refer\u00eancias e espa\u00e7os);<\/li>\n<li>Fonte do texto: Times New Roman 12, justificado, espa\u00e7amento 1,5;<\/li>\n<li>As Refer\u00eancias devem ser citadas em notas de p\u00e9 de p\u00e1gina.<\/li>\n<li>Se houver relato de pr\u00e1tica no trabalho, deve ser a partir de vinhetas, sem nomes de\u00a0 pessoas ou dados de identifica\u00e7\u00e3o, atentando para o sigilo.<\/li>\n<\/ul>\n[\/vc_column_text][\/vc_column][\/vc_row]\n<\/section>","protected":false},"excerpt":{"rendered":"<p>[vc_row][vc_column width=&#8221;2\/3&#8243;][vc_column_text] Jornada de Cart\u00e9is Baixe o programa em PDF, clique aqui Baixe o argumento em PDF, clique aqui Caros colegas, Lacan institui o dispositivo do cartel em Ato de funda\u00e7\u00e3o da Escola Freudiana de Paris (1964), tomando-o como um dos pilares de sustenta\u00e7\u00e3o e transmiss\u00e3o da psican\u00e1lise, sendo tamb\u00e9m uma importante ferramenta na forma\u00e7\u00e3o&hellip;<\/p>\n","protected":false},"author":1,"featured_media":0,"parent":1188,"menu_order":0,"comment_status":"closed","ping_status":"closed","template":"","meta":{"footnotes":""},"class_list":["post-2441","page","type-page","status-publish","hentry","entry","no-media"],"_links":{"self":[{"href":"https:\/\/ebp.org.br\/ba\/wp-json\/wp\/v2\/pages\/2441","targetHints":{"allow":["GET"]}}],"collection":[{"href":"https:\/\/ebp.org.br\/ba\/wp-json\/wp\/v2\/pages"}],"about":[{"href":"https:\/\/ebp.org.br\/ba\/wp-json\/wp\/v2\/types\/page"}],"author":[{"embeddable":true,"href":"https:\/\/ebp.org.br\/ba\/wp-json\/wp\/v2\/users\/1"}],"replies":[{"embeddable":true,"href":"https:\/\/ebp.org.br\/ba\/wp-json\/wp\/v2\/comments?post=2441"}],"version-history":[{"count":3,"href":"https:\/\/ebp.org.br\/ba\/wp-json\/wp\/v2\/pages\/2441\/revisions"}],"predecessor-version":[{"id":3864,"href":"https:\/\/ebp.org.br\/ba\/wp-json\/wp\/v2\/pages\/2441\/revisions\/3864"}],"up":[{"embeddable":true,"href":"https:\/\/ebp.org.br\/ba\/wp-json\/wp\/v2\/pages\/1188"}],"wp:attachment":[{"href":"https:\/\/ebp.org.br\/ba\/wp-json\/wp\/v2\/media?parent=2441"}],"curies":[{"name":"wp","href":"https:\/\/api.w.org\/{rel}","templated":true}]}}