{"id":2197,"date":"2021-03-29T15:22:19","date_gmt":"2021-03-29T18:22:19","guid":{"rendered":"https:\/\/www.ebp.org.br\/ba\/?page_id=2197"},"modified":"2024-03-18T08:35:41","modified_gmt":"2024-03-18T11:35:41","slug":"livraria-secao-bahia","status":"publish","type":"page","link":"https:\/\/ebp.org.br\/ba\/biblioteca\/livraria-secao-bahia\/","title":{"rendered":"LIVRARIA SE\u00c7\u00c3O BAHIA"},"content":{"rendered":"<p style=\"font-weight: 400;\">A Livraria da EBP-BA tem como prop\u00f3sito difundir e comercializar obras produzidas no \u00e2mbito da Se\u00e7\u00e3o e do Instituto de Psican\u00e1lise da Bahia, al\u00e9m de favorecer o acesso a livros e artigos que est\u00e3o no escopo de trabalho da Se\u00e7\u00e3o e Instituto.<\/p>\n<p style=\"font-weight: 400;\">O cat\u00e1logo pode ser acessado atrav\u00e9s do Whatsapp: +55 71 99250-0817<\/p>\n<p style=\"font-weight: 400;\">Link:\u00a0<a href=\"https:\/\/wa.me\/c\/557192500817\" data-saferedirecturl=\"https:\/\/www.google.com\/url?q=https:\/\/wa.me\/c\/557192500817&amp;source=gmail&amp;ust=1710783469898000&amp;usg=AOvVaw1rY21aGpcl0VYYiRcn-_i2\">https:\/\/wa.me\/c\/557192500817<\/a><\/p>\n","protected":false},"excerpt":{"rendered":"<p>A Livraria da EBP-BA tem como prop\u00f3sito difundir e comercializar obras produzidas no \u00e2mbito da Se\u00e7\u00e3o e do Instituto de Psican\u00e1lise da Bahia, al\u00e9m de favorecer o acesso a livros e artigos que est\u00e3o no escopo de trabalho da Se\u00e7\u00e3o e Instituto. O cat\u00e1logo pode ser acessado atrav\u00e9s do Whatsapp: +55 71 99250-0817 Link:\u00a0https:\/\/wa.me\/c\/557192500817<\/p>\n","protected":false},"author":1,"featured_media":0,"parent":1297,"menu_order":0,"comment_status":"closed","ping_status":"closed","template":"","meta":{"footnotes":""},"class_list":["post-2197","page","type-page","status-publish","hentry","entry","no-media"],"_links":{"self":[{"href":"https:\/\/ebp.org.br\/ba\/wp-json\/wp\/v2\/pages\/2197","targetHints":{"allow":["GET"]}}],"collection":[{"href":"https:\/\/ebp.org.br\/ba\/wp-json\/wp\/v2\/pages"}],"about":[{"href":"https:\/\/ebp.org.br\/ba\/wp-json\/wp\/v2\/types\/page"}],"author":[{"embeddable":true,"href":"https:\/\/ebp.org.br\/ba\/wp-json\/wp\/v2\/users\/1"}],"replies":[{"embeddable":true,"href":"https:\/\/ebp.org.br\/ba\/wp-json\/wp\/v2\/comments?post=2197"}],"version-history":[{"count":1,"href":"https:\/\/ebp.org.br\/ba\/wp-json\/wp\/v2\/pages\/2197\/revisions"}],"predecessor-version":[{"id":3843,"href":"https:\/\/ebp.org.br\/ba\/wp-json\/wp\/v2\/pages\/2197\/revisions\/3843"}],"up":[{"embeddable":true,"href":"https:\/\/ebp.org.br\/ba\/wp-json\/wp\/v2\/pages\/1297"}],"wp:attachment":[{"href":"https:\/\/ebp.org.br\/ba\/wp-json\/wp\/v2\/media?parent=2197"}],"curies":[{"name":"wp","href":"https:\/\/api.w.org\/{rel}","templated":true}]}}