{"id":2167,"date":"2021-03-24T13:13:32","date_gmt":"2021-03-24T16:13:32","guid":{"rendered":"https:\/\/www.ebp.org.br\/ba\/?page_id=2167"},"modified":"2026-03-03T09:30:38","modified_gmt":"2026-03-03T12:30:38","slug":"seminario-dos-membros","status":"publish","type":"page","link":"https:\/\/ebp.org.br\/ba\/ensino\/seminario-dos-membros\/","title":{"rendered":"SEMIN\u00c1RIOS DOS MEMBROS"},"content":{"rendered":"<section class=\"wpb-content-wrapper\">[vc_row][vc_column width=&#8221;2\/3&#8243;][vc_column_text]\n<h3>Seminario 24 &#8211; \u201cL\u2019Insu que sait de l\u2019une b\u00e9vue s\u2019aile \u00e0 mourre\u201d<\/h3>\n<p>Lacan intitulou como \u201cL\u2019Insu que sait de l\u2019une b\u00e9vue s\u2019aile \u00e0 mourre\u201d o seu Semin\u00e1rio 24. Optamos por n\u00e3o traduzir esse t\u00edtulo, no m\u00ednimo instigante, cuja presen\u00e7a dos trocadilhos permite a resson\u00e2ncia que favorece uma nova defini\u00e7\u00e3o do inconsciente. Agora, ele \u00e9 traduzido como equ\u00edvoco, ou, se quisermos, como erro, fazendo uma rela\u00e7\u00e3o com o insucesso do saber. Trata-se ent\u00e3o de uma rela\u00e7\u00e3o que conduz a uma aposta, um risco, que o amor, de algum modo, vem recobrir.<\/p>\n<p>Nessa via do equ\u00edvoco, portanto, Lacan nos remete \u00e0 cl\u00ednica ao assemelhar a escrita po\u00e9tica chinesa \u00e0 interpreta\u00e7\u00e3o, quando esta faz soar outra coisa que n\u00e3o o sentido.<\/p>\n<p>Essa teoriza\u00e7\u00e3o de seu \u00faltimissimo ensino, estimula nosso desejo de acompanhar sua aposta na cl\u00ednica psicanal\u00edtica atrav\u00e9s da ironia, do equ\u00edvoco, do corte e do uso de n\u00f3s borromeanos.[\/vc_column_text]<div class=\"vcex-spacing wpex-w-100 wpex-clear\"><\/div>[vc_btn title=&#8221;INSCRI\u00c7\u00c3O&#8221; color=&#8221;juicy-pink&#8221; align=&#8221;left&#8221; link=&#8221;url:https%3A%2F%2Fmailchi.mp%2F3350498fca4a%2Fuiqv3lwwa2&#8243;][\/vc_column][vc_column width=&#8221;1\/3&#8243;][vc_single_image image=&#8221;4025&#8243; alignment=&#8221;left&#8221;][\/vc_column][\/vc_row][vc_row][vc_column]<div class=\"vcex-module vcex-divider vcex-divider-solid vcex-divider-center wpex-mx-auto wpex-block wpex-h-0 wpex-border-b wpex-border-solid wpex-border-main\" style=\"border-color:var(--wpex-accent);\"><\/div>[\/vc_column][\/vc_row][vc_row][vc_column width=&#8221;2\/3&#8243;][vc_column_text]\n<h3>Teoria &amp; Cl\u00ednica das Parcerias sintom\u00e1ticas<\/h3>\n<p>Apenas uma cl\u00ednica do detalhe permite a dimens\u00e3o do singular.<\/p>\n<p>Abordamos a parceria in\u00e9dita entre um analista e seu caso, no ao menos duplo sentido da express\u00e3o.<\/p>\n<p>Como texto base escolhemos um semin\u00e1rio breve de Jacques-Alain Miller chamado Os divinos detalhes de 1989 no qual destrincha, dentro das Contribui\u00e7\u00f5es \u00e0 vida amorosa de Sigmund Freud, o tab\u00fa do feminino.<\/p>\n<p>Relatos de passe, relatos de caso oferecem detalhes que nem sempre encontram a diviniza\u00e7\u00e3o como destino.[\/vc_column_text]<div class=\"vcex-spacing wpex-w-100 wpex-clear\"><\/div>[vc_btn title=&#8221;INSCRI\u00c7\u00c3O&#8221; color=&#8221;juicy-pink&#8221; align=&#8221;left&#8221; link=&#8221;url:http%3A%2F%2Feepurl.com%2Fg8l7Fr&#8221;][\/vc_column][vc_column width=&#8221;1\/3&#8243;][vc_single_image image=&#8221;4031&#8243; alignment=&#8221;left&#8221;][\/vc_column][\/vc_row]\n<\/section>","protected":false},"excerpt":{"rendered":"<p>[vc_row][vc_column width=&#8221;2\/3&#8243;][vc_column_text] Seminario 24 &#8211; \u201cL\u2019Insu que sait de l\u2019une b\u00e9vue s\u2019aile \u00e0 mourre\u201d Lacan intitulou como \u201cL\u2019Insu que sait de l\u2019une b\u00e9vue s\u2019aile \u00e0 mourre\u201d o seu Semin\u00e1rio 24. Optamos por n\u00e3o traduzir esse t\u00edtulo, no m\u00ednimo instigante, cuja presen\u00e7a dos trocadilhos permite a resson\u00e2ncia que favorece uma nova defini\u00e7\u00e3o do inconsciente. Agora, ele&hellip;<\/p>\n","protected":false},"author":1,"featured_media":0,"parent":1353,"menu_order":0,"comment_status":"closed","ping_status":"closed","template":"","meta":{"footnotes":""},"class_list":["post-2167","page","type-page","status-publish","hentry","entry","no-media"],"_links":{"self":[{"href":"https:\/\/ebp.org.br\/ba\/wp-json\/wp\/v2\/pages\/2167","targetHints":{"allow":["GET"]}}],"collection":[{"href":"https:\/\/ebp.org.br\/ba\/wp-json\/wp\/v2\/pages"}],"about":[{"href":"https:\/\/ebp.org.br\/ba\/wp-json\/wp\/v2\/types\/page"}],"author":[{"embeddable":true,"href":"https:\/\/ebp.org.br\/ba\/wp-json\/wp\/v2\/users\/1"}],"replies":[{"embeddable":true,"href":"https:\/\/ebp.org.br\/ba\/wp-json\/wp\/v2\/comments?post=2167"}],"version-history":[{"count":7,"href":"https:\/\/ebp.org.br\/ba\/wp-json\/wp\/v2\/pages\/2167\/revisions"}],"predecessor-version":[{"id":4036,"href":"https:\/\/ebp.org.br\/ba\/wp-json\/wp\/v2\/pages\/2167\/revisions\/4036"}],"up":[{"embeddable":true,"href":"https:\/\/ebp.org.br\/ba\/wp-json\/wp\/v2\/pages\/1353"}],"wp:attachment":[{"href":"https:\/\/ebp.org.br\/ba\/wp-json\/wp\/v2\/media?parent=2167"}],"curies":[{"name":"wp","href":"https:\/\/api.w.org\/{rel}","templated":true}]}}