{"id":2164,"date":"2021-03-24T13:12:22","date_gmt":"2021-03-24T16:12:22","guid":{"rendered":"https:\/\/www.ebp.org.br\/ba\/?page_id=2164"},"modified":"2021-03-24T13:12:22","modified_gmt":"2021-03-24T16:12:22","slug":"seminario-de-formacao-permanente-2021","status":"publish","type":"page","link":"https:\/\/ebp.org.br\/ba\/ensino\/seminario-de-formacao-permanente-2021\/","title":{"rendered":"SEMIN\u00c1RIO DE FORMA\u00c7\u00c3O PERMANENTE &#8211; 2021"},"content":{"rendered":"<section class=\"wpb-content-wrapper\">[vc_row][vc_column width=&#8221;5\/6&#8243;][vc_column_text]\n<h2><span style=\"color: #993300;\">SEMIN\u00c1RIO DE FORMA\u00c7\u00c3O PERMANENTE 2021<\/span><\/h2>\n<p>Leitura comentada de Jacques Lacan, O semin\u00e1rio, livro 17, \u201cO avesso da psican\u00e1lise\u201d.<\/p>\n<p>Orientados pela disciplina do coment\u00e1rio e impelidos pera hora atual trabalharemos o semin\u00e1rio livro 17 de Jacques Lacan como canteiro da elucida\u00e7\u00e3o cl\u00ednica, epist\u00e9mica e pol\u00edtica da nossa pr\u00e1tica.<br \/>\nA continua\u00e7\u00e3o comentaremos tr\u00eas confer\u00eancias de Lacan publicadas sob o nome Estou falando com as paredes (1971-1972).<br \/>\nInspirados na aula do 10 de junho de 1970 do semin\u00e1rio 17, p.165, escolhemos operar sob o t\u00edtulo:<\/p>\n<p>QUANDO O REAL EXPLODE<\/p>\n<blockquote>\n<h6>\u201cClaro que sua plena articula\u00e7\u00e3o com o imposs\u00edvel \u00e9 justamente<br \/>\no que nos d\u00e1 o risco, a chance vislumbrada, de que o seu real, por assim dizer, exploda\u201d.<br \/>\nLacan, Jacques, [1969-1970] O semin\u00e1rio, livro 17, \u201cO avesso da psican\u00e1lise\u201d.<br \/>\nRio de Janeiro: Jorge Zahar Ed., 1992. p. 165.<\/h6>\n<h6>\u201cNo entanto, \u00e9 claro que nada \u00e9 mais candente do que aquilo que, do discurso, faz refer\u00eancia ao gozo\u201d.<br \/>\nLacan, Jacques, [1969-1970] O semin\u00e1rio, livro 17, \u201cO avesso da psican\u00e1lise\u201d.<br \/>\nRio de Janeiro: Jorge Zahar Ed., 1992. p. 66.<\/h6>\n<h6>\u201cO poder do simb\u00f3lico, por sua vez, n\u00e3o tem que ser demonstrado. \u00c9 o pr\u00f3prio poder.\u201d<br \/>\nJacques Lacan, Estou falando com as paredes: conversas na Capela de Sainte- Anne. Rio de Janeiro:<br \/>\nZahar, 2011. p. 37<\/h6>\n<\/blockquote>\n[\/vc_column_text][\/vc_column][vc_column width=&#8221;1\/6&#8243;][vc_single_image image=&#8221;2297&#8243; img_size=&#8221;150&#215;212&#8243; alignment=&#8221;center&#8221;][vc_btn title=&#8221;PROGRAMA EM PDF&#8221; color=&#8221;juicy-pink&#8221; size=&#8221;xs&#8221; align=&#8221;center&#8221; link=&#8221;url:https%3A%2F%2Fwww.ebp.org.br%2Fba%2Fwp-content%2Fuploads%2F2021%2F03%2FPROGRAMA-2021.pdf|||&#8221;][\/vc_column][\/vc_row][vc_row][vc_column][vc_separator color=&#8221;juicy_pink&#8221;][\/vc_column][\/vc_row][vc_row][vc_column width=&#8221;1\/4&#8243;][vc_video link=&#8221;https:\/\/youtu.be\/AqlvT-sy0sE&#8221;][vc_column_text]\n<div class=\"wpb_text_column wpb_content_element \">\n<div class=\"wpb_wrapper\">\n<h6 style=\"text-align: center;\"><span style=\"color: #993300;\">Estou falando com as paredes<\/span><br \/>\nApresenta: T\u00e2nia Abreu<\/h6>\n<\/div>\n<\/div>\n[\/vc_column_text][\/vc_column][vc_column width=&#8221;1\/4&#8243;][vc_video link=&#8221;https:\/\/youtu.be\/3Ec36eNKp88&#8243;][vc_column_text]\n<div class=\"wpb_text_column wpb_content_element \">\n<div class=\"wpb_wrapper\">\n<h6 style=\"text-align: center;\"><span style=\"color: #993300;\">Estou falando com as paredes<\/span><br \/>\nApresenta: Cleyton Andrade<\/h6>\n<\/div>\n<\/div>\n[\/vc_column_text][\/vc_column][vc_column width=&#8221;1\/4&#8243;][vc_video link=&#8221;https:\/\/youtu.be\/nwZWHUN_ak0&#8243;][vc_column_text]\n<div class=\"wpb_text_column wpb_content_element \">\n<div class=\"wpb_wrapper\">\n<h6 style=\"text-align: center;\"><span style=\"color: #993300;\">Saber, ignor\u00e2ncia, verdade e gozo<\/span><br \/>\nApresenta: Anal\u00edcea Calmon<\/h6>\n<\/div>\n<\/div>\n[\/vc_column_text][\/vc_column][vc_column width=&#8221;1\/4&#8243;][vc_video link=&#8221;https:\/\/youtu.be\/RRJje4lzxqQ&#8221;][vc_column_text]\n<div class=\"wpb_text_column wpb_content_element \">\n<div class=\"wpb_wrapper\">\n<h6 style=\"text-align: center;\"><span style=\"color: #993300;\">Anexos &#8211; Analyticon\/Exposi\u00e7\u00e3o do Sr. Caquot<\/span><br \/>\nApresenta: Marcelo Veras<\/h6>\n<\/div>\n<\/div>\n[\/vc_column_text][\/vc_column][\/vc_row][vc_row][vc_column width=&#8221;1\/4&#8243;][vc_video link=&#8221;https:\/\/youtu.be\/YZsiwyXmly8&#8243;][vc_column_text]\n<div class=\"wpb_text_column wpb_content_element \">\n<div class=\"wpb_wrapper\">\n<h6 style=\"text-align: center;\"><span style=\"color: #993300;\">O poder dos imposs\u00edveis<br \/>\n<\/span>Apresenta: Luiza Sarno<\/h6>\n<\/div>\n<\/div>\n[\/vc_column_text][\/vc_column][vc_column width=&#8221;1\/4&#8243;][vc_video link=&#8221;https:\/\/youtu.be\/ok95pebel8Y&#8221;][vc_column_text]\n<div class=\"wpb_text_column wpb_content_element \">\n<div class=\"wpb_wrapper\">\n<h6 style=\"text-align: center;\"><span style=\"color: #993300;\">A impot\u00eancia da verdade<\/span><br \/>\nApresenta: M\u00f4nica Hage<\/h6>\n<\/div>\n<\/div>\n[\/vc_column_text][\/vc_column][vc_column width=&#8221;1\/4&#8243;][vc_video link=&#8221;https:\/\/youtu.be\/HYY4TZ4_NQo&#8221;][vc_column_text]\n<div class=\"wpb_text_column wpb_content_element \">\n<div class=\"wpb_wrapper\">\n<h6 style=\"text-align: center;\"><span style=\"color: #993300;\">Os sulcos da alethosfera<\/span><br \/>\nApresenta: Carla Fernandes<\/h6>\n<\/div>\n<\/div>\n[\/vc_column_text][\/vc_column][vc_column width=&#8221;1\/4&#8243;][vc_video link=&#8221;https:\/\/youtu.be\/RfxVTpes_Xg&#8221;][vc_column_text]\n<div class=\"wpb_text_column wpb_content_element \">\n<div class=\"wpb_wrapper\">\n<h6 style=\"text-align: center;\"><span style=\"color: #993300;\">Conversa nos degraus do Pante\u00e3o<br \/>\n<\/span>Apresenta: Lucy de Castro<\/h6>\n<\/div>\n<\/div>\n[\/vc_column_text][\/vc_column][\/vc_row][vc_row][vc_column width=&#8221;1\/4&#8243;][vc_video link=&#8221;https:\/\/youtu.be\/mEFGDwpXCPY&#8221;][vc_column_text]\n<div class=\"wpb_text_column wpb_content_element \">\n<div class=\"wpb_wrapper\">\n<h6 style=\"text-align: center;\"><span style=\"color: #993300;\">A Feroz Ignor\u00e2ncia de Yahv\u00e9<\/span><br \/>\nApresenta: Luiz Felipe Monteiro<\/h6>\n<\/div>\n<\/div>\n[\/vc_column_text][\/vc_column][vc_column width=&#8221;1\/4&#8243;][vc_video link=&#8221;https:\/\/youtu.be\/x8cbntf8NRE&#8221;][vc_column_text]\n<div class=\"wpb_text_column wpb_content_element \">\n<div class=\"wpb_wrapper\">\n<h6 style=\"text-align: center;\"><span style=\"color: #993300;\">Do Mito \u00e0 Estrutura<\/span><br \/>\nApresenta: Al\u00e9ssia Silva Fontenelle<\/h6>\n<\/div>\n<\/div>\n[\/vc_column_text][\/vc_column][vc_column width=&#8221;1\/4&#8243;][vc_video link=&#8221;https:\/\/youtu.be\/cp0CL4Oufvo&#8221;][vc_column_text]\n<div class=\"wpb_text_column wpb_content_element \">\n<div class=\"wpb_wrapper\">\n<h6 style=\"text-align: center;\"><span style=\"color: #993300;\">\u00c9dipo e Mois\u00e9s e o pai da horda<\/span><br \/>\nApresenta: F\u00e1tima Sarmento<\/h6>\n<\/div>\n<\/div>\n[\/vc_column_text][\/vc_column][vc_column width=&#8221;1\/4&#8243;][vc_video link=&#8221;https:\/\/youtu.be\/3j_Moi5VUXE&#8221;][vc_column_text]\n<div class=\"wpb_text_column wpb_content_element \">\n<div class=\"wpb_wrapper\">\n<h6 style=\"text-align: center;\"><span style=\"color: #993300;\">O Mestre Castrado<\/span><br \/>\nApresenta: Rog\u00e9rio Barros<\/h6>\n<\/div>\n<\/div>\n[\/vc_column_text][\/vc_column][\/vc_row][vc_row][vc_column width=&#8221;1\/4&#8243;][vc_video link=&#8221;https:\/\/youtu.be\/I6jvbNUTTjo&#8221;][vc_column_text]\n<div class=\"wpb_text_column wpb_content_element \">\n<div class=\"wpb_wrapper\">\n<h6 style=\"text-align: center;\"><span style=\"color: #993300;\">O Campo Lacaniano<\/span><br \/>\nApresenta: Nora Gon\u00e7alves<\/h6>\n<\/div>\n<\/div>\n[\/vc_column_text][\/vc_column][vc_column width=&#8221;1\/4&#8243;][vc_video link=&#8221;https:\/\/youtu.be\/D0SmscHSy1E&#8221;][vc_column_text]\n<div class=\"wpb_text_column wpb_content_element \">\n<div class=\"wpb_wrapper\">\n<h6 style=\"text-align: center;\"><span style=\"color: #993300;\">Verdade, irm\u00e3 do gozo<\/span><br \/>\nApresenta: Pablo Sauce<\/h6>\n<\/div>\n<\/div>\n[\/vc_column_text][\/vc_column][vc_column width=&#8221;1\/4&#8243;][vc_video link=&#8221;https:\/\/youtu.be\/yfSNhqZPbus&#8221;][vc_column_text]\n<div class=\"wpb_text_column wpb_content_element \">\n<div class=\"wpb_wrapper\">\n<h6 style=\"text-align: center;\"><span style=\"color: #993300;\">Saber, meio de gozo<\/span><br \/>\nApresenta: Bernardino Horne<\/h6>\n<\/div>\n<\/div>\n[\/vc_column_text][\/vc_column][vc_column width=&#8221;1\/4&#8243;][vc_video link=&#8221;https:\/\/youtu.be\/dImqlpJBm3s&#8221;][vc_column_text]\n<div class=\"wpb_text_column wpb_content_element \">\n<div class=\"wpb_wrapper\">\n<h6 style=\"text-align: center;\"><span style=\"color: #993300;\">O mestre e a hist\u00e9rica<br \/>\n<\/span>Apresenta\u00e7\u00e3o:\u00a0<strong>Iordan Gurgel<\/strong><\/h6>\n<\/div>\n<\/div>\n[\/vc_column_text][\/vc_column][\/vc_row][vc_row][vc_column width=&#8221;1\/4&#8243;][vc_video link=&#8221;https:\/\/youtu.be\/eXls0g8Xv0I&#8221;][vc_column_text]\n<div class=\"wpb_text_column wpb_content_element \">\n<div class=\"wpb_wrapper\">\n<h6 style=\"text-align: center;\"><span style=\"color: #993300;\">PRODU\u00c7\u00c3O DOS<br \/>\nQUATRO DISCURSOS<br \/>\n<\/span>Apresenta\u00e7\u00e3o:\u00a0<strong>Marcela Antelo<br \/>\n<\/strong>Coordena\u00e7\u00e3o: <strong>Luiz Felipe Monteiro<\/strong><\/h6>\n<\/div>\n<\/div>\n<div class=\"wpb_video_widget wpb_content_element vc_clearfix vc_video-aspect-ratio-169 vc_video-el-width-100 vc_video-align-center\">\n<div class=\"wpb_wrapper\" style=\"text-align: center;\"><\/div>\n<\/div>\n[\/vc_column_text][\/vc_column][vc_column width=&#8221;1\/4&#8243;][vc_video link=&#8221;https:\/\/youtu.be\/dImqlpJBm3s&#8221;][vc_column_text]\n<div class=\"wpb_text_column wpb_content_element \">\n<div class=\"wpb_wrapper\">\n<h6 style=\"text-align: center;\"><span style=\"color: #993300;\">O mestre e a hist\u00e9rica<br \/>\n<\/span>Apresenta\u00e7\u00e3o:\u00a0<strong>Iordan Gurgel<\/strong><\/h6>\n<\/div>\n<\/div>\n[\/vc_column_text][\/vc_column][vc_column width=&#8221;1\/4&#8243;][vc_video link=&#8221;https:\/\/youtu.be\/eXls0g8Xv0I&#8221;][vc_column_text]\n<div class=\"wpb_text_column wpb_content_element \">\n<div class=\"wpb_wrapper\">\n<h6 style=\"text-align: center;\"><span style=\"color: #993300;\">PRODU\u00c7\u00c3O DOS<br \/>\nQUATRO DISCURSOS<br \/>\n<\/span>Apresenta\u00e7\u00e3o:\u00a0<strong>Marcela Antelo<br \/>\n<\/strong>Coordena\u00e7\u00e3o: <strong>Luiz Felipe Monteiro<\/strong><\/h6>\n<\/div>\n<\/div>\n<div class=\"wpb_video_widget wpb_content_element vc_clearfix vc_video-aspect-ratio-169 vc_video-el-width-100 vc_video-align-center\">\n<div class=\"wpb_wrapper\" style=\"text-align: center;\"><\/div>\n<\/div>\n[\/vc_column_text][\/vc_column][vc_column width=&#8221;1\/4&#8243;][vc_video link=&#8221;https:\/\/youtu.be\/eXls0g8Xv0I&#8221;][vc_column_text]\n<div class=\"wpb_text_column wpb_content_element \">\n<div class=\"wpb_wrapper\">\n<h6 style=\"text-align: center;\"><span style=\"color: #993300;\">PRODU\u00c7\u00c3O DOS<br \/>\nQUATRO DISCURSOS<br \/>\n<\/span>Apresenta\u00e7\u00e3o:\u00a0<strong>Marcela Antelo<br \/>\n<\/strong>Coordena\u00e7\u00e3o: <strong>Luiz Felipe Monteiro<\/strong><\/h6>\n<\/div>\n<\/div>\n<div class=\"wpb_video_widget wpb_content_element vc_clearfix vc_video-aspect-ratio-169 vc_video-el-width-100 vc_video-align-center\">\n<div class=\"wpb_wrapper\" style=\"text-align: center;\"><\/div>\n<\/div>\n[\/vc_column_text][\/vc_column][\/vc_row][vc_row][vc_column width=&#8221;1\/4&#8243;][vc_video link=&#8221;https:\/\/youtu.be\/eXls0g8Xv0I&#8221;][vc_column_text]\n<div class=\"wpb_text_column wpb_content_element \">\n<div class=\"wpb_wrapper\">\n<h6 style=\"text-align: center;\"><span style=\"color: #993300;\">PRODU\u00c7\u00c3O DOS<br \/>\nQUATRO DISCURSOS<br \/>\n<\/span>Apresenta\u00e7\u00e3o:\u00a0<strong>Marcela Antelo<br \/>\n<\/strong>Coordena\u00e7\u00e3o: <strong>Luiz Felipe Monteiro<\/strong><\/h6>\n<\/div>\n<\/div>\n<div class=\"wpb_video_widget wpb_content_element vc_clearfix vc_video-aspect-ratio-169 vc_video-el-width-100 vc_video-align-center\">\n<div class=\"wpb_wrapper\" style=\"text-align: center;\"><\/div>\n<\/div>\n[\/vc_column_text][\/vc_column][vc_column width=&#8221;1\/4&#8243;][vc_video link=&#8221;https:\/\/youtu.be\/eXls0g8Xv0I&#8221;][vc_column_text]\n<div class=\"wpb_text_column wpb_content_element \">\n<div class=\"wpb_wrapper\">\n<h6 style=\"text-align: center;\"><span style=\"color: #993300;\">PRODU\u00c7\u00c3O DOS<br \/>\nQUATRO DISCURSOS<br \/>\n<\/span>Apresenta\u00e7\u00e3o:\u00a0<strong>Marcela Antelo<br \/>\n<\/strong>Coordena\u00e7\u00e3o: <strong>Luiz Felipe Monteiro<\/strong><\/h6>\n<\/div>\n<\/div>\n<div class=\"wpb_video_widget wpb_content_element vc_clearfix vc_video-aspect-ratio-169 vc_video-el-width-100 vc_video-align-center\">\n<div class=\"wpb_wrapper\" style=\"text-align: center;\"><\/div>\n<\/div>\n[\/vc_column_text][\/vc_column][vc_column width=&#8221;1\/4&#8243;][\/vc_column][vc_column width=&#8221;1\/4&#8243;][\/vc_column][\/vc_row][vc_row][vc_column][vc_separator color=&#8221;juicy_pink&#8221;][\/vc_column][\/vc_row][vc_row][vc_column][eikra-vc-text-title style=&#8221;style2&#8243; title=&#8221;Programa&#8221;][\/eikra-vc-text-title][vc_separator color=&#8221;juicy_pink&#8221; border_width=&#8221;2&#8243;][vc_column_text]\n<h3><span style=\"color: #993300;\">ABRIL <\/span><\/h3>\n<ul>\n<li><strong>07 &#8211; Aula 1 Produ\u00e7\u00e3o dos quatro discursos<\/strong><br \/>\n<em>Apresenta: Marcela Antelo<\/em><\/li>\n<li><strong>14 &#8211; Aula 2 O mestre e a hist\u00e9rica<\/strong><br \/>\n<em>Apresenta: Iordan Gurgel<\/em><\/li>\n<li><strong>28 &#8211; Preparat\u00f3ria para o X ENAPOL<\/strong><br \/>\nO amor de transfer\u00eancia, ainda<\/li>\n<\/ul>\n<h3><span style=\"color: #993300;\">MAIO<\/span><\/h3>\n<ul>\n<li><strong>05 &#8211; Aula 3 Saber, meio de gozo<\/strong><br \/>\n<em>Apresenta: Bernardino Horne<\/em><\/li>\n<li><strong>12 &#8211; Aula 4 Verdade, irm\u00e3 do gozo<\/strong><br \/>\n<em>Apresenta: Pablo Sauce<\/em><\/li>\n<li><strong>19 &#8211; Aula 5 O campo lacaniano<\/strong><br \/>\n<em>Apresenta: Nora Gon\u00e7alves<\/em><\/li>\n<li><strong>26 &#8211; Preparat\u00f3ria para o X ENAPOL<\/strong><br \/>\nFalar de amor \u2013 fazer amor<\/li>\n<\/ul>\n<h3><span style=\"color: #993300;\">JUNHO <\/span><\/h3>\n<ul>\n<li><strong>02 &#8211; Aula 6 O mestre castrado<\/strong><br \/>\n<em>Apresenta: Rogerio Barros<\/em><\/li>\n<li><strong>09 &#8211; Aula 7 \u00c9dipo e Mois\u00e9s e o pai da horda<\/strong><br \/>\n<em>Apresenta: F\u00e1tima Sarmento<\/em><\/li>\n<li><strong>16 &#8211; Preparat\u00f3ria para o X ENAPOL<\/strong><br \/>\nO amor e a escolha sexual<\/li>\n<\/ul>\n<h3><span style=\"color: #993300;\">JULHO<\/span><\/h3>\n<ul>\n<li><strong>07 &#8211; Aula 8 Do mito \u00e0 estrutura<\/strong><br \/>\n<em>Apresenta: Alessia Fontenelle<\/em><\/li>\n<li><strong>14 &#8211; Aula 9 A feroz ignor\u00e2ncia de Yahv\u00e9<\/strong><br \/>\nApresenta: Luiz Felipe Monteiro<\/li>\n<li><strong>21 &#8211; Aula 10 Conversa nos degraus do Pante\u00e3o<\/strong><br \/>\n<em>Apresenta: Lucy de Castro<\/em><\/li>\n<li><strong>28 &#8211; Preparat\u00f3ria para o X ENAPOL<\/strong><br \/>\nAmor e viol\u00eancia<\/li>\n<\/ul>\n<h3><span style=\"color: #993300;\">AGOSTO<\/span><\/h3>\n<ul>\n<li><strong>04 &#8211; Aula 11 Os sulcos da alethosfera<\/strong><br \/>\n<em>Apresenta: Carla Fernandes<\/em><\/li>\n<li><strong>11 &#8211; Aula 12 A impot\u00eancia da verdade<\/strong><br \/>\n<em>Apresenta: M\u00f4nica Hage<\/em><\/li>\n<li><strong>18 &#8211; Aula 13 O poder dos imposs\u00edveis<\/strong><br \/>\n<em>Apresenta: Luiza Sarno<\/em><\/li>\n<li><strong>25 &#8211; Preparat\u00f3ria para o X ENAPOL<\/strong><br \/>\nAmores loucos<\/li>\n<\/ul>\n<h3><span style=\"color: #993300;\">SETEMBRO<\/span><\/h3>\n<ul>\n<li><strong>01 Anexos Analyticon\/Exposi\u00e7\u00e3o do Sr. Caquot<\/strong><br \/>\n<em>Apresenta: Marcelo Veras<\/em><\/li>\n<li><strong>08 Estou falando com as paredes: Saber, ignor\u00e2ncia, verdade e gozo<\/strong><br \/>\n<em>Apresentam: Diretores &amp; Convidados<\/em><\/li>\n<li><strong>15 Estou falando com as paredes: Estou falando com as paredes<\/strong><br \/>\n<em>Apresentam: Diretores &amp; Convidados<\/em><\/li>\n<li><strong>22 Estou falando com as paredes: Da incompreens\u00e3o e outros temas<\/strong><br \/>\n<em>Apresentam: Diretores &amp; Convidados<\/em><\/li>\n<li><strong>29 &#8211; Preparat\u00f3ria para o X ENAPOL<\/strong><br \/>\nAmor e la\u00e7o<\/li>\n<\/ul>\n[\/vc_column_text][\/vc_column][\/vc_row]\n<\/section>","protected":false},"excerpt":{"rendered":"<p>[vc_row][vc_column width=&#8221;5\/6&#8243;][vc_column_text] SEMIN\u00c1RIO DE FORMA\u00c7\u00c3O PERMANENTE 2021 Leitura comentada de Jacques Lacan, O semin\u00e1rio, livro 17, \u201cO avesso da psican\u00e1lise\u201d. Orientados pela disciplina do coment\u00e1rio e impelidos pera hora atual trabalharemos o semin\u00e1rio livro 17 de Jacques Lacan como canteiro da elucida\u00e7\u00e3o cl\u00ednica, epist\u00e9mica e pol\u00edtica da nossa pr\u00e1tica. A continua\u00e7\u00e3o comentaremos tr\u00eas confer\u00eancias de&hellip;<\/p>\n","protected":false},"author":1,"featured_media":0,"parent":1353,"menu_order":0,"comment_status":"closed","ping_status":"closed","template":"","meta":{"footnotes":""},"class_list":["post-2164","page","type-page","status-publish","hentry","entry","no-media"],"_links":{"self":[{"href":"https:\/\/ebp.org.br\/ba\/wp-json\/wp\/v2\/pages\/2164","targetHints":{"allow":["GET"]}}],"collection":[{"href":"https:\/\/ebp.org.br\/ba\/wp-json\/wp\/v2\/pages"}],"about":[{"href":"https:\/\/ebp.org.br\/ba\/wp-json\/wp\/v2\/types\/page"}],"author":[{"embeddable":true,"href":"https:\/\/ebp.org.br\/ba\/wp-json\/wp\/v2\/users\/1"}],"replies":[{"embeddable":true,"href":"https:\/\/ebp.org.br\/ba\/wp-json\/wp\/v2\/comments?post=2164"}],"version-history":[{"count":0,"href":"https:\/\/ebp.org.br\/ba\/wp-json\/wp\/v2\/pages\/2164\/revisions"}],"up":[{"embeddable":true,"href":"https:\/\/ebp.org.br\/ba\/wp-json\/wp\/v2\/pages\/1353"}],"wp:attachment":[{"href":"https:\/\/ebp.org.br\/ba\/wp-json\/wp\/v2\/media?parent=2164"}],"curies":[{"name":"wp","href":"https:\/\/api.w.org\/{rel}","templated":true}]}}