{"id":2075,"date":"2021-03-24T10:32:50","date_gmt":"2021-03-24T13:32:50","guid":{"rendered":"https:\/\/www.ebp.org.br\/ba\/?page_id=2075"},"modified":"2021-03-24T10:32:50","modified_gmt":"2021-03-24T13:32:50","slug":"publicacoes-on-line","status":"publish","type":"page","link":"https:\/\/ebp.org.br\/ba\/publicacoes\/publicacoes-on-line\/","title":{"rendered":"PUBLICA\u00c7\u00d5ES ON-LINE"},"content":{"rendered":"<section class=\"wpb-content-wrapper\">[vc_row][vc_column][vc_column_text]\n<h2><span style=\"color: #993300;\">Revista @gente Digital<\/span><\/h2>\n<p>Abaixo est\u00e3o listadas as edi\u00e7\u00f5es anteriores<\/p>\n<p>da revista @gente Digital<\/p>\n<p>&nbsp;<\/p>\n<h3>Vol 3 &#8211; n\u00ba 9 &#8211; 2015<\/h3>\n<ul>\n<li>\n<h3><a href=\"http:\/\/www.ebp.org.br\/ba\/agente\/anteriores009.html\">O Corpo Falante &#8211; Adolesc\u00eancia e Desejo<\/a><\/h3>\n<\/li>\n<\/ul>\n<h3>Vol 2 &#8211; n\u00ba 8 &#8211; 2015<\/h3>\n<ul>\n<li>\n<h3><a href=\"http:\/\/www.ebp.org.br\/ba\/agente\/anteriores008.html\">Semin\u00e1rios na Bahia &#8211; Pierre Skriabine<\/a><\/h3>\n<\/li>\n<\/ul>\n<h3>Vol 1 &#8211; n\u00ba 7 &#8211; 2011<\/h3>\n<ul>\n<li>\n<h3><a href=\"http:\/\/www.ebp.org.br\/ba\/agente\/anteriores007.html\">O Sinthoma e a Nova Ordem Simb\u00f3lica<\/a><\/h3>\n<\/li>\n<\/ul>\n<hr \/>\n<p>Clique na edi\u00e7\u00e3o desejada para fazer download do arquivo em PDF.<\/p>\n<ul>\n<li>\n<h4><a href=\"http:\/\/www.ebp.org.br\/ba\/agente\/006\/agente_digital_06.pdf\">Edi\u00e7\u00e3o #6<\/a><\/h4>\n<\/li>\n<li>\n<h4><a href=\"http:\/\/www.ebp.org.br\/ba\/agente\/005\/agente_digital_05.pdf\">Edi\u00e7\u00e3o #5<\/a><\/h4>\n<\/li>\n<li>\n<h4><a href=\"http:\/\/www.ebp.org.br\/ba\/agente\/004\/agente_digital_04.pdf\">Edi\u00e7\u00e3o #4<\/a><\/h4>\n<\/li>\n<li>\n<h4><a href=\"http:\/\/www.ebp.org.br\/ba\/agente\/003\/agente_digital_03.pdf\">Edi\u00e7\u00e3o #3<\/a><\/h4>\n<\/li>\n<li>\n<h4><a href=\"http:\/\/www.ebp.org.br\/ba\/agente\/002\/agente_digital_02.pdf\">Edi\u00e7\u00e3o #2<\/a><\/h4>\n<\/li>\n<li>\n<h4><a href=\"http:\/\/www.ebp.org.br\/ba\/agente\/001\/agente_digital_01.pdf\">Edi\u00e7\u00e3o #1<\/a><\/h4>\n<\/li>\n<\/ul>\n[\/vc_column_text][\/vc_column][\/vc_row]\n<\/section>","protected":false},"excerpt":{"rendered":"<p>[vc_row][vc_column][vc_column_text] Revista @gente Digital Abaixo est\u00e3o listadas as edi\u00e7\u00f5es anteriores da revista @gente Digital &nbsp; Vol 3 &#8211; n\u00ba 9 &#8211; 2015 O Corpo Falante &#8211; Adolesc\u00eancia e Desejo Vol 2 &#8211; n\u00ba 8 &#8211; 2015 Semin\u00e1rios na Bahia &#8211; Pierre Skriabine Vol 1 &#8211; n\u00ba 7 &#8211; 2011 O Sinthoma e a Nova Ordem&hellip;<\/p>\n","protected":false},"author":1,"featured_media":0,"parent":2071,"menu_order":0,"comment_status":"closed","ping_status":"closed","template":"","meta":{"footnotes":""},"class_list":["post-2075","page","type-page","status-publish","hentry","entry","no-media"],"_links":{"self":[{"href":"https:\/\/ebp.org.br\/ba\/wp-json\/wp\/v2\/pages\/2075","targetHints":{"allow":["GET"]}}],"collection":[{"href":"https:\/\/ebp.org.br\/ba\/wp-json\/wp\/v2\/pages"}],"about":[{"href":"https:\/\/ebp.org.br\/ba\/wp-json\/wp\/v2\/types\/page"}],"author":[{"embeddable":true,"href":"https:\/\/ebp.org.br\/ba\/wp-json\/wp\/v2\/users\/1"}],"replies":[{"embeddable":true,"href":"https:\/\/ebp.org.br\/ba\/wp-json\/wp\/v2\/comments?post=2075"}],"version-history":[{"count":1,"href":"https:\/\/ebp.org.br\/ba\/wp-json\/wp\/v2\/pages\/2075\/revisions"}],"predecessor-version":[{"id":3829,"href":"https:\/\/ebp.org.br\/ba\/wp-json\/wp\/v2\/pages\/2075\/revisions\/3829"}],"up":[{"embeddable":true,"href":"https:\/\/ebp.org.br\/ba\/wp-json\/wp\/v2\/pages\/2071"}],"wp:attachment":[{"href":"https:\/\/ebp.org.br\/ba\/wp-json\/wp\/v2\/media?parent=2075"}],"curies":[{"name":"wp","href":"https:\/\/api.w.org\/{rel}","templated":true}]}}